{"id":87,"date":"2014-09-18T14:28:12","date_gmt":"2014-09-18T14:28:12","guid":{"rendered":"http:\/\/agora.xtec.cat\/ceip-peretorrent\/?page_id=87"},"modified":"2021-12-15T13:24:36","modified_gmt":"2021-12-15T12:24:36","slug":"nivells","status":"publish","type":"page","link":"https:\/\/agora.xtec.cat\/ceip-peretorrent\/nivells\/","title":{"rendered":"Nivells"},"content":{"rendered":"<p>Aquesta \u00e9s la p\u00e0gina dels diferents nivells de la nostra Escola.<\/p>\n<p>Si cliqueu damunt de cada nivell us dur\u00e0 a l&#8217;enlla\u00e7 per fer clic al bloc del vostre cicle.<\/p>\n<p>A m\u00e9s a m\u00e9s, a la p\u00e0gina principal on anirem publicant les not\u00edcies les anirem marcant per categories ja sigui a nivell de cicle o a nivell d&#8217;un curs en concret.<\/p>\n<p>Tamb\u00e9 us deixem l&#8217;enlla\u00e7 a les diferents p\u00e0gines dels nivells:<\/p>\n<p><a href=\"http:\/\/agora.xtec.cat\/ceip-peretorrent\/categoria\/infantil\/\" target=\"_blank\" rel=\"noopener noreferrer\">Infantil<\/a><\/p>\n<p><a href=\"http:\/\/agora.xtec.cat\/ceip-peretorrent\/categoria\/infantil\/p3\/\" target=\"_blank\" rel=\"noopener noreferrer\">P3<\/a><\/p>\n<p><a href=\"http:\/\/agora.xtec.cat\/ceip-peretorrent\/categoria\/infantil\/p4\/\" target=\"_blank\" rel=\"noopener noreferrer\">P4<\/a><\/p>\n<p><a href=\"http:\/\/agora.xtec.cat\/ceip-peretorrent\/categoria\/infantil\/p5\/\" target=\"_blank\" rel=\"noopener noreferrer\">P5<\/a><\/p>\n<p><a href=\"http:\/\/agora.xtec.cat\/ceip-peretorrent\/categoria\/primaria\/\" target=\"_blank\" rel=\"noopener noreferrer\">Prim\u00e0ria<\/a><\/p>\n<p><a href=\"http:\/\/agora.xtec.cat\/ceip-peretorrent\/categoria\/primaria\/1r\/\" target=\"_blank\" rel=\"noopener noreferrer\">1r<\/a><\/p>\n<p><a href=\"http:\/\/agora.xtec.cat\/ceip-peretorrent\/categoria\/primaria\/2n\/\" target=\"_blank\" rel=\"noopener noreferrer\">2n<\/a><\/p>\n<p><a href=\"http:\/\/agora.xtec.cat\/ceip-peretorrent\/categoria\/primaria\/3r\/\" target=\"_blank\" rel=\"noopener noreferrer\">3r<\/a><\/p>\n<p><a href=\"http:\/\/agora.xtec.cat\/ceip-peretorrent\/categoria\/primaria\/4t\/\" target=\"_blank\" rel=\"noopener noreferrer\">4t<\/a><\/p>\n<p><a href=\"http:\/\/agora.xtec.cat\/ceip-peretorrent\/categoria\/primaria\/5e\/\" target=\"_blank\" rel=\"noopener noreferrer\">5\u00e8<\/a><\/p>\n<p><a href=\"http:\/\/agora.xtec.cat\/ceip-peretorrent\/categoria\/primaria\/6e\/\" target=\"_blank\" rel=\"noopener noreferrer\">6\u00e8<\/a><\/p>\n<p>Les p\u00e0gines de les especialitats seran les seg\u00fcents:<\/p>\n<p><a href=\"http:\/\/agora.xtec.cat\/ceip-peretorrent\/categoria\/musica\/\">Eduaci\u00f3 Art\u00edstica &#8211; M\u00fasica<\/a><\/p>\n<p><a href=\"http:\/\/agora.xtec.cat\/ceip-peretorrent\/categoria\/e-f\/\">Educaci\u00f3 F\u00edsica- Psicomotricitat<\/a><\/p>\n<p><a href=\"http:\/\/agora.xtec.cat\/ceip-peretorrent\/categoria\/aa\/\">Aula d&#8217;Acollida<\/a><\/p>\n<p>Esperem que us agradi i que gaudiu de les nostres p\u00e0gines.<\/p>\n<p>A reveure,<\/p>\n<p>L&#8217;Equip de Mestres<\/p>\n<p>&nbsp;<\/p>\n","protected":false},"excerpt":{"rendered":"<p>Aquesta \u00e9s la p\u00e0gina dels diferents nivells de la nostra Escola.<br \/>\nSi cliqueu damunt de cada nivell us dur\u00e0 a l&#8217;enlla\u00e7 per fer clic al bloc del vostre cicle.<br \/>\nA m\u00e9s a m\u00e9s, a la p\u00e0gina principal on anirem publicant les not\u00edcies les anirem marcant per categories&hellip;  <a href=\"https:\/\/agora.xtec.cat\/ceip-peretorrent\/nivells\/\" title=\"Read Nivells\">Llegeix m\u00e9s\u00bb<\/a><\/p>\n","protected":false},"author":2,"featured_media":0,"parent":0,"menu_order":0,"comment_status":"closed","ping_status":"closed","template":"","meta":{"_bbp_topic_count":0,"_bbp_reply_count":0,"_bbp_total_topic_count":0,"_bbp_total_reply_count":0,"_bbp_voice_count":0,"_bbp_anonymous_reply_count":0,"_bbp_topic_count_hidden":0,"_bbp_reply_count_hidden":0,"_bbp_forum_subforum_count":0,"footnotes":""},"class_list":["post-87","page","type-page","status-publish","hentry"],"post_mailing_queue_ids":[],"_links":{"self":[{"href":"https:\/\/agora.xtec.cat\/ceip-peretorrent\/wp-json\/wp\/v2\/pages\/87","targetHints":{"allow":["GET"]}}],"collection":[{"href":"https:\/\/agora.xtec.cat\/ceip-peretorrent\/wp-json\/wp\/v2\/pages"}],"about":[{"href":"https:\/\/agora.xtec.cat\/ceip-peretorrent\/wp-json\/wp\/v2\/types\/page"}],"author":[{"embeddable":true,"href":"https:\/\/agora.xtec.cat\/ceip-peretorrent\/wp-json\/wp\/v2\/users\/2"}],"replies":[{"embeddable":true,"href":"https:\/\/agora.xtec.cat\/ceip-peretorrent\/wp-json\/wp\/v2\/comments?post=87"}],"version-history":[{"count":3,"href":"https:\/\/agora.xtec.cat\/ceip-peretorrent\/wp-json\/wp\/v2\/pages\/87\/revisions"}],"predecessor-version":[{"id":19606,"href":"https:\/\/agora.xtec.cat\/ceip-peretorrent\/wp-json\/wp\/v2\/pages\/87\/revisions\/19606"}],"wp:attachment":[{"href":"https:\/\/agora.xtec.cat\/ceip-peretorrent\/wp-json\/wp\/v2\/media?parent=87"}],"curies":[{"name":"wp","href":"https:\/\/api.w.org\/{rel}","templated":true}]}}