{"id":9,"date":"2025-06-16T11:39:18","date_gmt":"2025-06-16T09:39:18","guid":{"rendered":"http:\/\/agora.xtec.cat\/ceip-peredetera\/?page_id=9"},"modified":"2026-04-29T11:43:45","modified_gmt":"2026-04-29T09:43:45","slug":"pagina-dinici-buida","status":"publish","type":"page","link":"https:\/\/agora.xtec.cat\/ceip-peredetera\/","title":{"rendered":"ESCOLA PERE DE TERA"},"content":{"rendered":"<p><a href=\"https:\/\/agora.xtec.cat\/ceip-peredetera\/wp-content\/uploads\/usu1268\/2025\/09\/IMG-20250909-WA0034.jpg\"><img loading=\"lazy\" decoding=\"async\" class=\"alignleft size-large wp-image-7705\" src=\"https:\/\/agora.xtec.cat\/ceip-peredetera\/wp-content\/uploads\/usu1268\/2025\/09\/IMG-20250909-WA0034-1024x768.jpg\" alt=\"\" width=\"1024\" height=\"768\" srcset=\"https:\/\/agora.xtec.cat\/ceip-peredetera\/wp-content\/uploads\/usu1268\/2025\/09\/IMG-20250909-WA0034-1024x768.jpg 1024w, https:\/\/agora.xtec.cat\/ceip-peredetera\/wp-content\/uploads\/usu1268\/2025\/09\/IMG-20250909-WA0034-300x225.jpg 300w, https:\/\/agora.xtec.cat\/ceip-peredetera\/wp-content\/uploads\/usu1268\/2025\/09\/IMG-20250909-WA0034-768x576.jpg 768w, https:\/\/agora.xtec.cat\/ceip-peredetera\/wp-content\/uploads\/usu1268\/2025\/09\/IMG-20250909-WA0034-1536x1152.jpg 1536w, https:\/\/agora.xtec.cat\/ceip-peredetera\/wp-content\/uploads\/usu1268\/2025\/09\/IMG-20250909-WA0034-200x150.jpg 200w, https:\/\/agora.xtec.cat\/ceip-peredetera\/wp-content\/uploads\/usu1268\/2025\/09\/IMG-20250909-WA0034.jpg 2000w\" sizes=\"auto, (max-width: 1024px) 100vw, 1024px\" \/><\/a><\/p>\n<p>&nbsp;<\/p>\n<p>&nbsp;<\/p>\n<p>&nbsp;<\/p>\n<p>&nbsp;<\/p>\n<h1><span style=\"color: #ff0000;\"><a href=\"https:\/\/agora.xtec.cat\/ceip-peredetera\/wp-content\/uploads\/usu1268\/2026\/03\/PREISNCRIPCIO-FOTOS-26-27.jpg\"><img loading=\"lazy\" decoding=\"async\" class=\"alignleft size-large wp-image-7962\" src=\"https:\/\/agora.xtec.cat\/ceip-peredetera\/wp-content\/uploads\/usu1268\/2026\/03\/PREISNCRIPCIO-FOTOS-26-27-1024x357.jpg\" alt=\"\" width=\"1024\" height=\"357\" srcset=\"https:\/\/agora.xtec.cat\/ceip-peredetera\/wp-content\/uploads\/usu1268\/2026\/03\/PREISNCRIPCIO-FOTOS-26-27-1024x357.jpg 1024w, https:\/\/agora.xtec.cat\/ceip-peredetera\/wp-content\/uploads\/usu1268\/2026\/03\/PREISNCRIPCIO-FOTOS-26-27-300x105.jpg 300w, https:\/\/agora.xtec.cat\/ceip-peredetera\/wp-content\/uploads\/usu1268\/2026\/03\/PREISNCRIPCIO-FOTOS-26-27-768x268.jpg 768w, https:\/\/agora.xtec.cat\/ceip-peredetera\/wp-content\/uploads\/usu1268\/2026\/03\/PREISNCRIPCIO-FOTOS-26-27.jpg 1126w\" sizes=\"auto, (max-width: 1024px) 100vw, 1024px\" \/><\/a><\/span><\/h1>\n<p style=\"text-align: left;\"><strong>PUBLICACI\u00d3 DE LA LLISTA DE SOL\u00b7LICITUDS QUE HAN DEMANAT EL CENTRE I L&#8217;ENSENYAMENT EN PRIMERA PETICI\u00d3 ORDENADA A 29\/04\/2026<\/strong><\/p>\n<p><a href=\"https:\/\/agora.xtec.cat\/ceip-peredetera\/wp-content\/uploads\/usu1268\/2026\/04\/IMG_6594.jpg\"><img loading=\"lazy\" decoding=\"async\" class=\"size-large wp-image-8100\" src=\"https:\/\/agora.xtec.cat\/ceip-peredetera\/wp-content\/uploads\/usu1268\/2026\/04\/IMG_6594-837x1024.jpg\" alt=\"\" width=\"837\" height=\"1024\" srcset=\"https:\/\/agora.xtec.cat\/ceip-peredetera\/wp-content\/uploads\/usu1268\/2026\/04\/IMG_6594-837x1024.jpg 837w, https:\/\/agora.xtec.cat\/ceip-peredetera\/wp-content\/uploads\/usu1268\/2026\/04\/IMG_6594-245x300.jpg 245w, https:\/\/agora.xtec.cat\/ceip-peredetera\/wp-content\/uploads\/usu1268\/2026\/04\/IMG_6594-768x940.jpg 768w, https:\/\/agora.xtec.cat\/ceip-peredetera\/wp-content\/uploads\/usu1268\/2026\/04\/IMG_6594-1255x1536.jpg 1255w, https:\/\/agora.xtec.cat\/ceip-peredetera\/wp-content\/uploads\/usu1268\/2026\/04\/IMG_6594.jpg 1275w\" sizes=\"auto, (max-width: 837px) 100vw, 837px\" \/><\/a><\/p>\n<p><a href=\"https:\/\/agora.xtec.cat\/ceip-peredetera\/wp-content\/uploads\/usu1268\/2026\/04\/IMG_6595.jpg\"><img loading=\"lazy\" decoding=\"async\" class=\"size-large wp-image-8099\" src=\"https:\/\/agora.xtec.cat\/ceip-peredetera\/wp-content\/uploads\/usu1268\/2026\/04\/IMG_6595-965x1024.jpg\" alt=\"\" width=\"965\" height=\"1024\" srcset=\"https:\/\/agora.xtec.cat\/ceip-peredetera\/wp-content\/uploads\/usu1268\/2026\/04\/IMG_6595-965x1024.jpg 965w, https:\/\/agora.xtec.cat\/ceip-peredetera\/wp-content\/uploads\/usu1268\/2026\/04\/IMG_6595-283x300.jpg 283w, https:\/\/agora.xtec.cat\/ceip-peredetera\/wp-content\/uploads\/usu1268\/2026\/04\/IMG_6595-768x815.jpg 768w, https:\/\/agora.xtec.cat\/ceip-peredetera\/wp-content\/uploads\/usu1268\/2026\/04\/IMG_6595.jpg 1290w\" sizes=\"auto, (max-width: 965px) 100vw, 965px\" \/><\/a><\/p>\n<h1><span style=\"color: #ff0000;\">OFERTA PLACES CURS 26-27<\/span><a href=\"https:\/\/agora.xtec.cat\/ceip-peredetera\/wp-content\/uploads\/usu1268\/2026\/03\/oferta-26-27.jpg\"><img loading=\"lazy\" decoding=\"async\" class=\"alignleft size-full wp-image-7961\" src=\"https:\/\/agora.xtec.cat\/ceip-peredetera\/wp-content\/uploads\/usu1268\/2026\/03\/oferta-26-27.jpg\" alt=\"\" width=\"907\" height=\"139\" srcset=\"https:\/\/agora.xtec.cat\/ceip-peredetera\/wp-content\/uploads\/usu1268\/2026\/03\/oferta-26-27.jpg 907w, https:\/\/agora.xtec.cat\/ceip-peredetera\/wp-content\/uploads\/usu1268\/2026\/03\/oferta-26-27-300x46.jpg 300w, https:\/\/agora.xtec.cat\/ceip-peredetera\/wp-content\/uploads\/usu1268\/2026\/03\/oferta-26-27-768x118.jpg 768w\" sizes=\"auto, (max-width: 907px) 100vw, 907px\" \/><\/a><\/h1>\n<p>&nbsp;<\/p>\n<table style=\"width: 100%; border-collapse: collapse;\">\n<tbody>\n<tr>\n<td style=\"width: 100%;\">\n<h4><a href=\"https:\/\/agora.xtec.cat\/ceip-peredetera\/wp-content\/uploads\/usu1268\/2026\/01\/Cartell-portes-obertes-26.jpg\"><img loading=\"lazy\" decoding=\"async\" class=\"alignleft wp-image-7924\" src=\"https:\/\/agora.xtec.cat\/ceip-peredetera\/wp-content\/uploads\/usu1268\/2026\/01\/Cartell-portes-obertes-26-724x1024.jpg\" alt=\"\" width=\"343\" height=\"485\" srcset=\"https:\/\/agora.xtec.cat\/ceip-peredetera\/wp-content\/uploads\/usu1268\/2026\/01\/Cartell-portes-obertes-26-724x1024.jpg 724w, https:\/\/agora.xtec.cat\/ceip-peredetera\/wp-content\/uploads\/usu1268\/2026\/01\/Cartell-portes-obertes-26-212x300.jpg 212w, https:\/\/agora.xtec.cat\/ceip-peredetera\/wp-content\/uploads\/usu1268\/2026\/01\/Cartell-portes-obertes-26-768x1086.jpg 768w, https:\/\/agora.xtec.cat\/ceip-peredetera\/wp-content\/uploads\/usu1268\/2026\/01\/Cartell-portes-obertes-26-1086x1536.jpg 1086w, https:\/\/agora.xtec.cat\/ceip-peredetera\/wp-content\/uploads\/usu1268\/2026\/01\/Cartell-portes-obertes-26.jpg 1414w\" sizes=\"auto, (max-width: 343px) 100vw, 343px\" \/><\/a><a href=\"https:\/\/agora.xtec.cat\/ceip-peredetera\/wp-content\/uploads\/usu1268\/2026\/01\/Cartell-portes-obertes-26.jpg\">\u00a0<\/a>Benvolgudes fam\u00edlies,\u00a0 \u00a0 \u00a0 \u00a0 \u00a0 \u00a0 \u00a0 \u00a0 \u00a0 \u00a0 \u00a0 \u00a0 \u00a0 \u00a0 \u00a0 \u00a0 \u00a0 \u00a0 \u00a0 \u00a0 \u00a0 \u00a0 \u00a0 \u00a0 \u00a0 \u00a0 \u00a0 \u00a0 \u00a0 \u00a0 \u00a0 \u00a0 \u00a0 \u00a0 \u00a0 \u00a0 \u00a0 el proper 4 de mar\u00e7 s\u2019inicia el per\u00edode de preinscripci\u00f3 escolar per les etapes d\u2019Educaci\u00f3 Infantil i Prim\u00e0ria, i finalitza el 18 de mar\u00e7.\u00a0 \u00a0 \u00a0 \u00a0 \u00a0 \u00a0 \u00a0 \u00a0 \u00a0 \u00a0 \u00a0 \u00a0 \u00a0 \u00a0 \u00a0 \u00a0 \u00a0 \u00a0 \u00a0 \u00a0 \u00a0 \u00a0 \u00a0 \u00a0 \u00a0 \u00a0 \u00a0 \u00a0 \u00a0 \u00a0 \u00a0 \u00a0 \u00a0 \u00a0 \u00a0 \u00a0 \u00a0 \u00a0 \u00a0 \u00a0 \u00a0 \u00a0 \u00a0 \u00a0 \u00a0 \u00a0 \u00a0 \u00a0 \u00a0 \u00a0 \u00a0 \u00a0 \u00a0 \u00a0 \u00a0 \u00a0 \u00a0 \u00a0 \u00a0Som conscients que \u00e9s un per\u00edode de nervis i neguits ja que cercar, trobar i triar una escola pels vostres fills i filles, \u00e9s un proc\u00e9s important i que preocupa a totes les fam\u00edlies.\u00a0 \u00a0 \u00a0 \u00a0 \u00a0 \u00a0 \u00a0 \u00a0 \u00a0 \u00a0 \u00a0 \u00a0 \u00a0 \u00a0 \u00a0 \u00a0 \u00a0 \u00a0 \u00a0 \u00a0 \u00a0 \u00a0 \u00a0 \u00a0 \u00a0 \u00a0 \u00a0 \u00a0 \u00a0 \u00a0 \u00a0 \u00a0 \u00a0 \u00a0 \u00a0 \u00a0 \u00a0 \u00a0 \u00a0 \u00a0 \u00a0 \u00a0 \u00a0 \u00a0 \u00a0 \u00a0 \u00a0 \u00a0 \u00a0 \u00a0 \u00a0 \u00a0 \u00a0 \u00a0 \u00a0 \u00a0 \u00a0 \u00a0 \u00a0 \u00a0 \u00a0 \u00a0 \u00a0 \u00a0 \u00a0 \u00a0 \u00a0 \u00a0 \u00a0 \u00a0 \u00a0 \u00a0Es tracta de trobar\/ buscar una comunitat i un espai f\u00edsic que pel seu estil, forma de fer i per la l\u00ednia educativa, les fam\u00edlies us sentiu segures i conven\u00e7udes de que \u00e9s el millor lloc pel vostre infant. Per a tothom, l\u2019entrada a l\u2019escola \u00e9s un pas important per al \u00a0desenvolupament personal dels infants i, per tant, voleu prendre la decisi\u00f3 m\u00e9s encertada.<\/h4>\n<h4><\/h4>\n<h4>L\u2019escola Pere de Tera estem orgullosos del nostre projecte educatiu i us el volem presentar.\u00a0 Us volem donar informaci\u00f3 que us faciliti aquesta decisi\u00f3 i la gesti\u00f3 dels tr\u00e0mits.<\/h4>\n<h4><\/h4>\n<h4>EL PERE de TERA\u00a0US ENAMORAR\u00c0!<\/h4>\n<p>&nbsp;<\/p>\n<h4>Si vols saber m\u00e9s:<\/h4>\n<ul class=\"n8H08c UVNKR\">\n<li class=\"TYR86d wXCUfe zfr3Q\" dir=\"ltr\">\n<h3 id=\"h.r4lev67guye7\" class=\"CDt4Ke zfr3Q\" dir=\"ltr\"><span class=\" aw5Odc\"><a class=\"XqQF9c\" href=\"https:\/\/www.instagram.com\/escolaperedetera\/\" target=\"_blank\" rel=\"noopener\">Segueix-nos al nostre instagram.<\/a><\/span><\/h3>\n<\/li>\n<li class=\"TYR86d wXCUfe zfr3Q\" dir=\"ltr\">\n<h3 id=\"h.4fvv9a9c1dnx\" class=\"CDt4Ke zfr3Q\" dir=\"ltr\"><span class=\" aw5Odc\"><a class=\"XqQF9c\" href=\"https:\/\/portesobertespdt.wordpress.com\/\" target=\"_blank\" rel=\"noopener\">Segueix-nos a la nostra web de portes obertes.<\/a><\/span><\/h3>\n<\/li>\n<\/ul>\n<\/td>\n<\/tr>\n<\/tbody>\n<\/table>\n<p>&nbsp;<\/p>\n","protected":false},"excerpt":{"rendered":"<p>&nbsp; &nbsp; &nbsp; &nbsp; PUBLICACI\u00d3 DE LA LLISTA DE SOL\u00b7LICITUDS QUE HAN DEMANAT EL CENTRE I L&#8217;ENSENYAMENT EN PRIMERA PETICI\u00d3 ORDENADA A 29\/04\/2026 OFERTA PLACES CURS 26-27 &nbsp; \u00a0Benvolgudes fam\u00edlies,\u00a0 \u00a0 \u00a0 \u00a0 \u00a0 \u00a0 \u00a0 \u00a0 \u00a0 \u00a0 \u00a0 \u00a0 \u00a0 \u00a0 \u00a0 \u00a0 \u00a0 \u00a0 \u00a0 \u00a0 \u00a0 \u00a0 \u00a0 \u00a0 \u00a0 \u00a0 [&hellip;]<\/p>\n","protected":false},"author":1,"featured_media":0,"parent":7,"menu_order":0,"comment_status":"closed","ping_status":"closed","template":"","meta":{"_bbp_topic_count":0,"_bbp_reply_count":0,"_bbp_total_topic_count":0,"_bbp_total_reply_count":0,"_bbp_voice_count":0,"_bbp_anonymous_reply_count":0,"_bbp_topic_count_hidden":0,"_bbp_reply_count_hidden":0,"_bbp_forum_subforum_count":0,"site-sidebar-layout":"default","site-content-layout":"","ast-site-content-layout":"default","site-content-style":"default","site-sidebar-style":"default","ast-global-header-display":"","ast-banner-title-visibility":"","ast-main-header-display":"","ast-hfb-above-header-display":"","ast-hfb-below-header-display":"","ast-hfb-mobile-header-display":"","site-post-title":"","ast-breadcrumbs-content":"","ast-featured-img":"","footer-sml-layout":"","theme-transparent-header-meta":"default","adv-header-id-meta":"","stick-header-meta":"","header-above-stick-meta":"","header-main-stick-meta":"","header-below-stick-meta":"","astra-migrate-meta-layouts":"set","ast-page-background-enabled":"default","ast-page-background-meta":{"desktop":{"background-color":"var(--ast-global-color-4)","background-image":"","background-repeat":"repeat","background-position":"center center","background-size":"auto","background-attachment":"scroll","background-type":"","background-media":"","overlay-type":"","overlay-color":"","overlay-opacity":"","overlay-gradient":""},"tablet":{"background-color":"","background-image":"","background-repeat":"repeat","background-position":"center center","background-size":"auto","background-attachment":"scroll","background-type":"","background-media":"","overlay-type":"","overlay-color":"","overlay-opacity":"","overlay-gradient":""},"mobile":{"background-color":"","background-image":"","background-repeat":"repeat","background-position":"center center","background-size":"auto","background-attachment":"scroll","background-type":"","background-media":"","overlay-type":"","overlay-color":"","overlay-opacity":"","overlay-gradient":""}},"ast-content-background-meta":{"desktop":{"background-color":"var(--ast-global-color-5)","background-image":"","background-repeat":"repeat","background-position":"center center","background-size":"auto","background-attachment":"scroll","background-type":"","background-media":"","overlay-type":"","overlay-color":"","overlay-opacity":"","overlay-gradient":""},"tablet":{"background-color":"var(--ast-global-color-5)","background-image":"","background-repeat":"repeat","background-position":"center center","background-size":"auto","background-attachment":"scroll","background-type":"","background-media":"","overlay-type":"","overlay-color":"","overlay-opacity":"","overlay-gradient":""},"mobile":{"background-color":"var(--ast-global-color-5)","background-image":"","background-repeat":"repeat","background-position":"center center","background-size":"auto","background-attachment":"scroll","background-type":"","background-media":"","overlay-type":"","overlay-color":"","overlay-opacity":"","overlay-gradient":""}},"footnotes":""},"class_list":["post-9","page","type-page","status-publish","hentry"],"post_mailing_queue_ids":[],"_links":{"self":[{"href":"https:\/\/agora.xtec.cat\/ceip-peredetera\/wp-json\/wp\/v2\/pages\/9","targetHints":{"allow":["GET"]}}],"collection":[{"href":"https:\/\/agora.xtec.cat\/ceip-peredetera\/wp-json\/wp\/v2\/pages"}],"about":[{"href":"https:\/\/agora.xtec.cat\/ceip-peredetera\/wp-json\/wp\/v2\/types\/page"}],"author":[{"embeddable":true,"href":"https:\/\/agora.xtec.cat\/ceip-peredetera\/wp-json\/wp\/v2\/users\/1"}],"replies":[{"embeddable":true,"href":"https:\/\/agora.xtec.cat\/ceip-peredetera\/wp-json\/wp\/v2\/comments?post=9"}],"version-history":[{"count":8,"href":"https:\/\/agora.xtec.cat\/ceip-peredetera\/wp-json\/wp\/v2\/pages\/9\/revisions"}],"predecessor-version":[{"id":8103,"href":"https:\/\/agora.xtec.cat\/ceip-peredetera\/wp-json\/wp\/v2\/pages\/9\/revisions\/8103"}],"up":[{"embeddable":true,"href":"https:\/\/agora.xtec.cat\/ceip-peredetera\/wp-json\/wp\/v2\/pages\/7"}],"wp:attachment":[{"href":"https:\/\/agora.xtec.cat\/ceip-peredetera\/wp-json\/wp\/v2\/media?parent=9"}],"curies":[{"name":"wp","href":"https:\/\/api.w.org\/{rel}","templated":true}]}}