{"id":26,"date":"2014-09-18T12:24:32","date_gmt":"2014-09-18T11:24:32","guid":{"rendered":"http:\/\/agora.xtec.cat\/ceip-peredetera\/?page_id=26"},"modified":"2025-01-17T16:50:22","modified_gmt":"2025-01-17T15:50:22","slug":"historia","status":"publish","type":"page","link":"https:\/\/agora.xtec.cat\/ceip-peredetera\/lescola\/historia\/","title":{"rendered":"Hist\u00f2ria"},"content":{"rendered":"<p><strong>Breu hist\u00f2ria de la nostra escola<\/strong><\/p>\n<p>L&#8217;escola Pere de Tera va ser creada pel primer Ajuntament democr\u00e0tic de\u00a0Badalona, dins dels tres primers anys de mandat municipal, a l&#8217;any 1981, al\u00a0barri de Llefi\u00e0, amb un total de 16 unitats.<\/p>\n<p>El mateix Ajuntament va encap\u00e7alar una manifestaci\u00f3 el 26 de maig de 1979 on\u00a0conjuntament amb els habitants de la ciutat es reclamava un millor\u00a0ensenyament per a la ciutat. Despr\u00e9s de viatges, gestions, esfor\u00e7os municipals,\u00a0pressions i reclamacions es va aconseguir l&#8217;objectiu: la creaci\u00f3 de 26 centres\u00a0escolars nous per a la ciutat.<\/p>\n<p>&nbsp;<\/p>\n<p><strong>Pere de Tera<\/strong><\/p>\n<p><img loading=\"lazy\" decoding=\"async\" class=\" wp-image-528 alignleft\" src=\"http:\/\/agora.xtec.cat\/ceip-peredetera\/wp-content\/uploads\/usu1268\/2014\/09\/pere-de-tera.jpg\" alt=\"\" width=\"298\" height=\"377\" \/><\/p>\n<p>Poeta. D&#8217;origen modest treballava a la f\u00e0brica de\u00a0tintes Lorilleux. El 1909 es va\u00a0casar amb Josepa Bori Llobet, filla d&#8217;Antoni Bori i Fontest\u00e0, amb qui es va\u00a0iniciar a la poesia. Era amant de l&#8217;excursionisme i de la naturalesa, a la qual va\u00a0dedicar algunes de les seves composicions: Canta la muntanya i la llar; el\u00a0Montgrony, el Pirineu, les ermites de Badalona, la mar. I despr\u00e9s en els\u00a0POEMES DE MA LLAR a l&#8217;esposa: &#8220;L&#8217;esposa broda&#8221;, &#8220;L&#8217;esposa puntaire&#8221;,\u00a0&#8220;L&#8217;esposa jardinera&#8221;, &#8220;L&#8217;esposa em desperta&#8221;. Va col\u00b7laborar en moltes\u00a0publicacions de Barcelona i de la resta de Catalunya.<\/p>\n<p>A partir del 1914 don\u00e0 a con\u00e8ixer la seva obra als jocs florals de diferents\u00a0localitats, on obtingu\u00e9 diversos guardons.Va obtenir premis en els Jocs Florals\u00a0de Barcelona, de Cardona, de Sant Gervasi, de l&#8217;Escala i d&#8217;altres.<\/p>\n<p>La seva mort prematura va causar gran commoci\u00f3 a la ciutat i el 1923\u00a0l&#8217;Ajuntament va patrocinar la publicaci\u00f3 d&#8217;un recull d&#8217;algunes de les seves\u00a0poesies, per subscripci\u00f3 popular dels que havien estat els seus amics, que avui\u00a0es troba completament exhaurit.<\/p>\n<p>&nbsp;<\/p>\n<p>&nbsp;<\/p>\n<p>&nbsp;<\/p>\n<p>&nbsp;<\/p>\n<pre><em>Pere de Tera - Badalona 1886-1918<\/em><\/pre>\n<div class=\"gtranslate_wrapper\"><\/div>\n<p><script>window.gtranslateSettings = {\"default_language\":\"ca\",\"native_language_names\":true,\"languages\":[\"ca\",\"ar\",\"hy\",\"be\",\"zh-CN\",\"zh-TW\",\"en\",\"fr\",\"ka\",\"nl\",\"ur\",\"it\",\"pl\",\"pt\",\"pa\",\"ro\",\"ru\",\"es\",\"uk\",\"yi\",\"hi\"],\"wrapper_selector\":\".gtranslate_wrapper\"}<\/script><br \/>\n<script src=\"https:\/\/cdn.gtranslate.net\/widgets\/latest\/float.js\" defer><\/script><\/p>\n","protected":false},"excerpt":{"rendered":"<p>Breu hist\u00f2ria de la nostra escola L&#8217;escola Pere de Tera va ser creada pel primer Ajuntament democr\u00e0tic de\u00a0Badalona, dins dels tres primers anys de mandat municipal, a l&#8217;any 1981, al\u00a0barri de Llefi\u00e0, amb un total de 16 unitats. El mateix Ajuntament va encap\u00e7alar una manifestaci\u00f3 el 26 de maig de 1979 on\u00a0conjuntament amb els habitants [&hellip;]<\/p>\n","protected":false},"author":1,"featured_media":0,"parent":22,"menu_order":20,"comment_status":"closed","ping_status":"closed","template":"page-templates\/side-menu.php","meta":{"_bbp_topic_count":0,"_bbp_reply_count":0,"_bbp_total_topic_count":0,"_bbp_total_reply_count":0,"_bbp_voice_count":0,"_bbp_anonymous_reply_count":0,"_bbp_topic_count_hidden":0,"_bbp_reply_count_hidden":0,"_bbp_forum_subforum_count":0,"site-sidebar-layout":"default","site-content-layout":"","ast-site-content-layout":"","site-content-style":"default","site-sidebar-style":"default","ast-global-header-display":"","ast-banner-title-visibility":"","ast-main-header-display":"","ast-hfb-above-header-display":"","ast-hfb-below-header-display":"","ast-hfb-mobile-header-display":"","site-post-title":"","ast-breadcrumbs-content":"","ast-featured-img":"","footer-sml-layout":"","theme-transparent-header-meta":"","adv-header-id-meta":"","stick-header-meta":"","header-above-stick-meta":"","header-main-stick-meta":"","header-below-stick-meta":"","astra-migrate-meta-layouts":"default","ast-page-background-enabled":"default","ast-page-background-meta":{"desktop":{"background-color":"var(--ast-global-color-4)","background-image":"","background-repeat":"repeat","background-position":"center center","background-size":"auto","background-attachment":"scroll","background-type":"","background-media":"","overlay-type":"","overlay-color":"","overlay-opacity":"","overlay-gradient":""},"tablet":{"background-color":"","background-image":"","background-repeat":"repeat","background-position":"center center","background-size":"auto","background-attachment":"scroll","background-type":"","background-media":"","overlay-type":"","overlay-color":"","overlay-opacity":"","overlay-gradient":""},"mobile":{"background-color":"","background-image":"","background-repeat":"repeat","background-position":"center center","background-size":"auto","background-attachment":"scroll","background-type":"","background-media":"","overlay-type":"","overlay-color":"","overlay-opacity":"","overlay-gradient":""}},"ast-content-background-meta":{"desktop":{"background-color":"var(--ast-global-color-5)","background-image":"","background-repeat":"repeat","background-position":"center center","background-size":"auto","background-attachment":"scroll","background-type":"","background-media":"","overlay-type":"","overlay-color":"","overlay-opacity":"","overlay-gradient":""},"tablet":{"background-color":"var(--ast-global-color-5)","background-image":"","background-repeat":"repeat","background-position":"center center","background-size":"auto","background-attachment":"scroll","background-type":"","background-media":"","overlay-type":"","overlay-color":"","overlay-opacity":"","overlay-gradient":""},"mobile":{"background-color":"var(--ast-global-color-5)","background-image":"","background-repeat":"repeat","background-position":"center center","background-size":"auto","background-attachment":"scroll","background-type":"","background-media":"","overlay-type":"","overlay-color":"","overlay-opacity":"","overlay-gradient":""}},"footnotes":""},"class_list":["post-26","page","type-page","status-publish","hentry"],"post_mailing_queue_ids":[],"_links":{"self":[{"href":"https:\/\/agora.xtec.cat\/ceip-peredetera\/wp-json\/wp\/v2\/pages\/26","targetHints":{"allow":["GET"]}}],"collection":[{"href":"https:\/\/agora.xtec.cat\/ceip-peredetera\/wp-json\/wp\/v2\/pages"}],"about":[{"href":"https:\/\/agora.xtec.cat\/ceip-peredetera\/wp-json\/wp\/v2\/types\/page"}],"author":[{"embeddable":true,"href":"https:\/\/agora.xtec.cat\/ceip-peredetera\/wp-json\/wp\/v2\/users\/1"}],"replies":[{"embeddable":true,"href":"https:\/\/agora.xtec.cat\/ceip-peredetera\/wp-json\/wp\/v2\/comments?post=26"}],"version-history":[{"count":5,"href":"https:\/\/agora.xtec.cat\/ceip-peredetera\/wp-json\/wp\/v2\/pages\/26\/revisions"}],"predecessor-version":[{"id":7466,"href":"https:\/\/agora.xtec.cat\/ceip-peredetera\/wp-json\/wp\/v2\/pages\/26\/revisions\/7466"}],"up":[{"embeddable":true,"href":"https:\/\/agora.xtec.cat\/ceip-peredetera\/wp-json\/wp\/v2\/pages\/22"}],"wp:attachment":[{"href":"https:\/\/agora.xtec.cat\/ceip-peredetera\/wp-json\/wp\/v2\/media?parent=26"}],"curies":[{"name":"wp","href":"https:\/\/api.w.org\/{rel}","templated":true}]}}