{"id":87,"date":"2014-09-18T14:28:12","date_gmt":"2014-09-18T13:28:12","guid":{"rendered":"http:\/\/agora.xtec.cat\/ceip-pauvila\/?page_id=87"},"modified":"2024-02-01T19:32:45","modified_gmt":"2024-02-01T18:32:45","slug":"nivells","status":"publish","type":"page","link":"https:\/\/agora.xtec.cat\/ceip-pauvila\/lescola\/nivells\/","title":{"rendered":"Nivells"},"content":{"rendered":"<p><em><strong>De I3 a 6\u00e8 cada nivell t\u00e9 una p\u00e0gina pr\u00f2pia.<\/strong><\/em><\/p>\n<h4 style=\"text-align: justify;\"><a href=\"http:\/\/agora.xtec.cat\/ceip-pauvila\/categoria\/infantil\/\" target=\"_blank\" rel=\"noopener\">Educaci\u00f3 infantil<\/a>, <a href=\"http:\/\/agora.xtec.cat\/ceip-pauvila\/categoria\/infantil\/p3\/\" target=\"_blank\" rel=\"noopener\">I3<\/a>, <a href=\"http:\/\/agora.xtec.cat\/ceip-pauvila\/categoria\/infantil\/p4\/\" target=\"_blank\" rel=\"noopener\">I4<\/a>, <a href=\"http:\/\/agora.xtec.cat\/ceip-pauvila\/categoria\/infantil\/p5\/\" target=\"_blank\" rel=\"noopener\">I5<\/a>,<\/h4>\n<h4 style=\"text-align: justify;\"><a href=\"http:\/\/agora.xtec.cat\/ceip-pauvila\/categoria\/primaria\/\" target=\"_blank\" rel=\"noopener\">Educaci\u00f3 prim\u00e0ria<\/a>, <a href=\"http:\/\/agora.xtec.cat\/ceip-pauvila\/categoria\/primaria\/1r\/\" target=\"_blank\" rel=\"noopener\">1r curs<\/a>, <a href=\"http:\/\/agora.xtec.cat\/ceip-pauvila\/categoria\/primaria\/2n\/\" target=\"_blank\" rel=\"noopener\">2n curs<\/a>, <a href=\"http:\/\/agora.xtec.cat\/ceip-pauvila\/categoria\/primaria\/3r\/\" target=\"_blank\" rel=\"noopener\">3r curs<\/a>, <a href=\"http:\/\/agora.xtec.cat\/ceip-pauvila\/categoria\/primaria\/4t\/\" target=\"_blank\" rel=\"noopener\">4t curs<\/a>, <a href=\"http:\/\/agora.xtec.cat\/ceip-pauvila\/categoria\/primaria\/5e\/\" target=\"_blank\" rel=\"noopener\">5\u00e8 curs<\/a>, <a href=\"http:\/\/agora.xtec.cat\/ceip-pauvila\/categoria\/primaria\/6e\/\" target=\"_blank\" rel=\"noopener\">6\u00e8 curs<\/a>.<\/h4>\n","protected":false},"excerpt":{"rendered":"<p>De I3 a 6\u00e8 cada nivell t\u00e9 una p\u00e0gina pr\u00f2pia.<br \/>\n<a href=\"http:\/\/agora.xtec.cat\/ceip-pauvila\/categoria\/infantil\/\" target=\"_blank\" rel=\"noopener\">Educaci\u00f3 infantil<\/a>, <a href=\"http:\/\/agora.xtec.cat\/ceip-pauvila\/categoria\/infantil\/p3\/\" target=\"_blank\" rel=\"noopener\">I3<\/a>, <a href=\"http:\/\/agora.xtec.cat\/ceip-pauvila\/categoria\/infantil\/p4\/\" target=\"_blank\" rel=\"noopener\">I4<\/a>, <a href=\"http:\/\/agora.xtec.cat\/ceip-pauvila\/categoria\/infantil\/p5\/\" target=\"_blank\" rel=\"noopener\">I5<\/a>,<br \/>\n<a href=\"http:\/\/agora.xtec.cat\/ceip-pauvila\/categoria\/primaria\/\" target=\"_blank\" rel=\"noopener\">Educaci\u00f3 prim\u00e0ria<\/a>, <a href=\"http:\/\/agora.xtec.cat\/ceip-pauvila\/categoria\/primaria\/1r\/\" target=\"_blank\" rel=\"noopener\">1r curs<\/a>, <a href=\"http:\/\/agora.xtec.cat\/ceip-pauvila\/categoria\/primaria\/2n\/\" target=\"_blank\" rel=\"noopener\">2n curs<\/a>, <a href=\"http:\/\/agora.xtec.cat\/ceip-pauvila\/categoria\/primaria\/3r\/\" target=\"_blank\" rel=\"noopener\">3r curs<\/a>,&hellip;  <a href=\"https:\/\/agora.xtec.cat\/ceip-pauvila\/lescola\/nivells\/\" title=\"Read Nivells\">Llegeix m\u00e9s\u00bb<\/a><\/p>\n","protected":false},"author":2,"featured_media":0,"parent":22,"menu_order":0,"comment_status":"closed","ping_status":"closed","template":"","meta":{"_bbp_topic_count":0,"_bbp_reply_count":0,"_bbp_total_topic_count":0,"_bbp_total_reply_count":0,"_bbp_voice_count":0,"_bbp_anonymous_reply_count":0,"_bbp_topic_count_hidden":0,"_bbp_reply_count_hidden":0,"_bbp_forum_subforum_count":0,"footnotes":""},"class_list":["post-87","page","type-page","status-publish","hentry"],"post_mailing_queue_ids":[],"_links":{"self":[{"href":"https:\/\/agora.xtec.cat\/ceip-pauvila\/wp-json\/wp\/v2\/pages\/87","targetHints":{"allow":["GET"]}}],"collection":[{"href":"https:\/\/agora.xtec.cat\/ceip-pauvila\/wp-json\/wp\/v2\/pages"}],"about":[{"href":"https:\/\/agora.xtec.cat\/ceip-pauvila\/wp-json\/wp\/v2\/types\/page"}],"author":[{"embeddable":true,"href":"https:\/\/agora.xtec.cat\/ceip-pauvila\/wp-json\/wp\/v2\/users\/2"}],"replies":[{"embeddable":true,"href":"https:\/\/agora.xtec.cat\/ceip-pauvila\/wp-json\/wp\/v2\/comments?post=87"}],"version-history":[{"count":5,"href":"https:\/\/agora.xtec.cat\/ceip-pauvila\/wp-json\/wp\/v2\/pages\/87\/revisions"}],"predecessor-version":[{"id":12092,"href":"https:\/\/agora.xtec.cat\/ceip-pauvila\/wp-json\/wp\/v2\/pages\/87\/revisions\/12092"}],"up":[{"embeddable":true,"href":"https:\/\/agora.xtec.cat\/ceip-pauvila\/wp-json\/wp\/v2\/pages\/22"}],"wp:attachment":[{"href":"https:\/\/agora.xtec.cat\/ceip-pauvila\/wp-json\/wp\/v2\/media?parent=87"}],"curies":[{"name":"wp","href":"https:\/\/api.w.org\/{rel}","templated":true}]}}