{"id":38,"date":"2014-09-18T12:34:08","date_gmt":"2014-09-18T11:34:08","guid":{"rendered":"http:\/\/agora.xtec.cat\/ceip-pauvila\/?page_id=38"},"modified":"2020-03-01T21:05:05","modified_gmt":"2020-03-01T20:05:05","slug":"salut","status":"publish","type":"page","link":"https:\/\/agora.xtec.cat\/ceip-pauvila\/lescola\/salut\/","title":{"rendered":"Propostes de salut"},"content":{"rendered":"<h4>PREVENCI\u00d3 (POLLS)<\/h4>\n<p><a href=\"http:\/\/canalsalut.gencat.cat\/ca\/detalls\/article\/Polls-00001\" target=\"_blank\" rel=\"noopener noreferrer\">http:\/\/canalsalut.gencat.cat\/ca\/detalls\/article\/Polls-00001<\/a><\/p>\n<p><a href=\"http:\/\/canalsalut.gencat.cat\/web\/.content\/_A-Z\/P\/polls\/FULL-POLLS.pdf\" target=\"_blank\" rel=\"noopener noreferrer\">http:\/\/canalsalut.gencat.cat\/web\/.content\/_A-Z\/P\/polls\/FULL-POLLS.pdf<\/a><\/p>\n<p><a href=\"http:\/\/medicaments.gencat.cat\/ca\/ciutadania\/tractaments\/polls-consells-per-detectar-los-i-eliminar-los\/\" target=\"_blank\" rel=\"noopener noreferrer\">http:\/\/medicaments.gencat.cat\/ca\/ciutadania\/tractaments\/polls-consells-per-detectar-los-i-eliminar-los\/<\/a><\/p>\n<p><a href=\"http:\/\/medicaments.gencat.cat\/web\/.content\/minisite\/medicaments\/ciutadania\/tractaments\/Polls\/Polls-consells-per-detectar-los-i-eliminar-los.pdf\" target=\"_blank\" rel=\"noopener noreferrer\">http:\/\/medicaments.gencat.cat\/web\/.content\/minisite\/medicaments\/ciutadania\/tractaments\/Polls\/Polls-consells-per-detectar-los-i-eliminar-los.pdf<\/a><\/p>\n<h4 style=\"text-align: left;\"><a href=\"http:\/\/canalsalut.gencat.cat\/ca\/inici\/\" target=\"_blank\" rel=\"noopener noreferrer\"><img loading=\"lazy\" decoding=\"async\" class=\"aligncenter wp-image-9386 \" src=\"https:\/\/agora.xtec.cat\/ceip-pauvila\/wp-content\/uploads\/usu524\/2020\/02\/CANAL-SALUT-1024x146.jpg\" alt=\"\" width=\"793\" height=\"113\" srcset=\"https:\/\/agora.xtec.cat\/ceip-pauvila\/wp-content\/uploads\/usu524\/2020\/02\/CANAL-SALUT-1024x146.jpg 1024w, https:\/\/agora.xtec.cat\/ceip-pauvila\/wp-content\/uploads\/usu524\/2020\/02\/CANAL-SALUT-300x43.jpg 300w, https:\/\/agora.xtec.cat\/ceip-pauvila\/wp-content\/uploads\/usu524\/2020\/02\/CANAL-SALUT-768x109.jpg 768w, https:\/\/agora.xtec.cat\/ceip-pauvila\/wp-content\/uploads\/usu524\/2020\/02\/CANAL-SALUT.jpg 1201w\" sizes=\"auto, (max-width: 793px) 100vw, 793px\" \/><\/a><\/h4>\n<table class=\" aligncenter\" style=\"height: 760px; width: 790px;\" width=\"764\">\n<tbody>\n<tr style=\"height: 163px;\">\n<td style=\"text-align: center; width: 358px; height: 163px;\"><a href=\"https:\/\/agora.xtec.cat\/ceip-pauvila\/wp-content\/uploads\/usu524\/2019\/10\/PIR\u00c1MIDE-DE-LA-ACTIVIDAD-F\u00cdSICA.jpg\" target=\"_blank\" rel=\"noopener noreferrer\"><img loading=\"lazy\" decoding=\"async\" class=\"aligncenter wp-image-8848 size-thumbnail\" src=\"https:\/\/agora.xtec.cat\/ceip-pauvila\/wp-content\/uploads\/usu524\/2019\/10\/PIR\u00c1MIDE-DE-LA-ACTIVIDAD-F\u00cdSICA-150x150.jpg\" alt=\"\" width=\"150\" height=\"150\" \/><\/a><\/td>\n<td style=\"text-align: center; width: 424px; height: 163px;\"><a href=\"https:\/\/agora.xtec.cat\/ceip-pauvila\/wp-content\/uploads\/usu524\/2019\/10\/PIR\u00c1MIDE-DE-LA-ALIMENTACI\u00d3N.jpg\" target=\"_blank\" rel=\"noopener noreferrer\"><img loading=\"lazy\" decoding=\"async\" class=\"aligncenter wp-image-8849 size-thumbnail\" src=\"https:\/\/agora.xtec.cat\/ceip-pauvila\/wp-content\/uploads\/usu524\/2019\/10\/PIR\u00c1MIDE-DE-LA-ALIMENTACI\u00d3N-150x150.jpg\" alt=\"\" width=\"150\" height=\"150\" \/><\/a><\/td>\n<\/tr>\n<tr style=\"height: 597px;\">\n<td style=\"text-align: center; width: 358px; height: 597px;\">\n<div class=\"panel-heading\">\n<h2 class=\"panel-title\" style=\"text-align: left;\"><span style=\"font-size: 8pt;\">Activitat f\u00edsica<\/span><\/h2>\n<\/div>\n<div id=\"bloc2\" class=\"panel-collapse collapse in\">\n<div class=\"col-xs-12 columna_esquerra\">\n<div class=\"cos_bloc basic_text_peq pd-15\">\n<p style=\"text-align: justify;\"><span style=\"font-size: 8pt;\">Una vida activa \u00e9s essencial per a la salut dels nens i nenes. Es recomana que els infants i adolescents facin seixanta minuts (una hora) o m\u00e9s d\u2019activitat f\u00edsica di\u00e0ria.<\/span><\/p>\n<p style=\"text-align: justify;\"><span style=\"font-size: 8pt;\">Conv\u00e9 reduir el temps destinat a \u201cactivitats de pantalla\u201d (televisi\u00f3, ordinador, consoles, etc.) a menys de dues hores al dia. L\u2019activitat f\u00edsica escassa \u00e9s, juntament amb una alimentaci\u00f3 desequilibrada, un dels aspectes que influeixen decisivament en l\u2019aparici\u00f3 del sobrep\u00e8s i l\u2019obesitat.<\/span><\/p>\n<p style=\"text-align: left;\"><span style=\"font-size: 8pt;\">Els adults poden afavorir la pr\u00e0ctica d\u2019activitat f\u00edsica dels infants i els adolescents en l\u2019entorn familiar:<\/span><\/p>\n<ul>\n<li style=\"text-align: left;\"><span style=\"font-size: 8pt;\">Provant diferents activitats fins trobar la que els agrada i facilitant-los-en la pr\u00e0ctica.<\/span><\/li>\n<li style=\"text-align: left;\"><span style=\"font-size: 8pt;\">Compartint amb ells l\u2019activitat f\u00edsica.<\/span><\/li>\n<li style=\"text-align: left;\"><span style=\"font-size: 8pt;\">Combinant diferents tipus d\u2019activitat.<\/span><\/li>\n<li style=\"text-align: left;\"><span style=\"font-size: 8pt;\">Fomentant els esports de grup.<\/span><\/li>\n<li style=\"text-align: left;\"><span style=\"font-size: 8pt;\">Facilitant que tinguin estones de joc actiu i de joc lliure.<\/span><\/li>\n<li style=\"text-align: left;\"><span style=\"font-size: 8pt;\">Fent activitats de lleure a l\u2019aire lliure.<\/span><\/li>\n<\/ul>\n<\/div>\n<\/div>\n<\/div>\n<\/td>\n<td style=\"text-align: center; width: 424px; height: 597px;\">\n<div class=\"panel-heading\">\n<h2 class=\"panel-title\" style=\"text-align: left;\"><strong style=\"font-size: 8pt; font-family: inherit;\">Cal potenciar el consum de<\/strong><span style=\"font-size: 8pt; font-family: inherit; font-weight: normal;\">:<\/span><\/h2>\n<\/div>\n<div id=\"bloc3\" class=\"panel-collapse collapse in\">\n<div class=\"col-sm-8 columna_esquerra\">\n<div class=\"cos_bloc basic_text_peq pd-15\">\n<ul>\n<li style=\"text-align: justify;\"><span style=\"font-size: 8pt;\">Fruita fresca i de temporada com a postres habituals dels \u00e0pats i com a complement d\u2019esmorzars i berenars.<\/span><\/li>\n<li style=\"text-align: justify;\"><span style=\"font-size: 8pt;\">Verdures i hortalisses de temporada en el primer plat i\/o com a guarnici\u00f3 del segon plat dels diferents \u00e0pats, a m\u00e9s de garantir la pres\u00e8ncia habitual d\u2019amanides.<\/span><\/li>\n<li style=\"text-align: left;\"><span style=\"font-size: 8pt;\">Llegums i fruita seca crua o torrada sense sal.<\/span><\/li>\n<li style=\"text-align: left;\"><span style=\"font-size: 8pt;\">Farinacis (pa, pasta, arr\u00f2s&#8230;) integrals.<\/span><\/li>\n<li style=\"text-align: left;\"><span style=\"font-size: 8pt;\">Lactis, en forma de llet i iogurts sense endolcir i formatges.<\/span><\/li>\n<li style=\"text-align: left;\"><span style=\"font-size: 8pt;\">Oli d\u2019oliva verge.<\/span><\/li>\n<li style=\"text-align: left;\"><span style=\"font-size: 8pt;\">Aigua com a beguda b\u00e0sica, tant en els \u00e0pats com entre hores.<\/span><\/li>\n<\/ul>\n<p style=\"text-align: left;\"><span style=\"font-size: 8pt;\"><strong>Conv\u00e9 reduir<\/strong>:<\/span><\/p>\n<ul>\n<li style=\"text-align: justify;\"><span style=\"font-size: 8pt;\">La ingesta de llaminadures i prioritzar com a alternativa la fruita seca sense sal (nous, ametlles, avellanes&#8230;) i dessecada (panses, orellanes, figues seques&#8230;).<\/span><\/li>\n<li style=\"text-align: justify;\"><span style=\"font-size: 8pt;\">Les begudes ensucrades (coles, taronjades, begudes isot\u00f2niques, sucs, etc.) i prioritzar el consum d\u2019aigua.<\/span><\/li>\n<li style=\"text-align: justify;\"><span style=\"font-size: 8pt;\">La brioixeria i la pastisseria, i prioritzar el consum d\u2019entrepans, fruita fresca i fruita seca.<\/span><\/li>\n<li style=\"text-align: justify;\"><span style=\"font-size: 8pt;\">Les cremes de xocolata, mousses, cremes i d\u2019altres postres l\u00e0cties ensucrades, com a postres habituals dels \u00e0pats.<\/span><\/li>\n<li style=\"text-align: left;\"><span style=\"font-size: 8pt;\">El menjar r\u00e0pid (fast food).<\/span><\/li>\n<li style=\"text-align: left;\"><span style=\"font-size: 8pt;\">Les preparacions i derivats carnis processats (embotits, pat\u00e9s, salsitxes, etc.).<\/span><\/li>\n<\/ul>\n<\/div>\n<\/div>\n<\/div>\n<\/td>\n<\/tr>\n<\/tbody>\n<\/table>\n<p>&nbsp;<\/p>\n<p>&nbsp;<\/p>\n<p>&nbsp;<\/p>\n","protected":false},"excerpt":{"rendered":"<p>PREVENCI\u00d3 (POLLS)<br \/>\n<a href=\"http:\/\/canalsalut.gencat.cat\/ca\/detalls\/article\/Polls-00001\" target=\"_blank\" rel=\"noopener noreferrer\">http:\/\/canalsalut.gencat.cat\/ca\/detalls\/article\/Polls-00001<\/a><br \/>\n<a href=\"http:\/\/canalsalut.gencat.cat\/web\/.content\/_A-Z\/P\/polls\/FULL-POLLS.pdf\" target=\"_blank\" rel=\"noopener noreferrer\">http:\/\/canalsalut.gencat.cat\/web\/.content\/_A-Z\/P\/polls\/FULL-POLLS.pdf<\/a><br \/>\n<a href=\"http:\/\/medicaments.gencat.cat\/ca\/ciutadania\/tractaments\/polls-consells-per-detectar-los-i-eliminar-los\/\" target=\"_blank\" rel=\"noopener noreferrer\">http:\/\/medicaments.gencat.cat\/ca\/ciutadania\/tractaments\/polls-consells-per-detectar-los-i-eliminar-los\/<\/a><br \/>\n<a href=\"http:\/\/medicaments.gencat.cat\/web\/.content\/minisite\/medicaments\/ciutadania\/tractaments\/Polls\/Polls-consells-per-detectar-los-i-eliminar-los.pdf\" target=\"_blank\" rel=\"noopener noreferrer\">http:\/\/medicaments.gencat.cat\/web\/.content\/minisite\/medicaments\/ciutadania\/tractaments\/Polls\/Polls-consells-per-detectar-los-i-eliminar-los.pdf<\/a><br \/>\n<a href=\"http:\/\/canalsalut.gencat.cat\/ca\/inici\/\" target=\"_blank\" rel=\"noopener noreferrer\"><\/a><\/p>\n<p><a href=\"https:\/\/agora.xtec.cat\/ceip-pauvila\/wp-content\/uploads\/usu524\/2019\/10\/PIR\u00c1MIDE-DE-LA-ACTIVIDAD-F\u00cdSICA.jpg\" target=\"_blank\" rel=\"noopener noreferrer\"><\/a><br \/>\n<a href=\"https:\/\/agora.xtec.cat\/ceip-pauvila\/wp-content\/uploads\/usu524\/2019\/10\/PIR\u00c1MIDE-DE-LA-ALIMENTACI\u00d3N.jpg\" target=\"_blank\" rel=\"noopener noreferrer\"><\/a><\/p>\n<p>Activitat f\u00edsica<\/p>\n<p>Una vida activa \u00e9s essencial per a la salut dels nens i nenes. Es recomana&hellip;  <a href=\"https:\/\/agora.xtec.cat\/ceip-pauvila\/lescola\/salut\/\" title=\"Read Propostes de salut\">Llegeix m\u00e9s\u00bb<\/a><\/p>\n","protected":false},"author":2,"featured_media":0,"parent":22,"menu_order":90,"comment_status":"closed","ping_status":"closed","template":"","meta":{"_bbp_topic_count":0,"_bbp_reply_count":0,"_bbp_total_topic_count":0,"_bbp_total_reply_count":0,"_bbp_voice_count":0,"_bbp_anonymous_reply_count":0,"_bbp_topic_count_hidden":0,"_bbp_reply_count_hidden":0,"_bbp_forum_subforum_count":0,"footnotes":""},"class_list":["post-38","page","type-page","status-publish","hentry"],"post_mailing_queue_ids":[],"_links":{"self":[{"href":"https:\/\/agora.xtec.cat\/ceip-pauvila\/wp-json\/wp\/v2\/pages\/38","targetHints":{"allow":["GET"]}}],"collection":[{"href":"https:\/\/agora.xtec.cat\/ceip-pauvila\/wp-json\/wp\/v2\/pages"}],"about":[{"href":"https:\/\/agora.xtec.cat\/ceip-pauvila\/wp-json\/wp\/v2\/types\/page"}],"author":[{"embeddable":true,"href":"https:\/\/agora.xtec.cat\/ceip-pauvila\/wp-json\/wp\/v2\/users\/2"}],"replies":[{"embeddable":true,"href":"https:\/\/agora.xtec.cat\/ceip-pauvila\/wp-json\/wp\/v2\/comments?post=38"}],"version-history":[{"count":3,"href":"https:\/\/agora.xtec.cat\/ceip-pauvila\/wp-json\/wp\/v2\/pages\/38\/revisions"}],"predecessor-version":[{"id":9389,"href":"https:\/\/agora.xtec.cat\/ceip-pauvila\/wp-json\/wp\/v2\/pages\/38\/revisions\/9389"}],"up":[{"embeddable":true,"href":"https:\/\/agora.xtec.cat\/ceip-pauvila\/wp-json\/wp\/v2\/pages\/22"}],"wp:attachment":[{"href":"https:\/\/agora.xtec.cat\/ceip-pauvila\/wp-json\/wp\/v2\/media?parent=38"}],"curies":[{"name":"wp","href":"https:\/\/api.w.org\/{rel}","templated":true}]}}