{"id":34,"date":"2014-09-18T12:32:18","date_gmt":"2014-09-18T12:32:18","guid":{"rendered":"http:\/\/agora.xtec.cat\/ceip-pauvila\/?page_id=34"},"modified":"2018-07-10T17:34:36","modified_gmt":"2018-07-10T15:34:36","slug":"oferta-educativa","status":"publish","type":"page","link":"https:\/\/agora.xtec.cat\/ceip-pauvila\/lescola\/oferta-educativa\/","title":{"rendered":"Oferta educativa"},"content":{"rendered":"<p style=\"text-align: justify;\">L&#8217;educaci\u00f3 prim\u00e0ria \u00e9s l&#8217;etapa educativa de car\u00e0cter obligatori i gratu\u00eft que compr\u00e8n sis cursos acad\u00e8mics i s&#8217;organitza en tres cicles de dos cursos: cicle inicial, cicle mitj\u00e0 i cicle superior. Amb car\u00e0cter general, s&#8217;inicia l&#8217;any natural que es compleixen 6 anys i es cursa fins als 12 anys.<\/p>\n<p><a href=\"http:\/\/portaldogc.gencat.cat\/utilsEADOP\/PDF\/6900\/1431926.pdf\" target=\"_blank\" rel=\"noopener noreferrer\"><img loading=\"lazy\" decoding=\"async\" class=\"forsar_mides aligncenter\" src=\"http:\/\/www.gencat.cat\/big\/img\/764\/BIG_764483210030411_00.jpg\" alt=\"\" width=\"200\" height=\"150\" \/><\/a><\/p>\n<p>&nbsp;<\/p>\n<p style=\"text-align: justify;\">La finalitat de l&#8217;educaci\u00f3 prim\u00e0ria \u00e9s preparar els alumnes perqu\u00e8 puguin donar respostes innovadores en una societat canviant i en evoluci\u00f3 constant. Els nens han d&#8217;aprendre a pensar i actuar de manera integrada, considerant les interconnexions i interrelacions entre els aprenentatges. S&#8217;ha de promoure, de manera transversal, l&#8217;adquisici\u00f3 d&#8217;h\u00e0bits i valors per resoldre problemes i situacions des de qualsevol de les \u00e0rees curriculars, s&#8217;ha de fomentar la iniciativa, la creativitat, l&#8217;esperit cr\u00edtic i el gust per aprendre, i s&#8217;ha de desenvolupar la capacitat de l&#8217;esfor\u00e7 i la cultura del treball.<\/p>\n<p style=\"text-align: justify;\">Els continguts de les \u00e0rees com a element fonamental per a l&#8217;assoliment de les compet\u00e8ncies s&#8217;organitzen amb un enfocament integral, multifuncional i transferible de coneixements, destreses i actituds que tots els individus necessiten per al seu desenvolupament personal i social. Aquests continguts degudament combinats i contextualitzats permeten assolir, en acabar l&#8217;ensenyament obligatori, les compet\u00e8ncies b\u00e0siques, la base per continuar l&#8217;aprenentatge al llarg de la vida i per poder desenvolupar projectes individuals i col\u00b7lectius.<\/p>\n<h4 style=\"text-align: center;\"><\/h4>\n<h4 style=\"text-align: center;\"><a href=\"http:\/\/portaldogc.gencat.cat\/utilsEADOP\/PDF\/6900\/1431926.pdf\" target=\"_blank\" rel=\"noopener noreferrer\">Ordenaci\u00f3 dels Ensenyaments de l&#8217;Educaci\u00f3 Prim\u00e0ria.<\/a><\/h4>\n","protected":false},"excerpt":{"rendered":"<p>L&#8217;educaci\u00f3 prim\u00e0ria \u00e9s l&#8217;etapa educativa de car\u00e0cter obligatori i gratu\u00eft que compr\u00e8n sis cursos acad\u00e8mics i s&#8217;organitza en tres cicles de dos cursos: cicle inicial, cicle mitj\u00e0 i cicle superior. Amb car\u00e0cter general, s&#8217;inicia l&#8217;any natural que es compleixen 6 anys i es cursa fins&hellip;  <a href=\"https:\/\/agora.xtec.cat\/ceip-pauvila\/lescola\/oferta-educativa\/\" title=\"Read Oferta educativa\">Llegeix m\u00e9s\u00bb<\/a><\/p>\n","protected":false},"author":2,"featured_media":0,"parent":22,"menu_order":60,"comment_status":"closed","ping_status":"closed","template":"","meta":{"_bbp_topic_count":0,"_bbp_reply_count":0,"_bbp_total_topic_count":0,"_bbp_total_reply_count":0,"_bbp_voice_count":0,"_bbp_anonymous_reply_count":0,"_bbp_topic_count_hidden":0,"_bbp_reply_count_hidden":0,"_bbp_forum_subforum_count":0,"footnotes":""},"class_list":["post-34","page","type-page","status-publish","hentry"],"post_mailing_queue_ids":[],"_links":{"self":[{"href":"https:\/\/agora.xtec.cat\/ceip-pauvila\/wp-json\/wp\/v2\/pages\/34","targetHints":{"allow":["GET"]}}],"collection":[{"href":"https:\/\/agora.xtec.cat\/ceip-pauvila\/wp-json\/wp\/v2\/pages"}],"about":[{"href":"https:\/\/agora.xtec.cat\/ceip-pauvila\/wp-json\/wp\/v2\/types\/page"}],"author":[{"embeddable":true,"href":"https:\/\/agora.xtec.cat\/ceip-pauvila\/wp-json\/wp\/v2\/users\/2"}],"replies":[{"embeddable":true,"href":"https:\/\/agora.xtec.cat\/ceip-pauvila\/wp-json\/wp\/v2\/comments?post=34"}],"version-history":[{"count":3,"href":"https:\/\/agora.xtec.cat\/ceip-pauvila\/wp-json\/wp\/v2\/pages\/34\/revisions"}],"predecessor-version":[{"id":7962,"href":"https:\/\/agora.xtec.cat\/ceip-pauvila\/wp-json\/wp\/v2\/pages\/34\/revisions\/7962"}],"up":[{"embeddable":true,"href":"https:\/\/agora.xtec.cat\/ceip-pauvila\/wp-json\/wp\/v2\/pages\/22"}],"wp:attachment":[{"href":"https:\/\/agora.xtec.cat\/ceip-pauvila\/wp-json\/wp\/v2\/media?parent=34"}],"curies":[{"name":"wp","href":"https:\/\/api.w.org\/{rel}","templated":true}]}}