{"id":22,"date":"2014-09-18T12:19:57","date_gmt":"2014-09-18T11:19:57","guid":{"rendered":"http:\/\/agora.xtec.cat\/ceip-pauvila\/?page_id=22"},"modified":"2025-10-19T18:44:06","modified_gmt":"2025-10-19T16:44:06","slug":"lescola","status":"publish","type":"page","link":"https:\/\/agora.xtec.cat\/ceip-pauvila\/lescola\/","title":{"rendered":"L&#8217;escola"},"content":{"rendered":"<p style=\"text-align: justify;\">T\u00e9 com a principis d\u2019identitat el respecte dels valors democr\u00e0tics. Creiem en l\u2019educaci\u00f3 \u00edntegra dels nostres alumnes i, d\u2019aquesta manera, treballem tot all\u00f2 que els far\u00e0 ser en el futur unes persones formades en tots els aspectes. Fomentem l\u2019esfor\u00e7 com a principal eina per assolir uns bons resultats acad\u00e8mics i formem en la igualtat, la toler\u00e0ncia, el respecte, el treball cooperatiu, les emocions i el pensament.<\/p>\n<p style=\"text-align: justify;\">De la mateixa manera, tamb\u00e9 ens preocupa deixar un m\u00f3n millor i m\u00e9s sostenible als vostres fills i filles i considerem l\u2019educaci\u00f3 mediambiental una part molt important de l\u2019educaci\u00f3. Som Escola Verda, i treballem en molts temes, relacionats amb la conservaci\u00f3 de la natura.<\/p>\n<p style=\"text-align: justify;\">El catal\u00e0 \u00e9s la llengua vehicular d\u2019aprenentatge. El castell\u00e0 s\u2019introdueix a 1r de prim\u00e0ria i l\u2019angl\u00e8s s\u2019inicia a I3.<\/p>\n<p>ESCOLA TOTALMENT NOVA des de<strong> l\u2019abril de 2012<\/strong><\/p>\n<p><strong>Instal\u2022lacions:<\/strong><br \/>\n\u2022 18 aules\u00a0espaioses, amb molta llum natural i molt ben equipades grans amb lavabo i aixetes, les 6 aules d\u2019infantil tenen serveis i acc\u00e9s directe al pati.<br \/>\n\u2022 Aules de psicomotricitat, m\u00fasica, inform\u00e0tica i idiomes.<br \/>\n\u2022 5 aules mitjanes:1 aula d\u2019Educaci\u00f3 Especial, 1 de Religi\u00f3 i 3 de desdoblament.<br \/>\n\u2022 Audiovisuals amb pissarra digital.<br \/>\n\u2022 Escola equipada digitalment: pissarres interactives a totes les aules,<br \/>\ntablets, port\u00e0tils personals a l\u2019alumnat de cicle superior, rob\u00f2tica.<\/p>\n<ul>\n<li>Laboratori.<\/li>\n<li>\u00a0Sala de jocs i experimentaci\u00f3 per a cicle infantil i inicial.<\/li>\n<li>Pati infantil amb sorral i pati per a prim\u00e0ria amb pista esportiva.<\/li>\n<li>\u00a0Aula dormitori per als nens\/es de I3.<\/li>\n<li>\u00a0Biblioteca escolar Joana Raspall.<\/li>\n<li>\u00a0Pavell\u00f3 esportiu.<\/li>\n<li>Hort escolar.<\/li>\n<li>\u00a0Ascensor, per facilitar els problemes de mobilitat.<\/li>\n<\/ul>\n<p><strong>Projectes:<\/strong><br \/>\n\u2022 Llengua anglesa des d\u2019I3<br \/>\n\u2022 Treball de racons a tota l\u2019escolaritat<br \/>\n\u2022 Treball d\u2019 ambients a Educaci\u00f3 Infantil<br \/>\n\u2022 Pla de lectura del centre: apadrinament lector i autor\/a a les aules<br \/>\n\u2022 Pla d\u2019acci\u00f3 mediambiental: Escola Verda<br \/>\n\u2022 Integraci\u00f3 de les TAC des d\u2019Infantil<br \/>\n\u2022 Pla educatiu de l\u2019entorn: reutilitzaci\u00f3 de llibres de text, bibliotec\u00e0ria,<br \/>\nestudi assistit, Escoles +sostenibles<br \/>\n\u2022 Pla Catal\u00e0 de l\u2019esport a l\u2019escola<br \/>\n\u2022 Programa de Salut: Infarimed, promou els h\u00e0bits saludables.<\/p>\n<p><strong>Atenci\u00f3 a la diversitat:<\/strong><br \/>\n\u2022 \u00a0T\u00e8cnica d\u2019educaci\u00f3 infantil per a I3<br \/>\n\u2022 Educadora<br \/>\n\u2022 Atenci\u00f3 psicopedag\u00f2gica per a l\u2019alumnat amb necessitats educatives<br \/>\nespecials (l\u2019EAP)<br \/>\n\u2022 Servei de Logop\u00e8dia<br \/>\n\u2022 Servei de fisioter\u00e0pia<br \/>\n\u2022 Tutories individualitzades<br \/>\n\u2022 Grups flexibles i desdoblaments<br \/>\n\u2022 Codoc\u00e8ncia<br \/>\n\u2022 Suport intensiu d\u2019educaci\u00f3 inclusiva (SIEI)<br \/>\n\u2022 Suport escolar personalitzat<br \/>\n\u2022 Vetlladora<\/p>\n<p><strong>Activitats complement\u00e0ries:<\/strong><br \/>\n\u2022 Auxiliars de conversa en angl\u00e8s amb el projecte Sharing to Learn<br \/>\n\u2022 Sortides pedag\u00f2giques a cada curs<br \/>\n\u2022 Col\u00f2nies a I5, 2n, 4t i 6\u00e8<br \/>\n\u2022 Activitats organitzades per l\u2019ajuntament: Nataci\u00f3 a cicle inicial<br \/>\n\u2022 Celebraci\u00f3 de festes populars i tradicionals de Sant Feliu.<br \/>\n\u2022 Concerts: Dia de la m\u00fasica, Nadal, Cantata, primavera i Cant\u00e0nia.<\/p>\n<p><strong>Activitats extraescolars:<\/strong><br \/>\n\u2022Biblioteca fins a les 18 h.<br \/>\n\u2022 Acollida mat\u00ed i tarda.<br \/>\n\u2022 Extraescolars organitzades per l\u2019AFA: taekwondo, patinatge,<br \/>\nfutbol, angl\u00e8s i handbol.<br \/>\n\u2022 Comparsa de Carnaval (1r premi infantil 2023)<\/p>\n<p><strong>Serveis:<\/strong><br \/>\nMenjador, amb cuina pr\u00f2pia i servei d\u2019acollida.<\/p>\n","protected":false},"excerpt":{"rendered":"<p>T\u00e9 com a principis d\u2019identitat el respecte dels valors democr\u00e0tics. Creiem en l\u2019educaci\u00f3 \u00edntegra dels nostres alumnes i, d\u2019aquesta manera, treballem tot all\u00f2 que els far\u00e0 ser en el futur unes persones formades en tots els aspectes. Fomentem l\u2019esfor\u00e7 com a principal eina per assolir&hellip;  <a href=\"https:\/\/agora.xtec.cat\/ceip-pauvila\/lescola\/\" title=\"Read L&#8217;escola\">Llegeix m\u00e9s\u00bb<\/a><\/p>\n","protected":false},"author":2,"featured_media":0,"parent":0,"menu_order":0,"comment_status":"closed","ping_status":"closed","template":"","meta":{"_bbp_topic_count":0,"_bbp_reply_count":0,"_bbp_total_topic_count":0,"_bbp_total_reply_count":0,"_bbp_voice_count":0,"_bbp_anonymous_reply_count":0,"_bbp_topic_count_hidden":0,"_bbp_reply_count_hidden":0,"_bbp_forum_subforum_count":0,"footnotes":""},"class_list":["post-22","page","type-page","status-publish","hentry"],"post_mailing_queue_ids":[],"_links":{"self":[{"href":"https:\/\/agora.xtec.cat\/ceip-pauvila\/wp-json\/wp\/v2\/pages\/22","targetHints":{"allow":["GET"]}}],"collection":[{"href":"https:\/\/agora.xtec.cat\/ceip-pauvila\/wp-json\/wp\/v2\/pages"}],"about":[{"href":"https:\/\/agora.xtec.cat\/ceip-pauvila\/wp-json\/wp\/v2\/types\/page"}],"author":[{"embeddable":true,"href":"https:\/\/agora.xtec.cat\/ceip-pauvila\/wp-json\/wp\/v2\/users\/2"}],"replies":[{"embeddable":true,"href":"https:\/\/agora.xtec.cat\/ceip-pauvila\/wp-json\/wp\/v2\/comments?post=22"}],"version-history":[{"count":6,"href":"https:\/\/agora.xtec.cat\/ceip-pauvila\/wp-json\/wp\/v2\/pages\/22\/revisions"}],"predecessor-version":[{"id":12423,"href":"https:\/\/agora.xtec.cat\/ceip-pauvila\/wp-json\/wp\/v2\/pages\/22\/revisions\/12423"}],"wp:attachment":[{"href":"https:\/\/agora.xtec.cat\/ceip-pauvila\/wp-json\/wp\/v2\/media?parent=22"}],"curies":[{"name":"wp","href":"https:\/\/api.w.org\/{rel}","templated":true}]}}