{"id":188,"date":"2015-10-06T23:52:00","date_gmt":"2015-10-06T21:52:00","guid":{"rendered":"http:\/\/agora.xtec.cat\/ceip-pauvila\/?page_id=188"},"modified":"2018-07-11T17:57:38","modified_gmt":"2018-07-11T15:57:38","slug":"biblioteca","status":"publish","type":"page","link":"https:\/\/agora.xtec.cat\/ceip-pauvila\/lescola\/biblioteca\/","title":{"rendered":"Biblioteca"},"content":{"rendered":"<h4 style=\"text-align: center;\"><span style=\"text-decoration: underline;\"><strong><a href=\"http:\/\/bibliopauvila.blogspot.com.es\/\" target=\"_blank\">La nostra Biblioteca &#8220;Joana Raspall&#8221;<\/a><\/strong><\/span><\/h4>\n<p style=\"text-align: center;\"><a href=\"http:\/\/bibliopauvila.blogspot.com.es\/\" target=\"_blank\"><img loading=\"lazy\" decoding=\"async\" class=\"  alignnone wp-image-4357 size-thumbnail\" src=\"http:\/\/agora.xtec.cat\/ceip-pauvila\/wp-content\/uploads\/usu524\/2015\/10\/biblioteca-entrada-150x150.jpg\" alt=\"biblioteca entrada\" width=\"150\" height=\"150\" \/><\/a><\/p>\n<h4 style=\"text-align: center;\"><strong><span style=\"text-decoration: underline;\"><a href=\"http:\/\/aplitic.xtec.cat\/epergam\/web\/biblioteca.jsp\" target=\"_blank\">Busca el teu LLIBRE<\/a><\/span><\/strong><\/h4>\n<hr \/>\n<p style=\"text-align: center;\"><a href=\"http:\/\/ensenyament.gencat.cat\/ca\/departament\/biblioteca\/\" target=\"_blank\">La biblioteca del Departament d&#8217;Ensenyament \u00e9s un centre especialitzat en temes d&#8217;educaci\u00f3, obert al p\u00fablic i de lliure acc\u00e9s. <\/a><a href=\"http:\/\/ensenyament.gencat.cat\/ca\/departament\/biblioteca\/\" target=\"_blank\">T\u00e9 com a objectius, entre altres, donar suport a les necessitats informatives del Departament i atendre les consultes externes d&#8217;investigadors i professionals de l&#8217;ensenyament.<\/a><\/p>\n<p style=\"text-align: center;\"><a href=\"http:\/\/catalegclassicbeg.cultura.gencat.cat\/\" target=\"_blank\">Biblioteques Especialitzades de la Generalitat<\/a><\/p>\n<p style=\"text-align: center;\"><a href=\"http:\/\/ccuc.cbuc.cat\/%2acat\" target=\"_blank\">Cat\u00e0leg Col\u00b7lectiu de les Universitats de Catalunya<\/a><\/p>\n<hr \/>\n<p>&nbsp;<\/p>\n","protected":false},"excerpt":{"rendered":"<p><a href=\"http:\/\/bibliopauvila.blogspot.com.es\/\" target=\"_blank\">La nostra Biblioteca &#8220;Joana Raspall&#8221;<\/a><br \/>\n<a href=\"http:\/\/bibliopauvila.blogspot.com.es\/\" target=\"_blank\"><\/a><br \/>\n<a href=\"http:\/\/aplitic.xtec.cat\/epergam\/web\/biblioteca.jsp\" target=\"_blank\">Busca el teu LLIBRE<\/a><\/p>\n<p><a href=\"http:\/\/ensenyament.gencat.cat\/ca\/departament\/biblioteca\/\" target=\"_blank\">La biblioteca del Departament d&#8217;Ensenyament \u00e9s un centre especialitzat en temes d&#8217;educaci\u00f3, obert al p\u00fablic i de lliure acc\u00e9s. <\/a><a href=\"http:\/\/ensenyament.gencat.cat\/ca\/departament\/biblioteca\/\" target=\"_blank\">T\u00e9 com a objectius, entre altres, donar suport a&hellip;  <a href=\"https:\/\/agora.xtec.cat\/ceip-pauvila\/lescola\/biblioteca\/\" title=\"Read Biblioteca\">Llegeix m\u00e9s\u00bb<\/a><\/p>\n","protected":false},"author":1,"featured_media":0,"parent":22,"menu_order":10,"comment_status":"closed","ping_status":"closed","template":"","meta":{"_bbp_topic_count":0,"_bbp_reply_count":0,"_bbp_total_topic_count":0,"_bbp_total_reply_count":0,"_bbp_voice_count":0,"_bbp_anonymous_reply_count":0,"_bbp_topic_count_hidden":0,"_bbp_reply_count_hidden":0,"_bbp_forum_subforum_count":0,"footnotes":""},"class_list":["post-188","page","type-page","status-publish","hentry"],"post_mailing_queue_ids":[],"_links":{"self":[{"href":"https:\/\/agora.xtec.cat\/ceip-pauvila\/wp-json\/wp\/v2\/pages\/188","targetHints":{"allow":["GET"]}}],"collection":[{"href":"https:\/\/agora.xtec.cat\/ceip-pauvila\/wp-json\/wp\/v2\/pages"}],"about":[{"href":"https:\/\/agora.xtec.cat\/ceip-pauvila\/wp-json\/wp\/v2\/types\/page"}],"author":[{"embeddable":true,"href":"https:\/\/agora.xtec.cat\/ceip-pauvila\/wp-json\/wp\/v2\/users\/1"}],"replies":[{"embeddable":true,"href":"https:\/\/agora.xtec.cat\/ceip-pauvila\/wp-json\/wp\/v2\/comments?post=188"}],"version-history":[{"count":3,"href":"https:\/\/agora.xtec.cat\/ceip-pauvila\/wp-json\/wp\/v2\/pages\/188\/revisions"}],"predecessor-version":[{"id":5009,"href":"https:\/\/agora.xtec.cat\/ceip-pauvila\/wp-json\/wp\/v2\/pages\/188\/revisions\/5009"}],"up":[{"embeddable":true,"href":"https:\/\/agora.xtec.cat\/ceip-pauvila\/wp-json\/wp\/v2\/pages\/22"}],"wp:attachment":[{"href":"https:\/\/agora.xtec.cat\/ceip-pauvila\/wp-json\/wp\/v2\/media?parent=188"}],"curies":[{"name":"wp","href":"https:\/\/api.w.org\/{rel}","templated":true}]}}