{"id":10994,"date":"2023-02-03T16:13:08","date_gmt":"2023-02-03T15:13:08","guid":{"rendered":"https:\/\/agora.xtec.cat\/ceip-pauvila\/?page_id=10994"},"modified":"2026-01-25T19:21:41","modified_gmt":"2026-01-25T18:21:41","slug":"preinscripcio-i-matriculacio-2023-2024","status":"publish","type":"page","link":"https:\/\/agora.xtec.cat\/ceip-pauvila\/lescola\/preinscripcio-i-matriculacio-2023-2024\/","title":{"rendered":"Preinscripci\u00f3 i matr\u00edcula 2026-2027"},"content":{"rendered":"<p><strong>Preinscripci\u00f3<\/strong>: <strong>del dia 4 al 18 de mar\u00e7 del 2026<\/strong><\/p>\n<p><a href=\"https:\/\/preinscripcio.gencat.cat\/ca\/detalls\/noticia\/dates-preinscripcio-2026-2027\">Preinscripci\u00f3 infantil i prim\u00e0ria\u00a0 3-12<\/a><\/p>\n<p>&nbsp;<\/p>\n","protected":false},"excerpt":{"rendered":"<p>Preinscripci\u00f3: del dia 4 al 18 de mar\u00e7 del 2026<br \/>\n<a href=\"https:\/\/preinscripcio.gencat.cat\/ca\/detalls\/noticia\/dates-preinscripcio-2026-2027\">Preinscripci\u00f3 infantil i prim\u00e0ria\u00a0 3-12<\/a><br \/>\n&nbsp;<\/p>\n","protected":false},"author":1,"featured_media":0,"parent":22,"menu_order":11,"comment_status":"closed","ping_status":"closed","template":"page-templates\/side-menu.php","meta":{"_bbp_topic_count":0,"_bbp_reply_count":0,"_bbp_total_topic_count":0,"_bbp_total_reply_count":0,"_bbp_voice_count":0,"_bbp_anonymous_reply_count":0,"_bbp_topic_count_hidden":0,"_bbp_reply_count_hidden":0,"_bbp_forum_subforum_count":0,"footnotes":""},"class_list":["post-10994","page","type-page","status-publish","hentry"],"post_mailing_queue_ids":[],"_links":{"self":[{"href":"https:\/\/agora.xtec.cat\/ceip-pauvila\/wp-json\/wp\/v2\/pages\/10994","targetHints":{"allow":["GET"]}}],"collection":[{"href":"https:\/\/agora.xtec.cat\/ceip-pauvila\/wp-json\/wp\/v2\/pages"}],"about":[{"href":"https:\/\/agora.xtec.cat\/ceip-pauvila\/wp-json\/wp\/v2\/types\/page"}],"author":[{"embeddable":true,"href":"https:\/\/agora.xtec.cat\/ceip-pauvila\/wp-json\/wp\/v2\/users\/1"}],"replies":[{"embeddable":true,"href":"https:\/\/agora.xtec.cat\/ceip-pauvila\/wp-json\/wp\/v2\/comments?post=10994"}],"version-history":[{"count":6,"href":"https:\/\/agora.xtec.cat\/ceip-pauvila\/wp-json\/wp\/v2\/pages\/10994\/revisions"}],"predecessor-version":[{"id":12470,"href":"https:\/\/agora.xtec.cat\/ceip-pauvila\/wp-json\/wp\/v2\/pages\/10994\/revisions\/12470"}],"up":[{"embeddable":true,"href":"https:\/\/agora.xtec.cat\/ceip-pauvila\/wp-json\/wp\/v2\/pages\/22"}],"wp:attachment":[{"href":"https:\/\/agora.xtec.cat\/ceip-pauvila\/wp-json\/wp\/v2\/media?parent=10994"}],"curies":[{"name":"wp","href":"https:\/\/api.w.org\/{rel}","templated":true}]}}