{"id":870,"date":"2018-01-16T21:28:33","date_gmt":"2018-01-16T20:28:33","guid":{"rendered":"http:\/\/agora.xtec.cat\/ceip-pauvila-hospitalet\/?page_id=870"},"modified":"2018-01-16T21:28:33","modified_gmt":"2018-01-16T20:28:33","slug":"padrins-cientifics","status":"publish","type":"page","link":"https:\/\/agora.xtec.cat\/ceip-pauvila-hospitalet\/projecte-educatiu-2\/aprenentatge-i-servei-aps\/padrins-cientifics\/","title":{"rendered":"Padrins cient\u00edfics"},"content":{"rendered":"<p><b>Breu s\u00edntesi del projecte <\/b><\/p>\n<p><span style=\"font-weight: 400;\">Els alumnes del Cicle Superior aprenen a l\u2019aula de ci\u00e8ncies a realitzar els experiments relacionats amb l\u2019\u00e0mbit de les ci\u00e8ncies que hauran de mostrar de manera interactiva amb els alumnes dels altres cicles en petits grups de treball.<\/span><\/p>\n<p><b>Necessitat social i finalitat del servei <\/b><\/p>\n<p><span style=\"font-weight: 400;\">Promoure el pensament cient\u00edfic experimental de tot l\u2019alumnat del centre.<\/span><\/p>\n<p><b>Entitats que impulsen l&#8217;experi\u00e8ncia <\/b><\/p>\n<p><span style=\"font-weight: 400;\">Escola Pau Vila <\/span><\/p>\n<p>&nbsp;<\/p>\n<p><b>Persones destinat\u00e0ries del servei<\/b><\/p>\n<p><span style=\"font-weight: 400;\">Alumnat de l\u2019escola Pau Vila. <\/span><\/p>\n<p><b>Objectius d&#8217;aprenentatge <\/b><\/p>\n<p><span style=\"font-weight: 400;\">Responsabilitzar-se d\u2019una activitat d\u2019aprenentatge manipulatiu amb un grup de companys. <\/span><\/p>\n<p><span style=\"font-weight: 400;\">Aprendre a respectar i fer respectar les normes de manera pac\u00edfica. <\/span><\/p>\n<p><span style=\"font-weight: 400;\">Augmentar les habilitats d\u2019autocontrol i d\u2019organitzaci\u00f3 del temps i de l\u2019espai. <\/span><\/p>\n<p><span style=\"font-weight: 400;\">Augmentar l\u2019autoestima com a conseq\u00fc\u00e8ncia de la pertinen\u00e7a a un grup de prestigi. <\/span><\/p>\n<p><span style=\"font-weight: 400;\">Aprendre a posar-se en el lloc dels altres. <\/span><\/p>\n<p>&nbsp;<\/p>\n","protected":false},"excerpt":{"rendered":"<p>Breu s\u00edntesi del projecte<br \/>\nEls alumnes del Cicle Superior aprenen a l\u2019aula de ci\u00e8ncies a realitzar els experiments relacionats amb l\u2019\u00e0mbit de les ci\u00e8ncies que hauran de mostrar de manera interactiva amb els alumnes dels altres cicles en petits grups de treball.<br \/>\nNecessitat social i finalitat&hellip;  <a href=\"https:\/\/agora.xtec.cat\/ceip-pauvila-hospitalet\/projecte-educatiu-2\/aprenentatge-i-servei-aps\/padrins-cientifics\/\" title=\"Read Padrins cient\u00edfics\">Llegeix m\u00e9s\u00bb<\/a><\/p>\n","protected":false},"author":1,"featured_media":0,"parent":659,"menu_order":30,"comment_status":"closed","ping_status":"closed","template":"","meta":{"_bbp_topic_count":0,"_bbp_reply_count":0,"_bbp_total_topic_count":0,"_bbp_total_reply_count":0,"_bbp_voice_count":0,"_bbp_anonymous_reply_count":0,"_bbp_topic_count_hidden":0,"_bbp_reply_count_hidden":0,"_bbp_forum_subforum_count":0,"footnotes":""},"class_list":["post-870","page","type-page","status-publish","hentry"],"post_mailing_queue_ids":[],"_links":{"self":[{"href":"https:\/\/agora.xtec.cat\/ceip-pauvila-hospitalet\/wp-json\/wp\/v2\/pages\/870","targetHints":{"allow":["GET"]}}],"collection":[{"href":"https:\/\/agora.xtec.cat\/ceip-pauvila-hospitalet\/wp-json\/wp\/v2\/pages"}],"about":[{"href":"https:\/\/agora.xtec.cat\/ceip-pauvila-hospitalet\/wp-json\/wp\/v2\/types\/page"}],"author":[{"embeddable":true,"href":"https:\/\/agora.xtec.cat\/ceip-pauvila-hospitalet\/wp-json\/wp\/v2\/users\/1"}],"replies":[{"embeddable":true,"href":"https:\/\/agora.xtec.cat\/ceip-pauvila-hospitalet\/wp-json\/wp\/v2\/comments?post=870"}],"version-history":[{"count":1,"href":"https:\/\/agora.xtec.cat\/ceip-pauvila-hospitalet\/wp-json\/wp\/v2\/pages\/870\/revisions"}],"predecessor-version":[{"id":871,"href":"https:\/\/agora.xtec.cat\/ceip-pauvila-hospitalet\/wp-json\/wp\/v2\/pages\/870\/revisions\/871"}],"up":[{"embeddable":true,"href":"https:\/\/agora.xtec.cat\/ceip-pauvila-hospitalet\/wp-json\/wp\/v2\/pages\/659"}],"wp:attachment":[{"href":"https:\/\/agora.xtec.cat\/ceip-pauvila-hospitalet\/wp-json\/wp\/v2\/media?parent=870"}],"curies":[{"name":"wp","href":"https:\/\/api.w.org\/{rel}","templated":true}]}}