{"id":87,"date":"2014-09-18T14:28:12","date_gmt":"2014-09-18T13:28:12","guid":{"rendered":"http:\/\/agora.xtec.cat\/ceip-pauvila-hospitalet\/?page_id=87"},"modified":"2025-06-27T11:16:20","modified_gmt":"2025-06-27T09:16:20","slug":"calendari-escolar","status":"publish","type":"page","link":"https:\/\/agora.xtec.cat\/ceip-pauvila-hospitalet\/lescola\/calendari-escolar\/","title":{"rendered":"Calendari Escolar"},"content":{"rendered":"<p style=\"text-align: center;\"><strong><u>Horari normal d\u2019activitat docent<\/u><\/strong><\/p>\n<p style=\"text-align: center;\"><strong><u>Educaci\u00f3 Infantil<\/u><\/strong><strong> ( EI3, EI4 i EI5)<\/strong><\/p>\n<p style=\"text-align: center;\"><strong>de 9:00 h a 12:30 h i de 15:00 h a 16:30 h<\/strong><strong>\u00a0<\/strong><\/p>\n<p style=\"text-align: center;\"><strong><u>Educaci\u00f3 Prim\u00e0ria<\/u><\/strong><strong> 1r, 2n, 3er, 4t, 5\u00e8, 6\u00e8 <\/strong><\/p>\n<p style=\"text-align: center;\"><strong>de 8:30 h a 13:00 h i de 15:00 hores a 16:30<\/strong><\/p>\n<p><strong>Els alumnes d\u2019Educaci\u00f3 Infantil amb germans a Prim\u00e0ria tenen servei d\u2019acollida gratu\u00eft de 8:30h a 9:00h\u00a0 i de 12:30h a 13:00h<\/strong><\/p>\n<p><a href=\"https:\/\/agora.xtec.cat\/ceip-pauvila-hospitalet\/wp-content\/uploads\/usu991\/2025\/06\/Calendari-escolar-2025-2026.jpg\"><img loading=\"lazy\" decoding=\"async\" class=\"alignleft size-medium wp-image-13032\" src=\"https:\/\/agora.xtec.cat\/ceip-pauvila-hospitalet\/wp-content\/uploads\/usu991\/2025\/06\/Calendari-escolar-2025-2026-212x300.jpg\" alt=\"\" width=\"212\" height=\"300\" srcset=\"https:\/\/agora.xtec.cat\/ceip-pauvila-hospitalet\/wp-content\/uploads\/usu991\/2025\/06\/Calendari-escolar-2025-2026-212x300.jpg 212w, https:\/\/agora.xtec.cat\/ceip-pauvila-hospitalet\/wp-content\/uploads\/usu991\/2025\/06\/Calendari-escolar-2025-2026-724x1024.jpg 724w, https:\/\/agora.xtec.cat\/ceip-pauvila-hospitalet\/wp-content\/uploads\/usu991\/2025\/06\/Calendari-escolar-2025-2026-768x1086.jpg 768w, https:\/\/agora.xtec.cat\/ceip-pauvila-hospitalet\/wp-content\/uploads\/usu991\/2025\/06\/Calendari-escolar-2025-2026-1086x1536.jpg 1086w, https:\/\/agora.xtec.cat\/ceip-pauvila-hospitalet\/wp-content\/uploads\/usu991\/2025\/06\/Calendari-escolar-2025-2026.jpg 1414w\" sizes=\"auto, (max-width: 212px) 100vw, 212px\" \/><\/a><\/p>\n<p>&nbsp;<\/p>\n<p>&nbsp;<\/p>\n<p style=\"text-align: center;\"><strong>Calendari del curs<\/strong><\/p>\n<p style=\"text-align: center;\">\u00a0Els alumnes que utilitzen el servei de menjador els dies en que no hi ha classe per la tarda surten a les 15:00h.<\/p>\n<p style=\"text-align: center;\">Per als alumnes que inicien l\u2019escolaritzaci\u00f3 a P3 s\u2019organitza un breu per\u00edode d\u2019adaptaci\u00f3 que suposa una certa modificaci\u00f3 dels horaris dels sis primers dies de classe, i que es fa saber a les fam\u00edlies en les reunions pr\u00e8vies corresponents.<\/p>\n<p style=\"text-align: center;\">\n","protected":false},"excerpt":{"rendered":"<p>Horari normal d\u2019activitat docent<br \/>\nEducaci\u00f3 Infantil ( EI3, EI4 i EI5)<br \/>\nde 9:00 h a 12:30 h i de 15:00 h a 16:30 h\u00a0<br \/>\nEducaci\u00f3 Prim\u00e0ria 1r, 2n, 3er, 4t, 5\u00e8, 6\u00e8<br \/>\nde 8:30 h a 13:00 h i de 15:00 hores a 16:30<br \/>\nEls alumnes d\u2019Educaci\u00f3 Infantil amb&hellip;  <a href=\"https:\/\/agora.xtec.cat\/ceip-pauvila-hospitalet\/lescola\/calendari-escolar\/\" title=\"Read Calendari Escolar\">Llegeix m\u00e9s\u00bb<\/a><\/p>\n","protected":false},"author":1,"featured_media":0,"parent":22,"menu_order":5,"comment_status":"closed","ping_status":"closed","template":"page-templates\/side-menu.php","meta":{"_bbp_topic_count":0,"_bbp_reply_count":0,"_bbp_total_topic_count":0,"_bbp_total_reply_count":0,"_bbp_voice_count":0,"_bbp_anonymous_reply_count":0,"_bbp_topic_count_hidden":0,"_bbp_reply_count_hidden":0,"_bbp_forum_subforum_count":0,"footnotes":""},"class_list":["post-87","page","type-page","status-publish","hentry"],"post_mailing_queue_ids":[],"_links":{"self":[{"href":"https:\/\/agora.xtec.cat\/ceip-pauvila-hospitalet\/wp-json\/wp\/v2\/pages\/87","targetHints":{"allow":["GET"]}}],"collection":[{"href":"https:\/\/agora.xtec.cat\/ceip-pauvila-hospitalet\/wp-json\/wp\/v2\/pages"}],"about":[{"href":"https:\/\/agora.xtec.cat\/ceip-pauvila-hospitalet\/wp-json\/wp\/v2\/types\/page"}],"author":[{"embeddable":true,"href":"https:\/\/agora.xtec.cat\/ceip-pauvila-hospitalet\/wp-json\/wp\/v2\/users\/1"}],"replies":[{"embeddable":true,"href":"https:\/\/agora.xtec.cat\/ceip-pauvila-hospitalet\/wp-json\/wp\/v2\/comments?post=87"}],"version-history":[{"count":5,"href":"https:\/\/agora.xtec.cat\/ceip-pauvila-hospitalet\/wp-json\/wp\/v2\/pages\/87\/revisions"}],"predecessor-version":[{"id":13035,"href":"https:\/\/agora.xtec.cat\/ceip-pauvila-hospitalet\/wp-json\/wp\/v2\/pages\/87\/revisions\/13035"}],"up":[{"embeddable":true,"href":"https:\/\/agora.xtec.cat\/ceip-pauvila-hospitalet\/wp-json\/wp\/v2\/pages\/22"}],"wp:attachment":[{"href":"https:\/\/agora.xtec.cat\/ceip-pauvila-hospitalet\/wp-json\/wp\/v2\/media?parent=87"}],"curies":[{"name":"wp","href":"https:\/\/api.w.org\/{rel}","templated":true}]}}