{"id":866,"date":"2018-01-16T21:25:39","date_gmt":"2018-01-16T20:25:39","guid":{"rendered":"http:\/\/agora.xtec.cat\/ceip-pauvila-hospitalet\/?page_id=866"},"modified":"2018-04-13T09:43:30","modified_gmt":"2018-04-13T07:43:30","slug":"aprendre-a-jugar-en-pau","status":"publish","type":"page","link":"https:\/\/agora.xtec.cat\/ceip-pauvila-hospitalet\/projecte-educatiu-2\/aprenentatge-i-servei-aps\/aprendre-a-jugar-en-pau\/","title":{"rendered":"Aprendre a jugar en pau"},"content":{"rendered":"<p><b>Breu s\u00edntesi del projecte<\/b><\/p>\n<p><iframe loading=\"lazy\" title=\"Jocs en pau hd\" width=\"500\" height=\"281\" src=\"https:\/\/www.youtube.com\/embed\/MZjkklKIQ9k?feature=oembed\" frameborder=\"0\" allow=\"accelerometer; autoplay; clipboard-write; encrypted-media; gyroscope; picture-in-picture; web-share\" referrerpolicy=\"strict-origin-when-cross-origin\" allowfullscreen><\/iframe><\/p>\n<p><span style=\"font-weight: 400;\">Els alumnes del Cicle Superior aprenen jocs tradicionals i se\u2019n fan c\u00e0rrec, un dia a la setmana, de dinamitzar l\u2019esbarjo de la resta del centre tot oferint una alternativa en la manera de solucionar els possibles conflictes que sorgeixin: l\u2019assertivitat.<\/span><\/p>\n<p><a href=\"https:\/\/youtu.be\/ZZmrPPtb4Sw\"><img loading=\"lazy\" decoding=\"async\" class=\"aligncenter wp-image-1409\" src=\"http:\/\/agora.xtec.cat\/ceip-pauvila-hospitalet\/wp-content\/uploads\/usu991\/2018\/01\/IMG_3039.jpg\" alt=\"\" width=\"430\" height=\"322\" \/><\/a><\/p>\n<p><b>Necessitat social i finalitat del servei <\/b><\/p>\n<p><span style=\"font-weight: 400;\">Augmentar l\u2019\u00edndex de respostes assertives en la resoluci\u00f3 dels conflictes sorgits en el joc de l\u2019alumnat de l\u2019escola. <\/span><\/p>\n<p><span style=\"font-weight: 400;\">Promoure jocs alternatius al futbol i\/o jocs violents. <\/span><\/p>\n<p><b>Entitats que impulsen l&#8217;experi\u00e8ncia <\/b><\/p>\n<p><span style=\"font-weight: 400;\">Escola Pau Vila i Departament de Did\u00e0ctica i Organitzaci\u00f3 Educativa de la UB.<\/span><\/p>\n<p><b>Persones destinat\u00e0ries del servei <\/b><\/p>\n<p><span style=\"font-weight: 400;\">Alumnat de l\u2019escola Pau Vila. <\/span><\/p>\n<p><b>Objectius d&#8217;aprenentatge <\/b><\/p>\n<p><span style=\"font-weight: 400;\">Responsabilitzar-se d\u2019una activitat de joc amb un grup de companys. <\/span><\/p>\n<p><span style=\"font-weight: 400;\">Aprendre a respectar i fer respectar les normes de manera pac\u00edfica. <\/span><\/p>\n<p><span style=\"font-weight: 400;\">Augmentar les habilitats d\u2019autocontrol i d\u2019organitzaci\u00f3 del temps i de l\u2019espai. <\/span><\/p>\n<p><span style=\"font-weight: 400;\">Augmentar l\u2019autoestima com a conseq\u00fc\u00e8ncia de la pertinen\u00e7a a un grup de prestigi. <\/span><\/p>\n<p><span style=\"font-weight: 400;\">Aprendre a posar-se en el lloc dels altres.<\/span><\/p>\n<p><a href=\"https:\/\/youtu.be\/MZjkklKIQ9k\"><img loading=\"lazy\" decoding=\"async\" class=\"aligncenter wp-image-1411\" src=\"http:\/\/agora.xtec.cat\/ceip-pauvila-hospitalet\/wp-content\/uploads\/usu991\/2018\/01\/IMG_3600.jpg\" alt=\"\" width=\"432\" height=\"324\" \/><\/a><\/p>\n","protected":false},"excerpt":{"rendered":"<p>Breu s\u00edntesi del projecte<\/p>\n<p>Els alumnes del Cicle Superior aprenen jocs tradicionals i se\u2019n fan c\u00e0rrec, un dia a la setmana, de dinamitzar l\u2019esbarjo de la resta del centre tot oferint una alternativa en la manera de solucionar els possibles conflictes que sorgeixin: l\u2019assertivitat.<br \/>\n<a href=\"https:\/\/youtu.be\/ZZmrPPtb4Sw\"><\/a><br \/>\nNecessitat social&hellip;  <a href=\"https:\/\/agora.xtec.cat\/ceip-pauvila-hospitalet\/projecte-educatiu-2\/aprenentatge-i-servei-aps\/aprendre-a-jugar-en-pau\/\" title=\"Read Aprendre a jugar en pau\">Llegeix m\u00e9s\u00bb<\/a><\/p>\n","protected":false},"author":1,"featured_media":0,"parent":659,"menu_order":20,"comment_status":"closed","ping_status":"closed","template":"","meta":{"_bbp_topic_count":0,"_bbp_reply_count":0,"_bbp_total_topic_count":0,"_bbp_total_reply_count":0,"_bbp_voice_count":0,"_bbp_anonymous_reply_count":0,"_bbp_topic_count_hidden":0,"_bbp_reply_count_hidden":0,"_bbp_forum_subforum_count":0,"footnotes":""},"class_list":["post-866","page","type-page","status-publish","hentry"],"post_mailing_queue_ids":[],"_links":{"self":[{"href":"https:\/\/agora.xtec.cat\/ceip-pauvila-hospitalet\/wp-json\/wp\/v2\/pages\/866","targetHints":{"allow":["GET"]}}],"collection":[{"href":"https:\/\/agora.xtec.cat\/ceip-pauvila-hospitalet\/wp-json\/wp\/v2\/pages"}],"about":[{"href":"https:\/\/agora.xtec.cat\/ceip-pauvila-hospitalet\/wp-json\/wp\/v2\/types\/page"}],"author":[{"embeddable":true,"href":"https:\/\/agora.xtec.cat\/ceip-pauvila-hospitalet\/wp-json\/wp\/v2\/users\/1"}],"replies":[{"embeddable":true,"href":"https:\/\/agora.xtec.cat\/ceip-pauvila-hospitalet\/wp-json\/wp\/v2\/comments?post=866"}],"version-history":[{"count":4,"href":"https:\/\/agora.xtec.cat\/ceip-pauvila-hospitalet\/wp-json\/wp\/v2\/pages\/866\/revisions"}],"predecessor-version":[{"id":1525,"href":"https:\/\/agora.xtec.cat\/ceip-pauvila-hospitalet\/wp-json\/wp\/v2\/pages\/866\/revisions\/1525"}],"up":[{"embeddable":true,"href":"https:\/\/agora.xtec.cat\/ceip-pauvila-hospitalet\/wp-json\/wp\/v2\/pages\/659"}],"wp:attachment":[{"href":"https:\/\/agora.xtec.cat\/ceip-pauvila-hospitalet\/wp-json\/wp\/v2\/media?parent=866"}],"curies":[{"name":"wp","href":"https:\/\/api.w.org\/{rel}","templated":true}]}}