{"id":73,"date":"2014-09-18T14:01:51","date_gmt":"2014-09-18T13:01:51","guid":{"rendered":"http:\/\/agora.xtec.cat\/ceip-pauvila-hospitalet\/?page_id=73"},"modified":"2024-10-15T09:24:54","modified_gmt":"2024-10-15T07:24:54","slug":"projecte-educatiu-2","status":"publish","type":"page","link":"https:\/\/agora.xtec.cat\/ceip-pauvila-hospitalet\/projecte-educatiu-2\/","title":{"rendered":"Documents de Centre"},"content":{"rendered":"<table width=\"870\">\n<tbody>\n<tr>\n<td width=\"1081\"><strong>Qui som?<\/strong><br \/>\nEscola que d\u00f3na resposta als problemes educatius de manera creativa treballant en xarxa amb \u00a0els recursos externs al centre i optimitzant els propis.<\/td>\n<\/tr>\n<tr>\n<td width=\"1081\"><strong>Qu\u00e8 volem?<\/strong><br \/>\nEscola de qualitat: Que acull i acompanya tots i cadascun dels seus alumnes en el seu desenvolupament educatiu de manera individualitzada i amb equitat. Que utilitza els diversos llenguatges: verbal, matem\u00e0tic, art\u00edstic&#8230; per aconseguir alumnes competents dins de l\u2019entorn. Que utilitza la pr\u00e0ctica musical com a factor de cohesi\u00f3 social. Que mant\u00e9 un comprom\u00eds mediambiental amb actuacions concretes. Que afavoreix l\u2019\u00fas de les noves tecnologies. \u00a0\u00a0Que fa servir tota l\u2019experi\u00e8ncia acumulada en els seus projectes com a font d\u2019innovaci\u00f3 davant els nous reptes. \u00a0Que acull i forma els professionals que s\u2019incorporen al centre per configurar equips de treball eficients. Que \u00a0\u00e9s propera a les fam\u00edlies i promou la seva participaci\u00f3 en el proc\u00e9s educatiu dels fills\/es. Que mant\u00e9 la intenci\u00f3 de millorar per tal d\u2019esdevenir una <strong>instituci\u00f3 de refer\u00e8ncia en el barri<\/strong>.<\/td>\n<\/tr>\n<tr>\n<td width=\"1081\"><strong>Quins s\u00f3n els nostres valors?<\/strong><br \/>\nL\u2019acceptaci\u00f3 de la difer\u00e8ncia per poder tractar amb igualtat. La cooperaci\u00f3 per aprofitar de cada element el millor que t\u00e9.La col\u00b7laboraci\u00f3 per a sumar esfor\u00e7os en la mateixa direcci\u00f3.El respecte envers les normes per a garantir la pau i la conviv\u00e8ncia.L\u2019esfor\u00e7 i l\u2019exig\u00e8ncia per millorar el grau de satisfacci\u00f3.<\/td>\n<\/tr>\n<\/tbody>\n<\/table>\n<p><iframe loading=\"lazy\" src=\"\/\/www.youtube.com\/embed\/4lrU0YEHdaY\" width=\"560\" height=\"314\"><\/iframe><\/p>\n<p>&nbsp;<\/p>\n<p style=\"text-align: left;\"><strong><span style=\"text-decoration: underline;\"><a href=\"https:\/\/agora.xtec.cat\/ceip-pauvila-hospitalet\/lescola\/projecte-educatiu\/\" target=\"_blank\" rel=\"noopener noreferrer\">Projecte Educatiu de Centre<\/a><\/span><\/strong><\/p>\n<p><strong><a href=\"https:\/\/drive.google.com\/file\/d\/1Fr4fcMdaMmVlPyu1N9_8B8Ee9R5s69Ii\/view?usp=sharing\"><span style=\"text-decoration: underline;\">Normes d&#8217;Organitzaci\u00f3 i Funcionament del centre<\/span><\/a><\/strong><\/p>\n<p style=\"text-align: left;\"><strong><span style=\"text-decoration: underline;\"><a href=\"https:\/\/agora.xtec.cat\/ceip-pauvila-hospitalet\/wp-content\/uploads\/usu991\/2021\/03\/carta-compromis.pdf\">Carta de comprom\u00eds educatiu Fam\u00edlia-Escola<\/a><\/span><\/strong><\/p>\n<p><strong><span style=\"text-decoration: underline;\"><a href=\"https:\/\/agora.xtec.cat\/ceip-pauvila-hospitalet\/wp-content\/uploads\/usu991\/2020\/02\/Pressupost-WEB-2020.pdf\">Pressupost Any 2020<\/a><\/span><\/strong><\/p>\n<p><strong><span style=\"text-decoration: underline;\"><a href=\"https:\/\/agora.xtec.cat\/ceip-pauvila-hospitalet\/wp-content\/uploads\/usu991\/2021\/11\/Projecte-lingu\u0308i\u0301stic.pdf\">Projecte lingu\u0308i\u0301stic<\/a><\/span><\/strong><\/p>\n<p><strong><span style=\"text-decoration: underline;\"><a href=\"https:\/\/sites.google.com\/xtec.cat\/escolapauvilalh\/inici\" target=\"_blank\" rel=\"noopener\">Estrat\u00e8gia digital de centre<\/a><\/span><\/strong><\/p>\n<p><span style=\"text-decoration: underline;\"><a href=\"https:\/\/agora.xtec.cat\/ceip-pauvila-hospitalet\/wp-content\/uploads\/usu991\/2024\/10\/PGA-24-25-ABREUJADA.pdf\" target=\"_blank\" rel=\"noopener\">Planificaci\u00f3 General Anual (abreujada) 24-25<\/a><\/span><\/p>\n<p>&nbsp;<\/p>\n<p>Els documents es troben a la direcci\u00f3 del centre a disposici\u00f3 de tot la Comunitat Educativa.<\/p>\n","protected":false},"excerpt":{"rendered":"<p>Qui som?<br \/>\nEscola que d\u00f3na resposta als problemes educatius de manera creativa treballant en xarxa amb \u00a0els recursos externs al centre i optimitzant els propis.<\/p>\n<p>Qu\u00e8 volem?<br \/>\nEscola de qualitat: Que acull i acompanya tots i cadascun dels seus alumnes en el seu desenvolupament educatiu de manera individualitzada&hellip;  <a href=\"https:\/\/agora.xtec.cat\/ceip-pauvila-hospitalet\/projecte-educatiu-2\/\" title=\"Read Documents de Centre\">Llegeix m\u00e9s\u00bb<\/a><\/p>\n","protected":false},"author":1,"featured_media":0,"parent":0,"menu_order":0,"comment_status":"closed","ping_status":"closed","template":"","meta":{"_bbp_topic_count":0,"_bbp_reply_count":0,"_bbp_total_topic_count":0,"_bbp_total_reply_count":0,"_bbp_voice_count":0,"_bbp_anonymous_reply_count":0,"_bbp_topic_count_hidden":0,"_bbp_reply_count_hidden":0,"_bbp_forum_subforum_count":0,"footnotes":""},"class_list":["post-73","page","type-page","status-publish","hentry"],"post_mailing_queue_ids":[],"_links":{"self":[{"href":"https:\/\/agora.xtec.cat\/ceip-pauvila-hospitalet\/wp-json\/wp\/v2\/pages\/73","targetHints":{"allow":["GET"]}}],"collection":[{"href":"https:\/\/agora.xtec.cat\/ceip-pauvila-hospitalet\/wp-json\/wp\/v2\/pages"}],"about":[{"href":"https:\/\/agora.xtec.cat\/ceip-pauvila-hospitalet\/wp-json\/wp\/v2\/types\/page"}],"author":[{"embeddable":true,"href":"https:\/\/agora.xtec.cat\/ceip-pauvila-hospitalet\/wp-json\/wp\/v2\/users\/1"}],"replies":[{"embeddable":true,"href":"https:\/\/agora.xtec.cat\/ceip-pauvila-hospitalet\/wp-json\/wp\/v2\/comments?post=73"}],"version-history":[{"count":6,"href":"https:\/\/agora.xtec.cat\/ceip-pauvila-hospitalet\/wp-json\/wp\/v2\/pages\/73\/revisions"}],"predecessor-version":[{"id":12945,"href":"https:\/\/agora.xtec.cat\/ceip-pauvila-hospitalet\/wp-json\/wp\/v2\/pages\/73\/revisions\/12945"}],"wp:attachment":[{"href":"https:\/\/agora.xtec.cat\/ceip-pauvila-hospitalet\/wp-json\/wp\/v2\/media?parent=73"}],"curies":[{"name":"wp","href":"https:\/\/api.w.org\/{rel}","templated":true}]}}