{"id":64,"date":"2014-09-18T12:39:08","date_gmt":"2014-09-18T11:39:08","guid":{"rendered":"http:\/\/agora.xtec.cat\/ceip-pauvila-hospitalet\/?page_id=64"},"modified":"2021-11-09T10:38:04","modified_gmt":"2021-11-09T09:38:04","slug":"projecte-educatiu","status":"publish","type":"page","link":"https:\/\/agora.xtec.cat\/ceip-pauvila-hospitalet\/lescola\/projecte-educatiu\/","title":{"rendered":"Projecte Educatiu de Centre (Resum)"},"content":{"rendered":"<h3>ESCOLA QUE APR\u00c8N<\/h3>\n<p>&nbsp;<\/p>\n<p style=\"text-align: center;\"><span style=\"text-decoration: underline;\"><strong>Quins objectius volem assolir?<\/strong><\/span><\/p>\n<p><b>1- Millorar els resultats acad\u00e8mics<\/b><\/p>\n<p><span style=\"font-weight: 400;\">\u00c9s per aix\u00f2 que hem centrat tot els nostres esfor\u00e7os en establir tres entorns inclusius d\u2019aprenentatge per a crear una diversitat d\u2019estrat\u00e8gies que afavoreixin l\u2019<\/span><b>aprenentatge significatiu<\/b><span style=\"font-weight: 400;\"> del nostre alumnat. Escoltar, parlar, llegir i escriure en catal\u00e0, castell\u00e0 i angl\u00e8s, aix\u00ed com en els llenguatges matem\u00e0tic, art\u00edstic musical, visual i pl\u00e0stic amb la finalitat de trobar solucions als problemes de la vida di\u00e0ria d\u2019autonomia personal, de conviv\u00e8ncia o de car\u00e0cter t\u00e8cnic o tecnol\u00f2gic.<\/span><\/p>\n<p><span style=\"font-weight: 400;\">Treball globalitzat per Ambients a Educaci\u00f3 Infantil, Cicle Inicial i Cicle Mitj\u00e0.<\/span><\/p>\n<p><span style=\"font-weight: 400;\">Treball globalitzat per Projectes: des de P3 fins a 6\u00e8 de Prim\u00e0ria<\/span><\/p>\n<p><span style=\"font-weight: 400;\">Tallers per a treballar habilitats: Taller d\u2019escoltar, llegir i parlar. Taller d\u2019escoltar, escriure i parlar .Taller de resoluci\u00f3 de problemes a tota la Prim\u00e0ria. Taller d\u2019orquestra de 2n a 6\u00e8 dins del T\u00c0NDEM amb l\u2019EMMCA de l\u2019Ajuntament de l\u2019Hospitalet de Llobregat.<\/span><\/p>\n<p><span style=\"font-weight: 400;\">Altres activitats tan significatives com les anteriors i que ens defineixen com a escola s\u00f3n: el projecte Tandem-Orquestra a l\u2019escola, activitats d\u2019aprenentatge i servei, la participaci\u00f3 en les accions de LH Escoles Sostenibles, entre d\u2019altres.<\/span><\/p>\n<p><span style=\"font-weight: 400;\">Tot aquest conjunt estrat\u00e8gies i projectes es defineixen per a aconseguir aquest primer objectiu i tamb\u00e9 tamb\u00e9 per a millorar el altres objectius de centre.<\/span><\/p>\n<p>&nbsp;<\/p>\n<p><b>2- Millorar la cohesi\u00f3 social<\/b><\/p>\n<p><b>Acollir d\u2019una manera equitativa<\/b><span style=\"font-weight: 400;\"> a totes les fam\u00edlies i a l\u2019alumnat, millorar la relaci\u00f3, la participaci\u00f3\u00a0 i la cooperaci\u00f3 de les fam\u00edlies en les diferents activitats proposades, <\/span><b>reduir l\u2019absentisme escolar<\/b><span style=\"font-weight: 400;\">, facilitar la participaci\u00f3 ciutadana en el seu entorn.<\/span><\/p>\n<p><span style=\"font-weight: 400;\">Els projectes dirigits a l\u2019assoliment d\u2019aquest objectiu s\u00f3n el de Socialitzaci\u00f3 i activitats Extraescolars amb l\u2019AMPA, aix\u00ed com la participaci\u00f3\u00a0 en els Plans d\u2019Entorn proposats per l\u2019administraci\u00f3 Educativa.<\/span><\/p>\n<p>&nbsp;<\/p>\n<p><b>3- Esdevenir una escola que apr\u00e8n<\/b><\/p>\n<p><span style=\"font-weight: 400;\">L\u2019objectiu final fa refer\u00e8ncia no nom\u00e9s a l\u2019alumnat sin\u00f3 a <\/span><b>tota la comunitat educativa<\/b><span style=\"font-weight: 400;\"> i, principalment, al professorat. Estem aprenent, innovant, coneixent noves maneres de treballar, i per aix\u00f2, \u00e9s un objectiu com\u00fa, entre nosaltres i amb altres <\/span><b>xarxes educatives<\/b><span style=\"font-weight: 400;\">, de manera individual i cooperativa. El nostre lema, i fita que ens defineix \u00e9s: Som una escola que apr\u00e8n.<\/span><\/p>\n<p><span style=\"font-weight: 400;\">La participaci\u00f3 en la Xarxa de Compet\u00e8ncies B\u00e0siques del Departament d\u2019Educaci\u00f3 des de fa 8 cursos ens ha perm\u00e8s millorar la formaci\u00f3 del professorat cada any.<\/span><\/p>\n<p>&nbsp;<\/p>\n<p><span style=\"text-decoration: underline;\"><strong>Qu\u00e8 \u00e9s l\u2019escola?<\/strong><\/span><\/p>\n<p><span style=\"font-weight: 400;\">L\u2019escola la conformem quatre col\u00b7lectius amb capacitat per aprendre: <\/span><b>Alumnat, Docents, Fam\u00edlies, Serveis<\/b><span style=\"font-weight: 400;\">.\u00a0<\/span><\/p>\n<p><span style=\"font-weight: 400;\">Planifiquem de manera estrat\u00e8gica i c\u00edclica a trav\u00e9s de la an\u00e0lisi DAFO de la realitat, del disseny de propostes de millora, de la seva implementaci\u00f3 sistem\u00e0tica i de l\u2019avaluaci\u00f3 amb indicadors del proc\u00e9s d\u2019aplicaci\u00f3 i dels resultats obtinguts.<\/span><\/p>\n<p><span style=\"text-decoration: underline;\"><strong>Qu\u00e8 significa aprendre?<\/strong><\/span><\/p>\n<p><span style=\"font-weight: 400;\">Entenem que nom\u00e9s hi ha veritable aprenentatge quan som capa\u00e7os d\u2019identificar, de recon\u00e8ixer i de rectificar els <\/span><b>Errors <\/b><span style=\"font-weight: 400;\">comesos.<\/span><\/p>\n<p><span style=\"text-decoration: underline;\"><strong>Qu\u00e8 aprenem?<\/strong><\/span><\/p>\n<p><span style=\"font-weight: 400;\">A l\u2019escola aprenem a millorar cinc <\/span><b>Habilitats<\/b><span style=\"font-weight: 400;\"> humanes b\u00e0siques: <\/span><b>Escoltar, Parlar, Llegir, Escriure i Resoldre problemes i conflictes.\u00a0<\/b><\/p>\n<p><span style=\"font-weight: 400;\">Ho fem en diferents <\/span><b>Llenguatges<\/b><span style=\"font-weight: 400;\">: Catal\u00e0, Castell\u00e0, Angl\u00e8s, Matem\u00e0tic, Visual, Pl\u00e0stic, Musical, Corporal.<\/span><\/p>\n<p><span style=\"font-weight: 400;\">I en diferents <\/span><b>\u00c0mbits<\/b><span style=\"font-weight: 400;\">: Natural, Social, Cultural, Tecnol\u00f2gic, Digital, Esportiu.<\/span><\/p>\n<p><span style=\"font-weight: 400;\">Tot aix\u00f2 ho estructurem tenint el curr\u00edculum oficial com a referent.<\/span><\/p>\n<p><span style=\"text-decoration: underline;\"><strong>Per a qu\u00e8 aprenem?<\/strong><\/span><\/p>\n<p><span style=\"font-weight: 400;\">Estem conven\u00e7uts de que l\u2019aut\u00e8ntica finalitat de l\u2019escola \u00e9s formar persones\u00a0 <\/span><b>Competents<\/b><span style=\"font-weight: 400;\"> en la <\/span><b>resoluci\u00f3 dels problemes<\/b><span style=\"font-weight: 400;\"> de les preguntes i dels reptes reals del dia a dia,\u00a0 aix\u00ed com en la <\/span><b>resoluci\u00f3 dels conflictes<\/b><span style=\"font-weight: 400;\"> que apareixen de manera natural en la conviv\u00e8ncia quotidiana.<\/span><\/p>\n<p><span style=\"text-decoration: underline;\"><strong>Com facilitem l\u2019aprenentatge?<\/strong><\/span><\/p>\n<p><span style=\"font-weight: 400;\">Promovem una metodologia centrada en el <\/span><b>Protagonisme de l\u2019alumnat <\/b><span style=\"font-weight: 400;\">com a \u00fanic actor efica\u00e7 en l\u2019assoliment dels seus aprenentatges i que defineix el paper del\/la docent\u00a0 com el seu guia o model de refer\u00e8ncia.<\/span><\/p>\n<p><span style=\"font-weight: 400;\">Facilitem la <\/span><b>Inclusi\u00f3<\/b><span style=\"font-weight: 400;\"> dels diferents ritmes d\u2019aprenentatge de cada individu amb la flexibilitzaci\u00f3 dels instruments d\u2019ensenyament: simples <\/span><b>Adaptacions<\/b><span style=\"font-weight: 400;\"> metodol\u00f2giques o de materials educatius i <\/span><b>Plans Individualitzats<\/b><span style=\"font-weight: 400;\"> que modifiquen els criteris d\u2019avaluaci\u00f3.<\/span><\/p>\n<p><span style=\"font-weight: 400;\">Activem la <\/span><b>Iniciativa <\/b><span style=\"font-weight: 400;\">i la <\/span><b>Creativitat<\/b><span style=\"font-weight: 400;\"> de l\u2019alumnat i del professorat com a mitj\u00e0 de la millora del proc\u00e9s d\u2019ensenyament i aprenentatge.<\/span><\/p>\n<p><span style=\"font-weight: 400;\">Oferim tres <\/span><b>Entorns Inclusius d\u2019Aprenentatge<\/b><span style=\"font-weight: 400;\"> a mode d\u2019escenaris vitals on desenvolupar les compet\u00e8ncies b\u00e0siques necess\u00e0ries per a resoldre els problemes, les preguntes, els reptes i els conflictes.<\/span><\/p>\n<p><span style=\"text-decoration: underline;\"><strong>Com sabem el que hem apr\u00e8s?<\/strong><\/span><\/p>\n<p><span style=\"font-weight: 400;\">Creiem que <\/span><b>l\u2019Avaluaci\u00f3<\/b><span style=\"font-weight: 400;\"> \u00e9s el <\/span><b>motor de l\u2019aprenentatge<\/b><span style=\"font-weight: 400;\">, que\u00a0 no es pot aprendre sense avaluar i que l\u2019alumnat \u00e9s el protagonista de l\u2019avaluaci\u00f3: la correcci\u00f3 nom\u00e9s pot fer-la qui s\u2019ha equivocat.<\/span><\/p>\n<p><span style=\"font-weight: 400;\">Sabem que els bons aprenents s\u00f3n molt aut\u00f2noms i s\u00f3n capa\u00e7os de decidir qu\u00e8 han de fer per millorar.<\/span><\/p>\n<p><span style=\"font-weight: 400;\">Al final, <\/span><b>la nota nom\u00e9s \u00e9s la certificaci\u00f3<\/b><span style=\"font-weight: 400;\"> del que hem apr\u00e8s, per tant els nens i les nenes tamb\u00e9 poden qualificar-se.<\/span><\/p>\n<p><span style=\"font-weight: 400;\">Utilitzem\u00a0 <\/span><b>Instruments d\u2019avaluaci\u00f3 competencial<\/b><span style=\"font-weight: 400;\"> per garantir que els aprenentatges siguin transferibles, significatius, permanents i que permetin resoldre els problemes, les preguntes i els conflictes proposats, al mateix temps que l\u2019adquisici\u00f3 de nous aprenentatges.<\/span><\/p>\n<p><b>Compartim els objectius i els criteris d\u2019avaluaci\u00f3<\/b><span style=\"font-weight: 400;\"> entre el professorat, l\u2019alumnat i les fam\u00edlies per tenir clar al m\u00e0xim possible els nivells d\u2019exig\u00e8ncia de cadasc\u00fa.<\/span><\/p>\n<p><b>Donem bases d\u2019orientaci\u00f3 <\/b><span style=\"font-weight: 400;\">dels processos, dels mecanismes, dels procediments a realitzar en el moment de resoldre cada dificultat de l\u2019aprenentatge.<\/span><\/p>\n<p><b>Consensuem r\u00fabriques <\/b><span style=\"font-weight: 400;\">per saber en tot moment amb quin grau de qualitat estem donant resposta a les preguntes, problemes i reptes.<\/span><\/p>\n<p><b>Afavorim l\u2019autoavaluaci\u00f3 i la coavaluaci\u00f3<\/b><span style=\"font-weight: 400;\"> per millorar l\u2019autonomia dels aprenentatges.<\/span><\/p>\n<p><b>Elaborem carpetes d\u2019aprenentatge <\/b><span style=\"font-weight: 400;\">al llarg del proc\u00e9s per donar significat, fixar i assimilar tot all\u00f2 rellevant per a l\u2019aprenent.\u00a0\u00a0<\/span><\/p>\n<p><span style=\"text-decoration: underline;\"><strong>On i amb qu\u00e8 aprenem?<\/strong><\/span><\/p>\n<p><span style=\"font-weight: 400;\">Les activitats d\u2019aprenentatge que proposem tenen unes <\/span><b>franges hor\u00e0ries amples<\/b><span style=\"font-weight: 400;\"> en les que l\u2019enfocament del <\/span><b>treball \u00e9s globalitzat<\/b><span style=\"font-weight: 400;\"> i on el <\/span><b>suport a la diversitat<\/b><span style=\"font-weight: 400;\"> es realitza <\/span><b>dins de l\u2019aula ordin\u00e0ria<\/b><span style=\"font-weight: 400;\">. Els <\/span><b>agrupaments s\u00f3n heterogenis<\/b><span style=\"font-weight: 400;\"> i promouen el <\/span><b>treball cooperatiu<\/b><span style=\"font-weight: 400;\"> de l\u2019alumnat. Tamb\u00e9 inclouen la <\/span><b>participaci\u00f3 activa de les fam\u00edlies<\/b><span style=\"font-weight: 400;\"> en certs moments.<\/span><\/p>\n<p><span style=\"font-weight: 400;\">Entenem que la <\/span><b>Programaci\u00f3<\/b><span style=\"font-weight: 400;\"> de les seq\u00fc\u00e8ncies did\u00e0ctiques es pot decidir i fixar <\/span><b>abans, durant o despr\u00e9s<\/b><span style=\"font-weight: 400;\"> del proc\u00e9s d\u2019ensenyament i aprenentatge per garantir l\u2019equilibri entre l\u2019adequaci\u00f3 als interessos i motivacions de l\u2019alumnat i els requisits del curr\u00edculum.\u00a0<\/span><\/p>\n<p><span style=\"font-weight: 400;\">Hem constatat que per afavorir els bons aprenentatges hem d\u2019oferir <\/span><b>activitats, materials i recursos molt diversos<\/b><span style=\"font-weight: 400;\">, fugint de la uniformitat i dels exercicis sense cap finalitat m\u00e9s enll\u00e0 que en s\u00ed mateix.<\/span><\/p>\n<p><span style=\"font-weight: 400;\">Apostem per la <\/span><b>Formaci\u00f3 continuada del professorat<\/b><span style=\"font-weight: 400;\"> com a garantia del grau d\u2019innovaci\u00f3 necessari per a donar resposta a la canviant realitat del m\u00f3n actual i de l\u2019entorn concret de l\u2019escola.<\/span><\/p>\n<p><span style=\"text-decoration: underline;\"><strong>Qu\u00e8 ha apr\u00e8s l\u2019escola?<\/strong><\/span><\/p>\n<p><span style=\"font-weight: 400;\">Creiem que la <\/span><b>Documentaci\u00f3 pedag\u00f2gica<\/b><span style=\"font-weight: 400;\"> del centre ha estat el resultat dels acords presos a les reunions dels diferents equips docents al llarg dels cursos. <\/span><b>Per tant, l\u2019escola\u00a0 ha apr\u00e8s que els projectes, plans, activitats, etc. que vertebren la seva l\u2019activitat conformen una veritable carpeta d\u2019aprenentatge hist\u00f2rica i com a tal ens obliga al seu coneixement i compliment per part de tot el professorat.<\/b><\/p>\n<ul>\n<li style=\"font-weight: 400;\" aria-level=\"1\"><b>Entorn inclusiu d\u2019aprenentatge per Ambients.<\/b><span style=\"font-weight: 400;\">\u00a0 L\u2019alumnat decideix quina de les propostes que cada docent li ofereix vol fer, en grup redu\u00eft i heterogeni, amb un material de qualitat, seleccionat i organitzat pel docent, amb l\u2019objectiu de manipular-lo, d\u2019investigar i d\u2019augmentar les seves viv\u00e8ncies i les seves descobertes. Com a conseq\u00fc\u00e8ncia sorgeix la necessitat de comunicar aquestes experi\u00e8ncies als altres.<\/span><\/li>\n<li style=\"font-weight: 400;\" aria-level=\"1\"><b>Entorn inclusiu d\u2019aprenentatge per Projectes<\/b><span style=\"font-weight: 400;\">. L\u2019alumnat s\u2019enfronta a un problema o a una pregunta que l\u2019interessa i amb el grup classe s\u2019organitza en petits equips cooperatius d\u2019investigadors que troben la soluci\u00f3 o la resposta amb la guia de dos docents. Un cop trobada la transmeten a d\u2019altres persones per diversos mitjans.<\/span><\/li>\n<li style=\"font-weight: 400;\" aria-level=\"1\"><b>Entorn inclusiu d\u2019aprenentatge per Tallers<\/b><span style=\"font-weight: 400;\">. L\u2019alumnat ha d\u2019adquirir habilitats concretes necess\u00e0ries per poder resoldre petits reptes de caire ling\u00fc\u00edstic (lectura i escriptura), matem\u00e0tic (situacions problema) i musical (<\/span><b>T\u00c0NDEM Orquestra a l\u2019escola)<\/b><span style=\"font-weight: 400;\"> amb el suport del modelatge dels docents.<\/span><\/li>\n<li style=\"font-weight: 400;\" aria-level=\"1\"><b>Aprenentatge i servei<\/b><span style=\"font-weight: 400;\">. L\u2019alumnat es prepara a consci\u00e8ncia per a oferir serveis a d\u2019altres persones (Aprendre a jugar en pau, Padrins cient\u00edfics, Consell de Nois i Noies, Padrins de lectura, Ambaixadors de la M\u00fasica, Green Team).<\/span><\/li>\n<li style=\"font-weight: 400;\" aria-level=\"1\"><b>Projecte de Socialitzaci\u00f3 de materials i sortides educatives<\/b><span style=\"font-weight: 400;\">.<\/span><\/li>\n<\/ul>\n<p><span style=\"font-weight: 400;\">La col\u00b7laboraci\u00f3 de l\u2019AMPA de l\u2019escola permet garantir tots els recursos materials dins i fora del centre independentment de la data d\u2019incorporaci\u00f3 al centre de l\u2019alumnat oferint moltes facilitats per a la gesti\u00f3 econ\u00f2mica.\u00a0<\/span><\/p>\n<ul>\n<li aria-level=\"1\"><b>Dinamitzaci\u00f3 de l\u2019AMPA<\/b><\/li>\n<\/ul>\n<p><span style=\"font-weight: 400;\">La col\u00b7laboraci\u00f3 amb l\u2019AMPA permet mantenir aquesta figura que possibilita la programaci\u00f3 d\u2019activitats extraescolars per a l\u2019alumnat del centre aix\u00ed com la participaci\u00f3 de les fam\u00edlies en programes de formaci\u00f3 de pares. Tamb\u00e9 serveix de mediador entre les fam\u00edlies i l\u2019escola.<\/span><\/p>\n<ul>\n<li style=\"font-weight: 400;\" aria-level=\"1\"><b>Pla de conviv\u00e8ncia. <\/b><span style=\"font-weight: 400;\">Normes i protocols de prevenci\u00f3, de mediaci\u00f3 i de sanci\u00f3 encaminat a la gesti\u00f3 assertiva dels conflictes.<\/span><\/li>\n<li style=\"font-weight: 400;\" aria-level=\"1\"><b>Pla TAC i MAV.\u00a0<\/b><\/li>\n<\/ul>\n<p><span style=\"font-weight: 400;\">Protocols d\u2019utilitzaci\u00f3 dels mitjans tecnol\u00f2gics i digitals.<\/span><\/p>\n<ul>\n<li style=\"list-style-type: none;\">\n<ul>\n<li style=\"font-weight: 400;\" aria-level=\"1\"><b>Pla de Formaci\u00f3 del Centre: <\/b><span style=\"font-weight: 400;\">Xarxa de Compet\u00e8ncies B\u00e0siques i Formaci\u00f3 Interna de Centre relacionada amb els Entorns Inclusius d\u2019Aprenentatge<\/span><\/li>\n<li style=\"font-weight: 400;\" aria-level=\"1\"><b>Pla d\u2019avaluaci\u00f3. <\/b><span style=\"font-weight: 400;\">Interna i Externa. Instruments d\u2019avaluaci\u00f3. Formativa i Formadora. Sessions d\u2019avaluaci\u00f3. Nivells de documentaci\u00f3: de comunicaci\u00f3 oficial, de comunicaci\u00f3 entre docents, de comunicaci\u00f3 a l\u2019alumnat i a les fam\u00edlies.\u00a0<\/span><\/li>\n<\/ul>\n<\/li>\n<\/ul>\n<ul>\n<li aria-level=\"1\"><b>Pla Integral de la Florida Les Planes<\/b><\/li>\n<\/ul>\n<p><span style=\"font-weight: 400;\">Creaci\u00f3 de l\u2019Orquestra del Meu Barri<\/span><\/p>\n<ul>\n<li aria-level=\"1\"><b>Pla educatiu d\u2019entorn La Florida<\/b><\/li>\n<\/ul>\n<p><span style=\"font-weight: 400;\">D\u00f3na suport al treball en xarxa amb les entitats de l\u2019entorn amb actuacions concretes:<\/span><\/p>\n<ul>\n<li style=\"font-weight: 400;\" aria-level=\"2\"><span style=\"font-weight: 400;\">TANDEM d\u2019Orquestra a l\u2019Escola (EMMCA)<\/span><\/li>\n<li style=\"font-weight: 400;\" aria-level=\"2\"><span style=\"font-weight: 400;\">Comissi\u00f3 socioeducativa (Serveis Socials)<\/span><\/li>\n<li style=\"font-weight: 400;\" aria-level=\"2\"><span style=\"font-weight: 400;\">Tallers d\u2019Estudi Assistit (Esplai La Florida)<\/span><\/li>\n<\/ul>\n<ul>\n<li aria-level=\"1\"><b>Pla d\u2019Innovaci\u00f3 educativa Pla d\u2019Entorn 0-20<\/b><\/li>\n<\/ul>\n<p><span style=\"font-weight: 400;\">Incorporaci\u00f3 de una TIS compartida amb l\u2019escola Pau Casals<\/span><\/p>\n<p><span style=\"font-weight: 400;\">Tallers diversificats en horari extraescolar dirigit a l\u2019alumnat vulnerable.<\/span><\/p>\n<ul>\n<li aria-level=\"1\"><b>Projecte d\u2019activitats extraescolars<\/b><\/li>\n<\/ul>\n<p><span style=\"font-weight: 400;\">Permet complementar la formaci\u00f3 integral de l\u2019alumnat incorporant activitats de caire esportiu, cultural i acad\u00e8mic coordinat per l\u2019AMPA amb la participaci\u00f3 de diverses entitats: Consell Esportiu de L\u2019Hospitalet, Departament d\u2019Educaci\u00f3, Ajuntament de l\u2019Hospitalet<\/span><\/p>\n<ul>\n<li aria-level=\"1\"><b>Programa LACM<\/b><\/li>\n<\/ul>\n<p><span style=\"font-weight: 400;\">Activitat extraescolar de Llengua \u00e0rab i cultura marroquines sufragat pel Departament d\u2019Educaci\u00f3<\/span><\/p>\n<ul>\n<li aria-level=\"1\"><b>Escoles Sostenibles de l\u2019Hospitalet de Llobregat.<\/b><\/li>\n<\/ul>\n<p><span style=\"font-weight: 400;\">Planificaci\u00f3 anual de totes les accions dirigides a la conscienciaci\u00f3 mediambiental.\u00a0<\/span><\/p>\n<p>&nbsp;<\/p>\n<p><span style=\"font-weight: 400;\">L\u2019Hospitalet de Llobregat, 15 de gener de 2019<\/span><\/p>\n<p>&nbsp;<\/p>\n","protected":false},"excerpt":{"rendered":"<p>ESCOLA QUE APR\u00c8N<br \/>\n&nbsp;<br \/>\nQuins objectius volem assolir?<br \/>\n1- Millorar els resultats acad\u00e8mics<br \/>\n\u00c9s per aix\u00f2 que hem centrat tot els nostres esfor\u00e7os en establir tres entorns inclusius d\u2019aprenentatge per a crear una diversitat d\u2019estrat\u00e8gies que afavoreixin l\u2019aprenentatge significatiu del nostre alumnat. Escoltar, parlar, llegir i escriure en catal\u00e0,&hellip;  <a href=\"https:\/\/agora.xtec.cat\/ceip-pauvila-hospitalet\/lescola\/projecte-educatiu\/\" title=\"Read Projecte Educatiu de Centre (Resum)\">Llegeix m\u00e9s\u00bb<\/a><\/p>\n","protected":false},"author":1,"featured_media":0,"parent":22,"menu_order":17,"comment_status":"closed","ping_status":"closed","template":"page-templates\/side-menu.php","meta":{"_bbp_topic_count":0,"_bbp_reply_count":0,"_bbp_total_topic_count":0,"_bbp_total_reply_count":0,"_bbp_voice_count":0,"_bbp_anonymous_reply_count":0,"_bbp_topic_count_hidden":0,"_bbp_reply_count_hidden":0,"_bbp_forum_subforum_count":0,"footnotes":""},"class_list":["post-64","page","type-page","status-publish","hentry"],"post_mailing_queue_ids":[],"_links":{"self":[{"href":"https:\/\/agora.xtec.cat\/ceip-pauvila-hospitalet\/wp-json\/wp\/v2\/pages\/64","targetHints":{"allow":["GET"]}}],"collection":[{"href":"https:\/\/agora.xtec.cat\/ceip-pauvila-hospitalet\/wp-json\/wp\/v2\/pages"}],"about":[{"href":"https:\/\/agora.xtec.cat\/ceip-pauvila-hospitalet\/wp-json\/wp\/v2\/types\/page"}],"author":[{"embeddable":true,"href":"https:\/\/agora.xtec.cat\/ceip-pauvila-hospitalet\/wp-json\/wp\/v2\/users\/1"}],"replies":[{"embeddable":true,"href":"https:\/\/agora.xtec.cat\/ceip-pauvila-hospitalet\/wp-json\/wp\/v2\/comments?post=64"}],"version-history":[{"count":4,"href":"https:\/\/agora.xtec.cat\/ceip-pauvila-hospitalet\/wp-json\/wp\/v2\/pages\/64\/revisions"}],"predecessor-version":[{"id":10673,"href":"https:\/\/agora.xtec.cat\/ceip-pauvila-hospitalet\/wp-json\/wp\/v2\/pages\/64\/revisions\/10673"}],"up":[{"embeddable":true,"href":"https:\/\/agora.xtec.cat\/ceip-pauvila-hospitalet\/wp-json\/wp\/v2\/pages\/22"}],"wp:attachment":[{"href":"https:\/\/agora.xtec.cat\/ceip-pauvila-hospitalet\/wp-json\/wp\/v2\/media?parent=64"}],"curies":[{"name":"wp","href":"https:\/\/api.w.org\/{rel}","templated":true}]}}