{"id":635,"date":"2018-02-11T12:11:58","date_gmt":"2018-02-11T11:11:58","guid":{"rendered":"http:\/\/agora.xtec.cat\/ceip-pauvila-hospitalet\/?page_id=635"},"modified":"2026-04-27T13:12:32","modified_gmt":"2026-04-27T11:12:32","slug":"menjador","status":"publish","type":"page","link":"https:\/\/agora.xtec.cat\/ceip-pauvila-hospitalet\/menjador\/","title":{"rendered":"Menjador"},"content":{"rendered":"<p><a href=\"https:\/\/agora.xtec.cat\/ceip-pauvila-hospitalet\/wp-content\/uploads\/usu991\/2021\/09\/Projecte-menjador-21-22.pdf\" target=\"_blank\" rel=\"noopener\">Projecte menjador 25-26<\/a><\/p>\n<p><a href=\"https:\/\/agora.xtec.cat\/ceip-pauvila-hospitalet\/wp-content\/uploads\/usu991\/2023\/06\/Recomanacions-agencia-salut-publica.pdf\" target=\"_blank\" rel=\"noopener\">Recomanacions sobre els men\u00fas a l&#8217;escola de l&#8217;ag\u00e8ncia salut p\u00fablica<\/a><\/p>\n<p><span style=\"font-weight: 400;\">El servei de Menjador <\/span><b>Comen\u00e7a el 8 de setembre i acaba el 19 de juny.<\/b><\/p>\n<h4><strong style=\"font-size: 1.4375em;\">Men\u00fa abril<\/strong><\/h4>\n<table style=\"border-collapse: collapse; width: 18.9189%; height: 185px;\">\n<tbody>\n<tr>\n<td style=\"width: 54.0318%;\"><a href=\"https:\/\/agora.xtec.cat\/ceip-pauvila-hospitalet\/wp-content\/uploads\/usu991\/2026\/03\/Pau-Vila-Abril-26.pdf\" target=\"_blank\" rel=\"noopener\">GENERAL<\/a><\/td>\n<td style=\"width: 7.14286%;\"><\/td>\n<\/tr>\n<tr>\n<td style=\"width: 54.0318%;\"><a href=\"https:\/\/agora.xtec.cat\/ceip-pauvila-hospitalet\/wp-content\/uploads\/usu991\/2026\/03\/Pau-Vila-sense-gluten-Abril-26.pdf\" target=\"_blank\" rel=\"noopener\">SENSE GLUTEN<\/a><\/td>\n<td style=\"width: 7.14286%;\"><\/td>\n<\/tr>\n<tr>\n<td style=\"width: 54.0318%;\"><a href=\"https:\/\/agora.xtec.cat\/ceip-pauvila-hospitalet\/wp-content\/uploads\/usu991\/2026\/03\/Pau-Vila-no-ou-Abril-26.pdf\" target=\"_blank\" rel=\"noopener\">SENSE OU<\/a><\/td>\n<td style=\"width: 7.14286%;\"><\/td>\n<\/tr>\n<tr>\n<td style=\"width: 54.0318%;\"><a href=\"https:\/\/agora.xtec.cat\/ceip-pauvila-hospitalet\/wp-content\/uploads\/usu991\/2026\/03\/Pau-Vila-no-peix-Abril-26.pdf\" target=\"_blank\" rel=\"noopener\">SENSE PEIX<\/a><\/td>\n<td style=\"width: 7.14286%;\"><\/td>\n<\/tr>\n<tr>\n<td style=\"width: 54.0318%;\"><a href=\"https:\/\/agora.xtec.cat\/ceip-pauvila-hospitalet\/wp-content\/uploads\/usu991\/2026\/03\/Pau-Vila-halal-Abril-26.pdf\" target=\"_blank\" rel=\"noopener\">HALAL<\/a><\/td>\n<td style=\"width: 7.14286%;\"><\/td>\n<\/tr>\n<tr>\n<td style=\"width: 54.0318%;\"><\/td>\n<td style=\"width: 7.14286%;\"><\/td>\n<\/tr>\n<\/tbody>\n<\/table>\n<h4><strong style=\"font-size: 1.4375em;\">Men\u00fa maig<\/strong><\/h4>\n<table style=\"border-collapse: collapse; width: 18.9189%; height: 185px;\">\n<tbody>\n<tr>\n<td style=\"width: 54.0318%;\"><a href=\"https:\/\/agora.xtec.cat\/ceip-pauvila-hospitalet\/wp-content\/uploads\/usu991\/2026\/04\/Pau-Vila-maig-26.pdf\" target=\"_blank\" rel=\"noopener\">GENERAL<\/a><\/td>\n<td style=\"width: 7.14286%;\"><\/td>\n<\/tr>\n<tr>\n<td style=\"width: 54.0318%;\"><a href=\"https:\/\/agora.xtec.cat\/ceip-pauvila-hospitalet\/wp-content\/uploads\/usu991\/2026\/04\/Pau-Vila-no-gluten-maig-26.pdf\" target=\"_blank\" rel=\"noopener\">SENSE GLUTEN<\/a><\/td>\n<td style=\"width: 7.14286%;\"><\/td>\n<\/tr>\n<tr>\n<td style=\"width: 54.0318%;\"><a href=\"https:\/\/agora.xtec.cat\/ceip-pauvila-hospitalet\/wp-content\/uploads\/usu991\/2026\/04\/Pau-Vila-no-ou-maig-26.pdf\" target=\"_blank\" rel=\"noopener\">SENSE OU<\/a><\/td>\n<td style=\"width: 7.14286%;\"><\/td>\n<\/tr>\n<tr>\n<td style=\"width: 54.0318%;\"><a href=\"https:\/\/agora.xtec.cat\/ceip-pauvila-hospitalet\/wp-content\/uploads\/usu991\/2026\/04\/Pau-Vila-no-peix-maig-26.pdf\" target=\"_blank\" rel=\"noopener\">SENSE PEIX<\/a><\/td>\n<td style=\"width: 7.14286%;\"><\/td>\n<\/tr>\n<tr>\n<td style=\"width: 54.0318%;\"><a href=\"https:\/\/agora.xtec.cat\/ceip-pauvila-hospitalet\/wp-content\/uploads\/usu991\/2026\/04\/Pau-Vila-halal-maig-26.pdf\" target=\"_blank\" rel=\"noopener\">HALAL<\/a><\/td>\n<td style=\"width: 7.14286%;\"><\/td>\n<\/tr>\n<tr>\n<td style=\"width: 54.0318%;\"><\/td>\n<td style=\"width: 7.14286%;\"><\/td>\n<\/tr>\n<\/tbody>\n<\/table>\n<h4><\/h4>\n<p>Informaci\u00f3 sobre els aliments m\u00e9s destacats i\/o desconeguts per l&#8217;alumnat que conformen el men\u00fa:<\/p>\n<p><a href=\"https:\/\/agora.xtec.cat\/ceip-pauvila-hospitalet\/wp-content\/uploads\/usu991\/2021\/04\/Les-faves-.pdf\">Les faves<\/a><\/p>\n<div><\/div>\n<h4><strong>COMISSI\u00d3 DE MENJADOR:<\/strong><\/h4>\n<p>Per tal de tenir la informaci\u00f3 correcta i de primera m\u00e0 en tot el que fa refer\u00e8ncia al servei de menjador podeu contactar amb el correu de la comissi\u00f3 de menjador: <a href=\"mailto:comismenjadorpauvilahsopitalet@gmail.com\">comismenjadorpauvilahospitalet@gmail.com<\/a><\/p>\n<p>Tamb\u00e9 podeu consultar les actes de les reunions de la comissi\u00f3 de menjador en els seg\u00fcents enlla\u00e7os:<\/p>\n<p>(PENDENT DE REALITZAR LES NOVES REUNIONS)<\/p>\n<p><a href=\"https:\/\/agora.xtec.cat\/ceip-pauvila-hospitalet\/wp-content\/uploads\/usu991\/2022\/03\/image1-5.png\"><img loading=\"lazy\" decoding=\"async\" class=\"alignleft size-medium wp-image-11888\" src=\"https:\/\/agora.xtec.cat\/ceip-pauvila-hospitalet\/wp-content\/uploads\/usu991\/2022\/03\/image1-5-300x70.png\" alt=\"\" width=\"300\" height=\"70\" srcset=\"https:\/\/agora.xtec.cat\/ceip-pauvila-hospitalet\/wp-content\/uploads\/usu991\/2022\/03\/image1-5-300x70.png 300w, https:\/\/agora.xtec.cat\/ceip-pauvila-hospitalet\/wp-content\/uploads\/usu991\/2022\/03\/image1-5.png 739w\" sizes=\"auto, (max-width: 300px) 100vw, 300px\" \/><\/a><\/p>\n<p>&nbsp;<\/p>\n<p>&nbsp;<\/p>\n<p><span style=\"font-weight: 400;\">El servei de menjador l\u2019organitza l\u2019empresa<\/span><a href=\"http:\/\/sereduca.com\"> <span style=\"font-weight: 400;\">9Natural Cuina<\/span><\/a> <span style=\"font-weight: 400;\">que elabora el dinar a la cuina de l\u2019escola i disposa d\u2019un equip de monitors i monitores per atendre els vostres fills i filles.<\/span><\/p>\n<p><span style=\"font-weight: 400;\">El menjar d\u2019aquest servei de menjador \u00e9s <\/span><b>ecol\u00f2gic i de proximitat.<\/b><span style=\"font-weight: 400;\">.<\/span><\/p>\n<p><span style=\"font-weight: 400;\">El Projecte del servei de menjador est\u00e0 coordinat amb el Projecte de Centre i es fonamenta en els mateixos principis educatius i saludables.<\/span><\/p>\n<p><span style=\"font-weight: 400;\">L&#8217;alumnat<\/span><b> de P3<\/b><span style=\"font-weight: 400;\"> fa <\/span><b>migdiada <\/b><span style=\"font-weight: 400;\">despr\u00e9s de dinar.<\/span><\/p>\n<div>\n<div dir=\"ltr\" align=\"left\"><\/div>\n<\/div>\n<p><b>Condicions Generals\u00a0\u00a0<\/b><\/p>\n<p>L&#8217;escola ofereix la possibilitat d&#8217;utilitzar aquest servei de manera fixa o espor\u00e0dica.<\/p>\n<p>En ambd\u00f3s casos \u00e9s obligatori omplir el full d&#8217;inscripci\u00f3.<\/p>\n<p>En el full d&#8217;inscripci\u00f3 podreu triar quin tipus de men\u00fa necessiteu per als vostres fills i filles:<\/p>\n<ul>\n<li>Men\u00fa sense carn.<\/li>\n<li>Men\u00fa sense porc.<\/li>\n<li>Men\u00fa sense vedella.<\/li>\n<li>Men\u00fa Halal.<\/li>\n<li>Men\u00fa amb carn.<\/li>\n<\/ul>\n<p><strong>El pagament del servei<\/strong> es realitzar\u00e0 al despatx de l&#8217;AMPA de l&#8217;escola <strong>entre el primer dia lectiu de cada mes del curs escolar i el dia 10 del mateix mes.<\/strong><\/p>\n<p>L&#8217;import a cobrar \u00e9s una quota fixa mensual que resulta de repartir el preu total dels dies de classe del curs entre els 10 mesos reals de classe de setembre a juny. Per exemple: 6,91 \u20ac al dia x 180 dies de tot el curs\u00a0 i despr\u00e8s dividir-lo entre 10 mesos.<\/p>\n<p>En el cas de voler <strong>avisar d&#8217;un canvi<\/strong> s&#8217;ha de fer abans de les 9:30 h del mat\u00ed de la incid\u00e8ncia al m\u00f2bil de la coordinadora del servei de menjador: <strong>605846097<\/strong><\/p>\n<p>En el cas d&#8217;<strong>avisar de necessitat del servei espor\u00e0dic<\/strong> el mateix dia s&#8217;ha de fer abans de les 9:30 h del mat\u00ed de la incid\u00e8ncia al m\u00f2bil de la coordinadora del servei de menjador: <strong>605846097<\/strong><\/p>\n<p>En el cas que l&#8217;alumnat\u00a0 necessiti un r\u00e8gim especial per trastorn digestiu lleu s&#8217;ha d&#8217;avisar\u00a0 abans de les 9:30 h del mat\u00ed de la incid\u00e8ncia al m\u00f2bil de la coordinadora del servei de menjador: <strong>605846097<\/strong>. El r\u00e8gim se servir\u00e0 durant dos dies consecutius i estar\u00e0 format per arr\u00f2s o patata o pasta bullida de primer plat i un segon plat de carn o peix a la planxa.<\/p>\n","protected":false},"excerpt":{"rendered":"<p><a href=\"https:\/\/agora.xtec.cat\/ceip-pauvila-hospitalet\/wp-content\/uploads\/usu991\/2021\/09\/Projecte-menjador-21-22.pdf\" target=\"_blank\" rel=\"noopener\">Projecte menjador 25-26<\/a><br \/>\n<a href=\"https:\/\/agora.xtec.cat\/ceip-pauvila-hospitalet\/wp-content\/uploads\/usu991\/2023\/06\/Recomanacions-agencia-salut-publica.pdf\" target=\"_blank\" rel=\"noopener\">Recomanacions sobre els men\u00fas a l&#8217;escola de l&#8217;ag\u00e8ncia salut p\u00fablica<\/a><br \/>\nEl servei de Menjador Comen\u00e7a el 8 de setembre i acaba el 19 de juny.<br \/>\nMen\u00fa abril<\/p>\n<p><a href=\"https:\/\/agora.xtec.cat\/ceip-pauvila-hospitalet\/wp-content\/uploads\/usu991\/2026\/03\/Pau-Vila-Abril-26.pdf\" target=\"_blank\" rel=\"noopener\">GENERAL<\/a><\/p>\n<p><a href=\"https:\/\/agora.xtec.cat\/ceip-pauvila-hospitalet\/wp-content\/uploads\/usu991\/2026\/03\/Pau-Vila-sense-gluten-Abril-26.pdf\" target=\"_blank\" rel=\"noopener\">SENSE GLUTEN<\/a><\/p>\n<p><a href=\"https:\/\/agora.xtec.cat\/ceip-pauvila-hospitalet\/wp-content\/uploads\/usu991\/2026\/03\/Pau-Vila-no-ou-Abril-26.pdf\" target=\"_blank\" rel=\"noopener\">SENSE OU<\/a><\/p>\n<p><a href=\"https:\/\/agora.xtec.cat\/ceip-pauvila-hospitalet\/wp-content\/uploads\/usu991\/2026\/03\/Pau-Vila-no-peix-Abril-26.pdf\"&hellip;  <a href=\"https:\/\/agora.xtec.cat\/ceip-pauvila-hospitalet\/menjador\/\" title=\"Read Menjador\">Llegeix m\u00e9s\u00bb<\/a><\/p>\n","protected":false},"author":1,"featured_media":0,"parent":0,"menu_order":5,"comment_status":"closed","ping_status":"closed","template":"","meta":{"_bbp_topic_count":0,"_bbp_reply_count":0,"_bbp_total_topic_count":0,"_bbp_total_reply_count":0,"_bbp_voice_count":0,"_bbp_anonymous_reply_count":0,"_bbp_topic_count_hidden":0,"_bbp_reply_count_hidden":0,"_bbp_forum_subforum_count":0,"footnotes":""},"class_list":["post-635","page","type-page","status-publish","hentry"],"post_mailing_queue_ids":[],"_links":{"self":[{"href":"https:\/\/agora.xtec.cat\/ceip-pauvila-hospitalet\/wp-json\/wp\/v2\/pages\/635","targetHints":{"allow":["GET"]}}],"collection":[{"href":"https:\/\/agora.xtec.cat\/ceip-pauvila-hospitalet\/wp-json\/wp\/v2\/pages"}],"about":[{"href":"https:\/\/agora.xtec.cat\/ceip-pauvila-hospitalet\/wp-json\/wp\/v2\/types\/page"}],"author":[{"embeddable":true,"href":"https:\/\/agora.xtec.cat\/ceip-pauvila-hospitalet\/wp-json\/wp\/v2\/users\/1"}],"replies":[{"embeddable":true,"href":"https:\/\/agora.xtec.cat\/ceip-pauvila-hospitalet\/wp-json\/wp\/v2\/comments?post=635"}],"version-history":[{"count":7,"href":"https:\/\/agora.xtec.cat\/ceip-pauvila-hospitalet\/wp-json\/wp\/v2\/pages\/635\/revisions"}],"predecessor-version":[{"id":13132,"href":"https:\/\/agora.xtec.cat\/ceip-pauvila-hospitalet\/wp-json\/wp\/v2\/pages\/635\/revisions\/13132"}],"wp:attachment":[{"href":"https:\/\/agora.xtec.cat\/ceip-pauvila-hospitalet\/wp-json\/wp\/v2\/media?parent=635"}],"curies":[{"name":"wp","href":"https:\/\/api.w.org\/{rel}","templated":true}]}}