{"id":626,"date":"2021-01-11T12:10:12","date_gmt":"2021-01-11T11:10:12","guid":{"rendered":"http:\/\/agora.xtec.cat\/ceip-pauvila-hospitalet\/?page_id=626"},"modified":"2025-06-27T11:22:09","modified_gmt":"2025-06-27T09:22:09","slug":"extraescolars","status":"publish","type":"page","link":"https:\/\/agora.xtec.cat\/ceip-pauvila-hospitalet\/lescola\/extraescolars\/","title":{"rendered":"Extraescolars"},"content":{"rendered":"<table class=\" aligncenter\" style=\"border-color: #000000; background-color: #2adbdb;\">\n<tbody>\n<tr>\n<td>\n<h2><strong style=\"font-family: inherit; font-size: 1em;\">L&#8217;oferta de les activitats extraescolars varia cada curs escolar. Cal consultar la proposta concreta a l&#8217;AMPA del centre<\/strong><\/h2>\n<\/td>\n<\/tr>\n<\/tbody>\n<\/table>\n<p>&nbsp;<\/p>\n<p><strong><u>La inscripci\u00f3 es realitzar\u00e0 de manera volunt\u00e0ria per part de les fam\u00edlies i s\u2019admeten les sol\u00b7licituds per rigor\u00f3s ordre de recepci\u00f3<\/u><\/strong> a excepci\u00f3 de les activitats organitzades pel Pla Educatiu d\u2019Entorn\u00a0 en que els alumnes s\u00f3n seleccionats seguint els criteris establerts en el seu projecte.<\/p>\n<p>La comissi\u00f3 de serveis (menjador, activitats extraescolars i socialitzaci\u00f3) del Consell Escolar del centre es reserva el dret d\u2019admissi\u00f3 a les activitats, aix\u00ed com tamb\u00e9 t\u00e9 la facultat d\u2019excloure d\u2019aquest servei l\u2019alumnat que en faci un mal \u00fas.<\/p>\n<p>Les activitats poden patir modificacions al llarg del curs en funci\u00f3 de la disponibilitat del monitoratge i del nivell d\u2019inscripcions dels usuaris.<\/p>\n<p><strong>Per tal de poder gaudir de les activitats cal tenir la quota del projecte de socialitzaci\u00f3 satisfeta<\/strong>.<\/p>\n<ul>\n<li style=\"font-weight: 400;\" aria-level=\"1\"><span style=\"font-weight: 400;\">Els grups d\u2019extraescolars podran iniciar l\u2019activitat, en el moment que hi hagi un m\u00ednim de 7 usuaris inscrits.\u00a0<\/span><\/li>\n<li style=\"font-weight: 400;\" aria-level=\"1\"><span style=\"font-weight: 400;\">El m\u00e0xim d\u2019usuaris per grup \u00e9s de 12.<\/span><\/li>\n<li style=\"font-weight: 400;\" aria-level=\"1\"><span style=\"font-weight: 400;\">L\u2019horari d\u2019inscripci\u00f3 a les activitats \u00e9s de 9 a 10 h del mat\u00ed i 16,30 a 18 h de la tarda, al despatx de l\u2019AMPA, situat a la porta del carrer Menorca 3.<\/span><\/li>\n<\/ul>\n","protected":false},"excerpt":{"rendered":"<p>L&#8217;oferta de les activitats extraescolars varia cada curs escolar. Cal consultar la proposta concreta a l&#8217;AMPA del centre<\/p>\n<p>&nbsp;<br \/>\nLa inscripci\u00f3 es realitzar\u00e0 de manera volunt\u00e0ria per part de les fam\u00edlies i s\u2019admeten les sol\u00b7licituds per rigor\u00f3s ordre de recepci\u00f3 a excepci\u00f3 de les activitats organitzades pel&hellip;  <a href=\"https:\/\/agora.xtec.cat\/ceip-pauvila-hospitalet\/lescola\/extraescolars\/\" title=\"Read Extraescolars\">Llegeix m\u00e9s\u00bb<\/a><\/p>\n","protected":false},"author":1,"featured_media":0,"parent":22,"menu_order":25,"comment_status":"closed","ping_status":"closed","template":"","meta":{"_bbp_topic_count":0,"_bbp_reply_count":0,"_bbp_total_topic_count":0,"_bbp_total_reply_count":0,"_bbp_voice_count":0,"_bbp_anonymous_reply_count":0,"_bbp_topic_count_hidden":0,"_bbp_reply_count_hidden":0,"_bbp_forum_subforum_count":0,"footnotes":""},"class_list":["post-626","page","type-page","status-publish","hentry"],"post_mailing_queue_ids":[],"_links":{"self":[{"href":"https:\/\/agora.xtec.cat\/ceip-pauvila-hospitalet\/wp-json\/wp\/v2\/pages\/626","targetHints":{"allow":["GET"]}}],"collection":[{"href":"https:\/\/agora.xtec.cat\/ceip-pauvila-hospitalet\/wp-json\/wp\/v2\/pages"}],"about":[{"href":"https:\/\/agora.xtec.cat\/ceip-pauvila-hospitalet\/wp-json\/wp\/v2\/types\/page"}],"author":[{"embeddable":true,"href":"https:\/\/agora.xtec.cat\/ceip-pauvila-hospitalet\/wp-json\/wp\/v2\/users\/1"}],"replies":[{"embeddable":true,"href":"https:\/\/agora.xtec.cat\/ceip-pauvila-hospitalet\/wp-json\/wp\/v2\/comments?post=626"}],"version-history":[{"count":4,"href":"https:\/\/agora.xtec.cat\/ceip-pauvila-hospitalet\/wp-json\/wp\/v2\/pages\/626\/revisions"}],"predecessor-version":[{"id":13036,"href":"https:\/\/agora.xtec.cat\/ceip-pauvila-hospitalet\/wp-json\/wp\/v2\/pages\/626\/revisions\/13036"}],"up":[{"embeddable":true,"href":"https:\/\/agora.xtec.cat\/ceip-pauvila-hospitalet\/wp-json\/wp\/v2\/pages\/22"}],"wp:attachment":[{"href":"https:\/\/agora.xtec.cat\/ceip-pauvila-hospitalet\/wp-json\/wp\/v2\/media?parent=626"}],"curies":[{"name":"wp","href":"https:\/\/api.w.org\/{rel}","templated":true}]}}