{"id":469,"date":"2016-10-14T12:56:15","date_gmt":"2016-10-14T11:56:15","guid":{"rendered":"http:\/\/agora.xtec.cat\/ceip-pauvila-hospitalet\/?page_id=469"},"modified":"2025-06-27T11:27:36","modified_gmt":"2025-06-27T09:27:36","slug":"equip-docent","status":"publish","type":"page","link":"https:\/\/agora.xtec.cat\/ceip-pauvila-hospitalet\/lescola\/equip-docent\/","title":{"rendered":"Equip docent"},"content":{"rendered":"<h2><span id=\"Curs_2017-18\">Curs 2023-24<\/span><\/h2>\n<h5><span id=\"Equip_directiu\">Equip directiu<\/span><\/h5>\n<ul>\n<li>Direcci\u00f3: Lola Gella Mayn\u00e9<\/li>\n<li>Cap d\u2019estudis:\u00a0Laura Torras Rodr\u00edguez<\/li>\n<li>Secretaria: Maria Tormo Albi\u00f1ana<\/li>\n<\/ul>\n<h5><span id=\"Coordinacions\">Coordinacions<\/span><\/h5>\n<ul>\n<li>Educaci\u00f3 infantil i Cicle Inicial de Prim\u00e0ria :<\/li>\n<li>Cicles Mitj\u00e0 i Superior de prim\u00e0ria:<\/li>\n<li>TAC:<\/li>\n<li>Llengua i interculturalitat:<\/li>\n<li>Projecte Tandem-Orquestra:<\/li>\n<\/ul>\n<h5>Quadre pedag\u00f2gic<\/h5>\n<table style=\"height: 589px; width: 111.963%;\" width=\"568\">\n<tbody>\n<tr style=\"height: 31px;\">\n<td style=\"height: 31px; width: 27.6596%;\">\n<div>Infantil 3<\/div>\n<\/td>\n<td style=\"height: 31px; width: 71.3948%;\"><\/td>\n<\/tr>\n<tr style=\"height: 31px;\">\n<td style=\"height: 31px; width: 27.6596%;\">Infantil 4<\/td>\n<td style=\"height: 31px; width: 71.3948%;\"><\/td>\n<\/tr>\n<tr style=\"height: 31px;\">\n<td style=\"height: 31px; width: 27.6596%;\">Infantil 5<\/td>\n<td style=\"height: 31px; width: 71.3948%;\"><\/td>\n<\/tr>\n<tr style=\"height: 31px;\">\n<td style=\"height: 31px; width: 27.6596%;\"><span style=\"background-color: #f9f9f9;\">Primer\u00a0<\/span><\/td>\n<td style=\"height: 31px; width: 71.3948%;\"><\/td>\n<\/tr>\n<tr style=\"height: 10px;\">\n<td style=\"height: 10px; width: 27.6596%;\">Segon A<\/td>\n<td style=\"height: 10px; width: 71.3948%;\"><\/td>\n<\/tr>\n<tr style=\"height: 31px;\">\n<td style=\"height: 31px; width: 27.6596%;\">Segon B<\/td>\n<td style=\"height: 31px; width: 71.3948%;\"><\/td>\n<\/tr>\n<tr style=\"height: 31px;\">\n<td style=\"height: 12px; width: 27.6596%;\">Tercer A<\/td>\n<td style=\"height: 12px; width: 71.3948%;\"><\/td>\n<\/tr>\n<tr style=\"height: 31px;\">\n<td style=\"height: 13px; width: 27.6596%;\">Tercer B<\/td>\n<td style=\"height: 13px; width: 71.3948%;\"><\/td>\n<\/tr>\n<tr style=\"height: 31px;\">\n<td style=\"height: 31px; width: 27.6596%;\"><span style=\"background-color: #f9f9f9;\">Quart A<\/span><\/td>\n<td style=\"height: 31px; width: 71.3948%;\"><\/td>\n<\/tr>\n<tr style=\"height: 26px;\">\n<td style=\"width: 27.6596%; height: 26px;\">Quart B<\/td>\n<td style=\"width: 71.3948%; height: 26px;\"><\/td>\n<\/tr>\n<tr style=\"height: 14px;\">\n<td style=\"width: 27.6596%; height: 14px;\">Cinqu\u00e8<\/td>\n<td style=\"width: 71.3948%; height: 14px;\"><\/td>\n<\/tr>\n<tr style=\"height: 10px;\">\n<td style=\"width: 27.6596%; height: 10px;\">Sis\u00e8<\/td>\n<td style=\"width: 71.3948%; height: 10px;\"><\/td>\n<\/tr>\n<tr style=\"height: 252px;\">\n<td style=\"height: 10px; width: 27.6596%;\">Refor\u00e7 educaci\u00f3 Infantil<\/td>\n<td style=\"height: 10px; width: 71.3948%;\"><\/td>\n<\/tr>\n<tr style=\"height: 26px;\">\n<td style=\"width: 27.6596%; height: 26px;\">Refor\u00e7 educaci\u00f3 Prim\u00e0ria<\/td>\n<td style=\"width: 71.3948%; height: 26px;\"><\/td>\n<\/tr>\n<tr style=\"height: 95px;\">\n<td style=\"height: 10px; width: 27.6596%;\">Angl\u00e8s<\/td>\n<td style=\"height: 10px; width: 71.3948%;\"><\/td>\n<\/tr>\n<tr style=\"height: 31px;\">\n<td style=\"height: 31px; width: 27.6596%;\">M\u00fasica<\/td>\n<td style=\"height: 31px; width: 71.3948%;\"><\/td>\n<\/tr>\n<tr style=\"height: 31px;\">\n<td style=\"height: 31px; width: 27.6596%;\">Educaci\u00f3 f\u00edsica<\/td>\n<td style=\"height: 31px; width: 71.3948%;\"><\/td>\n<\/tr>\n<tr style=\"height: 31px;\">\n<td style=\"width: 27.6596%; height: 31px;\">Religi\u00f3<\/td>\n<td style=\"width: 71.3948%; height: 31px;\"><\/td>\n<\/tr>\n<tr style=\"height: 95px;\">\n<td style=\"height: 29px; width: 27.6596%;\">Educaci\u00f3 especial (SIEI)<\/td>\n<td style=\"height: 29px; width: 71.3948%;\"><\/td>\n<\/tr>\n<tr style=\"height: 10px;\">\n<td style=\"width: 27.6596%; height: 10px;\">T\u00e9cnica Educaci\u00f3 Infantil<\/td>\n<td style=\"width: 71.3948%; height: 10px;\"><\/td>\n<\/tr>\n<tr style=\"height: 95px;\">\n<td style=\"height: 12px; width: 27.6596%;\">Vetlladores<\/td>\n<td style=\"height: 12px; width: 71.3948%;\"><\/td>\n<\/tr>\n<tr style=\"height: 31px;\">\n<td style=\"height: 31px; width: 27.6596%;\">Atenci\u00f3 EAP<\/td>\n<td style=\"height: 31px; width: 71.3948%;\"><\/td>\n<\/tr>\n<tr style=\"height: 251px;\">\n<td style=\"width: 27.6596%; height: 97px;\">T\u00e8cnica d&#8217;Inserci\u00f3 Social<\/td>\n<td style=\"width: 71.3948%; height: 97px;\">&nbsp;<\/p>\n<p><a href=\"https:\/\/agora.xtec.cat\/ceip-pauvila-hospitalet\/wp-content\/uploads\/usu991\/2020\/01\/FSE_amb_lema.png\"><img loading=\"lazy\" decoding=\"async\" class=\"alignleft wp-image-4737\" src=\"https:\/\/agora.xtec.cat\/ceip-pauvila-hospitalet\/wp-content\/uploads\/usu991\/2020\/01\/FSE_amb_lema-300x53.png\" alt=\"\" width=\"170\" height=\"30\" srcset=\"https:\/\/agora.xtec.cat\/ceip-pauvila-hospitalet\/wp-content\/uploads\/usu991\/2020\/01\/FSE_amb_lema-300x53.png 300w, https:\/\/agora.xtec.cat\/ceip-pauvila-hospitalet\/wp-content\/uploads\/usu991\/2020\/01\/FSE_amb_lema-768x136.png 768w, https:\/\/agora.xtec.cat\/ceip-pauvila-hospitalet\/wp-content\/uploads\/usu991\/2020\/01\/FSE_amb_lema-1024x181.png 1024w, https:\/\/agora.xtec.cat\/ceip-pauvila-hospitalet\/wp-content\/uploads\/usu991\/2020\/01\/FSE_amb_lema.png 1250w\" sizes=\"auto, (max-width: 170px) 100vw, 170px\" \/><\/a> <a href=\"https:\/\/agora.xtec.cat\/ceip-pauvila-hospitalet\/wp-content\/uploads\/usu991\/2020\/01\/Logotipo_del_Ministerio_de_Educaci\u00f3n_y_Formaci\u00f3n_Profesional.jpg\"><img loading=\"lazy\" decoding=\"async\" class=\"alignleft wp-image-4738\" src=\"https:\/\/agora.xtec.cat\/ceip-pauvila-hospitalet\/wp-content\/uploads\/usu991\/2020\/01\/Logotipo_del_Ministerio_de_Educaci\u00f3n_y_Formaci\u00f3n_Profesional-300x75.jpg\" alt=\"\" width=\"156\" height=\"39\" srcset=\"https:\/\/agora.xtec.cat\/ceip-pauvila-hospitalet\/wp-content\/uploads\/usu991\/2020\/01\/Logotipo_del_Ministerio_de_Educaci\u00f3n_y_Formaci\u00f3n_Profesional-300x75.jpg 300w, https:\/\/agora.xtec.cat\/ceip-pauvila-hospitalet\/wp-content\/uploads\/usu991\/2020\/01\/Logotipo_del_Ministerio_de_Educaci\u00f3n_y_Formaci\u00f3n_Profesional-768x193.jpg 768w, https:\/\/agora.xtec.cat\/ceip-pauvila-hospitalet\/wp-content\/uploads\/usu991\/2020\/01\/Logotipo_del_Ministerio_de_Educaci\u00f3n_y_Formaci\u00f3n_Profesional-1024x257.jpg 1024w\" sizes=\"auto, (max-width: 156px) 100vw, 156px\" \/><\/a><\/td>\n<\/tr>\n<\/tbody>\n<\/table>\n<h5><span id=\"Personal_d8217administracio_i_serveis\">Personal d\u2019administraci\u00f3 i serveis<\/span><\/h5>\n<ul>\n<li>Administrativa: Sani Delgado \u00c1lvaro<\/li>\n<li>Conserge: Jos\u00e9 Antonio Bravo Castro<\/li>\n<li>Coordinadora de menjador:<\/li>\n<li>Dinamitzadora de l&#8217;AMPA:<\/li>\n<\/ul>\n","protected":false},"excerpt":{"rendered":"<p>Curs 2023-24<br \/>\nEquip directiu<\/p>\n<ul>\n<li>Direcci\u00f3: Lola Gella Mayn\u00e9<\/li>\n<li>Cap d\u2019estudis:\u00a0Laura Torras Rodr\u00edguez<\/li>\n<li>Secretaria: Maria Tormo Albi\u00f1ana<\/li>\n<\/ul>\n<p>Coordinacions<\/p>\n<ul>\n<li>Educaci\u00f3 infantil i Cicle Inicial de Prim\u00e0ria :<\/li>\n<li>Cicles Mitj\u00e0 i Superior de prim\u00e0ria:<\/li>\n<li>TAC:<\/li>\n<li>Llengua i interculturalitat:<\/li>\n<li>Projecte Tandem-Orquestra:<\/li>\n<\/ul>\n<p>Quadre pedag\u00f2gic<\/p>\n<p>Infantil 3<\/p>\n<p>Infantil 4<\/p>\n<p>Infantil 5<\/p>\n<p>Primer\u00a0<\/p>\n<p>Segon A<\/p>\n<p>Segon B<\/p>\n<p>Tercer A<\/p>\n<p>Tercer B<\/p>\n<p>Quart A<\/p>\n<p>Quart B<\/p>\n<p>Cinqu\u00e8<\/p>\n<p>Sis\u00e8<\/p>\n<p>Refor\u00e7 educaci\u00f3 Infantil<\/p>\n<p>Refor\u00e7 educaci\u00f3 Prim\u00e0ria<\/p>\n<p>Angl\u00e8s<\/p>\n<p>M\u00fasica<\/p>\n<p>Educaci\u00f3 f\u00edsica<\/p>\n<p>Religi\u00f3<\/p>\n<p>Educaci\u00f3 especial (SIEI)<\/p>\n<p>T\u00e9cnica Educaci\u00f3&hellip;  <a href=\"https:\/\/agora.xtec.cat\/ceip-pauvila-hospitalet\/lescola\/equip-docent\/\" title=\"Read Equip docent\">Llegeix m\u00e9s\u00bb<\/a><\/p>\n","protected":false},"author":1,"featured_media":0,"parent":22,"menu_order":20,"comment_status":"closed","ping_status":"closed","template":"","meta":{"_bbp_topic_count":0,"_bbp_reply_count":0,"_bbp_total_topic_count":0,"_bbp_total_reply_count":0,"_bbp_voice_count":0,"_bbp_anonymous_reply_count":0,"_bbp_topic_count_hidden":0,"_bbp_reply_count_hidden":0,"_bbp_forum_subforum_count":0,"footnotes":""},"class_list":["post-469","page","type-page","status-publish","hentry"],"post_mailing_queue_ids":[],"_links":{"self":[{"href":"https:\/\/agora.xtec.cat\/ceip-pauvila-hospitalet\/wp-json\/wp\/v2\/pages\/469","targetHints":{"allow":["GET"]}}],"collection":[{"href":"https:\/\/agora.xtec.cat\/ceip-pauvila-hospitalet\/wp-json\/wp\/v2\/pages"}],"about":[{"href":"https:\/\/agora.xtec.cat\/ceip-pauvila-hospitalet\/wp-json\/wp\/v2\/types\/page"}],"author":[{"embeddable":true,"href":"https:\/\/agora.xtec.cat\/ceip-pauvila-hospitalet\/wp-json\/wp\/v2\/users\/1"}],"replies":[{"embeddable":true,"href":"https:\/\/agora.xtec.cat\/ceip-pauvila-hospitalet\/wp-json\/wp\/v2\/comments?post=469"}],"version-history":[{"count":4,"href":"https:\/\/agora.xtec.cat\/ceip-pauvila-hospitalet\/wp-json\/wp\/v2\/pages\/469\/revisions"}],"predecessor-version":[{"id":13038,"href":"https:\/\/agora.xtec.cat\/ceip-pauvila-hospitalet\/wp-json\/wp\/v2\/pages\/469\/revisions\/13038"}],"up":[{"embeddable":true,"href":"https:\/\/agora.xtec.cat\/ceip-pauvila-hospitalet\/wp-json\/wp\/v2\/pages\/22"}],"wp:attachment":[{"href":"https:\/\/agora.xtec.cat\/ceip-pauvila-hospitalet\/wp-json\/wp\/v2\/media?parent=469"}],"curies":[{"name":"wp","href":"https:\/\/api.w.org\/{rel}","templated":true}]}}