{"id":1666,"date":"2018-05-09T16:50:27","date_gmt":"2018-05-09T14:50:27","guid":{"rendered":"http:\/\/agora.xtec.cat\/ceip-pauvila-hospitalet\/?page_id=1666"},"modified":"2018-05-09T17:02:48","modified_gmt":"2018-05-09T15:02:48","slug":"consell-de-nois-i-noies-de-lhospitalet-ll","status":"publish","type":"page","link":"https:\/\/agora.xtec.cat\/ceip-pauvila-hospitalet\/projecte-educatiu-2\/aprenentatge-i-servei-aps\/consell-de-nois-i-noies-de-lhospitalet-ll\/","title":{"rendered":"Consell de Nois i Noies de L&#8217;Hospitalet Ll."},"content":{"rendered":"<p>El Consell de Nois i Noies \u00e9s un projecte de participaci\u00f3 ciutadana a trav\u00e9s de la implicaci\u00f3 dels nois i noies en temes d&#8217;inter\u00e8s ciutad\u00e0 que els preocupen i els interessen i al voltant dels quals fan propostes per millorar la ciutat. Posen aquestes propostes a disposici\u00f3 del Govern municipal.<\/p>\n<p style=\"text-align: center;\"><a href=\"http:\/\/www.l-h.cat\/educacio\/345421_1.aspx?id=1\"><img loading=\"lazy\" decoding=\"async\" class=\"aligncenter size-medium wp-image-1673\" src=\"http:\/\/agora.xtec.cat\/ceip-pauvila-hospitalet\/wp-content\/uploads\/usu991\/2018\/05\/imatge_consellnoisnoies-300x71.jpg\" alt=\"\" width=\"300\" height=\"71\" \/><\/a><\/p>\n<p>Cada curs tenim dos consellers representants del nostre centre al Consell de la ciutat.<\/p>\n<p>Enguany s\u00f3n:<\/p>\n<table>\n<tbody>\n<tr>\n<td><a href=\"http:\/\/agora.xtec.cat\/ceip-pauvila-hospitalet\/wp-content\/uploads\/usu991\/2018\/05\/IMG_2387.jpg\"><img loading=\"lazy\" decoding=\"async\" class=\"aligncenter size-medium wp-image-1671\" src=\"http:\/\/agora.xtec.cat\/ceip-pauvila-hospitalet\/wp-content\/uploads\/usu991\/2018\/05\/IMG_2387-300x275.jpg\" alt=\"\" width=\"300\" height=\"275\" \/><\/a><\/td>\n<td><a href=\"http:\/\/agora.xtec.cat\/ceip-pauvila-hospitalet\/wp-content\/uploads\/usu991\/2018\/05\/IMG_2386.jpg\"><img loading=\"lazy\" decoding=\"async\" class=\"aligncenter size-medium wp-image-1670\" src=\"http:\/\/agora.xtec.cat\/ceip-pauvila-hospitalet\/wp-content\/uploads\/usu991\/2018\/05\/IMG_2386-300x271.jpg\" alt=\"\" width=\"300\" height=\"271\" \/><\/a><\/td>\n<td><a href=\"http:\/\/agora.xtec.cat\/ceip-pauvila-hospitalet\/wp-content\/uploads\/usu991\/2018\/05\/IMG_2388.jpg\"><img loading=\"lazy\" decoding=\"async\" class=\"aligncenter size-medium wp-image-1672\" src=\"http:\/\/agora.xtec.cat\/ceip-pauvila-hospitalet\/wp-content\/uploads\/usu991\/2018\/05\/IMG_2388-300x251.jpg\" alt=\"\" width=\"300\" height=\"251\" \/><\/a><\/td>\n<\/tr>\n<tr>\n<td>\n<p style=\"text-align: center;\">Jeremy Intriago Pachay<\/p>\n<p style=\"text-align: center;\">Conseller de 6\u00e8<\/p>\n<\/td>\n<td>\n<p style=\"text-align: center;\">Raquel Sarai Garc\u00eda Orellana<\/p>\n<p style=\"text-align: center;\">Consellera de 5\u00e8<\/p>\n<\/td>\n<td>\n<p style=\"text-align: center;\">Kevin Jos\u00e9Miranda Aguilar<\/p>\n<p style=\"text-align: center;\">Conseller suplent<\/p>\n<\/td>\n<\/tr>\n<\/tbody>\n<\/table>\n<p>&nbsp;<\/p>\n","protected":false},"excerpt":{"rendered":"<p>El Consell de Nois i Noies \u00e9s un projecte de participaci\u00f3 ciutadana a trav\u00e9s de la implicaci\u00f3 dels nois i noies en temes d&#8217;inter\u00e8s ciutad\u00e0 que els preocupen i els interessen i al voltant dels quals fan propostes per millorar la ciutat. Posen aquestes propostes&hellip;  <a href=\"https:\/\/agora.xtec.cat\/ceip-pauvila-hospitalet\/projecte-educatiu-2\/aprenentatge-i-servei-aps\/consell-de-nois-i-noies-de-lhospitalet-ll\/\" title=\"Read Consell de Nois i Noies de L&#8217;Hospitalet Ll.\">Llegeix m\u00e9s\u00bb<\/a><\/p>\n","protected":false},"author":1,"featured_media":0,"parent":659,"menu_order":5,"comment_status":"closed","ping_status":"closed","template":"","meta":{"_bbp_topic_count":0,"_bbp_reply_count":0,"_bbp_total_topic_count":0,"_bbp_total_reply_count":0,"_bbp_voice_count":0,"_bbp_anonymous_reply_count":0,"_bbp_topic_count_hidden":0,"_bbp_reply_count_hidden":0,"_bbp_forum_subforum_count":0,"footnotes":""},"class_list":["post-1666","page","type-page","status-publish","hentry"],"post_mailing_queue_ids":[],"_links":{"self":[{"href":"https:\/\/agora.xtec.cat\/ceip-pauvila-hospitalet\/wp-json\/wp\/v2\/pages\/1666","targetHints":{"allow":["GET"]}}],"collection":[{"href":"https:\/\/agora.xtec.cat\/ceip-pauvila-hospitalet\/wp-json\/wp\/v2\/pages"}],"about":[{"href":"https:\/\/agora.xtec.cat\/ceip-pauvila-hospitalet\/wp-json\/wp\/v2\/types\/page"}],"author":[{"embeddable":true,"href":"https:\/\/agora.xtec.cat\/ceip-pauvila-hospitalet\/wp-json\/wp\/v2\/users\/1"}],"replies":[{"embeddable":true,"href":"https:\/\/agora.xtec.cat\/ceip-pauvila-hospitalet\/wp-json\/wp\/v2\/comments?post=1666"}],"version-history":[{"count":3,"href":"https:\/\/agora.xtec.cat\/ceip-pauvila-hospitalet\/wp-json\/wp\/v2\/pages\/1666\/revisions"}],"predecessor-version":[{"id":1674,"href":"https:\/\/agora.xtec.cat\/ceip-pauvila-hospitalet\/wp-json\/wp\/v2\/pages\/1666\/revisions\/1674"}],"up":[{"embeddable":true,"href":"https:\/\/agora.xtec.cat\/ceip-pauvila-hospitalet\/wp-json\/wp\/v2\/pages\/659"}],"wp:attachment":[{"href":"https:\/\/agora.xtec.cat\/ceip-pauvila-hospitalet\/wp-json\/wp\/v2\/media?parent=1666"}],"curies":[{"name":"wp","href":"https:\/\/api.w.org\/{rel}","templated":true}]}}