{"id":1154,"date":"2018-02-08T10:41:21","date_gmt":"2018-02-08T09:41:21","guid":{"rendered":"http:\/\/agora.xtec.cat\/ceip-pauvila-hospitalet\/?page_id=1154"},"modified":"2025-06-27T11:51:48","modified_gmt":"2025-06-27T09:51:48","slug":"projecte-socialitzacio","status":"publish","type":"page","link":"https:\/\/agora.xtec.cat\/ceip-pauvila-hospitalet\/projecte-socialitzacio\/","title":{"rendered":"Projecte Socialitzaci\u00f3"},"content":{"rendered":"<p>Aquest projecte facilita les fam\u00edlies la despesa anual que suposa\u00a0 tot el material i els recursos derivats de l&#8217;escolaritzaci\u00f3 dels seus fills.<\/p>\n<p>Per tal de formalitzar la inscripci\u00f3 a l&#8217;associaci\u00f3 i poder gaudir del beneficis del projecte de socialitzaci\u00f3 cal posar-se en contacte amb l&#8217;AMPA del centre<\/p>\n<p>&nbsp;<\/p>\n","protected":false},"excerpt":{"rendered":"<p>Aquest projecte facilita les fam\u00edlies la despesa anual que suposa\u00a0 tot el material i els recursos derivats de l&#8217;escolaritzaci\u00f3 dels seus fills.<br \/>\nPer tal de formalitzar la inscripci\u00f3 a l&#8217;associaci\u00f3 i poder gaudir del beneficis del projecte de socialitzaci\u00f3 cal posar-se en contacte amb l&#8217;AMPA del&hellip;  <a href=\"https:\/\/agora.xtec.cat\/ceip-pauvila-hospitalet\/projecte-socialitzacio\/\" title=\"Read Projecte Socialitzaci\u00f3\">Llegeix m\u00e9s\u00bb<\/a><\/p>\n","protected":false},"author":1,"featured_media":0,"parent":0,"menu_order":20,"comment_status":"closed","ping_status":"closed","template":"","meta":{"_bbp_topic_count":0,"_bbp_reply_count":0,"_bbp_total_topic_count":0,"_bbp_total_reply_count":0,"_bbp_voice_count":0,"_bbp_anonymous_reply_count":0,"_bbp_topic_count_hidden":0,"_bbp_reply_count_hidden":0,"_bbp_forum_subforum_count":0,"footnotes":""},"class_list":["post-1154","page","type-page","status-publish","hentry"],"post_mailing_queue_ids":[],"_links":{"self":[{"href":"https:\/\/agora.xtec.cat\/ceip-pauvila-hospitalet\/wp-json\/wp\/v2\/pages\/1154","targetHints":{"allow":["GET"]}}],"collection":[{"href":"https:\/\/agora.xtec.cat\/ceip-pauvila-hospitalet\/wp-json\/wp\/v2\/pages"}],"about":[{"href":"https:\/\/agora.xtec.cat\/ceip-pauvila-hospitalet\/wp-json\/wp\/v2\/types\/page"}],"author":[{"embeddable":true,"href":"https:\/\/agora.xtec.cat\/ceip-pauvila-hospitalet\/wp-json\/wp\/v2\/users\/1"}],"replies":[{"embeddable":true,"href":"https:\/\/agora.xtec.cat\/ceip-pauvila-hospitalet\/wp-json\/wp\/v2\/comments?post=1154"}],"version-history":[{"count":4,"href":"https:\/\/agora.xtec.cat\/ceip-pauvila-hospitalet\/wp-json\/wp\/v2\/pages\/1154\/revisions"}],"predecessor-version":[{"id":13039,"href":"https:\/\/agora.xtec.cat\/ceip-pauvila-hospitalet\/wp-json\/wp\/v2\/pages\/1154\/revisions\/13039"}],"wp:attachment":[{"href":"https:\/\/agora.xtec.cat\/ceip-pauvila-hospitalet\/wp-json\/wp\/v2\/media?parent=1154"}],"curies":[{"name":"wp","href":"https:\/\/api.w.org\/{rel}","templated":true}]}}