{"id":73,"date":"2024-11-28T15:20:51","date_gmt":"2024-11-28T14:20:51","guid":{"rendered":"http:\/\/agora.xtec.cat\/ceip-pauromeva\/?page_id=73"},"modified":"2024-11-28T16:05:28","modified_gmt":"2024-11-28T15:05:28","slug":"menjador-escolar","status":"publish","type":"page","link":"https:\/\/agora.xtec.cat\/ceip-pauromeva\/serveis\/menjador-escolar\/","title":{"rendered":"Menjador escolar"},"content":{"rendered":"<p>L\u2019empresa que gestionar\u00e0 el servei de menjador \u00e9s Serunion-Elior.<\/p>\n<p>Els alumnes que no han fet \u00fas el servei de menjador, tant fixos com eventuals, cal que omplin el Full d\u2019inscripci\u00f3 amb dades de domiciliaci\u00f3 banc\u00e0ria abans del dia 18 de setembre.<\/p>\n<p>Els alumnes que ja han fet \u00fas del servei de menjador nom\u00e9s cal que omplin el full d\u2019inscripci\u00f3 si ha canviat alguna dada.<\/p>\n<p><strong>El preu de menjador \u00e9s de 6,87\u20ac si es queda dos o m\u00e9s dies.<\/strong><\/p>\n<p>Cal avisar al servei de menjador de 9:30h a 10:00h enviant un Dinantia o trucant al tel\u00e8fon 660.67.88.95 o enviat un SMS si el vostre fill\/a:<\/p>\n<ul>\n<li>\u00c9s fix i no es pot quedar a dinar. (En aquest cas, si aviseu dins del termini estipulat, es procedir\u00e0 l\u2019abonament de 3,74\u20ac corresponent a l\u2019import de la mat\u00e8ria prima.)<\/li>\n<li>Necessita dieta un dia puntual.<\/li>\n<li>\u00c9s eventual i es queda a dinar (el preu d&#8217;un dia de menjador \u00e9s de 7,56\u20ac)<\/li>\n<li>Incid\u00e8ncies<\/li>\n<\/ul>\n<p>L\u2019horari de consergeria \u00e9s de 8:30h a 13:30h i de 14:30h a 16:30h, per tant de 13:30h a 14:30h no es pot accedir a l\u2019escola. L\u2019horari de consergeria els dies de jornada intensiva finalitza a 14:00h. En cas d\u2019emerg\u00e8ncia i fora de l\u2019horari de consergeria, cal contactar al tel\u00e8fon de menjador 682036881.<\/p>\n","protected":false},"excerpt":{"rendered":"<p>L\u2019empresa que gestionar\u00e0 el servei de menjador \u00e9s Serunion-Elior.<br \/>\nEls alumnes que no han fet \u00fas el servei de menjador, tant fixos com eventuals, cal que omplin el Full d\u2019inscripci\u00f3 amb dades de domiciliaci\u00f3 banc\u00e0ria abans del dia 18 de setembre.<br \/>\nEls alumnes que ja han fet&hellip;  <a href=\"https:\/\/agora.xtec.cat\/ceip-pauromeva\/serveis\/menjador-escolar\/\" title=\"Read Menjador escolar\">Llegeix m\u00e9s\u00bb<\/a><\/p>\n","protected":false},"author":1,"featured_media":0,"parent":66,"menu_order":30,"comment_status":"closed","ping_status":"closed","template":"page-templates\/side-menu.php","meta":{"_bbp_topic_count":0,"_bbp_reply_count":0,"_bbp_total_topic_count":0,"_bbp_total_reply_count":0,"_bbp_voice_count":0,"_bbp_anonymous_reply_count":0,"_bbp_topic_count_hidden":0,"_bbp_reply_count_hidden":0,"_bbp_forum_subforum_count":0,"footnotes":""},"class_list":["post-73","page","type-page","status-publish","hentry"],"post_mailing_queue_ids":[],"_links":{"self":[{"href":"https:\/\/agora.xtec.cat\/ceip-pauromeva\/wp-json\/wp\/v2\/pages\/73","targetHints":{"allow":["GET"]}}],"collection":[{"href":"https:\/\/agora.xtec.cat\/ceip-pauromeva\/wp-json\/wp\/v2\/pages"}],"about":[{"href":"https:\/\/agora.xtec.cat\/ceip-pauromeva\/wp-json\/wp\/v2\/types\/page"}],"author":[{"embeddable":true,"href":"https:\/\/agora.xtec.cat\/ceip-pauromeva\/wp-json\/wp\/v2\/users\/1"}],"replies":[{"embeddable":true,"href":"https:\/\/agora.xtec.cat\/ceip-pauromeva\/wp-json\/wp\/v2\/comments?post=73"}],"version-history":[{"count":5,"href":"https:\/\/agora.xtec.cat\/ceip-pauromeva\/wp-json\/wp\/v2\/pages\/73\/revisions"}],"predecessor-version":[{"id":1639,"href":"https:\/\/agora.xtec.cat\/ceip-pauromeva\/wp-json\/wp\/v2\/pages\/73\/revisions\/1639"}],"up":[{"embeddable":true,"href":"https:\/\/agora.xtec.cat\/ceip-pauromeva\/wp-json\/wp\/v2\/pages\/66"}],"wp:attachment":[{"href":"https:\/\/agora.xtec.cat\/ceip-pauromeva\/wp-json\/wp\/v2\/media?parent=73"}],"curies":[{"name":"wp","href":"https:\/\/api.w.org\/{rel}","templated":true}]}}