{"id":38,"date":"2014-09-18T12:34:08","date_gmt":"2014-09-18T11:34:08","guid":{"rendered":"http:\/\/agora.xtec.cat\/ceip-pauromeva\/?page_id=38"},"modified":"2023-02-27T16:29:15","modified_gmt":"2023-02-27T15:29:15","slug":"salut","status":"publish","type":"page","link":"https:\/\/agora.xtec.cat\/ceip-pauromeva\/lescola\/salut\/","title":{"rendered":"Salut"},"content":{"rendered":"<p><strong>Administraci\u00f3 de medicaments a alumnes: <\/strong><\/p>\n<p>Segons la normativa vigent (DOG 1060, agost 2005), per poder administrar medicaments als alumnes cal que el pare, mare o tutor legal aporti una recepta o informe del metge on hi consti el nom de l\u2019alumne, la pauta i el nom del medicament que ha de prendre. Aix\u00ed mateix, el pare, mare o tutor legal han d\u2019aportar un escrit on es demani i s\u2019autoritzi al personal del centre docent que administri al seu fill la medicaci\u00f3 prescrita sempre que sigui imprescindible la seva administraci\u00f3 en horari lectiu.<\/p>\n<p>Aquestes autoritzacions les podeu demanar a la conserge o imprimir-les des del web de l\u2019escola a l\u2019apartat Documents. Mai poseu un medicament dins de la motxilla o li doneu al nen, sempre s\u2019ha de donar a la m\u00e0 al mestre o a la conserge. Tot medicament ha d\u2019anar marcat, amb el nom, cognom, hora i dosi.<\/p>\n<p>Hem de ser rigorosos en complir aquesta norma en benefici de tots.<\/p>\n<p><strong>Malalties: <\/strong><\/p>\n<p>Creiem molt important l\u2019assist\u00e8ncia continuada a classe, per\u00f2, quan un nen est\u00e0 malalt conv\u00e9 que descansi i que no assisteixi a l\u2019escola per evitar el possible contagi. Les malalties infeccioses han de ser comunicades immediatament i el malalt ha de restar a casa.<\/p>\n<p>Al document: \u201c<a href=\"https:\/\/scientiasalut.gencat.cat\/bitstream\/handle\/11351\/3061\/Criteris_no_assistencia_alumnat_a_escola_o_llar_infants_durant_periode_temps_determinat_causa_malalties_transmissibles.pdf?sequence=1&amp;isAllowed=y\">Criteris de no-assist\u00e8ncia de l\u2019alumnat a l\u2019escola o a la llar d\u2019infants durant un per\u00edode de temps determinat a causa de malalties transmissibles. Exclusi\u00f3 escolar<\/a>\u201d elaborat per la Subdirecci\u00f3 de Vigil\u00e0ncia i resposta a Emerg\u00e8ncies de Salut P\u00fablica es resumeix les malalties infeccioses m\u00e9s freq\u00fcents en nens en edat escolar indicant el per\u00edode de no-assist\u00e8ncia.<\/p>\n<p>L\u2019aparici\u00f3 de polls o ll\u00e9menes tamb\u00e9 han de ser comunicades al centre i l\u2019alumne ha d\u2019estar a casa fins a 24 hores que s\u2019hagi iniciat el tractament. \u00c9s important que durant tot el curs escolar reviseu setmanalment el cabell dels vostres fills i preneu les mesures oportunes.<\/p>\n<p>Si algun nen \u00e9s al\u00b7l\u00e8rgic o t\u00e9 algun problema de salut s\u2019ha de comunicar al tutor i a la secretaria del centre adjuntant l\u2019informe m\u00e8dic.<\/p>\n<p>Si un nen presenta s\u00edmptomes de malaltia durant la seva estada a l\u2019escola avisarem a la fam\u00edlia perqu\u00e8 el reculli i l\u2019atengui degudament.<\/p>\n<p><strong>Abs\u00e8ncies: <\/strong><\/p>\n<p>Cal avisar de l\u2019abs\u00e8ncia al vostre tutor\/a per DINANTIA i si habitualment es queden a dinar i\/o estan inscrits a alguna activitat extraescolar, avisar tamb\u00e9 per DINANTIA, a la coordinadora de menjador i\/o a la coordinadora d&#8217;extraescolars.<\/p>\n<p>Mitjan\u00e7ant l\u2019aplicaci\u00f3 DINANTIA rebreu l\u2019av\u00eds de l\u2019abs\u00e8ncia o del retard. Cal justificar-les.<\/p>\n<p>&nbsp;<\/p>\n<p>&nbsp;<\/p>\n<p>&nbsp;<\/p>\n<p>&nbsp;<\/p>\n","protected":false},"excerpt":{"rendered":"<p>Administraci\u00f3 de medicaments a alumnes:<br \/>\nSegons la normativa vigent (DOG 1060, agost 2005), per poder administrar medicaments als alumnes cal que el pare, mare o tutor legal aporti una recepta o informe del metge on hi consti el nom de l\u2019alumne, la pauta i el&hellip;  <a href=\"https:\/\/agora.xtec.cat\/ceip-pauromeva\/lescola\/salut\/\" title=\"Read Salut\">Llegeix m\u00e9s\u00bb<\/a><\/p>\n","protected":false},"author":1,"featured_media":0,"parent":22,"menu_order":80,"comment_status":"closed","ping_status":"closed","template":"page-templates\/side-menu.php","meta":{"_bbp_topic_count":0,"_bbp_reply_count":0,"_bbp_total_topic_count":0,"_bbp_total_reply_count":0,"_bbp_voice_count":0,"_bbp_anonymous_reply_count":0,"_bbp_topic_count_hidden":0,"_bbp_reply_count_hidden":0,"_bbp_forum_subforum_count":0,"footnotes":""},"class_list":["post-38","page","type-page","status-publish","hentry"],"post_mailing_queue_ids":[],"_links":{"self":[{"href":"https:\/\/agora.xtec.cat\/ceip-pauromeva\/wp-json\/wp\/v2\/pages\/38","targetHints":{"allow":["GET"]}}],"collection":[{"href":"https:\/\/agora.xtec.cat\/ceip-pauromeva\/wp-json\/wp\/v2\/pages"}],"about":[{"href":"https:\/\/agora.xtec.cat\/ceip-pauromeva\/wp-json\/wp\/v2\/types\/page"}],"author":[{"embeddable":true,"href":"https:\/\/agora.xtec.cat\/ceip-pauromeva\/wp-json\/wp\/v2\/users\/1"}],"replies":[{"embeddable":true,"href":"https:\/\/agora.xtec.cat\/ceip-pauromeva\/wp-json\/wp\/v2\/comments?post=38"}],"version-history":[{"count":3,"href":"https:\/\/agora.xtec.cat\/ceip-pauromeva\/wp-json\/wp\/v2\/pages\/38\/revisions"}],"predecessor-version":[{"id":1356,"href":"https:\/\/agora.xtec.cat\/ceip-pauromeva\/wp-json\/wp\/v2\/pages\/38\/revisions\/1356"}],"up":[{"embeddable":true,"href":"https:\/\/agora.xtec.cat\/ceip-pauromeva\/wp-json\/wp\/v2\/pages\/22"}],"wp:attachment":[{"href":"https:\/\/agora.xtec.cat\/ceip-pauromeva\/wp-json\/wp\/v2\/media?parent=38"}],"curies":[{"name":"wp","href":"https:\/\/api.w.org\/{rel}","templated":true}]}}