{"id":36,"date":"2024-06-12T12:33:11","date_gmt":"2024-06-12T10:33:11","guid":{"rendered":"http:\/\/agora.xtec.cat\/ceip-pauromeva\/?page_id=36"},"modified":"2025-06-12T13:02:48","modified_gmt":"2025-06-12T11:02:48","slug":"material-escolar","status":"publish","type":"page","link":"https:\/\/agora.xtec.cat\/ceip-pauromeva\/lescola\/material-escolar\/","title":{"rendered":"Material escolar i Llibres de text"},"content":{"rendered":"<p>A l\u2019escola PAU ROMEVA el material de classe \u00e9s d\u2019\u00fas com\u00fa. Aix\u00f2 afavoreix l\u2019h\u00e0bit del respecte i la conservaci\u00f3 del material que \u00e9s de tots i, a la vegada, s\u2019apr\u00e8n a saber-lo compartir. Per tal que tots els nens i nenes disposin d\u2019aquest material com\u00fa, sense difer\u00e8ncies s\u2019ha establert una quota \u00fanica anual de<strong> 90\u20ac<\/strong> en concepte del material fungible i did\u00e0ctic que l\u2019alumnat utilitzar\u00e0 i necessitar\u00e0.<\/p>\n<p>Les despeses de funcionament ordinari de centre es poden assumir gr\u00e0cies a aquesta aportaci\u00f3 de les fam\u00edlies. Dins d\u2019aquestes despeses s\u2019inclou tot el material fungible i no fungible, ja sigui d\u2019\u00fas individual o col\u2022lectiu (paper, fotoc\u00f2pies, jocs d\u2019aula, materials d&#8217;educaci\u00f3 f\u00edsica, de m\u00fasica, l\u00e0mpades de v\u00eddeoprojectors&#8230;, tota mena de material que l\u2019alumne utilitza al llarg del curs) i altres despeses necess\u00e0ries pel funcionament del centre i per a realitzar les activitats programades a l\u2019escola (ingredients per fer panellets o la mona, pagaments dels concerts, materials pels festivals, muntatges de tarimes&#8230;) i per poder fer front a despeses extraordin\u00e0ries. Us facilitem el llistat orientatiu i m\u00e9s detallat dels materials que cal anar comprant durant el curs, per tal que en sigueu coneixedors\/es:<\/p>\n<p><a href=\"https:\/\/docs.google.com\/spreadsheets\/d\/1S2W54iE57bqpWUgUIaeX84ULT5-ahW9F\/edit?usp=drive_link&amp;ouid=105027127097810892418&amp;rtpof=true&amp;sd=true\">LLISTAT MATERIAL<\/a><\/p>\n<p>El Consell Escolar del centre, que aprova els pressupostos de l\u2019escola, \u00e9s el responsable de vetllar per la prioritzaci\u00f3, qualitat i adequaci\u00f3 del material escolar necessari, d\u2019acord amb els objectius establerts en el Pla Anual de Centre i en cadascuna de les aules i de les comunitats. Els materials malmesos per imprud\u00e8ncies o mal \u00fas seran reposats per la fam\u00edlia de l\u2019alumne.<\/p>\n<p>L&#8217;ingr\u00e9s o transfer\u00e8ncia banc\u00e0ria s&#8217;ha de fer abans del 30 de setembre.<\/p>\n<p>Els pagaments es faran mitjan\u00e7ant targeta banc\u00e0ria de qualsevol entitat, a trav\u00e9s de la nostra aplicaci\u00f3 de comunicaci\u00f3 fam\u00edlia-escola DINANTIA.<\/p>\n<p>En cas de no tenir targeta banc\u00e0ria es pot fer el pagament en efectiu a la secretaria de l\u2019escola.<\/p>\n<p>A principi de curs rebreu un recordatori d\u2019aquest pagament.<\/p>\n<p>Si alguna fam\u00edlia t\u00e9 problemes econ\u00f2mics greus, pot dirigir-se a secretaria per intentar trobar solucions relatives als pagaments del centre. Per poder fer \u00fas del material socialitzat del curs present, cal estar a corrent de pagament dels possibles deutes que la fam\u00edlia tingui de cursos anteriors.<\/p>\n<p><a href=\"https:\/\/agora.xtec.cat\/ceip-pauromeva\/wp-content\/uploads\/usu2182\/2025\/06\/Llibres-de-text-2025-26.docx.pdf\">Llibres de text 2025-26<\/a><\/p>\n<p>&nbsp;<\/p>\n","protected":false},"excerpt":{"rendered":"<p>A l\u2019escola PAU ROMEVA el material de classe \u00e9s d\u2019\u00fas com\u00fa. Aix\u00f2 afavoreix l\u2019h\u00e0bit del respecte i la conservaci\u00f3 del material que \u00e9s de tots i, a la vegada, s\u2019apr\u00e8n a saber-lo compartir. Per tal que tots els nens i nenes disposin d\u2019aquest material com\u00fa,&hellip;  <a href=\"https:\/\/agora.xtec.cat\/ceip-pauromeva\/lescola\/material-escolar\/\" title=\"Read Material escolar i Llibres de text\">Llegeix m\u00e9s\u00bb<\/a><\/p>\n","protected":false},"author":1,"featured_media":0,"parent":22,"menu_order":70,"comment_status":"closed","ping_status":"closed","template":"page-templates\/side-menu.php","meta":{"_bbp_topic_count":0,"_bbp_reply_count":0,"_bbp_total_topic_count":0,"_bbp_total_reply_count":0,"_bbp_voice_count":0,"_bbp_anonymous_reply_count":0,"_bbp_topic_count_hidden":0,"_bbp_reply_count_hidden":0,"_bbp_forum_subforum_count":0,"footnotes":""},"class_list":["post-36","page","type-page","status-publish","hentry"],"post_mailing_queue_ids":[],"_links":{"self":[{"href":"https:\/\/agora.xtec.cat\/ceip-pauromeva\/wp-json\/wp\/v2\/pages\/36","targetHints":{"allow":["GET"]}}],"collection":[{"href":"https:\/\/agora.xtec.cat\/ceip-pauromeva\/wp-json\/wp\/v2\/pages"}],"about":[{"href":"https:\/\/agora.xtec.cat\/ceip-pauromeva\/wp-json\/wp\/v2\/types\/page"}],"author":[{"embeddable":true,"href":"https:\/\/agora.xtec.cat\/ceip-pauromeva\/wp-json\/wp\/v2\/users\/1"}],"replies":[{"embeddable":true,"href":"https:\/\/agora.xtec.cat\/ceip-pauromeva\/wp-json\/wp\/v2\/comments?post=36"}],"version-history":[{"count":6,"href":"https:\/\/agora.xtec.cat\/ceip-pauromeva\/wp-json\/wp\/v2\/pages\/36\/revisions"}],"predecessor-version":[{"id":1679,"href":"https:\/\/agora.xtec.cat\/ceip-pauromeva\/wp-json\/wp\/v2\/pages\/36\/revisions\/1679"}],"up":[{"embeddable":true,"href":"https:\/\/agora.xtec.cat\/ceip-pauromeva\/wp-json\/wp\/v2\/pages\/22"}],"wp:attachment":[{"href":"https:\/\/agora.xtec.cat\/ceip-pauromeva\/wp-json\/wp\/v2\/media?parent=36"}],"curies":[{"name":"wp","href":"https:\/\/api.w.org\/{rel}","templated":true}]}}