{"id":32,"date":"2025-07-07T11:31:33","date_gmt":"2025-07-07T09:31:33","guid":{"rendered":"http:\/\/agora.xtec.cat\/ceip-pauromeva\/?page_id=32"},"modified":"2025-07-08T10:44:59","modified_gmt":"2025-07-08T08:44:59","slug":"calendari-del-curs","status":"publish","type":"page","link":"https:\/\/agora.xtec.cat\/ceip-pauromeva\/lescola\/calendari-del-curs\/","title":{"rendered":"Calendari del curs"},"content":{"rendered":"<h4>CALENDARI ESCOLAR CURS 2025-2026<\/h4>\n<p><b>INICI I FI DE CURS<\/b><\/p>\n<p>Inici de curs per als alumnes\u00a0 \u00a0 \u00a0 \u00a0 8 de setembre 2025<\/p>\n<p>Fi de curs per als alumnes\u00a0\u00a0\u00a0 \u00a0\u00a0\u00a0 \u00a0\u00a0\u00a0 19 de juny de 2026<\/p>\n<p><b>VACANCES<\/b><\/p>\n<p>Vacances de Nadal\u00a0\u00a0\u00a0 Del 20 de desembre de 2025\u00a0 al\u00a0 \u00a07 de gener de 2026<\/p>\n<p>Vacances de Setmana Santa\u00a0\u00a0\u00a0 Del 28 de mar\u00e7\u00a0 al\u00a0 6 d\u2019abril de 2026<\/p>\n<p><b>DIES FESTIUS I DE LLIURE DISPOSICI\u00d3<\/b><\/p>\n<p>Festa de la Diada\u00a0 \u00a0 \u00a0 \u00a0 \u00a0 \u00a0 \u00a0 \u00a0 Dijous 11 de setembre de 2025<\/p>\n<p>Festa de la Merc\u00e8\u00a0\u00a0\u00a0 \u00a0\u00a0\u00a0 \u00a0\u00a0\u00a0 \u00a0\u00a0\u00a0 Dimecres 24 de setembre de 2025<\/p>\n<p>Tots Sants\u00a0 \u00a0 \u00a0 \u00a0 \u00a0 \u00a0 \u00a0 \u00a0 \u00a0 \u00a0 \u00a0 \u00a0 \u00a0 \u00a0 \u00a0 Dissabte 1 de novembre de 2025<\/p>\n<p><span style=\"font-weight: 400;\">Dia de lliure disposici\u00f3\u00a0 \u00a0 \u00a0 \u00a0\u00a0 Dilluns 3 de novembre de 2025<\/span><\/p>\n<p>Dia de lliure disposici\u00f3\u00a0 \u00a0 \u00a0 \u00a0\u00a0 Divendres 5 de desembre de 2025<\/p>\n<p>Dia de la Constituci\u00f3 \u00a0\u00a0\u00a0 \u00a0\u00a0\u00a0 \u00a0 Dissabte 6 de desembre de 2025<\/p>\n<p>Dia de la Immaculada \u00a0\u00a0\u00a0 \u00a0\u00a0\u00a0 Dilluns 8 de desembre de 2025<\/p>\n<p>Dia de lliure disposici\u00f3\u00a0\u00a0\u00a0 \u00a0\u00a0\u00a0 Dilluns 16 de febrer de 2026<\/p>\n<p>Festiu\u00a0 \u00a0 \u00a0 \u00a0 \u00a0 \u00a0 \u00a0 \u00a0 \u00a0 \u00a0 \u00a0 \u00a0 \u00a0 \u00a0 \u00a0 \u00a0 \u00a0 \u00a0\u00a0 Divendres 1 de maig de 2026<\/p>\n<p>Dia de lliure disposici\u00f3\u00a0\u00a0\u00a0 \u00a0\u00a0\u00a0 Divendres 22 de maig de 2026<\/p>\n<p>Segona Pasqua\u00a0 \u00a0 \u00a0 \u00a0 \u00a0 \u00a0 \u00a0 \u00a0 \u00a0\u00a0\u00a0 \u00a0 Dilluns 25 de maig de 202<\/p>\n<h4><\/h4>\n<h4>HORARI DEL CENTRE<\/h4>\n<p>L\u2019horari del centre en per\u00edode lectiu \u00e9s:<\/p>\n<p>\u2022 Del 8 de setembre al 5 de juny: de 9h. a 12:30h. i de 14:30h. a 16h.<\/p>\n<p>\u2022 El 19 de desembre i del 8 al 19 de juny: de 9h. a 13h.<\/p>\n<p>Durant la jornada continuada, l&#8217;horari de menjador ser\u00e0 de 13 a 15 hores.<\/p>\n<p>En cas que alguna fam\u00edlia necessiti fer \u00fas del servei del casalet de 15h. a 16h., caldr\u00e0 contractar-lo directament amb Serunion.<\/p>\n","protected":false},"excerpt":{"rendered":"<p>CALENDARI ESCOLAR CURS 2025-2026<br \/>\nINICI I FI DE CURS<br \/>\nInici de curs per als alumnes\u00a0 \u00a0 \u00a0 \u00a0 8 de setembre 2025<br \/>\nFi de curs per als alumnes\u00a0\u00a0\u00a0 \u00a0\u00a0\u00a0 \u00a0\u00a0\u00a0 19 de juny de 2026<br \/>\nVACANCES<br \/>\nVacances de Nadal\u00a0\u00a0\u00a0 Del 20 de desembre de 2025\u00a0 al\u00a0 \u00a07 de gener de&hellip;  <a href=\"https:\/\/agora.xtec.cat\/ceip-pauromeva\/lescola\/calendari-del-curs\/\" title=\"Read Calendari del curs\">Llegeix m\u00e9s\u00bb<\/a><\/p>\n","protected":false},"author":1,"featured_media":0,"parent":22,"menu_order":50,"comment_status":"closed","ping_status":"closed","template":"page-templates\/side-menu.php","meta":{"_bbp_topic_count":0,"_bbp_reply_count":0,"_bbp_total_topic_count":0,"_bbp_total_reply_count":0,"_bbp_voice_count":0,"_bbp_anonymous_reply_count":0,"_bbp_topic_count_hidden":0,"_bbp_reply_count_hidden":0,"_bbp_forum_subforum_count":0,"footnotes":""},"class_list":["post-32","page","type-page","status-publish","hentry"],"post_mailing_queue_ids":[],"_links":{"self":[{"href":"https:\/\/agora.xtec.cat\/ceip-pauromeva\/wp-json\/wp\/v2\/pages\/32","targetHints":{"allow":["GET"]}}],"collection":[{"href":"https:\/\/agora.xtec.cat\/ceip-pauromeva\/wp-json\/wp\/v2\/pages"}],"about":[{"href":"https:\/\/agora.xtec.cat\/ceip-pauromeva\/wp-json\/wp\/v2\/types\/page"}],"author":[{"embeddable":true,"href":"https:\/\/agora.xtec.cat\/ceip-pauromeva\/wp-json\/wp\/v2\/users\/1"}],"replies":[{"embeddable":true,"href":"https:\/\/agora.xtec.cat\/ceip-pauromeva\/wp-json\/wp\/v2\/comments?post=32"}],"version-history":[{"count":7,"href":"https:\/\/agora.xtec.cat\/ceip-pauromeva\/wp-json\/wp\/v2\/pages\/32\/revisions"}],"predecessor-version":[{"id":1697,"href":"https:\/\/agora.xtec.cat\/ceip-pauromeva\/wp-json\/wp\/v2\/pages\/32\/revisions\/1697"}],"up":[{"embeddable":true,"href":"https:\/\/agora.xtec.cat\/ceip-pauromeva\/wp-json\/wp\/v2\/pages\/22"}],"wp:attachment":[{"href":"https:\/\/agora.xtec.cat\/ceip-pauromeva\/wp-json\/wp\/v2\/media?parent=32"}],"curies":[{"name":"wp","href":"https:\/\/api.w.org\/{rel}","templated":true}]}}