{"id":1024,"date":"2022-05-06T12:58:08","date_gmt":"2022-05-06T10:58:08","guid":{"rendered":"https:\/\/agora.xtec.cat\/ceip-pauromeva\/?page_id=1024"},"modified":"2022-05-09T12:49:51","modified_gmt":"2022-05-09T10:49:51","slug":"pla-destrategia-digital","status":"publish","type":"page","link":"https:\/\/agora.xtec.cat\/ceip-pauromeva\/projecte-educatiu\/pla-destrategia-digital\/","title":{"rendered":"Estrat\u00e8gia Digital de Centre"},"content":{"rendered":"<p style=\"text-align: left;\">L\u2019Estrat\u00e8gia Digital de Centre (EDC) \u00e9s un document que recull totes les accions que es realitzen en un centre, i les que es realitzaran a mitj\u00e0 termini, per aconseguir la m\u00e0xima compet\u00e8ncia digital de l\u2019alumnat, del professorat i del centre educatiu. Ha de tenir com a referent el Pla d\u2019educaci\u00f3 digital de Catalunya (PEDC), on s\u2019indica la necessitat d\u2019assolir la fita d\u2019una societat digitalment competent, fent \u00e8mfasi en l\u2019equitat i tenint en compte l\u2019evoluci\u00f3 del context social i tecnol\u00f2gic.<\/p>\n<p style=\"text-align: left;\">Amb aquest v\u00eddeo us presentem un resum de l\u2019estructura b\u00e0sica de l\u2019Estrat\u00e8gia digital de centre. L\u2019EDC consta de dues parts: la d\u2019Estrat\u00e8gia i la de Cultura digital, i la seva realitzaci\u00f3 consisteix en un cercle de millora cont\u00ednua que s\u2019inicia amb la diagnosi i continua amb la concreci\u00f3 d\u2019objectius, activitats, per continuar amb l\u2019avaluaci\u00f3.<\/p>\n<p style=\"text-align: left;\">El v\u00eddeo us donar\u00e0 una visi\u00f3 r\u00e0pida de l\u2019estructura i de la din\u00e0mica general de realitzaci\u00f3, \u00e9s un bon recurs per a introduir l\u2019Estrat\u00e8gia digital de centre . Us recomanem la seva visualitzaci\u00f3 i la seva divulgaci\u00f3.<\/p>\n<p><iframe loading=\"lazy\" title=\"Estrat\u00e8gia digital de centre\" width=\"500\" height=\"281\" src=\"https:\/\/www.youtube.com\/embed\/uS5UUZIYLPQ?feature=oembed\" frameborder=\"0\" allow=\"accelerometer; autoplay; clipboard-write; encrypted-media; gyroscope; picture-in-picture; web-share\" referrerpolicy=\"strict-origin-when-cross-origin\" allowfullscreen><\/iframe><\/p>\n","protected":false},"excerpt":{"rendered":"<p>L\u2019Estrat\u00e8gia Digital de Centre (EDC) \u00e9s un document que recull totes les accions que es realitzen en un centre, i les que es realitzaran a mitj\u00e0 termini, per aconseguir la m\u00e0xima compet\u00e8ncia digital de l\u2019alumnat, del professorat i del centre educatiu. Ha de tenir com&hellip;  <a href=\"https:\/\/agora.xtec.cat\/ceip-pauromeva\/projecte-educatiu\/pla-destrategia-digital\/\" title=\"Read Estrat\u00e8gia Digital de Centre\">Llegeix m\u00e9s\u00bb<\/a><\/p>\n","protected":false},"author":1,"featured_media":0,"parent":64,"menu_order":11,"comment_status":"closed","ping_status":"closed","template":"page-templates\/side-menu.php","meta":{"_bbp_topic_count":0,"_bbp_reply_count":0,"_bbp_total_topic_count":0,"_bbp_total_reply_count":0,"_bbp_voice_count":0,"_bbp_anonymous_reply_count":0,"_bbp_topic_count_hidden":0,"_bbp_reply_count_hidden":0,"_bbp_forum_subforum_count":0,"footnotes":""},"class_list":["post-1024","page","type-page","status-publish","hentry"],"post_mailing_queue_ids":[],"_links":{"self":[{"href":"https:\/\/agora.xtec.cat\/ceip-pauromeva\/wp-json\/wp\/v2\/pages\/1024","targetHints":{"allow":["GET"]}}],"collection":[{"href":"https:\/\/agora.xtec.cat\/ceip-pauromeva\/wp-json\/wp\/v2\/pages"}],"about":[{"href":"https:\/\/agora.xtec.cat\/ceip-pauromeva\/wp-json\/wp\/v2\/types\/page"}],"author":[{"embeddable":true,"href":"https:\/\/agora.xtec.cat\/ceip-pauromeva\/wp-json\/wp\/v2\/users\/1"}],"replies":[{"embeddable":true,"href":"https:\/\/agora.xtec.cat\/ceip-pauromeva\/wp-json\/wp\/v2\/comments?post=1024"}],"version-history":[{"count":3,"href":"https:\/\/agora.xtec.cat\/ceip-pauromeva\/wp-json\/wp\/v2\/pages\/1024\/revisions"}],"predecessor-version":[{"id":1071,"href":"https:\/\/agora.xtec.cat\/ceip-pauromeva\/wp-json\/wp\/v2\/pages\/1024\/revisions\/1071"}],"up":[{"embeddable":true,"href":"https:\/\/agora.xtec.cat\/ceip-pauromeva\/wp-json\/wp\/v2\/pages\/64"}],"wp:attachment":[{"href":"https:\/\/agora.xtec.cat\/ceip-pauromeva\/wp-json\/wp\/v2\/media?parent=1024"}],"curies":[{"name":"wp","href":"https:\/\/api.w.org\/{rel}","templated":true}]}}