{"id":809,"date":"2017-09-25T22:22:39","date_gmt":"2017-09-25T20:22:39","guid":{"rendered":"http:\/\/agora.xtec.cat\/ceip-paucasals-viladecans\/?page_id=809"},"modified":"2018-11-22T16:58:14","modified_gmt":"2018-11-22T15:58:14","slug":"avaluacio-per-ambits-i-dimensions-orientacions","status":"publish","type":"page","link":"https:\/\/agora.xtec.cat\/ceip-paucasals-viladecans\/avaluacio-per-ambits-i-dimensions-orientacions\/","title":{"rendered":"Avaluaci\u00f3 per \u00e0mbits i dimensions &#8211; Orientacions"},"content":{"rendered":"<p>Aqu\u00ed teniu un document resum que serveix per orientar-nos una mica millor en l&#8217;avaluaci\u00f3 dels nostres infants. \u00a0Us pot ser molt \u00fatil perqu\u00e8 aix\u00ed podeu saber en tot moment quines compet\u00e8ncies han d&#8217;assolir els nens i les nenes i la manera en qu\u00e8 s&#8217;han de treballar per assolir-les. \u00a0Esperem que us ajudi a entendre la nova manera d&#8217;avaluar i aix\u00ed poder ajudar tamb\u00e9 als vostres fills i filles.<\/p>\n<p><a href=\"http:\/\/xtec.gencat.cat\/ca\/curriculum\/primaria\/competencies-basiques-ambits\/\">\u00c0rees, dimensions i compet\u00e8ncies<\/a><\/p>\n","protected":false},"excerpt":{"rendered":"<p>Aqu\u00ed teniu un document resum que serveix per orientar-nos una mica millor en l&#8217;avaluaci\u00f3 dels nostres infants. \u00a0Us pot ser molt \u00fatil perqu\u00e8 aix\u00ed podeu saber en tot moment quines compet\u00e8ncies han d&#8217;assolir els nens i les nenes i la manera en qu\u00e8 s&#8217;han de&hellip;  <a href=\"https:\/\/agora.xtec.cat\/ceip-paucasals-viladecans\/avaluacio-per-ambits-i-dimensions-orientacions\/\" title=\"Read Avaluaci\u00f3 per \u00e0mbits i dimensions &#8211; Orientacions\">Llegeix m\u00e9s\u00bb<\/a><\/p>\n","protected":false},"author":1,"featured_media":0,"parent":0,"menu_order":0,"comment_status":"closed","ping_status":"closed","template":"","meta":{"_bbp_topic_count":0,"_bbp_reply_count":0,"_bbp_total_topic_count":0,"_bbp_total_reply_count":0,"_bbp_voice_count":0,"_bbp_anonymous_reply_count":0,"_bbp_topic_count_hidden":0,"_bbp_reply_count_hidden":0,"_bbp_forum_subforum_count":0,"footnotes":""},"class_list":["post-809","page","type-page","status-publish","hentry"],"post_mailing_queue_ids":[],"_links":{"self":[{"href":"https:\/\/agora.xtec.cat\/ceip-paucasals-viladecans\/wp-json\/wp\/v2\/pages\/809","targetHints":{"allow":["GET"]}}],"collection":[{"href":"https:\/\/agora.xtec.cat\/ceip-paucasals-viladecans\/wp-json\/wp\/v2\/pages"}],"about":[{"href":"https:\/\/agora.xtec.cat\/ceip-paucasals-viladecans\/wp-json\/wp\/v2\/types\/page"}],"author":[{"embeddable":true,"href":"https:\/\/agora.xtec.cat\/ceip-paucasals-viladecans\/wp-json\/wp\/v2\/users\/1"}],"replies":[{"embeddable":true,"href":"https:\/\/agora.xtec.cat\/ceip-paucasals-viladecans\/wp-json\/wp\/v2\/comments?post=809"}],"version-history":[{"count":3,"href":"https:\/\/agora.xtec.cat\/ceip-paucasals-viladecans\/wp-json\/wp\/v2\/pages\/809\/revisions"}],"predecessor-version":[{"id":1234,"href":"https:\/\/agora.xtec.cat\/ceip-paucasals-viladecans\/wp-json\/wp\/v2\/pages\/809\/revisions\/1234"}],"wp:attachment":[{"href":"https:\/\/agora.xtec.cat\/ceip-paucasals-viladecans\/wp-json\/wp\/v2\/media?parent=809"}],"curies":[{"name":"wp","href":"https:\/\/api.w.org\/{rel}","templated":true}]}}