{"id":73,"date":"2014-09-18T14:01:51","date_gmt":"2014-09-18T13:01:51","guid":{"rendered":"http:\/\/agora.xtec.cat\/ceip-paucasals-viladecans\/?page_id=73"},"modified":"2026-03-20T11:01:08","modified_gmt":"2026-03-20T10:01:08","slug":"menjador-escolar","status":"publish","type":"page","link":"https:\/\/agora.xtec.cat\/ceip-paucasals-viladecans\/menjador-escolar\/","title":{"rendered":"Menjador escolar"},"content":{"rendered":"<h2 align=\"center\"><a href=\"https:\/\/agora.xtec.cat\/ceip-paucasals-viladecans\/wp-content\/uploads\/usu650\/2026\/03\/abril.jpg\"><img loading=\"lazy\" decoding=\"async\" class=\"alignnone size-large wp-image-3255\" src=\"https:\/\/agora.xtec.cat\/ceip-paucasals-viladecans\/wp-content\/uploads\/usu650\/2026\/03\/abril-1024x725.jpg\" alt=\"\" width=\"1024\" height=\"725\" srcset=\"https:\/\/agora.xtec.cat\/ceip-paucasals-viladecans\/wp-content\/uploads\/usu650\/2026\/03\/abril-1024x725.jpg 1024w, https:\/\/agora.xtec.cat\/ceip-paucasals-viladecans\/wp-content\/uploads\/usu650\/2026\/03\/abril-300x212.jpg 300w, https:\/\/agora.xtec.cat\/ceip-paucasals-viladecans\/wp-content\/uploads\/usu650\/2026\/03\/abril-768x543.jpg 768w, https:\/\/agora.xtec.cat\/ceip-paucasals-viladecans\/wp-content\/uploads\/usu650\/2026\/03\/abril-1536x1087.jpg 1536w, https:\/\/agora.xtec.cat\/ceip-paucasals-viladecans\/wp-content\/uploads\/usu650\/2026\/03\/abril.jpg 1754w\" sizes=\"auto, (max-width: 1024px) 100vw, 1024px\" \/><\/a><\/h2>\n<p><a href=\"https:\/\/agora.xtec.cat\/ceip-paucasals-viladecans\/wp-content\/uploads\/usu650\/2026\/03\/maig.jpg\"><img loading=\"lazy\" decoding=\"async\" class=\"size-large wp-image-3254 aligncenter\" src=\"https:\/\/agora.xtec.cat\/ceip-paucasals-viladecans\/wp-content\/uploads\/usu650\/2026\/03\/maig-1024x725.jpg\" alt=\"\" width=\"1024\" height=\"725\" srcset=\"https:\/\/agora.xtec.cat\/ceip-paucasals-viladecans\/wp-content\/uploads\/usu650\/2026\/03\/maig-1024x725.jpg 1024w, https:\/\/agora.xtec.cat\/ceip-paucasals-viladecans\/wp-content\/uploads\/usu650\/2026\/03\/maig-300x212.jpg 300w, https:\/\/agora.xtec.cat\/ceip-paucasals-viladecans\/wp-content\/uploads\/usu650\/2026\/03\/maig-768x543.jpg 768w, https:\/\/agora.xtec.cat\/ceip-paucasals-viladecans\/wp-content\/uploads\/usu650\/2026\/03\/maig-1536x1087.jpg 1536w, https:\/\/agora.xtec.cat\/ceip-paucasals-viladecans\/wp-content\/uploads\/usu650\/2026\/03\/maig.jpg 1754w\" sizes=\"auto, (max-width: 1024px) 100vw, 1024px\" \/><\/a><\/p>\n<p>&nbsp;<\/p>\n<h2 align=\"center\"><a href=\"https:\/\/agora.xtec.cat\/ceip-paucasals-viladecans\/wp-content\/uploads\/usu650\/2026\/03\/juny.jpg\"><img loading=\"lazy\" decoding=\"async\" class=\"alignnone size-large wp-image-3253\" src=\"https:\/\/agora.xtec.cat\/ceip-paucasals-viladecans\/wp-content\/uploads\/usu650\/2026\/03\/juny-1024x725.jpg\" alt=\"\" width=\"1024\" height=\"725\" srcset=\"https:\/\/agora.xtec.cat\/ceip-paucasals-viladecans\/wp-content\/uploads\/usu650\/2026\/03\/juny-1024x725.jpg 1024w, https:\/\/agora.xtec.cat\/ceip-paucasals-viladecans\/wp-content\/uploads\/usu650\/2026\/03\/juny-300x212.jpg 300w, https:\/\/agora.xtec.cat\/ceip-paucasals-viladecans\/wp-content\/uploads\/usu650\/2026\/03\/juny-768x543.jpg 768w, https:\/\/agora.xtec.cat\/ceip-paucasals-viladecans\/wp-content\/uploads\/usu650\/2026\/03\/juny-1536x1087.jpg 1536w, https:\/\/agora.xtec.cat\/ceip-paucasals-viladecans\/wp-content\/uploads\/usu650\/2026\/03\/juny.jpg 1754w\" sizes=\"auto, (max-width: 1024px) 100vw, 1024px\" \/><\/a><\/h2>\n<p style=\"text-align: center;\">\n<p style=\"text-align: center;\">\n<p style=\"text-align: center;\">\n<h3 style=\"text-align: center;\"><a href=\"https:\/\/drive.google.com\/file\/d\/1NN3PFBKN43aYSb5lZBau0e2Ge8zBm2zJ\/view?usp=sharing\">PAU CASALS NORMATIVA MENJADOR 2025-26<\/a><\/h3>\n<p style=\"text-align: center;\" align=\"center\"><span style=\"color: #ff0000; font-family: Arial, Helvetica, sans-serif; font-size: large;\">PREU MENJADOR\u00a0 \u00a0 \u00a0 \u00a0 \u00a0 \u00a0 \u00a0 \u00a0 \u00a0 \u00a0 \u00a0 \u00a0 \u00a0 \u00a0 \u00a0 \u00a0 \u00a0 \u00a0 \u00a0 \u00a0 \u00a0 \u00a0 \u00a0 \u00a0 \u00a0 \u00a0 \u00a0 \u00a0 \u00a0 \u00a0 \u00a0 \u00a0 \u00a0 \u00a0 \u00a0 \u00a0 \u00a0 \u00a0 \u00a0 \u00a0 \u00a0 \u00a0 \u00a0 \u00a0 \u00a0 \u00a0 \u00a0 \u00a0 \u00a0 \u00a0 \u00a0 \u00a0 \u00a0 PREU ACOLLIDA<\/span><\/p>\n<p align=\"center\"><span style=\"color: #6600ff; font-family: Arial, Helvetica, sans-serif; font-size: large;\">Alumnes fixos\/fixes: 7<u>,25 \u20ac\u00a0<\/u> \u00a0 \u00a0 \u00a0 \u00a0 \u00a0 \u00a0 \u00a0 \u00a0 \u00a0 \u00a0 \u00a0 \u00a0 \u00a0 \u00a0 \u00a0 \u00a0 \u00a0 \u00a0 Alumnes fixos\/fixes (3,4 \u00f3 5 dies):\u00a0 \u00a0 \u00a0 \u00a0 \u00a0 \u00a0 \u00a0<u>1,5 hores 50 \u20ac \/ mes<\/u><\/span><\/p>\n<p align=\"center\"><span style=\"color: #6600ff; font-family: Arial, Helvetica, sans-serif; font-size: large;\">\u00a0 \u00a0 \u00a0 \u00a0 \u00a0 \u00a0 \u00a0 \u00a0 \u00a0 \u00a0 \u00a0 \u00a0 \u00a0 \u00a0 \u00a0 \u00a0 \u00a0 \u00a0 \u00a0 \u00a0 \u00a0 \u00a0 \u00a0 \u00a0 \u00a0 \u00a0 \u00a0 \u00a0 \u00a0 \u00a0 \u00a0 \u00a0 \u00a0 \u00a0 \u00a0 \u00a0 \u00a0 \u00a0 \u00a0 \u00a0 \u00a0 \u00a0 \u00a0 \u00a0 \u00a0 \u00a0 \u00a0 \u00a0 \u00a0 \u00a0 \u00a0 \u00a0 \u00a0 \u00a0 \u00a0 \u00a0 \u00a0 \u00a0 \u00a0 \u00a0 \u00a0 \u00a0 \u00a0 \u00a0 \u00a0 \u00a0 \u00a0 \u00a0 \u00a0 \u00a0 \u00a0 \u00a0 \u00a0 \u00a0<u>1 hores 40,03 \u20ac \/ mes<\/u><\/span><\/p>\n<p align=\"center\"><span style=\"color: #6600ff; font-family: Arial, Helvetica, sans-serif; font-size: large;\">\u00a0 \u00a0 \u00a0 \u00a0 \u00a0 \u00a0 \u00a0 \u00a0 \u00a0 \u00a0 \u00a0 \u00a0 \u00a0 \u00a0 \u00a0 \u00a0 \u00a0 \u00a0 \u00a0 \u00a0 \u00a0 \u00a0 \u00a0 \u00a0 \u00a0 \u00a0 \u00a0 \u00a0 \u00a0 \u00a0 \u00a0 \u00a0 \u00a0 \u00a0 \u00a0 \u00a0 \u00a0 \u00a0 \u00a0 \u00a0 \u00a0 \u00a0 \u00a0 \u00a0 \u00a0 \u00a0 \u00a0 \u00a0 \u00a0 \u00a0 \u00a0 \u00a0 \u00a0 \u00a0 \u00a0 \u00a0 \u00a0 \u00a0 \u00a0 \u00a0 \u00a0 \u00a0 \u00a0 \u00a0 \u00a0 \u00a0 \u00a0 \u00a0 \u00a0 \u00a0 \u00a0 \u00a0 \u00a0 <u>1\/2 hora 26,93 \u20ac \/ mes<\/u><\/span><\/p>\n<p align=\"center\"><span style=\"color: #6600ff; font-family: Arial, Helvetica, sans-serif; font-size: large;\">Alumnes eventuals: 7<u>,98 \u20ac<\/u>\u00a0 \u00a0 \u00a0 \u00a0 \u00a0 \u00a0 \u00a0 \u00a0 \u00a0 \u00a0 \u00a0 \u00a0 \u00a0 \u00a0 \u00a0 \u00a0 \u00a0 \u00a0 Alumnes espor\u00e0dics\/ques: <u>1,5 hores 4,50 \u20ac\u00a0 1 hora 3,62 \u20ac\u00a0 \u00a01\/2 hora 2,59 \u20ac<\/u><\/span><\/p>\n<h2 style=\"text-align: center;\" align=\"center\"><span style=\"color: #ff0000; font-family: Arial, Helvetica, sans-serif;\">COORDINADORA DE MENJADOR &#8211; HORARI D&#8217;ATENCI\u00d3 A LES FAM\u00cdLIES<\/span><\/h2>\n<h4 style=\"text-align: center;\"><span style=\"font-family: Arial, Helvetica, sans-serif;\">De dilluns a divendres de 9 a 9:30<\/span><\/h4>\n<h2 style=\"text-align: center;\"><span style=\"font-family: Arial, Helvetica, sans-serif;\">Tel\u00e8fon: 663 81 60 76<\/span><\/h2>\n<p style=\"text-align: center;\"><a href=\"https:\/\/agora.xtec.cat\/ceip-paucasals-viladecans\/wp-content\/uploads\/usu650\/2024\/02\/FITXA-DEL-COMENSAL-1.pdf\">Fitxa d&#8217;inscripci\u00f3 al menjador AUSOLAN<\/a><\/p>\n<p style=\"text-align: center;\"><a href=\"https:\/\/agora.xtec.cat\/ceip-paucasals-viladecans\/wp-content\/uploads\/usu650\/2024\/02\/PRESENTACIO-APLICATIU-PAU-CASALS-1.pdf\">Plataforma on line &#8211; Servei Menjador Pau Casals (AUSOLAN)<\/a><\/p>\n<p style=\"text-align: center;\"><a href=\"https:\/\/agora.xtec.cat\/ceip-paucasals-viladecans\/wp-content\/uploads\/usu650\/2023\/09\/Comunicat-a-families-usuaries-espai-migdia-Escola-Pau-Casals.pdf\">Comunicat a fam\u00edlies usu\u00e0ries espai migdia Escola Pau Casals<\/a><\/p>\n<p style=\"text-align: center;\" align=\"center\"><span style=\"font-family: Geneva, Arial, Helvetica, san-serif;\"><a href=\"http:\/\/www.xtec.cat\/ceip-paucasals-viladecans\/INFORMACIO\/completa%20alimentacio.pdf\"><b>Recomanacions dieta equilibrada<\/b><\/a><\/span><\/p>\n<p align=\"center\">\u00a0<span style=\"color: #cc0000; font-family: Arial, Helvetica, sans-serif; font-size: x-large;\">P<span style=\"font-size: medium;\">AGAMENTS:<\/span><\/span><\/p>\n<p style=\"text-align: center;\" align=\"left\"><span style=\"color: #6600ff; font-family: Arial, Helvetica, sans-serif; font-size: medium;\"><u><span style=\"color: #006600;\">Alumnes eventuals<\/span><\/u><\/span><\/p>\n<p style=\"text-align: center;\" align=\"left\"><span style=\"color: #000000; font-family: Arial, Helvetica, sans-serif; font-size: medium;\">&#8211; Quan es vulgui fer \u00fas del servei cal avisar a la Marga, coordinadora del menjador, no m\u00e9s tard de les 9:30 del dia que s&#8217;hagi de quedar l&#8217;alumne\/a per l&#8217;aplicatiu de menjador d&#8217;Ausolan.<\/span><\/p>\n<hr \/>\n<blockquote>\n<p style=\"text-align: center;\" align=\"left\">\u00a0<em>Segons disposa el punt 6.1. d) de la Resoluci\u00f3 ENS\/603\/2018 de 27 de mar\u00e7, per la qual s\u2019aproven les normes de preinscripci\u00f3 i matr\u00edcula d\u2019alumnes als centres del Servei d\u2019Educaci\u00f3 de Catalunya i altres centres educatius, en els diversos ensenyaments sostinguts amb fons p\u00fablics, per al curs 2018-2019, el nostre centre garanteix la disponibilitat de men\u00fas especials per malalties cr\u00f2niques del sistema digestiu, endocr\u00ed o metab\u00f2lic.<\/em><\/p>\n<\/blockquote>\n","protected":false},"excerpt":{"rendered":"<p><a href=\"https:\/\/agora.xtec.cat\/ceip-paucasals-viladecans\/wp-content\/uploads\/usu650\/2026\/03\/abril.jpg\"><\/a><br \/>\n<a href=\"https:\/\/agora.xtec.cat\/ceip-paucasals-viladecans\/wp-content\/uploads\/usu650\/2026\/03\/maig.jpg\"><\/a><br \/>\n&nbsp;<br \/>\n<a href=\"https:\/\/agora.xtec.cat\/ceip-paucasals-viladecans\/wp-content\/uploads\/usu650\/2026\/03\/juny.jpg\"><\/a><\/p>\n<p><a href=\"https:\/\/drive.google.com\/file\/d\/1NN3PFBKN43aYSb5lZBau0e2Ge8zBm2zJ\/view?usp=sharing\">PAU CASALS NORMATIVA MENJADOR 2025-26<\/a><br \/>\nPREU MENJADOR\u00a0 \u00a0 \u00a0 \u00a0 \u00a0 \u00a0 \u00a0 \u00a0 \u00a0 \u00a0 \u00a0 \u00a0 \u00a0 \u00a0 \u00a0 \u00a0 \u00a0 \u00a0 \u00a0 \u00a0 \u00a0 \u00a0 \u00a0 \u00a0 \u00a0 \u00a0 \u00a0 \u00a0 \u00a0 \u00a0 \u00a0 \u00a0 \u00a0 \u00a0 \u00a0 \u00a0&hellip;  <a href=\"https:\/\/agora.xtec.cat\/ceip-paucasals-viladecans\/menjador-escolar\/\" title=\"Read Menjador escolar\">Llegeix m\u00e9s\u00bb<\/a><\/p>\n","protected":false},"author":1,"featured_media":0,"parent":0,"menu_order":30,"comment_status":"closed","ping_status":"closed","template":"page-templates\/side-menu.php","meta":{"_bbp_topic_count":0,"_bbp_reply_count":0,"_bbp_total_topic_count":0,"_bbp_total_reply_count":0,"_bbp_voice_count":0,"_bbp_anonymous_reply_count":0,"_bbp_topic_count_hidden":0,"_bbp_reply_count_hidden":0,"_bbp_forum_subforum_count":0,"footnotes":""},"class_list":["post-73","page","type-page","status-publish","hentry"],"post_mailing_queue_ids":[],"_links":{"self":[{"href":"https:\/\/agora.xtec.cat\/ceip-paucasals-viladecans\/wp-json\/wp\/v2\/pages\/73","targetHints":{"allow":["GET"]}}],"collection":[{"href":"https:\/\/agora.xtec.cat\/ceip-paucasals-viladecans\/wp-json\/wp\/v2\/pages"}],"about":[{"href":"https:\/\/agora.xtec.cat\/ceip-paucasals-viladecans\/wp-json\/wp\/v2\/types\/page"}],"author":[{"embeddable":true,"href":"https:\/\/agora.xtec.cat\/ceip-paucasals-viladecans\/wp-json\/wp\/v2\/users\/1"}],"replies":[{"embeddable":true,"href":"https:\/\/agora.xtec.cat\/ceip-paucasals-viladecans\/wp-json\/wp\/v2\/comments?post=73"}],"version-history":[{"count":6,"href":"https:\/\/agora.xtec.cat\/ceip-paucasals-viladecans\/wp-json\/wp\/v2\/pages\/73\/revisions"}],"predecessor-version":[{"id":3256,"href":"https:\/\/agora.xtec.cat\/ceip-paucasals-viladecans\/wp-json\/wp\/v2\/pages\/73\/revisions\/3256"}],"wp:attachment":[{"href":"https:\/\/agora.xtec.cat\/ceip-paucasals-viladecans\/wp-json\/wp\/v2\/media?parent=73"}],"curies":[{"name":"wp","href":"https:\/\/api.w.org\/{rel}","templated":true}]}}