{"id":7,"date":"2014-09-17T15:07:41","date_gmt":"2014-09-17T14:07:41","guid":{"rendered":"http:\/\/agora.xtec.cat\/ceip-paucasals-viladecans\/?page_id=7"},"modified":"2026-04-15T13:00:56","modified_gmt":"2026-04-15T11:00:56","slug":"pagines-dinici","status":"publish","type":"page","link":"https:\/\/agora.xtec.cat\/ceip-paucasals-viladecans\/","title":{"rendered":"Pau Casals, algunes de les seves meravelloses frases &#8230;"},"content":{"rendered":"<div><\/div>\n<h3 style=\"text-align: center;\"><span style=\"color: #33cccc;\"><a style=\"color: #33cccc;\" href=\"https:\/\/agora.xtec.cat\/ceip-paucasals-viladecans\/wp-content\/uploads\/usu650\/2026\/04\/INFORME_BAREM_PROVISIONAL_BAREM.pdf\">15\/04\/26 NOU: PREINSCRIPCI\u00d3 &#8211; BAREM PROVISIONAL<\/a><\/span><\/h3>\n<div style=\"width: 100%; text-align: center;\">\n<h3><a href=\"https:\/\/agora.xtec.cat\/ceip-paucasals-viladecans\/wp-content\/uploads\/usu650\/2026\/03\/INFORME_OFERTA_OME_INFORME_OFERTA.pdf\">Oferta definitiva places &#8211; 03\/03\/26<\/a><\/h3>\n<h3><strong><span style=\"color: #ff00ff;\">JORNADA DE PORTES OBERTES, VA SER D<\/span><span style=\"color: #ff00ff;\">ILLUNS, 23 DE FEBRER, A SOTA INFORMACIONS IMPORTANTS A TENIR PRESENTS PROC\u00c9S PREINSCRIPCI\u00d3 I MATR\u00cdCULA:<\/span><\/strong><\/h3>\n<table style=\"border-collapse: collapse; width: 100%; height: 1285px;\">\n<tbody>\n<tr style=\"height: 668px;\">\n<td style=\"width: 50%; height: 668px;\"><a href=\"https:\/\/agora.xtec.cat\/ceip-paucasals-viladecans\/wp-content\/uploads\/usu650\/2026\/02\/WhatsApp-Image-2026-02-26-at-11.32.13-1.jpeg\"><img loading=\"lazy\" decoding=\"async\" class=\"alignnone wp-image-3221\" src=\"https:\/\/agora.xtec.cat\/ceip-paucasals-viladecans\/wp-content\/uploads\/usu650\/2026\/02\/WhatsApp-Image-2026-02-26-at-11.32.13-1-572x1024.jpeg\" alt=\"\" width=\"363\" height=\"650\" srcset=\"https:\/\/agora.xtec.cat\/ceip-paucasals-viladecans\/wp-content\/uploads\/usu650\/2026\/02\/WhatsApp-Image-2026-02-26-at-11.32.13-1-572x1024.jpeg 572w, https:\/\/agora.xtec.cat\/ceip-paucasals-viladecans\/wp-content\/uploads\/usu650\/2026\/02\/WhatsApp-Image-2026-02-26-at-11.32.13-1-167x300.jpeg 167w, https:\/\/agora.xtec.cat\/ceip-paucasals-viladecans\/wp-content\/uploads\/usu650\/2026\/02\/WhatsApp-Image-2026-02-26-at-11.32.13-1-768x1376.jpeg 768w, https:\/\/agora.xtec.cat\/ceip-paucasals-viladecans\/wp-content\/uploads\/usu650\/2026\/02\/WhatsApp-Image-2026-02-26-at-11.32.13-1-857x1536.jpeg 857w, https:\/\/agora.xtec.cat\/ceip-paucasals-viladecans\/wp-content\/uploads\/usu650\/2026\/02\/WhatsApp-Image-2026-02-26-at-11.32.13-1.jpeg 893w\" sizes=\"auto, (max-width: 363px) 100vw, 363px\" \/><\/a><\/td>\n<td style=\"width: 50%; height: 668px;\"><a href=\"https:\/\/agora.xtec.cat\/ceip-paucasals-viladecans\/wp-content\/uploads\/usu650\/2026\/02\/WhatsApp-Image-2026-02-26-at-11.32.13.jpeg\"><img loading=\"lazy\" decoding=\"async\" class=\"alignnone wp-image-3222\" src=\"https:\/\/agora.xtec.cat\/ceip-paucasals-viladecans\/wp-content\/uploads\/usu650\/2026\/02\/WhatsApp-Image-2026-02-26-at-11.32.13-572x1024.jpeg\" alt=\"\" width=\"378\" height=\"677\" srcset=\"https:\/\/agora.xtec.cat\/ceip-paucasals-viladecans\/wp-content\/uploads\/usu650\/2026\/02\/WhatsApp-Image-2026-02-26-at-11.32.13-572x1024.jpeg 572w, https:\/\/agora.xtec.cat\/ceip-paucasals-viladecans\/wp-content\/uploads\/usu650\/2026\/02\/WhatsApp-Image-2026-02-26-at-11.32.13-167x300.jpeg 167w, https:\/\/agora.xtec.cat\/ceip-paucasals-viladecans\/wp-content\/uploads\/usu650\/2026\/02\/WhatsApp-Image-2026-02-26-at-11.32.13-768x1376.jpeg 768w, https:\/\/agora.xtec.cat\/ceip-paucasals-viladecans\/wp-content\/uploads\/usu650\/2026\/02\/WhatsApp-Image-2026-02-26-at-11.32.13-857x1536.jpeg 857w, https:\/\/agora.xtec.cat\/ceip-paucasals-viladecans\/wp-content\/uploads\/usu650\/2026\/02\/WhatsApp-Image-2026-02-26-at-11.32.13.jpeg 893w\" sizes=\"auto, (max-width: 378px) 100vw, 378px\" \/><\/a><\/td>\n<\/tr>\n<tr style=\"height: 617px;\">\n<td style=\"width: 50%; height: 617px;\"><a href=\"https:\/\/agora.xtec.cat\/ceip-paucasals-viladecans\/wp-content\/uploads\/usu650\/2026\/02\/WhatsApp-Image-2026-02-26-at-11.32.12-1.jpeg\"><img loading=\"lazy\" decoding=\"async\" class=\"alignnone size-large wp-image-3223\" src=\"https:\/\/agora.xtec.cat\/ceip-paucasals-viladecans\/wp-content\/uploads\/usu650\/2026\/02\/WhatsApp-Image-2026-02-26-at-11.32.12-1-1024x572.jpeg\" alt=\"\" width=\"1024\" height=\"572\" srcset=\"https:\/\/agora.xtec.cat\/ceip-paucasals-viladecans\/wp-content\/uploads\/usu650\/2026\/02\/WhatsApp-Image-2026-02-26-at-11.32.12-1-1024x572.jpeg 1024w, https:\/\/agora.xtec.cat\/ceip-paucasals-viladecans\/wp-content\/uploads\/usu650\/2026\/02\/WhatsApp-Image-2026-02-26-at-11.32.12-1-300x167.jpeg 300w, https:\/\/agora.xtec.cat\/ceip-paucasals-viladecans\/wp-content\/uploads\/usu650\/2026\/02\/WhatsApp-Image-2026-02-26-at-11.32.12-1-768x429.jpeg 768w, https:\/\/agora.xtec.cat\/ceip-paucasals-viladecans\/wp-content\/uploads\/usu650\/2026\/02\/WhatsApp-Image-2026-02-26-at-11.32.12-1-1536x857.jpeg 1536w, https:\/\/agora.xtec.cat\/ceip-paucasals-viladecans\/wp-content\/uploads\/usu650\/2026\/02\/WhatsApp-Image-2026-02-26-at-11.32.12-1.jpeg 1600w\" sizes=\"auto, (max-width: 1024px) 100vw, 1024px\" \/><\/a><\/td>\n<td style=\"width: 50%; height: 617px;\"><a href=\"https:\/\/agora.xtec.cat\/ceip-paucasals-viladecans\/wp-content\/uploads\/usu650\/2026\/02\/WhatsApp-Image-2026-02-26-at-11.32.12.jpeg\"><img loading=\"lazy\" decoding=\"async\" class=\"alignnone wp-image-3224\" src=\"https:\/\/agora.xtec.cat\/ceip-paucasals-viladecans\/wp-content\/uploads\/usu650\/2026\/02\/WhatsApp-Image-2026-02-26-at-11.32.12-572x1024.jpeg\" alt=\"\" width=\"366\" height=\"656\" srcset=\"https:\/\/agora.xtec.cat\/ceip-paucasals-viladecans\/wp-content\/uploads\/usu650\/2026\/02\/WhatsApp-Image-2026-02-26-at-11.32.12-572x1024.jpeg 572w, https:\/\/agora.xtec.cat\/ceip-paucasals-viladecans\/wp-content\/uploads\/usu650\/2026\/02\/WhatsApp-Image-2026-02-26-at-11.32.12-167x300.jpeg 167w, https:\/\/agora.xtec.cat\/ceip-paucasals-viladecans\/wp-content\/uploads\/usu650\/2026\/02\/WhatsApp-Image-2026-02-26-at-11.32.12-768x1376.jpeg 768w, https:\/\/agora.xtec.cat\/ceip-paucasals-viladecans\/wp-content\/uploads\/usu650\/2026\/02\/WhatsApp-Image-2026-02-26-at-11.32.12-857x1536.jpeg 857w, https:\/\/agora.xtec.cat\/ceip-paucasals-viladecans\/wp-content\/uploads\/usu650\/2026\/02\/WhatsApp-Image-2026-02-26-at-11.32.12.jpeg 893w\" sizes=\"auto, (max-width: 366px) 100vw, 366px\" \/><\/a><\/td>\n<\/tr>\n<\/tbody>\n<\/table>\n<p><a href=\"https:\/\/agora.xtec.cat\/ceip-paucasals-viladecans\/wp-content\/uploads\/usu650\/2026\/02\/Captura-de-pantalla-2026-02-23-111518.png\"><img loading=\"lazy\" decoding=\"async\" class=\"alignnone wp-image-3209 size-large\" src=\"https:\/\/agora.xtec.cat\/ceip-paucasals-viladecans\/wp-content\/uploads\/usu650\/2026\/02\/Captura-de-pantalla-2026-02-23-111518-1024x427.png\" alt=\"\" width=\"1024\" height=\"427\" srcset=\"https:\/\/agora.xtec.cat\/ceip-paucasals-viladecans\/wp-content\/uploads\/usu650\/2026\/02\/Captura-de-pantalla-2026-02-23-111518-1024x427.png 1024w, https:\/\/agora.xtec.cat\/ceip-paucasals-viladecans\/wp-content\/uploads\/usu650\/2026\/02\/Captura-de-pantalla-2026-02-23-111518-300x125.png 300w, https:\/\/agora.xtec.cat\/ceip-paucasals-viladecans\/wp-content\/uploads\/usu650\/2026\/02\/Captura-de-pantalla-2026-02-23-111518-768x320.png 768w, https:\/\/agora.xtec.cat\/ceip-paucasals-viladecans\/wp-content\/uploads\/usu650\/2026\/02\/Captura-de-pantalla-2026-02-23-111518.png 1101w\" sizes=\"auto, (max-width: 1024px) 100vw, 1024px\" \/><\/a><\/p>\n<\/div>\n<div style=\"width: 100%;\">\n<div style=\"width: 100%;\">\n<div style=\"position: relative; padding-bottom: 56.25%; padding-top: 0; height: 0;\"><iframe loading=\"lazy\" style=\"position: absolute; top: 0; left: 0; width: 100%; height: 100%;\" title=\"DIRECTORI - ESCOLA PAU CASALS\" src=\"https:\/\/view.genially.com\/6094f4df2e2ba00d84d48be7\" width=\"1200\" height=\"675\" frameborder=\"0\" scrolling=\"yes\" allowfullscreen=\"allowfullscreen\"><\/iframe><\/div>\n<\/div>\n<h2><\/h2>\n<h2 style=\"text-align: center;\"><span style=\"color: #cc99ff;\"><a style=\"color: #cc99ff;\" href=\"https:\/\/drive.google.com\/file\/d\/17SjWCljiPVNW2EHn03C5hDYbvVeCWPD8\/view?usp=sharing\">\u00a0Moments del Concert d&#8217;hivern<\/a><\/span><\/h2>\n<h2 style=\"text-align: center;\"><strong><a href=\"https:\/\/www.instagram.com\/escolapaucasalsviladecans\/\">Segueix-nos AQU\u00cd per <span style=\"color: #00ccff;\">INSTAGRAM<\/span><\/a><\/strong><\/h2>\n<h2 style=\"text-align: center;\"><span style=\"color: #3366ff;\"><strong><a style=\"color: #3366ff;\" href=\"https:\/\/drive.google.com\/file\/d\/1V8f-gAeAR42KYyCqQQpGRkL8axHifOGf\/view?usp=share_link\">Coneix la nostra Escola &#8211; V\u00eddeo &#8211; Gener 2026<\/a><\/strong><\/span><\/h2>\n<h2 style=\"text-align: center;\"><a href=\"https:\/\/drive.google.com\/file\/d\/11R5JpY_UJ-4BputI6hdqKDWe4FUrFQZ8\/view?usp=sharing\"><span style=\"color: #ff00ff;\">Calendari curs 2025-2026<\/span><\/a><\/h2>\n<h2 style=\"text-align: center;\"><strong><a href=\"https:\/\/agricultura.gencat.cat\/ca\/ambits\/alimentacio\/promocio-agroalimentaria\/fruita-llet-escoles\/\">Programa Fruita i llet a les escoles &#8211; Informaci\u00f3<\/a><\/strong><\/h2>\n<h2 style=\"text-align: center;\"><span style=\"color: #ff00ff;\">NOU TEL\u00c8FON ESCOLA: 93 513 95 74 \/ 666 42 99 39<\/span><\/h2>\n<h4><\/h4>\n<h4 style=\"text-align: center;\"><span style=\"color: #3366ff;\"><strong><em>&#8220;L&#8217;infant ha de saber que ell \u00e9s un miracle, que des del principi del m\u00f3n no hi ha hagut ni fins al final del m\u00f3n no hi haur\u00e0, un altre infant com ell&#8221;\u00a0 \u00a0 \u00a0 Pau Casals<\/em><\/strong><\/span><\/h4>\n<p style=\"text-align: center;\"><span style=\"color: #008080;\">La nostra escola t\u00e9 el nom d&#8217;un m\u00fasic universal conegut arreu del m\u00f3n i lluitador incansable per la pau i l&#8217;educaci\u00f3.\u00a0<\/span><\/p>\n<p style=\"text-align: center;\"><span style=\"color: #008080;\"> Ben orgullosos de tenir-lo tan present !<\/span><\/p>\n<\/div>\n","protected":false},"excerpt":{"rendered":"<p><a style=\"color: #33cccc;\" href=\"https:\/\/agora.xtec.cat\/ceip-paucasals-viladecans\/wp-content\/uploads\/usu650\/2026\/04\/INFORME_BAREM_PROVISIONAL_BAREM.pdf\">15\/04\/26 NOU: PREINSCRIPCI\u00d3 &#8211; BAREM PROVISIONAL<\/a><\/p>\n<p><a href=\"https:\/\/agora.xtec.cat\/ceip-paucasals-viladecans\/wp-content\/uploads\/usu650\/2026\/03\/INFORME_OFERTA_OME_INFORME_OFERTA.pdf\">Oferta definitiva places &#8211; 03\/03\/26<\/a><br \/>\nJORNADA DE PORTES OBERTES, VA SER DILLUNS, 23 DE FEBRER, A SOTA INFORMACIONS IMPORTANTS A TENIR PRESENTS PROC\u00c9S PREINSCRIPCI\u00d3 I MATR\u00cdCULA:<\/p>\n<p><a href=\"https:\/\/agora.xtec.cat\/ceip-paucasals-viladecans\/wp-content\/uploads\/usu650\/2026\/02\/WhatsApp-Image-2026-02-26-at-11.32.13-1.jpeg\"><\/a><br \/>\n<a href=\"https:\/\/agora.xtec.cat\/ceip-paucasals-viladecans\/wp-content\/uploads\/usu650\/2026\/02\/WhatsApp-Image-2026-02-26-at-11.32.13.jpeg\"><\/a><\/p>\n<p><a href=\"https:\/\/agora.xtec.cat\/ceip-paucasals-viladecans\/wp-content\/uploads\/usu650\/2026\/02\/WhatsApp-Image-2026-02-26-at-11.32.12-1.jpeg\"><\/a><br \/>\n<a href=\"https:\/\/agora.xtec.cat\/ceip-paucasals-viladecans\/wp-content\/uploads\/usu650\/2026\/02\/WhatsApp-Image-2026-02-26-at-11.32.12.jpeg\"><\/a><\/p>\n<p><a href=\"https:\/\/agora.xtec.cat\/ceip-paucasals-viladecans\/wp-content\/uploads\/usu650\/2026\/02\/Captura-de-pantalla-2026-02-23-111518.png\"><\/a><\/p>\n<p><a style=\"color: #cc99ff;\" href=\"https:\/\/drive.google.com\/file\/d\/17SjWCljiPVNW2EHn03C5hDYbvVeCWPD8\/view?usp=sharing\">\u00a0Moments del Concert d&#8217;hivern<\/a><br \/>\n<a&hellip;  <a href=\"https:\/\/agora.xtec.cat\/ceip-paucasals-viladecans\/\" title=\"Read Pau Casals, algunes de les seves meravelloses frases &#8230;\">Llegeix m\u00e9s\u00bb<\/a><\/p>\n","protected":false},"author":1,"featured_media":0,"parent":0,"menu_order":0,"comment_status":"closed","ping_status":"closed","template":"page-templates\/front-page.php","meta":{"_bbp_topic_count":0,"_bbp_reply_count":0,"_bbp_total_topic_count":0,"_bbp_total_reply_count":0,"_bbp_voice_count":0,"_bbp_anonymous_reply_count":0,"_bbp_topic_count_hidden":0,"_bbp_reply_count_hidden":0,"_bbp_forum_subforum_count":0,"footnotes":""},"class_list":["post-7","page","type-page","status-publish","hentry"],"post_mailing_queue_ids":[],"_links":{"self":[{"href":"https:\/\/agora.xtec.cat\/ceip-paucasals-viladecans\/wp-json\/wp\/v2\/pages\/7","targetHints":{"allow":["GET"]}}],"collection":[{"href":"https:\/\/agora.xtec.cat\/ceip-paucasals-viladecans\/wp-json\/wp\/v2\/pages"}],"about":[{"href":"https:\/\/agora.xtec.cat\/ceip-paucasals-viladecans\/wp-json\/wp\/v2\/types\/page"}],"author":[{"embeddable":true,"href":"https:\/\/agora.xtec.cat\/ceip-paucasals-viladecans\/wp-json\/wp\/v2\/users\/1"}],"replies":[{"embeddable":true,"href":"https:\/\/agora.xtec.cat\/ceip-paucasals-viladecans\/wp-json\/wp\/v2\/comments?post=7"}],"version-history":[{"count":6,"href":"https:\/\/agora.xtec.cat\/ceip-paucasals-viladecans\/wp-json\/wp\/v2\/pages\/7\/revisions"}],"predecessor-version":[{"id":3277,"href":"https:\/\/agora.xtec.cat\/ceip-paucasals-viladecans\/wp-json\/wp\/v2\/pages\/7\/revisions\/3277"}],"wp:attachment":[{"href":"https:\/\/agora.xtec.cat\/ceip-paucasals-viladecans\/wp-json\/wp\/v2\/media?parent=7"}],"curies":[{"name":"wp","href":"https:\/\/api.w.org\/{rel}","templated":true}]}}