{"id":615,"date":"2020-01-28T11:53:46","date_gmt":"2020-01-28T10:53:46","guid":{"rendered":"http:\/\/agora.xtec.cat\/ceip-paucasals-viladecans\/?page_id=615"},"modified":"2020-02-04T16:39:01","modified_gmt":"2020-02-04T15:39:01","slug":"lorella-den-pau-casals-contaminacio-acustica","status":"publish","type":"page","link":"https:\/\/agora.xtec.cat\/ceip-paucasals-viladecans\/lorella-den-pau-casals-contaminacio-acustica\/","title":{"rendered":"L&#8217;orella d&#8217;en Pau Casals &#8211; Contaminaci\u00f3 ac\u00fastica"},"content":{"rendered":"<p>Hola a tothom,<\/p>\n<p>Volem presentar-vos un dels nostres projectes relacionats amb la nostra lluita per la millora del medi ambient, aquest projecte va rebre un premi al Certamen internacional &#8220;CIENCIA EN ACCI\u00d3N&#8221;, us el deixem enlla\u00e7at a la imatge de sota perqu\u00e8 pugueu veure totes les accions en les que estem immersos\/es a l&#8217;escola.\u00a0 \u00c9s un projecte de continu\u00eftat i volem aprofitar per donar les gr\u00e0cies a totes aquelles persones que han portat pilotes de tennis per reciclar-les i reduir el soroll de taules i cadires de TOTA l&#8217;escola&#8230; GR\u00c0CIES A TOTHOM PER LA SEVA IMPLICACI\u00d3 !!!<\/p>\n<h3 style=\"text-align: center;\"><span style=\"color: #33cccc;\"><a style=\"color: #33cccc;\" href=\"https:\/\/agora.xtec.cat\/ceip-paucasals-viladecans\/general\/viladecans-cat-lescola-cuida-la-seva-oida\/\"><span style=\"color: #ff6600;\">L&#8217;escola Pau Casals cuida de la seva o\u00efda<\/span><\/a><\/span><\/h3>\n<p><a href=\"https:\/\/drive.google.com\/drive\/folders\/1n-HennARIpbP7f8rNS7XFlDJIR3Zvc1Y\"><img loading=\"lazy\" decoding=\"async\" class=\"aligncenter wp-image-1522 size-full\" src=\"https:\/\/agora.xtec.cat\/ceip-paucasals-viladecans\/wp-content\/uploads\/usu650\/2020\/01\/Orella-Pau-Casals.png\" alt=\"\" width=\"275\" height=\"390\" srcset=\"https:\/\/agora.xtec.cat\/ceip-paucasals-viladecans\/wp-content\/uploads\/usu650\/2020\/01\/Orella-Pau-Casals.png 275w, https:\/\/agora.xtec.cat\/ceip-paucasals-viladecans\/wp-content\/uploads\/usu650\/2020\/01\/Orella-Pau-Casals-212x300.png 212w\" sizes=\"auto, (max-width: 275px) 100vw, 275px\" \/><\/a><\/p>\n","protected":false},"excerpt":{"rendered":"<p>Hola a tothom,<br \/>\nVolem presentar-vos un dels nostres projectes relacionats amb la nostra lluita per la millora del medi ambient, aquest projecte va rebre un premi al Certamen internacional &#8220;CIENCIA EN ACCI\u00d3N&#8221;, us el deixem enlla\u00e7at a la imatge de sota perqu\u00e8 pugueu veure totes les&hellip;  <a href=\"https:\/\/agora.xtec.cat\/ceip-paucasals-viladecans\/lorella-den-pau-casals-contaminacio-acustica\/\" title=\"Read L&#8217;orella d&#8217;en Pau Casals &#8211; Contaminaci\u00f3 ac\u00fastica\">Llegeix m\u00e9s\u00bb<\/a><\/p>\n","protected":false},"author":1,"featured_media":0,"parent":0,"menu_order":0,"comment_status":"closed","ping_status":"closed","template":"","meta":{"_bbp_topic_count":0,"_bbp_reply_count":0,"_bbp_total_topic_count":0,"_bbp_total_reply_count":0,"_bbp_voice_count":0,"_bbp_anonymous_reply_count":0,"_bbp_topic_count_hidden":0,"_bbp_reply_count_hidden":0,"_bbp_forum_subforum_count":0,"footnotes":""},"class_list":["post-615","page","type-page","status-publish","hentry"],"post_mailing_queue_ids":[],"_links":{"self":[{"href":"https:\/\/agora.xtec.cat\/ceip-paucasals-viladecans\/wp-json\/wp\/v2\/pages\/615","targetHints":{"allow":["GET"]}}],"collection":[{"href":"https:\/\/agora.xtec.cat\/ceip-paucasals-viladecans\/wp-json\/wp\/v2\/pages"}],"about":[{"href":"https:\/\/agora.xtec.cat\/ceip-paucasals-viladecans\/wp-json\/wp\/v2\/types\/page"}],"author":[{"embeddable":true,"href":"https:\/\/agora.xtec.cat\/ceip-paucasals-viladecans\/wp-json\/wp\/v2\/users\/1"}],"replies":[{"embeddable":true,"href":"https:\/\/agora.xtec.cat\/ceip-paucasals-viladecans\/wp-json\/wp\/v2\/comments?post=615"}],"version-history":[{"count":3,"href":"https:\/\/agora.xtec.cat\/ceip-paucasals-viladecans\/wp-json\/wp\/v2\/pages\/615\/revisions"}],"predecessor-version":[{"id":1605,"href":"https:\/\/agora.xtec.cat\/ceip-paucasals-viladecans\/wp-json\/wp\/v2\/pages\/615\/revisions\/1605"}],"wp:attachment":[{"href":"https:\/\/agora.xtec.cat\/ceip-paucasals-viladecans\/wp-json\/wp\/v2\/media?parent=615"}],"curies":[{"name":"wp","href":"https:\/\/api.w.org\/{rel}","templated":true}]}}