{"id":36,"date":"2014-09-18T12:33:11","date_gmt":"2014-09-18T11:33:11","guid":{"rendered":"http:\/\/agora.xtec.cat\/ceip-paucasals-viladecans\/?page_id=36"},"modified":"2019-10-30T11:22:00","modified_gmt":"2019-10-30T10:22:00","slug":"material-escolar-2","status":"publish","type":"page","link":"https:\/\/agora.xtec.cat\/ceip-paucasals-viladecans\/material-escolar-2\/","title":{"rendered":"Timbre musical &#8211; Blog"},"content":{"rendered":"<p>Aqu\u00ed trobareu l&#8217;enlla\u00e7 al blog del timbre musical, podreu con\u00e8ixer millor la can\u00e7\u00f3 que sona pels altaveus a l&#8217;entrada, a la sortida i als canvis de classe&#8230; Sabreu m\u00e9s coses de l&#8217;autor de la can\u00e7\u00f3 o pe\u00e7a musical que sona, compositor o compositora, lletra de la can\u00e7\u00f3 per si us la voleu aprendre&#8230; Motiu pel qual s&#8217;ha seleccionat aquesta m\u00fasica durant aquella setmana, etc&#8230;\u00a0 Us animem a que ens visiteu i a que canteu amb nosaltres !!\u00a0 Gaudiu molt !!!<\/p>\n<p>Aqu\u00ed teniu l&#8217;enlla\u00e7 al s\u00faper blog del TIMBRE MUSICAL:<\/p>\n<h2 style=\"text-align: center;\"><span style=\"color: #ff00ff;\"><a style=\"color: #ff00ff;\" href=\"https:\/\/blocs.xtec.cat\/timbremusical\/2019\/10\/28\/benvinguts-al-bloc-del-timbre-musical\/\">S\u00faper blog del TIMBRE MUSICAL<\/a><\/span><\/h2>\n<p>&nbsp;<\/p>\n<h3 style=\"text-align: center;\"><\/h3>\n","protected":false},"excerpt":{"rendered":"<p>Aqu\u00ed trobareu l&#8217;enlla\u00e7 al blog del timbre musical, podreu con\u00e8ixer millor la can\u00e7\u00f3 que sona pels altaveus a l&#8217;entrada, a la sortida i als canvis de classe&#8230; Sabreu m\u00e9s coses de l&#8217;autor de la can\u00e7\u00f3 o pe\u00e7a musical que sona, compositor o compositora, lletra de&hellip;  <a href=\"https:\/\/agora.xtec.cat\/ceip-paucasals-viladecans\/material-escolar-2\/\" title=\"Read Timbre musical &#8211; Blog\">Llegeix m\u00e9s\u00bb<\/a><\/p>\n","protected":false},"author":1,"featured_media":0,"parent":0,"menu_order":70,"comment_status":"closed","ping_status":"closed","template":"page-templates\/side-menu.php","meta":{"_bbp_topic_count":0,"_bbp_reply_count":0,"_bbp_total_topic_count":0,"_bbp_total_reply_count":0,"_bbp_voice_count":0,"_bbp_anonymous_reply_count":0,"_bbp_topic_count_hidden":0,"_bbp_reply_count_hidden":0,"_bbp_forum_subforum_count":0,"footnotes":""},"class_list":["post-36","page","type-page","status-publish","hentry"],"post_mailing_queue_ids":[],"_links":{"self":[{"href":"https:\/\/agora.xtec.cat\/ceip-paucasals-viladecans\/wp-json\/wp\/v2\/pages\/36","targetHints":{"allow":["GET"]}}],"collection":[{"href":"https:\/\/agora.xtec.cat\/ceip-paucasals-viladecans\/wp-json\/wp\/v2\/pages"}],"about":[{"href":"https:\/\/agora.xtec.cat\/ceip-paucasals-viladecans\/wp-json\/wp\/v2\/types\/page"}],"author":[{"embeddable":true,"href":"https:\/\/agora.xtec.cat\/ceip-paucasals-viladecans\/wp-json\/wp\/v2\/users\/1"}],"replies":[{"embeddable":true,"href":"https:\/\/agora.xtec.cat\/ceip-paucasals-viladecans\/wp-json\/wp\/v2\/comments?post=36"}],"version-history":[{"count":3,"href":"https:\/\/agora.xtec.cat\/ceip-paucasals-viladecans\/wp-json\/wp\/v2\/pages\/36\/revisions"}],"predecessor-version":[{"id":1463,"href":"https:\/\/agora.xtec.cat\/ceip-paucasals-viladecans\/wp-json\/wp\/v2\/pages\/36\/revisions\/1463"}],"wp:attachment":[{"href":"https:\/\/agora.xtec.cat\/ceip-paucasals-viladecans\/wp-json\/wp\/v2\/media?parent=36"}],"curies":[{"name":"wp","href":"https:\/\/api.w.org\/{rel}","templated":true}]}}