{"id":1662,"date":"2020-02-13T13:54:28","date_gmt":"2020-02-13T12:54:28","guid":{"rendered":"http:\/\/agora.xtec.cat\/ceip-paucasals-viladecans\/?page_id=1662"},"modified":"2020-02-13T14:01:49","modified_gmt":"2020-02-13T13:01:49","slug":"trets-didentitat","status":"publish","type":"page","link":"https:\/\/agora.xtec.cat\/ceip-paucasals-viladecans\/trets-didentitat\/","title":{"rendered":"TRETS D&#8217;IDENTITAT"},"content":{"rendered":"<p><strong><img loading=\"lazy\" decoding=\"async\" class=\"alignleft size-medium wp-image-1665\" src=\"https:\/\/agora.xtec.cat\/ceip-paucasals-viladecans\/wp-content\/uploads\/usu650\/2020\/02\/infantil-300x225.jpg\" alt=\"\" width=\"300\" height=\"225\" srcset=\"https:\/\/agora.xtec.cat\/ceip-paucasals-viladecans\/wp-content\/uploads\/usu650\/2020\/02\/infantil-300x225.jpg 300w, https:\/\/agora.xtec.cat\/ceip-paucasals-viladecans\/wp-content\/uploads\/usu650\/2020\/02\/infantil-768x576.jpg 768w, https:\/\/agora.xtec.cat\/ceip-paucasals-viladecans\/wp-content\/uploads\/usu650\/2020\/02\/infantil-1024x768.jpg 1024w, https:\/\/agora.xtec.cat\/ceip-paucasals-viladecans\/wp-content\/uploads\/usu650\/2020\/02\/infantil-200x150.jpg 200w, https:\/\/agora.xtec.cat\/ceip-paucasals-viladecans\/wp-content\/uploads\/usu650\/2020\/02\/infantil.jpg 1299w\" sizes=\"auto, (max-width: 300px) 100vw, 300px\" \/>L\u2019ALUMNAT COM A EIX CENTRAL<\/strong>, creant un entorn adequat a les seves necessitats, als seus processos de vida.\u00a0 Amb un ambient agradable i acollidor per on circular amb autonomia i llibertat, facilitant a l\u2019alumnat propostes d\u2019aprenentatge que estimulin la creativitat i el lliure pensament.<\/p>\n<p>&nbsp;<\/p>\n<p><strong style=\"font-family: inherit; font-size: 1em;\">LA INCLUSI\u00d3 ESCOLAR<\/strong><span style=\"font-family: inherit; font-size: 1em;\">. Valorant i acceptant la diversitat i adaptant-nos a les necessitats de cadasc\u00fa<\/span><\/p>\n<p>&nbsp;<\/p>\n<p><strong>LES ACTITUDS I ELS VALORS DE RESPECTE<\/strong>.\u00a0 Educant en una societat m\u00e9s justa i respectuosa amb totes les persones i l&#8217;entorn.<\/p>\n<p>&nbsp;<\/p>\n<p><strong><img loading=\"lazy\" decoding=\"async\" class=\"alignright size-medium wp-image-1663\" src=\"https:\/\/agora.xtec.cat\/ceip-paucasals-viladecans\/wp-content\/uploads\/usu650\/2020\/02\/emprenedoria-300x225.jpg\" alt=\"\" width=\"300\" height=\"225\" srcset=\"https:\/\/agora.xtec.cat\/ceip-paucasals-viladecans\/wp-content\/uploads\/usu650\/2020\/02\/emprenedoria-300x225.jpg 300w, https:\/\/agora.xtec.cat\/ceip-paucasals-viladecans\/wp-content\/uploads\/usu650\/2020\/02\/emprenedoria-768x576.jpg 768w, https:\/\/agora.xtec.cat\/ceip-paucasals-viladecans\/wp-content\/uploads\/usu650\/2020\/02\/emprenedoria-1024x768.jpg 1024w, https:\/\/agora.xtec.cat\/ceip-paucasals-viladecans\/wp-content\/uploads\/usu650\/2020\/02\/emprenedoria-200x150.jpg 200w, https:\/\/agora.xtec.cat\/ceip-paucasals-viladecans\/wp-content\/uploads\/usu650\/2020\/02\/emprenedoria.jpg 1299w\" sizes=\"auto, (max-width: 300px) 100vw, 300px\" \/>EL FOMENT DE L\u2019EMPRENEDORIA<\/strong>.\u00a0 Com a una compet\u00e8ncia b\u00e0sica per desenvolupar-se en un futur cada cop m\u00e9s canviant i variable.<\/p>\n<p>&nbsp;<\/p>\n<p><strong>L&#8217;ESCOLA VERDA<\/strong>, la primera a Viladecans, des de 2007, respectuosa amb l\u2019entorn i compromesa amb el medi ambient. Treballant a favor de la sostenibilitat.\u00a0 Promovent la gesti\u00f3 correcta dels residus que es produeixen a l\u2019escola i vetllant per optimitzar l\u2019\u00fas responsable dels recursos que tenim, l&#8217;estalvi energ\u00e8tic i la formaci\u00f3 integral dels ciutadans del futur.<\/p>\n<p>&nbsp;<\/p>\n<p><strong><img loading=\"lazy\" decoding=\"async\" class=\"alignleft size-medium wp-image-1664\" src=\"https:\/\/agora.xtec.cat\/ceip-paucasals-viladecans\/wp-content\/uploads\/usu650\/2020\/02\/hort-225x300.jpg\" alt=\"\" width=\"225\" height=\"300\" srcset=\"https:\/\/agora.xtec.cat\/ceip-paucasals-viladecans\/wp-content\/uploads\/usu650\/2020\/02\/hort-225x300.jpg 225w, https:\/\/agora.xtec.cat\/ceip-paucasals-viladecans\/wp-content\/uploads\/usu650\/2020\/02\/hort.jpg 600w\" sizes=\"auto, (max-width: 225px) 100vw, 225px\" \/>LA VIS\u00cdO CR\u00cdTICA<\/strong>.\u00a0 L\u2019escola vol aconseguir que es valorin els fets amb una visi\u00f3 cr\u00edtica, fomentant l\u2019observaci\u00f3, la investigaci\u00f3, l\u2019an\u00e0lisi, la s\u00edntesi, l\u2019autoavaluaci\u00f3 i saber aprendre del propi error.<\/p>\n<p>&nbsp;<\/p>\n<p><strong>L&#8217;ESCOLA PARTICIPATIVA I COMUNIT\u00c0RIA. <\/strong>Que t\u00e9 en compte a totes aquelles persones que formen part de la comunitat educativa: serveis educatius, fam\u00edlies, monitoratge, consergeria, servei de neteja\u2026per emprendre actuacions i prendre decisions.<img loading=\"lazy\" decoding=\"async\" class=\"alignright size-medium wp-image-1666\" src=\"https:\/\/agora.xtec.cat\/ceip-paucasals-viladecans\/wp-content\/uploads\/usu650\/2020\/02\/participaci\u00f3-300x150.jpg\" alt=\"\" width=\"300\" height=\"150\" srcset=\"https:\/\/agora.xtec.cat\/ceip-paucasals-viladecans\/wp-content\/uploads\/usu650\/2020\/02\/participaci\u00f3-300x150.jpg 300w, https:\/\/agora.xtec.cat\/ceip-paucasals-viladecans\/wp-content\/uploads\/usu650\/2020\/02\/participaci\u00f3-768x384.jpg 768w, https:\/\/agora.xtec.cat\/ceip-paucasals-viladecans\/wp-content\/uploads\/usu650\/2020\/02\/participaci\u00f3-1024x512.jpg 1024w, https:\/\/agora.xtec.cat\/ceip-paucasals-viladecans\/wp-content\/uploads\/usu650\/2020\/02\/participaci\u00f3.jpg 1600w\" sizes=\"auto, (max-width: 300px) 100vw, 300px\" \/><\/p>\n<p>&nbsp;<\/p>\n<p><strong>EL RESPECTE A LA DIVERSITAT CULTURAL, <\/strong>mostrant inter\u00e8s pel seu coneixement \u00a0i respectant els or\u00edgens, creences i costums d\u2019aquelles fam\u00edlies que provenen d\u2019altres\u00a0 \u00a0 \u00a0 \u00a0 \u00a0 \u00a0 \u00a0 \u00a0 \u00a0 \u00a0 \u00a0 \u00a0 \u00a0 \u00a0 \u00a0 \u00a0 \u00a0 \u00a0 \u00a0 \u00a0 \u00a0 \u00a0 \u00a0 \u00a0 \u00a0 \u00a0 \u00a0 \u00a0 realitats culturals i afavorint <strong>L&#8217;APRENENTATGE DE L&#8217;ANGL\u00c8S<\/strong> en el nostre dia a dia, cada vegada m\u00e9s\u00a0 \u00a0 \u00a0 \u00a0 \u00a0 \u00a0 \u00a0 \u00a0 \u00a0 \u00a0 \u00a0 \u00a0 \u00a0 \u00a0 \u00a0 \u00a0 \u00a0 \u00a0 \u00a0 \u00a0 \u00a0 \u00a0 \u00a0 \u00a0 \u00a0 \u00a0 \u00a0 \u00a0 \u00a0 integrat a altres \u00e0rees curriculars no ling\u00fc\u00edstiques.<\/p>\n<p>&nbsp;<\/p>\n<p><strong><img loading=\"lazy\" decoding=\"async\" class=\"alignleft size-medium wp-image-1667\" src=\"https:\/\/agora.xtec.cat\/ceip-paucasals-viladecans\/wp-content\/uploads\/usu650\/2020\/02\/rob\u00f2tica-169x300.png\" alt=\"\" width=\"169\" height=\"300\" srcset=\"https:\/\/agora.xtec.cat\/ceip-paucasals-viladecans\/wp-content\/uploads\/usu650\/2020\/02\/rob\u00f2tica-169x300.png 169w, https:\/\/agora.xtec.cat\/ceip-paucasals-viladecans\/wp-content\/uploads\/usu650\/2020\/02\/rob\u00f2tica-768x1365.png 768w, https:\/\/agora.xtec.cat\/ceip-paucasals-viladecans\/wp-content\/uploads\/usu650\/2020\/02\/rob\u00f2tica-576x1024.png 576w, https:\/\/agora.xtec.cat\/ceip-paucasals-viladecans\/wp-content\/uploads\/usu650\/2020\/02\/rob\u00f2tica.png 791w\" sizes=\"auto, (max-width: 169px) 100vw, 169px\" \/>LA INNOVACI\u00d3 TECNOL\u00d2GICA,<\/strong> amb l\u2019aplicaci\u00f3 del projecte TAC del centre, on el comprom\u00eds de tots els agents involucrats que formen part del centre, vetllar\u00e0 per aconseguir els objectius de \u00a0compet\u00e8ncia digital \u00a0en els nostres alumnes.<\/p>\n<p>&nbsp;<\/p>\n<p>&nbsp;<\/p>\n","protected":false},"excerpt":{"rendered":"<p>L\u2019ALUMNAT COM A EIX CENTRAL, creant un entorn adequat a les seves necessitats, als seus processos de vida.\u00a0 Amb un ambient agradable i acollidor per on circular amb autonomia i llibertat, facilitant a l\u2019alumnat propostes d\u2019aprenentatge que estimulin la creativitat i el lliure pensament.<br \/>\n&nbsp;<br \/>\nLA INCLUSI\u00d3&hellip;  <a href=\"https:\/\/agora.xtec.cat\/ceip-paucasals-viladecans\/trets-didentitat\/\" title=\"Read TRETS D&#8217;IDENTITAT\">Llegeix m\u00e9s\u00bb<\/a><\/p>\n","protected":false},"author":1,"featured_media":0,"parent":0,"menu_order":0,"comment_status":"closed","ping_status":"closed","template":"","meta":{"_bbp_topic_count":0,"_bbp_reply_count":0,"_bbp_total_topic_count":0,"_bbp_total_reply_count":0,"_bbp_voice_count":0,"_bbp_anonymous_reply_count":0,"_bbp_topic_count_hidden":0,"_bbp_reply_count_hidden":0,"_bbp_forum_subforum_count":0,"footnotes":""},"class_list":["post-1662","page","type-page","status-publish","hentry"],"post_mailing_queue_ids":[],"_links":{"self":[{"href":"https:\/\/agora.xtec.cat\/ceip-paucasals-viladecans\/wp-json\/wp\/v2\/pages\/1662","targetHints":{"allow":["GET"]}}],"collection":[{"href":"https:\/\/agora.xtec.cat\/ceip-paucasals-viladecans\/wp-json\/wp\/v2\/pages"}],"about":[{"href":"https:\/\/agora.xtec.cat\/ceip-paucasals-viladecans\/wp-json\/wp\/v2\/types\/page"}],"author":[{"embeddable":true,"href":"https:\/\/agora.xtec.cat\/ceip-paucasals-viladecans\/wp-json\/wp\/v2\/users\/1"}],"replies":[{"embeddable":true,"href":"https:\/\/agora.xtec.cat\/ceip-paucasals-viladecans\/wp-json\/wp\/v2\/comments?post=1662"}],"version-history":[{"count":3,"href":"https:\/\/agora.xtec.cat\/ceip-paucasals-viladecans\/wp-json\/wp\/v2\/pages\/1662\/revisions"}],"predecessor-version":[{"id":1680,"href":"https:\/\/agora.xtec.cat\/ceip-paucasals-viladecans\/wp-json\/wp\/v2\/pages\/1662\/revisions\/1680"}],"wp:attachment":[{"href":"https:\/\/agora.xtec.cat\/ceip-paucasals-viladecans\/wp-json\/wp\/v2\/media?parent=1662"}],"curies":[{"name":"wp","href":"https:\/\/api.w.org\/{rel}","templated":true}]}}