{"id":1646,"date":"2020-02-07T12:29:44","date_gmt":"2020-02-07T11:29:44","guid":{"rendered":"http:\/\/agora.xtec.cat\/ceip-paucasals-viladecans\/?page_id=1646"},"modified":"2020-02-07T16:44:31","modified_gmt":"2020-02-07T15:44:31","slug":"english-project","status":"publish","type":"page","link":"https:\/\/agora.xtec.cat\/ceip-paucasals-viladecans\/english-project\/","title":{"rendered":"English Project"},"content":{"rendered":"<p>A la nostra escola sabem de la import\u00e0ncia de l&#8217;aprenentatge i l&#8217;\u00fas de l&#8217;angl\u00e8s com a segona llengua.\u00a0 S&#8217;han implementat molts recursos per afavorir aquest aprenentatge des de ben petits\/es.\u00a0 Bona part del professorat pot impartir angl\u00e8s a les seves \u00e0rees no ling\u00fc\u00edstiques.\u00a0 B\u00e9 perqu\u00e8 \u00e9s especialista o b\u00e9 perqu\u00e8 disposa de les titulacions i els coneixements necessaris per fer classe en angl\u00e8s.\u00a0 D&#8217;aquesta manera garantim que, en lloc de fer les hores m\u00ednimes establertes que marca el curr\u00edculum, podem doblar-les.\u00a0 Aquestes s\u00f3n les accions que estem duent a terme al nostre English Project:<\/p>\n<ol>\n<li>Aplicaci\u00f3 del M\u00e8tode Artigal des de P4 a 2n (a P3 una vegada el grup ja est\u00e0 cohesionat)<\/li>\n<li>Desdoblaments per treballar en petit grup la llengua anglesa des de 4t a 6\u00e8<\/li>\n<li>Auxiliars de conversa &#8220;Sharing to learn&#8221; a 3r i 4t<\/li>\n<li>Science &#8211; Tallers de medi natural en angl\u00e8s<\/li>\n<li>Educaci\u00f3 F\u00edsica en angl\u00e8s a 1r, 2n, 3r, 4t i 6\u00e8<\/li>\n<li>Pl\u00e0stica en angl\u00e8s a 1r, 2n, 5\u00e8 i 6\u00e8<\/li>\n<li>English Halloween Day a 5\u00e8 i 6\u00e8<\/li>\n<li>English Day<\/li>\n<li>English songs &#8211; Concert d&#8217;hivern<\/li>\n<li>English Theater<\/li>\n<\/ol>\n<p style=\"text-align: center;\">Us deixem alguns enlla\u00e7os i tamb\u00e9 podeu seguir-nos al nostre INSTAGRAM<\/p>\n<h3 style=\"text-align: center;\">\u00a0<span style=\"color: #ff00ff;\"><a style=\"color: #ff00ff;\" href=\"https:\/\/www.instagram.com\/escolapaucasalsviladecans\/p\/BuJE3LWna6J\/\">Pau Casals INSTAGRAM<\/a><\/span><\/h3>\n<h3 style=\"text-align: center;\"><a href=\"https:\/\/www.instagram.com\/p\/BuJ8ZwSHC23\/?igshid=uzz892ghev0j\">M\u00e8tode Artigal<\/a><\/h3>\n<div style=\"width: 848px;\" class=\"wp-video\"><!--[if lt IE 9]><script>document.createElement('video');<\/script><![endif]-->\n<video class=\"wp-video-shortcode\" id=\"video-1646-1\" width=\"848\" height=\"480\" preload=\"metadata\" controls=\"controls\"><source type=\"video\/mp4\" src=\"https:\/\/agora.xtec.cat\/ceip-paucasals-viladecans\/wp-content\/uploads\/usu650\/2020\/02\/WhatsApp-Video-2020-02-07-at-14.05.40.mp4?_=1\" \/><a href=\"https:\/\/agora.xtec.cat\/ceip-paucasals-viladecans\/wp-content\/uploads\/usu650\/2020\/02\/WhatsApp-Video-2020-02-07-at-14.05.40.mp4\">https:\/\/agora.xtec.cat\/ceip-paucasals-viladecans\/wp-content\/uploads\/usu650\/2020\/02\/WhatsApp-Video-2020-02-07-at-14.05.40.mp4<\/a><\/video><\/div>\n<div style=\"width: 848px;\" class=\"wp-video\"><video class=\"wp-video-shortcode\" id=\"video-1646-2\" width=\"848\" height=\"480\" preload=\"metadata\" controls=\"controls\"><source type=\"video\/mp4\" src=\"https:\/\/agora.xtec.cat\/ceip-paucasals-viladecans\/wp-content\/uploads\/usu650\/2020\/02\/WhatsApp-Video-2020-02-07-at-14.07.53.mp4?_=2\" \/><a href=\"https:\/\/agora.xtec.cat\/ceip-paucasals-viladecans\/wp-content\/uploads\/usu650\/2020\/02\/WhatsApp-Video-2020-02-07-at-14.07.53.mp4\">https:\/\/agora.xtec.cat\/ceip-paucasals-viladecans\/wp-content\/uploads\/usu650\/2020\/02\/WhatsApp-Video-2020-02-07-at-14.07.53.mp4<\/a><\/video><\/div>\n<div style=\"width: 848px;\" class=\"wp-video\"><video class=\"wp-video-shortcode\" id=\"video-1646-3\" width=\"848\" height=\"480\" preload=\"metadata\" controls=\"controls\"><source type=\"video\/mp4\" src=\"https:\/\/agora.xtec.cat\/ceip-paucasals-viladecans\/wp-content\/uploads\/usu650\/2020\/02\/WhatsApp-Video-2020-02-07-at-13.59.55.mp4?_=3\" \/><a href=\"https:\/\/agora.xtec.cat\/ceip-paucasals-viladecans\/wp-content\/uploads\/usu650\/2020\/02\/WhatsApp-Video-2020-02-07-at-13.59.55.mp4\">https:\/\/agora.xtec.cat\/ceip-paucasals-viladecans\/wp-content\/uploads\/usu650\/2020\/02\/WhatsApp-Video-2020-02-07-at-13.59.55.mp4<\/a><\/video><\/div>\n<div style=\"width: 848px;\" class=\"wp-video\"><video class=\"wp-video-shortcode\" id=\"video-1646-4\" width=\"848\" height=\"480\" preload=\"metadata\" controls=\"controls\"><source type=\"video\/mp4\" src=\"https:\/\/agora.xtec.cat\/ceip-paucasals-viladecans\/wp-content\/uploads\/usu650\/2020\/02\/WhatsApp-Video-2020-02-07-at-13.59.23.mp4?_=4\" \/><a href=\"https:\/\/agora.xtec.cat\/ceip-paucasals-viladecans\/wp-content\/uploads\/usu650\/2020\/02\/WhatsApp-Video-2020-02-07-at-13.59.23.mp4\">https:\/\/agora.xtec.cat\/ceip-paucasals-viladecans\/wp-content\/uploads\/usu650\/2020\/02\/WhatsApp-Video-2020-02-07-at-13.59.23.mp4<\/a><\/video><\/div>\n<div style=\"width: 848px;\" class=\"wp-video\"><video class=\"wp-video-shortcode\" id=\"video-1646-5\" width=\"848\" height=\"480\" preload=\"metadata\" controls=\"controls\"><source type=\"video\/mp4\" src=\"https:\/\/agora.xtec.cat\/ceip-paucasals-viladecans\/wp-content\/uploads\/usu650\/2020\/02\/WhatsApp-Video-2020-02-07-at-13.58.27.mp4?_=5\" \/><a href=\"https:\/\/agora.xtec.cat\/ceip-paucasals-viladecans\/wp-content\/uploads\/usu650\/2020\/02\/WhatsApp-Video-2020-02-07-at-13.58.27.mp4\">https:\/\/agora.xtec.cat\/ceip-paucasals-viladecans\/wp-content\/uploads\/usu650\/2020\/02\/WhatsApp-Video-2020-02-07-at-13.58.27.mp4<\/a><\/video><\/div>\n<div style=\"width: 848px;\" class=\"wp-video\"><video class=\"wp-video-shortcode\" id=\"video-1646-6\" width=\"848\" height=\"480\" preload=\"metadata\" controls=\"controls\"><source type=\"video\/mp4\" src=\"https:\/\/agora.xtec.cat\/ceip-paucasals-viladecans\/wp-content\/uploads\/usu650\/2020\/02\/WhatsApp-Video-2020-02-07-at-13.58.03.mp4?_=6\" \/><a href=\"https:\/\/agora.xtec.cat\/ceip-paucasals-viladecans\/wp-content\/uploads\/usu650\/2020\/02\/WhatsApp-Video-2020-02-07-at-13.58.03.mp4\">https:\/\/agora.xtec.cat\/ceip-paucasals-viladecans\/wp-content\/uploads\/usu650\/2020\/02\/WhatsApp-Video-2020-02-07-at-13.58.03.mp4<\/a><\/video><\/div>\n<p><img loading=\"lazy\" decoding=\"async\" class=\"alignnone size-full wp-image-1657\" src=\"https:\/\/agora.xtec.cat\/ceip-paucasals-viladecans\/wp-content\/uploads\/usu650\/2020\/02\/WhatsApp-Image-2020-02-07-at-14.31.43.jpeg\" alt=\"\" width=\"1600\" height=\"1200\" srcset=\"https:\/\/agora.xtec.cat\/ceip-paucasals-viladecans\/wp-content\/uploads\/usu650\/2020\/02\/WhatsApp-Image-2020-02-07-at-14.31.43.jpeg 1600w, https:\/\/agora.xtec.cat\/ceip-paucasals-viladecans\/wp-content\/uploads\/usu650\/2020\/02\/WhatsApp-Image-2020-02-07-at-14.31.43-300x225.jpeg 300w, https:\/\/agora.xtec.cat\/ceip-paucasals-viladecans\/wp-content\/uploads\/usu650\/2020\/02\/WhatsApp-Image-2020-02-07-at-14.31.43-768x576.jpeg 768w, https:\/\/agora.xtec.cat\/ceip-paucasals-viladecans\/wp-content\/uploads\/usu650\/2020\/02\/WhatsApp-Image-2020-02-07-at-14.31.43-1024x768.jpeg 1024w, https:\/\/agora.xtec.cat\/ceip-paucasals-viladecans\/wp-content\/uploads\/usu650\/2020\/02\/WhatsApp-Image-2020-02-07-at-14.31.43-200x150.jpeg 200w\" sizes=\"auto, (max-width: 1600px) 100vw, 1600px\" \/><\/p>\n","protected":false},"excerpt":{"rendered":"<p>A la nostra escola sabem de la import\u00e0ncia de l&#8217;aprenentatge i l&#8217;\u00fas de l&#8217;angl\u00e8s com a segona llengua.\u00a0 S&#8217;han implementat molts recursos per afavorir aquest aprenentatge des de ben petits\/es.\u00a0 Bona part del professorat pot impartir angl\u00e8s a les seves \u00e0rees no ling\u00fc\u00edstiques.\u00a0 B\u00e9 perqu\u00e8&hellip;  <a href=\"https:\/\/agora.xtec.cat\/ceip-paucasals-viladecans\/english-project\/\" title=\"Read English Project\">Llegeix m\u00e9s\u00bb<\/a><\/p>\n","protected":false},"author":1,"featured_media":0,"parent":0,"menu_order":0,"comment_status":"closed","ping_status":"closed","template":"","meta":{"_bbp_topic_count":0,"_bbp_reply_count":0,"_bbp_total_topic_count":0,"_bbp_total_reply_count":0,"_bbp_voice_count":0,"_bbp_anonymous_reply_count":0,"_bbp_topic_count_hidden":0,"_bbp_reply_count_hidden":0,"_bbp_forum_subforum_count":0,"footnotes":""},"class_list":["post-1646","page","type-page","status-publish","hentry"],"post_mailing_queue_ids":[],"_links":{"self":[{"href":"https:\/\/agora.xtec.cat\/ceip-paucasals-viladecans\/wp-json\/wp\/v2\/pages\/1646","targetHints":{"allow":["GET"]}}],"collection":[{"href":"https:\/\/agora.xtec.cat\/ceip-paucasals-viladecans\/wp-json\/wp\/v2\/pages"}],"about":[{"href":"https:\/\/agora.xtec.cat\/ceip-paucasals-viladecans\/wp-json\/wp\/v2\/types\/page"}],"author":[{"embeddable":true,"href":"https:\/\/agora.xtec.cat\/ceip-paucasals-viladecans\/wp-json\/wp\/v2\/users\/1"}],"replies":[{"embeddable":true,"href":"https:\/\/agora.xtec.cat\/ceip-paucasals-viladecans\/wp-json\/wp\/v2\/comments?post=1646"}],"version-history":[{"count":3,"href":"https:\/\/agora.xtec.cat\/ceip-paucasals-viladecans\/wp-json\/wp\/v2\/pages\/1646\/revisions"}],"predecessor-version":[{"id":1660,"href":"https:\/\/agora.xtec.cat\/ceip-paucasals-viladecans\/wp-json\/wp\/v2\/pages\/1646\/revisions\/1660"}],"wp:attachment":[{"href":"https:\/\/agora.xtec.cat\/ceip-paucasals-viladecans\/wp-json\/wp\/v2\/media?parent=1646"}],"curies":[{"name":"wp","href":"https:\/\/api.w.org\/{rel}","templated":true}]}}