{"id":1621,"date":"2020-02-06T19:47:34","date_gmt":"2020-02-06T18:47:34","guid":{"rendered":"http:\/\/agora.xtec.cat\/ceip-paucasals-viladecans\/?page_id=1621"},"modified":"2020-02-06T19:47:34","modified_gmt":"2020-02-06T18:47:34","slug":"els-hortets-del-pau-casals","status":"publish","type":"page","link":"https:\/\/agora.xtec.cat\/ceip-paucasals-viladecans\/els-hortets-del-pau-casals\/","title":{"rendered":"Els hortets del Pau Casals"},"content":{"rendered":"<p>A l&#8217;escola tenim hort des de l&#8217;any 2007, vam comen\u00e7ar amb el sistema de &#8220;Parades en crestall&#8221; d&#8217;en Gaspar Caballero durant un temps per\u00f2 despr\u00e9s vam provar el sistema tradicional perqu\u00e8 a la nostra escola tenim molt d&#8217;espai, tot i que vam mantenir la filosofia i els principis dels horts ecol\u00f2gics d&#8217;en Gaspar Caballero.<\/p>\n<p>A l&#8217;hort agrupem els cultius per fam\u00edlies de plantes, les principals s\u00f3n:<\/p>\n<p><img loading=\"lazy\" decoding=\"async\" class=\"alignnone size-full wp-image-1622 aligncenter\" src=\"https:\/\/agora.xtec.cat\/ceip-paucasals-viladecans\/wp-content\/uploads\/usu650\/2020\/02\/families-plantes.jpg\" alt=\"\" width=\"302\" height=\"366\" srcset=\"https:\/\/agora.xtec.cat\/ceip-paucasals-viladecans\/wp-content\/uploads\/usu650\/2020\/02\/families-plantes.jpg 302w, https:\/\/agora.xtec.cat\/ceip-paucasals-viladecans\/wp-content\/uploads\/usu650\/2020\/02\/families-plantes-248x300.jpg 248w\" sizes=\"auto, (max-width: 302px) 100vw, 302px\" \/><\/p>\n<p>Ara, despr\u00e9s d&#8217;uns anys d&#8217;experi\u00e8ncies de cultius plantem de tot una mica&#8230; La gr\u00e0cia del nostre hort radica en que tot el que es treballa ho fan els nens i les nenes&#8230; reguen, poden, treuen herbes, remenen la terra, adoben, fan planter, estudien les parts de la planta i analitzen les comestibles i, en definitiva EXPERIMENTEN !!!<\/p>\n<p>Ja no tenim nom\u00e9s l&#8217;hort dels principis sino que amb el temps hem anat ampliant parades i tamb\u00e9 tenim arbres fruiters i oliveres.<\/p>\n<p>Tots aquests recursos inesgotables ens permeten viure la natura plenament i observar els fruits de temporada, la m\u00e0gia de la terra i dels animalons que l&#8217;envolten i extrapolem al MICROSCOPI i les LUPES BINOCULARS&#8230; Tot un m\u00f3n per descobrir des de ben petits&#8230;<\/p>\n<p>Si voleu m\u00e9s informaci\u00f3 us deixem alguns links, visiteu el nostre blog i veureu l&#8217;hist\u00f2ric&#8230; Fins i tot un any vam construir un hivernacle amb ampolles de pl\u00e0stic&#8230; Fem de tot i aix\u00ed CREIXEM I APRENEM !!<\/p>\n<h4 style=\"text-align: center;\"><span style=\"color: #339966;\"><a style=\"color: #339966;\" href=\"https:\/\/blocs.xtec.cat\/hotdelpaucasals\/\">El Blog dels hortets d&#8217;el Pau Casals<\/a><\/span><\/h4>\n<h4 style=\"text-align: center;\"><span style=\"color: #99cc00;\"><a style=\"color: #99cc00;\" href=\"https:\/\/www.kizoa.es\/Editar-V%C3%ADdeos-Movie-Maker\/d249338533k8552502o2l1\/tasques-a-lhort-\">Tasques a l&#8217;hort <\/a><\/span><\/h4>\n<h4 style=\"text-align: center;\"><span style=\"color: #808000;\"><a style=\"color: #808000;\" href=\"https:\/\/blocs.xtec.cat\/hotdelpaucasals\/2011\/11\/29\/que-podem-veure-a-lhort\/\">Els inicis&#8230; Parades en crestall<\/a><\/span><\/h4>\n<h3 style=\"text-align: center;\"><span style=\"color: #00ff00;\"><a style=\"color: #00ff00;\" href=\"https:\/\/www.youtube.com\/watch?v=auXuSZBZhGY&amp;feature=youtu.be\">Els cal\u00e7ots&#8230; Hivernacle i solan\u00e0cies&#8230; 2015&#8230;<\/a><\/span><\/h3>\n<h4 style=\"text-align: center;\"><span style=\"color: #339966;\"><a style=\"color: #339966;\" href=\"https:\/\/www.youtube.com\/watch?v=BIUKxGpcT_o&amp;feature=youtu.be\">L&#8217;olivera&#8230; fem conserva d&#8217;olives &#8230; 2014<\/a><\/span><\/h4>\n<h4 style=\"text-align: center;\"><span style=\"color: #99cc00;\"><a style=\"color: #99cc00;\" href=\"https:\/\/www.youtube.com\/watch?v=XqtfcyIgC_o&amp;feature=youtu.be\">La plantada dels cirerers d&#8217;infantil<\/a><\/span><\/h4>\n<p>&nbsp;<\/p>\n<p>&nbsp;<\/p>\n","protected":false},"excerpt":{"rendered":"<p>A l&#8217;escola tenim hort des de l&#8217;any 2007, vam comen\u00e7ar amb el sistema de &#8220;Parades en crestall&#8221; d&#8217;en Gaspar Caballero durant un temps per\u00f2 despr\u00e9s vam provar el sistema tradicional perqu\u00e8 a la nostra escola tenim molt d&#8217;espai, tot i que vam mantenir la filosofia&hellip;  <a href=\"https:\/\/agora.xtec.cat\/ceip-paucasals-viladecans\/els-hortets-del-pau-casals\/\" title=\"Read Els hortets del Pau Casals\">Llegeix m\u00e9s\u00bb<\/a><\/p>\n","protected":false},"author":1,"featured_media":0,"parent":0,"menu_order":0,"comment_status":"closed","ping_status":"closed","template":"","meta":{"_bbp_topic_count":0,"_bbp_reply_count":0,"_bbp_total_topic_count":0,"_bbp_total_reply_count":0,"_bbp_voice_count":0,"_bbp_anonymous_reply_count":0,"_bbp_topic_count_hidden":0,"_bbp_reply_count_hidden":0,"_bbp_forum_subforum_count":0,"footnotes":""},"class_list":["post-1621","page","type-page","status-publish","hentry"],"post_mailing_queue_ids":[],"_links":{"self":[{"href":"https:\/\/agora.xtec.cat\/ceip-paucasals-viladecans\/wp-json\/wp\/v2\/pages\/1621","targetHints":{"allow":["GET"]}}],"collection":[{"href":"https:\/\/agora.xtec.cat\/ceip-paucasals-viladecans\/wp-json\/wp\/v2\/pages"}],"about":[{"href":"https:\/\/agora.xtec.cat\/ceip-paucasals-viladecans\/wp-json\/wp\/v2\/types\/page"}],"author":[{"embeddable":true,"href":"https:\/\/agora.xtec.cat\/ceip-paucasals-viladecans\/wp-json\/wp\/v2\/users\/1"}],"replies":[{"embeddable":true,"href":"https:\/\/agora.xtec.cat\/ceip-paucasals-viladecans\/wp-json\/wp\/v2\/comments?post=1621"}],"version-history":[{"count":1,"href":"https:\/\/agora.xtec.cat\/ceip-paucasals-viladecans\/wp-json\/wp\/v2\/pages\/1621\/revisions"}],"predecessor-version":[{"id":1623,"href":"https:\/\/agora.xtec.cat\/ceip-paucasals-viladecans\/wp-json\/wp\/v2\/pages\/1621\/revisions\/1623"}],"wp:attachment":[{"href":"https:\/\/agora.xtec.cat\/ceip-paucasals-viladecans\/wp-json\/wp\/v2\/media?parent=1621"}],"curies":[{"name":"wp","href":"https:\/\/api.w.org\/{rel}","templated":true}]}}