{"id":1617,"date":"2020-02-06T16:54:50","date_gmt":"2020-02-06T15:54:50","guid":{"rendered":"http:\/\/agora.xtec.cat\/ceip-paucasals-viladecans\/?page_id=1617"},"modified":"2020-02-06T17:22:18","modified_gmt":"2020-02-06T16:22:18","slug":"festes-i-celebracions","status":"publish","type":"page","link":"https:\/\/agora.xtec.cat\/ceip-paucasals-viladecans\/festes-i-celebracions\/","title":{"rendered":"FESTES I CELEBRACIONS"},"content":{"rendered":"<p>La nostra escola participa de manera molt activa en les celebracions tradicionals que s&#8217;esdevenen al llarg del curs, sempre comptem amb la col\u00b7laboraci\u00f3 de les fam\u00edlies i pensem que el fet de compartir conjuntament aquestes festes ens enriqueix, ens cohesiona, ens aporta coneixement i sobre tot ens il\u00b7lusiona i ens fa sentir FELI\u00c7OS !<\/p>\n<p>En el men\u00fa trobareu links amb m\u00e9s informaci\u00f3 de les festes que fem a l&#8217;escola&#8230; Castaween, English Halloween Day, Visita del rei mag i xocolatada nadalenca, Concert d&#8217;hivern, Carnaval, Danses de Primavera, Sant Jordi, Olimp\u00edades, Festa de fi de curs, Graduaci\u00f3 de 6\u00e8, Sopar de Germanor, Commemoraci\u00f3 dels 40 anys de l&#8217;escola&#8230;<\/p>\n","protected":false},"excerpt":{"rendered":"<p>La nostra escola participa de manera molt activa en les celebracions tradicionals que s&#8217;esdevenen al llarg del curs, sempre comptem amb la col\u00b7laboraci\u00f3 de les fam\u00edlies i pensem que el fet de compartir conjuntament aquestes festes ens enriqueix, ens cohesiona, ens aporta coneixement i sobre&hellip;  <a href=\"https:\/\/agora.xtec.cat\/ceip-paucasals-viladecans\/festes-i-celebracions\/\" title=\"Read FESTES I CELEBRACIONS\">Llegeix m\u00e9s\u00bb<\/a><\/p>\n","protected":false},"author":1,"featured_media":0,"parent":0,"menu_order":0,"comment_status":"closed","ping_status":"closed","template":"","meta":{"_bbp_topic_count":0,"_bbp_reply_count":0,"_bbp_total_topic_count":0,"_bbp_total_reply_count":0,"_bbp_voice_count":0,"_bbp_anonymous_reply_count":0,"_bbp_topic_count_hidden":0,"_bbp_reply_count_hidden":0,"_bbp_forum_subforum_count":0,"footnotes":""},"class_list":["post-1617","page","type-page","status-publish","hentry"],"post_mailing_queue_ids":[],"_links":{"self":[{"href":"https:\/\/agora.xtec.cat\/ceip-paucasals-viladecans\/wp-json\/wp\/v2\/pages\/1617","targetHints":{"allow":["GET"]}}],"collection":[{"href":"https:\/\/agora.xtec.cat\/ceip-paucasals-viladecans\/wp-json\/wp\/v2\/pages"}],"about":[{"href":"https:\/\/agora.xtec.cat\/ceip-paucasals-viladecans\/wp-json\/wp\/v2\/types\/page"}],"author":[{"embeddable":true,"href":"https:\/\/agora.xtec.cat\/ceip-paucasals-viladecans\/wp-json\/wp\/v2\/users\/1"}],"replies":[{"embeddable":true,"href":"https:\/\/agora.xtec.cat\/ceip-paucasals-viladecans\/wp-json\/wp\/v2\/comments?post=1617"}],"version-history":[{"count":3,"href":"https:\/\/agora.xtec.cat\/ceip-paucasals-viladecans\/wp-json\/wp\/v2\/pages\/1617\/revisions"}],"predecessor-version":[{"id":1620,"href":"https:\/\/agora.xtec.cat\/ceip-paucasals-viladecans\/wp-json\/wp\/v2\/pages\/1617\/revisions\/1620"}],"wp:attachment":[{"href":"https:\/\/agora.xtec.cat\/ceip-paucasals-viladecans\/wp-json\/wp\/v2\/media?parent=1617"}],"curies":[{"name":"wp","href":"https:\/\/api.w.org\/{rel}","templated":true}]}}