{"id":1602,"date":"2020-02-04T16:28:28","date_gmt":"2020-02-04T15:28:28","guid":{"rendered":"http:\/\/agora.xtec.cat\/ceip-paucasals-viladecans\/?page_id=1602"},"modified":"2020-02-04T16:28:28","modified_gmt":"2020-02-04T15:28:28","slug":"els-escacs-i-la-robotica-pel-raonament-matematic-poefa","status":"publish","type":"page","link":"https:\/\/agora.xtec.cat\/ceip-paucasals-viladecans\/els-escacs-i-la-robotica-pel-raonament-matematic-poefa\/","title":{"rendered":"Els escacs i la rob\u00f2tica pel raonament matem\u00e0tic &#8211; POEFA"},"content":{"rendered":"<p>Els escacs i la rob\u00f2tica s\u00f3n eines del raonament l\u00f2gico-matem\u00e0tic, fonamentals en qualsevol tipus de problema de la vida quotidiana. La imaginaci\u00f3 i la creativitat es posen en funcionament en una mena d&#8217;intercanvi mental amb l&#8217;adversari (en el cas dels escacs) i per superar diversos reptes per obtenir una finalitat (en el cas de la rob\u00f2tica).<\/p>\n<p>Hi ha una estimulaci\u00f3 cont\u00ednua del cervell que afavoreix l&#8217;agilitat mental i que \u00e9s molt necess\u00e0ria per tenir un bon ensinistrament del pensament i una actitud oberta vers l&#8217;aprenentatge matem\u00e0tic i la trobada r\u00e0pida de solucions a diversos plantejaments o problemes.<\/p>\n<p>L&#8217;objectiu principal de treballar les matem\u00e0tiques amb tallers de refor\u00e7, racons, escacs i rob\u00f2tica sorgeix de la necessitat de millorar aquestes capacitats en els\/les nostres alumnes per tal de millorar els seus resultats educatius i engrescar-los en l&#8217;estima i valor a aquesta \u00e0rea de coneixements tan necess\u00e0ria.<\/p>\n<p>Amb la concessi\u00f3 d&#8217;aquest ajut POEFA (Projecte per afavorir l&#8217;\u00e8xit educatiu de l&#8217;alumnat) del Departament d&#8217;Educaci\u00f3, el Ministeri d&#8217;Educaci\u00f3 i el Fons Social Europeu, al centre podrem garantir el desenvolupament del projecte d&#8217;escacs i rob\u00f2tica pel raonament matem\u00e0tic pels cursos de 5\u00e8 i 6\u00e8.\u00a0 Endavant amb el pensament !<\/p>\n<p><img loading=\"lazy\" decoding=\"async\" class=\"alignnone size-full wp-image-1506\" src=\"https:\/\/agora.xtec.cat\/ceip-paucasals-viladecans\/wp-content\/uploads\/usu650\/2020\/01\/POEFA-web-1.png\" alt=\"\" width=\"3307\" height=\"4678\" srcset=\"https:\/\/agora.xtec.cat\/ceip-paucasals-viladecans\/wp-content\/uploads\/usu650\/2020\/01\/POEFA-web-1.png 3307w, https:\/\/agora.xtec.cat\/ceip-paucasals-viladecans\/wp-content\/uploads\/usu650\/2020\/01\/POEFA-web-1-212x300.png 212w, https:\/\/agora.xtec.cat\/ceip-paucasals-viladecans\/wp-content\/uploads\/usu650\/2020\/01\/POEFA-web-1-768x1086.png 768w, https:\/\/agora.xtec.cat\/ceip-paucasals-viladecans\/wp-content\/uploads\/usu650\/2020\/01\/POEFA-web-1-724x1024.png 724w\" sizes=\"auto, (max-width: 3307px) 100vw, 3307px\" \/><\/p>\n","protected":false},"excerpt":{"rendered":"<p>Els escacs i la rob\u00f2tica s\u00f3n eines del raonament l\u00f2gico-matem\u00e0tic, fonamentals en qualsevol tipus de problema de la vida quotidiana. La imaginaci\u00f3 i la creativitat es posen en funcionament en una mena d&#8217;intercanvi mental amb l&#8217;adversari (en el cas dels escacs) i per superar diversos&hellip;  <a href=\"https:\/\/agora.xtec.cat\/ceip-paucasals-viladecans\/els-escacs-i-la-robotica-pel-raonament-matematic-poefa\/\" title=\"Read Els escacs i la rob\u00f2tica pel raonament matem\u00e0tic &#8211; POEFA\">Llegeix m\u00e9s\u00bb<\/a><\/p>\n","protected":false},"author":1,"featured_media":0,"parent":0,"menu_order":0,"comment_status":"closed","ping_status":"closed","template":"","meta":{"_bbp_topic_count":0,"_bbp_reply_count":0,"_bbp_total_topic_count":0,"_bbp_total_reply_count":0,"_bbp_voice_count":0,"_bbp_anonymous_reply_count":0,"_bbp_topic_count_hidden":0,"_bbp_reply_count_hidden":0,"_bbp_forum_subforum_count":0,"footnotes":""},"class_list":["post-1602","page","type-page","status-publish","hentry"],"post_mailing_queue_ids":[],"_links":{"self":[{"href":"https:\/\/agora.xtec.cat\/ceip-paucasals-viladecans\/wp-json\/wp\/v2\/pages\/1602","targetHints":{"allow":["GET"]}}],"collection":[{"href":"https:\/\/agora.xtec.cat\/ceip-paucasals-viladecans\/wp-json\/wp\/v2\/pages"}],"about":[{"href":"https:\/\/agora.xtec.cat\/ceip-paucasals-viladecans\/wp-json\/wp\/v2\/types\/page"}],"author":[{"embeddable":true,"href":"https:\/\/agora.xtec.cat\/ceip-paucasals-viladecans\/wp-json\/wp\/v2\/users\/1"}],"replies":[{"embeddable":true,"href":"https:\/\/agora.xtec.cat\/ceip-paucasals-viladecans\/wp-json\/wp\/v2\/comments?post=1602"}],"version-history":[{"count":1,"href":"https:\/\/agora.xtec.cat\/ceip-paucasals-viladecans\/wp-json\/wp\/v2\/pages\/1602\/revisions"}],"predecessor-version":[{"id":1603,"href":"https:\/\/agora.xtec.cat\/ceip-paucasals-viladecans\/wp-json\/wp\/v2\/pages\/1602\/revisions\/1603"}],"wp:attachment":[{"href":"https:\/\/agora.xtec.cat\/ceip-paucasals-viladecans\/wp-json\/wp\/v2\/media?parent=1602"}],"curies":[{"name":"wp","href":"https:\/\/api.w.org\/{rel}","templated":true}]}}