{"id":1595,"date":"2020-02-04T12:35:29","date_gmt":"2020-02-04T11:35:29","guid":{"rendered":"http:\/\/agora.xtec.cat\/ceip-paucasals-viladecans\/?page_id=1595"},"modified":"2020-02-04T16:07:28","modified_gmt":"2020-02-04T15:07:28","slug":"projectes-familiars","status":"publish","type":"page","link":"https:\/\/agora.xtec.cat\/ceip-paucasals-viladecans\/projectes-familiars\/","title":{"rendered":"PROJECTES FAMILIARS"},"content":{"rendered":"<p>Som una comunitat educativa.\u00a0 La fam\u00edlia \u00e9s un eix vertebrador molt important en la nostra tasca di\u00e0ria i fem dia a dia m\u00e9s participativa a la fam\u00edlia a l&#8217;escola.\u00a0 Des de fa ja 11 anys portem a terme el projecte &#8220;Ponts d&#8217;aprenentatge&#8221; i els pares i mares del Pau Casals entren a les aules per col\u00b7laborar en algunes activitats i estan implicats\/des en l&#8217;educaci\u00f3 i el centre on creixen i passen la major part del dia els seus i les seves fills i filles&#8230; Gr\u00e0cies de tot cor per involucrar-vos tant en la millora i el creixement conjunt.\u00a0 Aqu\u00ed teniu algunes de les participacions m\u00e9s importants:<\/p>\n<p>El protagonista de la setmana P3, La mascota viatgera P4, Conta contes, Ponts per l&#8217;aprenentatge: Activitat en fam\u00edlia 1r i 2n i Activitat de cosir 3r i 4t, Emprenedoria 5\u00e8, Teatre 6\u00e8, Projecte de pati&#8230;<\/p>\n<p>Si voleu tenir m\u00e9s informaci\u00f3 podeu consultar les not\u00edcies i els blogs de la web.\u00a0 Aqu\u00ed us deixem algunes not\u00edcies&#8230;<\/p>\n<h3 style=\"text-align: center;\"><a href=\"https:\/\/agora.xtec.cat\/ceip-paucasals-viladecans\/general\/la-comissio-de-millora-de-pati-torna-a-sorprendre-al-pau-casals\/\">Projecte de pati de l&#8217;escola<\/a><\/h3>\n<h3 style=\"text-align: center;\"><span style=\"color: #0000ff;\"><a style=\"color: #0000ff;\" href=\"https:\/\/agora.xtec.cat\/ceip-paucasals-viladecans\/general\/els-treballs-de-les-families-de-la-comissio-de-pati\/\">Inicis del projecte de pati<\/a><\/span><\/h3>\n<h3 style=\"text-align: center;\"><a href=\"https:\/\/agora.xtec.cat\/ceip-paucasals-viladecans\/general\/preparant-nos-per-fer-el-nostre-boc-and-roll-toca-cosir\/\">A cosir pel Boc and Roll&#8230;<\/a><\/h3>\n<p>&nbsp;<\/p>\n<p>&nbsp;<\/p>\n<p>&nbsp;<\/p>\n<p>&nbsp;<\/p>\n","protected":false},"excerpt":{"rendered":"<p>Som una comunitat educativa.\u00a0 La fam\u00edlia \u00e9s un eix vertebrador molt important en la nostra tasca di\u00e0ria i fem dia a dia m\u00e9s participativa a la fam\u00edlia a l&#8217;escola.\u00a0 Des de fa ja 11 anys portem a terme el projecte &#8220;Ponts d&#8217;aprenentatge&#8221; i els pares&hellip;  <a href=\"https:\/\/agora.xtec.cat\/ceip-paucasals-viladecans\/projectes-familiars\/\" title=\"Read PROJECTES FAMILIARS\">Llegeix m\u00e9s\u00bb<\/a><\/p>\n","protected":false},"author":1,"featured_media":0,"parent":0,"menu_order":0,"comment_status":"closed","ping_status":"closed","template":"","meta":{"_bbp_topic_count":0,"_bbp_reply_count":0,"_bbp_total_topic_count":0,"_bbp_total_reply_count":0,"_bbp_voice_count":0,"_bbp_anonymous_reply_count":0,"_bbp_topic_count_hidden":0,"_bbp_reply_count_hidden":0,"_bbp_forum_subforum_count":0,"footnotes":""},"class_list":["post-1595","page","type-page","status-publish","hentry"],"post_mailing_queue_ids":[],"_links":{"self":[{"href":"https:\/\/agora.xtec.cat\/ceip-paucasals-viladecans\/wp-json\/wp\/v2\/pages\/1595","targetHints":{"allow":["GET"]}}],"collection":[{"href":"https:\/\/agora.xtec.cat\/ceip-paucasals-viladecans\/wp-json\/wp\/v2\/pages"}],"about":[{"href":"https:\/\/agora.xtec.cat\/ceip-paucasals-viladecans\/wp-json\/wp\/v2\/types\/page"}],"author":[{"embeddable":true,"href":"https:\/\/agora.xtec.cat\/ceip-paucasals-viladecans\/wp-json\/wp\/v2\/users\/1"}],"replies":[{"embeddable":true,"href":"https:\/\/agora.xtec.cat\/ceip-paucasals-viladecans\/wp-json\/wp\/v2\/comments?post=1595"}],"version-history":[{"count":3,"href":"https:\/\/agora.xtec.cat\/ceip-paucasals-viladecans\/wp-json\/wp\/v2\/pages\/1595\/revisions"}],"predecessor-version":[{"id":1600,"href":"https:\/\/agora.xtec.cat\/ceip-paucasals-viladecans\/wp-json\/wp\/v2\/pages\/1595\/revisions\/1600"}],"wp:attachment":[{"href":"https:\/\/agora.xtec.cat\/ceip-paucasals-viladecans\/wp-json\/wp\/v2\/media?parent=1595"}],"curies":[{"name":"wp","href":"https:\/\/api.w.org\/{rel}","templated":true}]}}