{"id":1590,"date":"2020-02-04T12:11:13","date_gmt":"2020-02-04T11:11:13","guid":{"rendered":"http:\/\/agora.xtec.cat\/ceip-paucasals-viladecans\/?page_id=1590"},"modified":"2020-02-04T12:16:30","modified_gmt":"2020-02-04T11:16:30","slug":"innovacio-cueme-emprenedoria-a-lescola","status":"publish","type":"page","link":"https:\/\/agora.xtec.cat\/ceip-paucasals-viladecans\/innovacio-cueme-emprenedoria-a-lescola\/","title":{"rendered":"Innovaci\u00f3 &#8211; CuEmE &#8211; Emprenedoria a l&#8217;escola"},"content":{"rendered":"<p>En aquests moments que viu l\u2019escola catalana, considerem una gran oportunitat poder participar en aquest projecte de Cultura Emprenedora.\u00a0 Ja fa tres cursos es va instaurar la nova ordre d\u2019avaluaci\u00f3 ENS\/164\/2016, de 14 de juny que, ens fa adaptar-nos a un nou model d\u2019ensenyament i aprenentatge m\u00e9s global i amb la visi\u00f3 posada en el desenvolupament de les capacitats dels nens i les nenes, \u00e9s un treball de compet\u00e8ncies i dimensions diverses on, de manera cada vegada m\u00e9s transversal, es proposa treballar totes les \u00e0rees de coneixement.<\/p>\n<p>A la nostra escola, pensem que \u00e9s un bon moment per mantenir-nos units a aquest projecte perqu\u00e8 estem ja immersos en aquest canvi de metodologia global i, segons les explicacions generals i orientacions de com s&#8217;esdev\u00e9 el desenvolupament del treball en q\u00fcesti\u00f3, obre molt el ventall a la feina transversal i a l\u2019atenci\u00f3 a la diversitat directa al nostre alumnat.<\/p>\n<p>Pensem que, els nens i les nenes poden participar del treball cooperatiu, augmenta la seva motivaci\u00f3 i la seva autoestima, es poden treballar des de la visi\u00f3 empresarial totes les \u00e0rees, compet\u00e8ncies i dimensions especificades al curr\u00edculum d\u2019educaci\u00f3 prim\u00e0ria per 5\u00e8 i els valors personals que porta impl\u00edcits.<\/p>\n<p>En la nostra decisi\u00f3 tamb\u00e9 t\u00e9 molt de pes l\u2019experi\u00e8ncia d\u2019altres centres en el projecte i la continu\u00eftat en la participaci\u00f3, que, demostra clarament que, \u00e9s un \u00e8xit garantit poder formar part d\u2019aquest gran grup de professionals que ja treballa per innovar en l\u2019educaci\u00f3.<\/p>\n<p>Tamb\u00e9 pensem que s\u2019afavoreix la cohesi\u00f3 de grup, els valors cooperatius, la comunicaci\u00f3, l\u2019\u00fas de les noves tecnologies, la seva repercussi\u00f3 directa en la millora dels resultats i sobre tot la il\u00b7lusi\u00f3 dels infants en crear un producte propi i poder crear la seva pr\u00f2pia empresa.\u00a0 Eines totes que seran molt necess\u00e0ries per al seu futur proper.<\/p>\n<p>El nostre centre est\u00e0 invertint molts esfor\u00e7os en aquests canvis metodol\u00f2gics, en que siguin efectius i en que, en definitiva, esdevinguin el millor pels nostres nens i les nostres nenes.\u00a0 Volem tamb\u00e9 ser part\u00edcips de l\u2019experi\u00e8ncia i, tan de bo, del futur \u00e8xit de la feina.<\/p>\n<p>El reconeixement per part del Departament d\u2019Educaci\u00f3 com a curs d\u2019innovaci\u00f3 pedag\u00f2gica encara refor\u00e7a m\u00e9s el nostre convenciment.<\/p>\n<p>Ja fa dos anys que ens vam embarcar en aquest meravell\u00f3s projecte de cooperatives.\u00a0 Els nens i les nenes de 5\u00e8 aprenen de la vida real, han de crear la seva pr\u00f2pia empresa i fer vendre els seus productes&#8230; Tot molt legal i amb padrins i padrines empresaris i empres\u00e0ries que els ajuden amb la seva experi\u00e8ncia.\u00a0 Fant\u00e0stic job !!!\u00a0 Yes, we learn !!!<\/p>\n<h3 style=\"text-align: center;\"><strong><a href=\"https:\/\/agora.xtec.cat\/ceip-paucasals-viladecans\/general\/els-nens-i-les-nenes-de-5e-a-la-fira-de-sant-isidre\/\"><span style=\"color: #339966;\">Fira de Sant Isidre 2019 &#8211; 5\u00e8 CuEmE<\/span><\/a><\/strong><\/h3>\n<p>&nbsp;<\/p>\n<p>&nbsp;<\/p>\n","protected":false},"excerpt":{"rendered":"<p>En aquests moments que viu l\u2019escola catalana, considerem una gran oportunitat poder participar en aquest projecte de Cultura Emprenedora.\u00a0 Ja fa tres cursos es va instaurar la nova ordre d\u2019avaluaci\u00f3 ENS\/164\/2016, de 14 de juny que, ens fa adaptar-nos a un nou model d\u2019ensenyament i&hellip;  <a href=\"https:\/\/agora.xtec.cat\/ceip-paucasals-viladecans\/innovacio-cueme-emprenedoria-a-lescola\/\" title=\"Read Innovaci\u00f3 &#8211; CuEmE &#8211; Emprenedoria a l&#8217;escola\">Llegeix m\u00e9s\u00bb<\/a><\/p>\n","protected":false},"author":1,"featured_media":0,"parent":0,"menu_order":0,"comment_status":"closed","ping_status":"closed","template":"","meta":{"_bbp_topic_count":0,"_bbp_reply_count":0,"_bbp_total_topic_count":0,"_bbp_total_reply_count":0,"_bbp_voice_count":0,"_bbp_anonymous_reply_count":0,"_bbp_topic_count_hidden":0,"_bbp_reply_count_hidden":0,"_bbp_forum_subforum_count":0,"footnotes":""},"class_list":["post-1590","page","type-page","status-publish","hentry"],"post_mailing_queue_ids":[],"_links":{"self":[{"href":"https:\/\/agora.xtec.cat\/ceip-paucasals-viladecans\/wp-json\/wp\/v2\/pages\/1590","targetHints":{"allow":["GET"]}}],"collection":[{"href":"https:\/\/agora.xtec.cat\/ceip-paucasals-viladecans\/wp-json\/wp\/v2\/pages"}],"about":[{"href":"https:\/\/agora.xtec.cat\/ceip-paucasals-viladecans\/wp-json\/wp\/v2\/types\/page"}],"author":[{"embeddable":true,"href":"https:\/\/agora.xtec.cat\/ceip-paucasals-viladecans\/wp-json\/wp\/v2\/users\/1"}],"replies":[{"embeddable":true,"href":"https:\/\/agora.xtec.cat\/ceip-paucasals-viladecans\/wp-json\/wp\/v2\/comments?post=1590"}],"version-history":[{"count":2,"href":"https:\/\/agora.xtec.cat\/ceip-paucasals-viladecans\/wp-json\/wp\/v2\/pages\/1590\/revisions"}],"predecessor-version":[{"id":1592,"href":"https:\/\/agora.xtec.cat\/ceip-paucasals-viladecans\/wp-json\/wp\/v2\/pages\/1590\/revisions\/1592"}],"wp:attachment":[{"href":"https:\/\/agora.xtec.cat\/ceip-paucasals-viladecans\/wp-json\/wp\/v2\/media?parent=1590"}],"curies":[{"name":"wp","href":"https:\/\/api.w.org\/{rel}","templated":true}]}}