{"id":1548,"date":"2020-01-31T19:38:42","date_gmt":"2020-01-31T18:38:42","guid":{"rendered":"http:\/\/agora.xtec.cat\/ceip-paucasals-viladecans\/?page_id=1548"},"modified":"2020-02-04T12:19:37","modified_gmt":"2020-02-04T11:19:37","slug":"projecte-oliklack-recollida-doli-usat","status":"publish","type":"page","link":"https:\/\/agora.xtec.cat\/ceip-paucasals-viladecans\/projecte-oliklack-recollida-doli-usat\/","title":{"rendered":"Projecte OLIKLACK &#8211; Recollida d&#8217;oli usat"},"content":{"rendered":"<p>Fa ja <strong>11<\/strong> anys que som Escola Verda.\u00a0 Fruit del treball de tots aquests anys hem estat recollint dades mesurables dels beneficis que implica la relaci\u00f3 i cooperaci\u00f3 amb la comunitat educativa i l&#8217;entorn.\u00a0 El nostre centre t\u00e9 un <strong>comit\u00e8 mediambiental<\/strong> que es reuneix peri\u00f2dicament i que est\u00e0 representat per alumnes de l&#8217;escola, professorat, equip directiu, membres del personal PAS i de l&#8217;ajuntament i que, des de fa molts anys vetlla per transmetre tots aquests valors i maneres d&#8217;actuar a l&#8217;alumnat de l&#8217;escola Pau Casals.\u00a0 Fem reciclatge i recollida selectiva de residus, vetllem perqu\u00e8 any darrera any es mantinguin aquests trets d&#8217;identitat mediambiental que ens defineixen i aix\u00ed cada vegada es pugui conscienciar a m\u00e9s gent que hem de cuidar el nostre planeta.<\/p>\n<p>Mantenir aquestes actuacions no \u00e9s tasca f\u00e0cil, requereix del recordatori i les accions conjuntes de tota la comunitat educativa.\u00a0 Formem part de la <strong>Xarxa d&#8217;Escoles Verdes<\/strong> i assistim als seminaris de sostenibilitat.<\/p>\n<p>Pel reconeixement d&#8217;aquest projecte de Protecci\u00f3 mediambiental ens hem centrat en la recollida d&#8217;oli usat que fem des de fa 9 anys i que aporta unes dades objectives d&#8217;estalvi energ\u00e8tic i prevenci\u00f3 de la contaminaci\u00f3, tant de l&#8217;aigua, com del CO2 no em\u00e9s a l&#8217;atmosfera, aix\u00ed com el benefici social i la generaci\u00f3 de llocs de treball i producci\u00f3 de biodi\u00e8sel.\u00a0 Com que fa molts anys que ho fem i la nostra voluntat \u00e9s continuar ajudant a millorar el nostre planeta, presentem la nostra feina per si pot ser\u00a0 difosa per aix\u00ed tamb\u00e9 poder engrescar a altres centres a afegir-se a la proposta i <strong>COMPARTIR<\/strong> aix\u00ed les <strong>BONES PR\u00c0CTIQUES.<\/strong><\/p>\n<p>Una de les coses m\u00e9s maques que t\u00e9 portar a terme aquest projecte al llarg d\u2019aquests anys \u00e9s, sens dubte, la participaci\u00f3 activa de totes les fam\u00edlies de l\u2019escola que cada any contribueixen aix\u00ed a la millora del medi ambient i a l\u2019estalvi energ\u00e8tic.<\/p>\n<p>Totes les fam\u00edlies reben un contenidor per posar l\u2019oli usat (claki) i setmanalment, cada dimecres, poden portar l\u2019oli a l\u2019escola on els alumnes de cicle superior, normalment s\u00f3n alumnes de 6\u00e8, fan la recollida, el recompte i mantenen un control de les estad\u00edstiques.\u00a0 El fet de fer part\u00edcip a tota la comunitat educativa ens fa avan\u00e7ar en la cohesi\u00f3 com a escola i mantenir accions conjuntes, que pensem que cada vegada s\u00f3n m\u00e9s necess\u00e0ries, amb les fam\u00edlies, que, aix\u00ed incorporen a la seva vida quotidiana petites accions que en el seu conjunt fan que es millori molt la vida di\u00e0ria.\u00a0 Al llarg d\u2019aquests anys i fent el recompte dels litres d\u2019oli usat no vesats a l\u2019aigua, realment ens sentim orgullosos d\u2019aportar el nostre petit gra de sorra en la millora i manteniment del planeta.\u00a0 Aqu\u00ed us deixem unes dades representatives per reflexionar i tamb\u00e9 tota la informaci\u00f3 del <strong>projecte OLICLAK<\/strong>&#8230;<\/p>\n<p><img loading=\"lazy\" decoding=\"async\" class=\"alignnone size-full wp-image-1549\" src=\"https:\/\/agora.xtec.cat\/ceip-paucasals-viladecans\/wp-content\/uploads\/usu650\/2020\/01\/taula-n\u00fameros.png\" alt=\"\" width=\"1253\" height=\"264\" srcset=\"https:\/\/agora.xtec.cat\/ceip-paucasals-viladecans\/wp-content\/uploads\/usu650\/2020\/01\/taula-n\u00fameros.png 1253w, https:\/\/agora.xtec.cat\/ceip-paucasals-viladecans\/wp-content\/uploads\/usu650\/2020\/01\/taula-n\u00fameros-300x63.png 300w, https:\/\/agora.xtec.cat\/ceip-paucasals-viladecans\/wp-content\/uploads\/usu650\/2020\/01\/taula-n\u00fameros-768x162.png 768w, https:\/\/agora.xtec.cat\/ceip-paucasals-viladecans\/wp-content\/uploads\/usu650\/2020\/01\/taula-n\u00fameros-1024x216.png 1024w\" sizes=\"auto, (max-width: 1253px) 100vw, 1253px\" \/><\/p>\n<p><img loading=\"lazy\" decoding=\"async\" class=\"alignnone size-full wp-image-1550\" src=\"https:\/\/agora.xtec.cat\/ceip-paucasals-viladecans\/wp-content\/uploads\/usu650\/2020\/01\/gr\u00e0fica-anys-reciclatge.png\" alt=\"\" width=\"951\" height=\"291\" srcset=\"https:\/\/agora.xtec.cat\/ceip-paucasals-viladecans\/wp-content\/uploads\/usu650\/2020\/01\/gr\u00e0fica-anys-reciclatge.png 951w, https:\/\/agora.xtec.cat\/ceip-paucasals-viladecans\/wp-content\/uploads\/usu650\/2020\/01\/gr\u00e0fica-anys-reciclatge-300x92.png 300w, https:\/\/agora.xtec.cat\/ceip-paucasals-viladecans\/wp-content\/uploads\/usu650\/2020\/01\/gr\u00e0fica-anys-reciclatge-768x235.png 768w\" sizes=\"auto, (max-width: 951px) 100vw, 951px\" \/><\/p>\n<p><img loading=\"lazy\" decoding=\"async\" class=\"size-full wp-image-1551 alignleft\" src=\"https:\/\/agora.xtec.cat\/ceip-paucasals-viladecans\/wp-content\/uploads\/usu650\/2020\/01\/piscina.png\" alt=\"\" width=\"673\" height=\"777\" srcset=\"https:\/\/agora.xtec.cat\/ceip-paucasals-viladecans\/wp-content\/uploads\/usu650\/2020\/01\/piscina.png 673w, https:\/\/agora.xtec.cat\/ceip-paucasals-viladecans\/wp-content\/uploads\/usu650\/2020\/01\/piscina-260x300.png 260w\" sizes=\"auto, (max-width: 673px) 100vw, 673px\" \/> <img loading=\"lazy\" decoding=\"async\" class=\"size-full wp-image-1552 aligncenter\" src=\"https:\/\/agora.xtec.cat\/ceip-paucasals-viladecans\/wp-content\/uploads\/usu650\/2020\/01\/explicaci\u00f3-contaminants.png\" alt=\"\" width=\"742\" height=\"75\" srcset=\"https:\/\/agora.xtec.cat\/ceip-paucasals-viladecans\/wp-content\/uploads\/usu650\/2020\/01\/explicaci\u00f3-contaminants.png 742w, https:\/\/agora.xtec.cat\/ceip-paucasals-viladecans\/wp-content\/uploads\/usu650\/2020\/01\/explicaci\u00f3-contaminants-300x30.png 300w\" sizes=\"auto, (max-width: 742px) 100vw, 742px\" \/> <img loading=\"lazy\" decoding=\"async\" class=\"size-full wp-image-1553 aligncenter\" src=\"https:\/\/agora.xtec.cat\/ceip-paucasals-viladecans\/wp-content\/uploads\/usu650\/2020\/01\/co2.png\" alt=\"\" width=\"743\" height=\"677\" srcset=\"https:\/\/agora.xtec.cat\/ceip-paucasals-viladecans\/wp-content\/uploads\/usu650\/2020\/01\/co2.png 743w, https:\/\/agora.xtec.cat\/ceip-paucasals-viladecans\/wp-content\/uploads\/usu650\/2020\/01\/co2-300x273.png 300w\" sizes=\"auto, (max-width: 743px) 100vw, 743px\" \/> <img loading=\"lazy\" decoding=\"async\" class=\"size-full wp-image-1554 aligncenter\" src=\"https:\/\/agora.xtec.cat\/ceip-paucasals-viladecans\/wp-content\/uploads\/usu650\/2020\/01\/contenidors.png\" alt=\"\" width=\"727\" height=\"670\" srcset=\"https:\/\/agora.xtec.cat\/ceip-paucasals-viladecans\/wp-content\/uploads\/usu650\/2020\/01\/contenidors.png 727w, https:\/\/agora.xtec.cat\/ceip-paucasals-viladecans\/wp-content\/uploads\/usu650\/2020\/01\/contenidors-300x276.png 300w\" sizes=\"auto, (max-width: 727px) 100vw, 727px\" \/><\/p>\n<p><img loading=\"lazy\" decoding=\"async\" class=\"alignnone size-full wp-image-1437\" src=\"https:\/\/agora.xtec.cat\/ceip-paucasals-viladecans\/wp-content\/uploads\/usu650\/2019\/09\/claki.png\" alt=\"\" width=\"290\" height=\"309\" srcset=\"https:\/\/agora.xtec.cat\/ceip-paucasals-viladecans\/wp-content\/uploads\/usu650\/2019\/09\/claki.png 290w, https:\/\/agora.xtec.cat\/ceip-paucasals-viladecans\/wp-content\/uploads\/usu650\/2019\/09\/claki-282x300.png 282w\" sizes=\"auto, (max-width: 290px) 100vw, 290px\" \/><\/p>\n<h3 style=\"text-align: center;\"><span style=\"color: #008080;\"><a style=\"color: #008080;\" href=\"https:\/\/agora.xtec.cat\/ceip-paucasals-viladecans\/wp-content\/uploads\/usu650\/2020\/01\/Projecte-Claki.pdf\">Projecte Claki<\/a><\/span><\/h3>\n<h3 style=\"text-align: center;\"><span style=\"color: #0000ff;\"><a style=\"color: #0000ff;\" href=\"https:\/\/agora.xtec.cat\/ceip-paucasals-viladecans\/wp-content\/uploads\/usu650\/2020\/01\/tr\u00edptic-oli.pdf\">Tr\u00edptic informatiu oli<\/a><\/span><\/h3>\n","protected":false},"excerpt":{"rendered":"<p>Fa ja 11 anys que som Escola Verda.\u00a0 Fruit del treball de tots aquests anys hem estat recollint dades mesurables dels beneficis que implica la relaci\u00f3 i cooperaci\u00f3 amb la comunitat educativa i l&#8217;entorn.\u00a0 El nostre centre t\u00e9 un comit\u00e8 mediambiental que es reuneix peri\u00f2dicament&hellip;  <a href=\"https:\/\/agora.xtec.cat\/ceip-paucasals-viladecans\/projecte-oliklack-recollida-doli-usat\/\" title=\"Read Projecte OLIKLACK &#8211; Recollida d&#8217;oli usat\">Llegeix m\u00e9s\u00bb<\/a><\/p>\n","protected":false},"author":1,"featured_media":0,"parent":0,"menu_order":0,"comment_status":"closed","ping_status":"closed","template":"","meta":{"_bbp_topic_count":0,"_bbp_reply_count":0,"_bbp_total_topic_count":0,"_bbp_total_reply_count":0,"_bbp_voice_count":0,"_bbp_anonymous_reply_count":0,"_bbp_topic_count_hidden":0,"_bbp_reply_count_hidden":0,"_bbp_forum_subforum_count":0,"footnotes":""},"class_list":["post-1548","page","type-page","status-publish","hentry"],"post_mailing_queue_ids":[],"_links":{"self":[{"href":"https:\/\/agora.xtec.cat\/ceip-paucasals-viladecans\/wp-json\/wp\/v2\/pages\/1548","targetHints":{"allow":["GET"]}}],"collection":[{"href":"https:\/\/agora.xtec.cat\/ceip-paucasals-viladecans\/wp-json\/wp\/v2\/pages"}],"about":[{"href":"https:\/\/agora.xtec.cat\/ceip-paucasals-viladecans\/wp-json\/wp\/v2\/types\/page"}],"author":[{"embeddable":true,"href":"https:\/\/agora.xtec.cat\/ceip-paucasals-viladecans\/wp-json\/wp\/v2\/users\/1"}],"replies":[{"embeddable":true,"href":"https:\/\/agora.xtec.cat\/ceip-paucasals-viladecans\/wp-json\/wp\/v2\/comments?post=1548"}],"version-history":[{"count":2,"href":"https:\/\/agora.xtec.cat\/ceip-paucasals-viladecans\/wp-json\/wp\/v2\/pages\/1548\/revisions"}],"predecessor-version":[{"id":1594,"href":"https:\/\/agora.xtec.cat\/ceip-paucasals-viladecans\/wp-json\/wp\/v2\/pages\/1548\/revisions\/1594"}],"wp:attachment":[{"href":"https:\/\/agora.xtec.cat\/ceip-paucasals-viladecans\/wp-json\/wp\/v2\/media?parent=1548"}],"curies":[{"name":"wp","href":"https:\/\/api.w.org\/{rel}","templated":true}]}}