{"id":1539,"date":"2020-01-29T16:32:04","date_gmt":"2020-01-29T15:32:04","guid":{"rendered":"http:\/\/agora.xtec.cat\/ceip-paucasals-viladecans\/?page_id=1539"},"modified":"2020-02-16T19:57:11","modified_gmt":"2020-02-16T18:57:11","slug":"nof-normes-dorganitzacio-i-funcionament","status":"publish","type":"page","link":"https:\/\/agora.xtec.cat\/ceip-paucasals-viladecans\/nof-normes-dorganitzacio-i-funcionament\/","title":{"rendered":"NOFC &#8211; Normes d&#8217;organitzaci\u00f3 i funcionament de centre"},"content":{"rendered":"<p>El document NOF est\u00e0 en revisi\u00f3, s&#8217;han d&#8217;anar actualitzant tots els apartats en refer\u00e8ncia al Projecte d&#8217;emocions, el Pla de conviv\u00e8ncia i la Comissi\u00f3 de resoluci\u00f3 de conflictes que s&#8217;estan treballant.\u00a0 Us deixem el document inicial.<\/p>\n<h2 style=\"text-align: center;\"><span style=\"color: #ff00ff;\"><a style=\"color: #ff00ff;\" href=\"https:\/\/agora.xtec.cat\/ceip-paucasals-viladecans\/wp-content\/uploads\/usu650\/2020\/01\/NOF.pdf\">NOF<\/a><\/span><\/h2>\n","protected":false},"excerpt":{"rendered":"<p>El document NOF est\u00e0 en revisi\u00f3, s&#8217;han d&#8217;anar actualitzant tots els apartats en refer\u00e8ncia al Projecte d&#8217;emocions, el Pla de conviv\u00e8ncia i la Comissi\u00f3 de resoluci\u00f3 de conflictes que s&#8217;estan treballant.\u00a0 Us deixem el document inicial.<br \/>\n<a style=\"color: #ff00ff;\" href=\"https:\/\/agora.xtec.cat\/ceip-paucasals-viladecans\/wp-content\/uploads\/usu650\/2020\/01\/NOF.pdf\">NOF<\/a><\/p>\n","protected":false},"author":1,"featured_media":0,"parent":0,"menu_order":0,"comment_status":"closed","ping_status":"closed","template":"","meta":{"_bbp_topic_count":0,"_bbp_reply_count":0,"_bbp_total_topic_count":0,"_bbp_total_reply_count":0,"_bbp_voice_count":0,"_bbp_anonymous_reply_count":0,"_bbp_topic_count_hidden":0,"_bbp_reply_count_hidden":0,"_bbp_forum_subforum_count":0,"footnotes":""},"class_list":["post-1539","page","type-page","status-publish","hentry"],"post_mailing_queue_ids":[],"_links":{"self":[{"href":"https:\/\/agora.xtec.cat\/ceip-paucasals-viladecans\/wp-json\/wp\/v2\/pages\/1539","targetHints":{"allow":["GET"]}}],"collection":[{"href":"https:\/\/agora.xtec.cat\/ceip-paucasals-viladecans\/wp-json\/wp\/v2\/pages"}],"about":[{"href":"https:\/\/agora.xtec.cat\/ceip-paucasals-viladecans\/wp-json\/wp\/v2\/types\/page"}],"author":[{"embeddable":true,"href":"https:\/\/agora.xtec.cat\/ceip-paucasals-viladecans\/wp-json\/wp\/v2\/users\/1"}],"replies":[{"embeddable":true,"href":"https:\/\/agora.xtec.cat\/ceip-paucasals-viladecans\/wp-json\/wp\/v2\/comments?post=1539"}],"version-history":[{"count":2,"href":"https:\/\/agora.xtec.cat\/ceip-paucasals-viladecans\/wp-json\/wp\/v2\/pages\/1539\/revisions"}],"predecessor-version":[{"id":1683,"href":"https:\/\/agora.xtec.cat\/ceip-paucasals-viladecans\/wp-json\/wp\/v2\/pages\/1539\/revisions\/1683"}],"wp:attachment":[{"href":"https:\/\/agora.xtec.cat\/ceip-paucasals-viladecans\/wp-json\/wp\/v2\/media?parent=1539"}],"curies":[{"name":"wp","href":"https:\/\/api.w.org\/{rel}","templated":true}]}}