{"id":1512,"date":"2020-01-28T10:48:43","date_gmt":"2020-01-28T09:48:43","guid":{"rendered":"http:\/\/agora.xtec.cat\/ceip-paucasals-viladecans\/?page_id=1512"},"modified":"2020-01-28T10:51:40","modified_gmt":"2020-01-28T09:51:40","slug":"escola-verda-des-de-2007","status":"publish","type":"page","link":"https:\/\/agora.xtec.cat\/ceip-paucasals-viladecans\/escola-verda-des-de-2007\/","title":{"rendered":"Escola Verda des de 2007"},"content":{"rendered":"<p>Ja s\u00f3n molts anys dedicats a la cura del medi ambient, compromesos amb l&#8217;educaci\u00f3 dels futurs ciutadans del nostre m\u00f3n i molt implicats amb un conjunt d&#8217;accions a l&#8217;escola que ja s\u00f3n un continu.\u00a0 Aqu\u00ed al men\u00fa us deixem els \u00e0mbits en qu\u00e8 treballa l&#8217;escola, alguns des de bon comen\u00e7ament amb el distintiu d&#8217;Escola Verda, d&#8217;altres accions que han anat sorgint de les inquietuds i valors dels nens i les nenes de l&#8217;escola al llarg d&#8217;aquests anys al nostre Comit\u00e8 Mediambiental&#8230;<\/p>\n<p><img loading=\"lazy\" decoding=\"async\" class=\"alignnone size-full wp-image-1514\" src=\"https:\/\/agora.xtec.cat\/ceip-paucasals-viladecans\/wp-content\/uploads\/usu650\/2020\/01\/escola-verda2.jpg\" alt=\"\" width=\"3543\" height=\"3543\" srcset=\"https:\/\/agora.xtec.cat\/ceip-paucasals-viladecans\/wp-content\/uploads\/usu650\/2020\/01\/escola-verda2.jpg 3543w, https:\/\/agora.xtec.cat\/ceip-paucasals-viladecans\/wp-content\/uploads\/usu650\/2020\/01\/escola-verda2-150x150.jpg 150w, https:\/\/agora.xtec.cat\/ceip-paucasals-viladecans\/wp-content\/uploads\/usu650\/2020\/01\/escola-verda2-300x300.jpg 300w, https:\/\/agora.xtec.cat\/ceip-paucasals-viladecans\/wp-content\/uploads\/usu650\/2020\/01\/escola-verda2-768x768.jpg 768w, https:\/\/agora.xtec.cat\/ceip-paucasals-viladecans\/wp-content\/uploads\/usu650\/2020\/01\/escola-verda2-1024x1024.jpg 1024w\" sizes=\"auto, (max-width: 3543px) 100vw, 3543px\" \/><\/p>\n","protected":false},"excerpt":{"rendered":"<p>Ja s\u00f3n molts anys dedicats a la cura del medi ambient, compromesos amb l&#8217;educaci\u00f3 dels futurs ciutadans del nostre m\u00f3n i molt implicats amb un conjunt d&#8217;accions a l&#8217;escola que ja s\u00f3n un continu.\u00a0 Aqu\u00ed al men\u00fa us deixem els \u00e0mbits en qu\u00e8 treballa l&#8217;escola,&hellip;  <a href=\"https:\/\/agora.xtec.cat\/ceip-paucasals-viladecans\/escola-verda-des-de-2007\/\" title=\"Read Escola Verda des de 2007\">Llegeix m\u00e9s\u00bb<\/a><\/p>\n","protected":false},"author":1,"featured_media":0,"parent":0,"menu_order":0,"comment_status":"closed","ping_status":"closed","template":"","meta":{"_bbp_topic_count":0,"_bbp_reply_count":0,"_bbp_total_topic_count":0,"_bbp_total_reply_count":0,"_bbp_voice_count":0,"_bbp_anonymous_reply_count":0,"_bbp_topic_count_hidden":0,"_bbp_reply_count_hidden":0,"_bbp_forum_subforum_count":0,"footnotes":""},"class_list":["post-1512","page","type-page","status-publish","hentry"],"post_mailing_queue_ids":[],"_links":{"self":[{"href":"https:\/\/agora.xtec.cat\/ceip-paucasals-viladecans\/wp-json\/wp\/v2\/pages\/1512","targetHints":{"allow":["GET"]}}],"collection":[{"href":"https:\/\/agora.xtec.cat\/ceip-paucasals-viladecans\/wp-json\/wp\/v2\/pages"}],"about":[{"href":"https:\/\/agora.xtec.cat\/ceip-paucasals-viladecans\/wp-json\/wp\/v2\/types\/page"}],"author":[{"embeddable":true,"href":"https:\/\/agora.xtec.cat\/ceip-paucasals-viladecans\/wp-json\/wp\/v2\/users\/1"}],"replies":[{"embeddable":true,"href":"https:\/\/agora.xtec.cat\/ceip-paucasals-viladecans\/wp-json\/wp\/v2\/comments?post=1512"}],"version-history":[{"count":2,"href":"https:\/\/agora.xtec.cat\/ceip-paucasals-viladecans\/wp-json\/wp\/v2\/pages\/1512\/revisions"}],"predecessor-version":[{"id":1515,"href":"https:\/\/agora.xtec.cat\/ceip-paucasals-viladecans\/wp-json\/wp\/v2\/pages\/1512\/revisions\/1515"}],"wp:attachment":[{"href":"https:\/\/agora.xtec.cat\/ceip-paucasals-viladecans\/wp-json\/wp\/v2\/media?parent=1512"}],"curies":[{"name":"wp","href":"https:\/\/api.w.org\/{rel}","templated":true}]}}