{"id":73,"date":"2014-09-18T14:01:51","date_gmt":"2014-09-18T14:01:51","guid":{"rendered":"http:\/\/agora.xtec.cat\/ceip-paucasals-sjdespi\/?page_id=73"},"modified":"2025-03-12T17:26:40","modified_gmt":"2025-03-12T16:26:40","slug":"menjador-escolar","status":"publish","type":"page","link":"https:\/\/agora.xtec.cat\/ceip-paucasals-sjdespi\/serveis\/menjador-escolar\/","title":{"rendered":"Menjador escolar"},"content":{"rendered":"<p class=\"entry-title\">El servei de menjador compta amb cuina pr\u00f2pia des del seu origen. Est\u00e0 gestionat directament, i de forma volunt\u00e0ria, per les pr\u00f2pies fam\u00edlies a trav\u00e9s de l&#8217;AFA de l&#8217;escola amb el vist i plau anual del Consell Escolar.<\/p>\n<p>En el <a href=\"https:\/\/drive.google.com\/file\/d\/1PwzdI9gf256NWMhRYzKHtqtPACFtd_dz\/view?usp=sharing\" target=\"_blank\" rel=\"noopener\"><u>PFAM<\/u><\/a>, Pla de Funcionament Anual del Menjador, es detalla la definici\u00f3 i l&#8217;organitzaci\u00f3 del servei. Es revisa ala Comissi\u00f3 del Menjador i s\u2019aprova anualment pel Consell Escolar.<img loading=\"lazy\" decoding=\"async\" class=\"alignright wp-image-1800 \" src=\"http:\/\/i0.wp.com\/www.ampapaucasals.despientitats.cat\/wp-content\/uploads\/sites\/38\/2013\/12\/menjador-170x129.jpg?resize=170%2C129\" alt=\"menjador\" width=\"158\" height=\"119\" \/><\/p>\n<p>La cuina est\u00e0 gestionada per Hostesa. La dietista col\u00b7legiada de l\u2019empresa proposa els men\u00fas i despr\u00e9s la t\u00e8cnica de Salut i Benestar de l&#8217;ajuntament els revisa i els aprova definitivament, tenint en compte criteris d&#8217;estacionalitat dels aliments i estils de cocci\u00f3 i la m\u00e0xima qualitat dels ingredients.<\/p>\n<p>Els <strong>men\u00fas<\/strong> s\u2019elaboren amb peix congelat (protocol Anisakis), amb productes d\u2019origen ecol\u00f2gic (arr\u00f2s, llegums, pasta, una fruita a la setmana i vedella o porc, un cop al mes) i amb verdura fresca amb certificaci\u00f3 ecol\u00f2gica.<\/p>\n<p>El <strong>Coordinador del servei de menjador i <\/strong><strong>de l\u2019equip de monitors\/es \u00e9s el Sergio<\/strong>. Ell at\u00e9n <strong>presencialment de dilluns a divendres de 9:00 a 10:00h. o per tel\u00e8fon 628 698 155.<\/strong><\/p>\n<p><strong>L\u2019administrativa del servei de menjador <\/strong>\u00e9s la\u00a0<strong>Margarita Gallardo. La podeu trobar de 9:00 a 13:00h al despatx del menjador, amb cita pr\u00e8via trucant o per correu electr\u00f2nic<\/strong>. Podeu contactar per <strong>tel\u00e8fon o WhatsApp al 660 261 607<\/strong> o per correu electr\u00f2nic:<strong> <a href=\"mailto:ampa@ceippaucasals.net\">ampa@ceippaucasals.net<\/a>.<\/strong><\/p>\n<p>Durant l\u2019horari de migdia hi ha un equip de monitors i monitores que tenen cura dels h\u00e0bits d\u2019higiene i de comportament al menjador i que, despr\u00e9s de dinar, dinamitzen activitats diverses adequades a cada nivell (els nens i nenes de 3 anys fan la migdiada).<\/p>\n<p>L\u2019equip de monitors i monitores pertanyen a l\u2019empresa <strong>Hostesa.<\/strong><\/p>\n<p>El <strong>preu <\/strong>del servei de menjador \u00e9s:<\/p>\n<ul>\n<li style=\"list-style-type: none;\">\n<ul>\n<li>Servei fix: 7,10 \u20ac\/dia.<\/li>\n<li>Servei discontinu (menys de 3 dies setmanals): 7,65 \u20ac\/dia.<\/li>\n<li>Els Serveis Socials de l\u2019Ajuntament i el Consell Comarcal ofereixen ajuts de menjador anualment.<\/li>\n<li>Els <strong>rebuts<\/strong> del menjador es passaran\u00a0a mes ven\u00e7ut de <strong>l\u20191 i el 5 de cada mes<\/strong>.<\/li>\n<\/ul>\n<\/li>\n<\/ul>\n<p>Per <strong>donar-se de baixa <\/strong>cal comunicar-ho a administraci\u00f3 amb la m\u00e0xima antelaci\u00f3 possible i omplir el <strong>full de baixa.<\/strong><\/p>\n<p><strong><u>Descomptes en les abs\u00e8ncies al servei de menjador: malalties, sortides, col\u00f2nies&#8230; <\/u><\/strong><\/p>\n<p><strong><u>Es descomptar\u00e0 la meitat del preu\/dia<\/u><\/strong> del menjador en els seg\u00fcents casos:<\/p>\n<ul>\n<li style=\"list-style-type: none;\">\n<ul>\n<li style=\"list-style-type: none;\">\n<ul>\n<li>Si la fam\u00edlia avisa en el mateix dia la no necessitat del servei, de 9:00h a 10:00h del mat\u00ed, a la. En cas de no avisar es cobraria el dia sencer.<\/li>\n<\/ul>\n<\/li>\n<\/ul>\n<\/li>\n<\/ul>\n<p><span style=\"text-decoration: underline;\"><strong><span style=\"font-family: inherit; font-size: 1em;\">Es\u00a0descomptar\u00e0 el preu sencer\u00a0del menjador en els seg\u00fcents casos:<\/span><\/strong><\/span><\/p>\n<ul>\n<li style=\"list-style-type: none;\">\n<ul>\n<li style=\"list-style-type: none;\">\n<ul style=\"list-style-type: square;\">\n<li>A partir del 2n dia de malaltia.<\/li>\n<li>Per sortides de tot el dia o col\u00f2nies.<\/li>\n<li>Aquest curs, per la situaci\u00f3 excepcional de pand\u00e8mia, tamb\u00e9 es descomptar\u00e0 el preu sencer del menjador en els seg\u00fcents casos:\n<ul>\n<li style=\"list-style-type: none;\">\n<ul>\n<li style=\"list-style-type: none;\">\n<ul>\n<li style=\"list-style-type: none;\">\n<ul style=\"list-style-type: square;\">\n<li>En cas de confinament sencer d&#8217;un grup estable (grup classe).<\/li>\n<li>En cas de confinament individual de l&#8217;alumnat (nom\u00e9s ell o ella, no tota la classe) sempre i quan, la fam\u00edlia avisi a la Marga (Telf: 660 261 607) de quin dia comen\u00e7a i quin dia acaba la quarantena (no cal trucar cada dia).<\/li>\n<\/ul>\n<\/li>\n<\/ul>\n<\/li>\n<\/ul>\n<\/li>\n<\/ul>\n<\/li>\n<\/ul>\n<\/li>\n<\/ul>\n<\/li>\n<\/ul>\n<p><strong><u>Comunicaci\u00f3 fam\u00edlies menjador<\/u><\/strong><\/p>\n<p>Les fam\u00edlies que necessiten un <strong>\u00fas puntual o una dieta especial <\/strong>ho poden comunicar el mateix dia de <strong>9:00h a 10:00h<\/strong> del mat\u00ed.<br \/>\nPer comunicar la <strong>no assist\u00e8ncia d\u2019un infant al servei per malaltia i\/o altres <\/strong><strong>situacions puntuals<\/strong>, caldr\u00e0 comunicar-ho el dia d&#8217;inici de la baixa i el dia d&#8217;incorporaci\u00f3 un altre cop al servei.<br \/>\nPer <strong>donar-se de baixa <\/strong>cal comunicar-ho a administraci\u00f3 amb la m\u00e0xima antelaci\u00f3 possible i omplir el <a href=\"http:\/\/www.ampapaucasals.despientitats.cat\/wp-content\/uploads\/sites\/38\/2017\/05\/SOL%C2%B7LICITUD-DE-BAIXA-AL-MENJADOR-AFA-ELS-OCELLS.pdf\"><strong>full de baixa<\/strong><\/a><strong>.<\/strong><\/p>\n<p><span style=\"text-decoration: underline;\"><strong>Documents del servei de menjador<\/strong><\/span><\/p>\n<p><strong>-PLA DE FUNCIONAMENT ANUAL DEL MEJADOR (PFAM)<\/strong><br \/>\n<a href=\"https:\/\/drive.google.com\/file\/d\/1NZMEB8e6TDxaDQKmOGG0KchUC0zrAAhW\/view?usp=sharing\" target=\"_blank\" rel=\"noopener\"><strong>-REGULACI\u00d3 DE LA CONVIV\u00c8NCIA A L&#8217;ESPAI DEL MENJADOR (RCEM)<\/strong><\/a><\/p>\n","protected":false},"excerpt":{"rendered":"<p>El servei de menjador compta amb cuina pr\u00f2pia des del seu origen. Est\u00e0 gestionat directament, i de forma volunt\u00e0ria, per les pr\u00f2pies fam\u00edlies a trav\u00e9s de l&#8217;AFA de l&#8217;escola amb el vist i plau anual del Consell Escolar.<br \/>\nEn el <a href=\"https:\/\/drive.google.com\/file\/d\/1PwzdI9gf256NWMhRYzKHtqtPACFtd_dz\/view?usp=sharing\" target=\"_blank\" rel=\"noopener\">PFAM<\/a>, Pla de&hellip;  <a href=\"https:\/\/agora.xtec.cat\/ceip-paucasals-sjdespi\/serveis\/menjador-escolar\/\" title=\"Read Menjador escolar\">Llegeix m\u00e9s\u00bb<\/a><\/p>\n","protected":false},"author":2,"featured_media":0,"parent":66,"menu_order":1,"comment_status":"closed","ping_status":"closed","template":"page-templates\/side-menu.php","meta":{"_bbp_topic_count":0,"_bbp_reply_count":0,"_bbp_total_topic_count":0,"_bbp_total_reply_count":0,"_bbp_voice_count":0,"_bbp_anonymous_reply_count":0,"_bbp_topic_count_hidden":0,"_bbp_reply_count_hidden":0,"_bbp_forum_subforum_count":0,"footnotes":""},"class_list":["post-73","page","type-page","status-publish","hentry"],"post_mailing_queue_ids":[],"_links":{"self":[{"href":"https:\/\/agora.xtec.cat\/ceip-paucasals-sjdespi\/wp-json\/wp\/v2\/pages\/73","targetHints":{"allow":["GET"]}}],"collection":[{"href":"https:\/\/agora.xtec.cat\/ceip-paucasals-sjdespi\/wp-json\/wp\/v2\/pages"}],"about":[{"href":"https:\/\/agora.xtec.cat\/ceip-paucasals-sjdespi\/wp-json\/wp\/v2\/types\/page"}],"author":[{"embeddable":true,"href":"https:\/\/agora.xtec.cat\/ceip-paucasals-sjdespi\/wp-json\/wp\/v2\/users\/2"}],"replies":[{"embeddable":true,"href":"https:\/\/agora.xtec.cat\/ceip-paucasals-sjdespi\/wp-json\/wp\/v2\/comments?post=73"}],"version-history":[{"count":5,"href":"https:\/\/agora.xtec.cat\/ceip-paucasals-sjdespi\/wp-json\/wp\/v2\/pages\/73\/revisions"}],"predecessor-version":[{"id":13503,"href":"https:\/\/agora.xtec.cat\/ceip-paucasals-sjdespi\/wp-json\/wp\/v2\/pages\/73\/revisions\/13503"}],"up":[{"embeddable":true,"href":"https:\/\/agora.xtec.cat\/ceip-paucasals-sjdespi\/wp-json\/wp\/v2\/pages\/66"}],"wp:attachment":[{"href":"https:\/\/agora.xtec.cat\/ceip-paucasals-sjdespi\/wp-json\/wp\/v2\/media?parent=73"}],"curies":[{"name":"wp","href":"https:\/\/api.w.org\/{rel}","templated":true}]}}