{"id":71,"date":"2014-09-18T12:44:56","date_gmt":"2014-09-18T12:44:56","guid":{"rendered":"http:\/\/agora.xtec.cat\/ceip-paucasals-sjdespi\/?page_id=71"},"modified":"2021-10-27T16:42:52","modified_gmt":"2021-10-27T14:42:52","slug":"roba-escola","status":"publish","type":"page","link":"https:\/\/agora.xtec.cat\/ceip-paucasals-sjdespi\/serveis\/roba-escola\/","title":{"rendered":"Roba de l&#8217;escola"},"content":{"rendered":"<p class=\"entry-title\"><!-- .entry-header --><img loading=\"lazy\" decoding=\"async\" class=\" wp-image-956 size-full alignright\" src=\"http:\/\/i0.wp.com\/www.ampapaucasals.despientitats.cat\/wp-content\/uploads\/sites\/38\/2008\/12\/cimg0334_183856.JPG?resize=129%2C93\" alt=\"Imatge de complement\" width=\"129\" height=\"93\" \/><\/p>\n<p class=\"entry-title\">Al despatx de l\u2019AFA trobareu bates i xandalls per als infants, <strong>caldr\u00e0 que demaneu cita pr\u00e8via de 9:00 a 13:00h per fer la compra, al tel\u00e8fon 660261607<\/strong>. Tamb\u00e9 tenim a la venda samarretes de m\u00e0niga llarga i curta i complements per a excursions.<\/p>\n<div class=\"entry-content\">\n<p>Tot el vestuari porta el logotip de l\u2019escola.<br \/>\nEls preus (independent de la talla) s\u00f3n:<\/p>\n<table style=\"height: 844px; width: 67.9367%;\" border=\"1\" width=\"672\">\n<tbody>\n<tr style=\"height: 171px;\">\n<td style=\"height: 38px; width: 27.3341%;\"><a href=\"https:\/\/agora.xtec.cat\/ceip-paucasals-sjdespi\/wp-content\/uploads\/usu477\/2021\/10\/IMG_4254.jpg\"><img loading=\"lazy\" decoding=\"async\" class=\"alignright size-medium wp-image-11071\" src=\"https:\/\/agora.xtec.cat\/ceip-paucasals-sjdespi\/wp-content\/uploads\/usu477\/2021\/10\/IMG_4254-300x200.jpg\" alt=\"\" width=\"300\" height=\"200\" srcset=\"https:\/\/agora.xtec.cat\/ceip-paucasals-sjdespi\/wp-content\/uploads\/usu477\/2021\/10\/IMG_4254-300x200.jpg 300w, https:\/\/agora.xtec.cat\/ceip-paucasals-sjdespi\/wp-content\/uploads\/usu477\/2021\/10\/IMG_4254-768x512.jpg 768w, https:\/\/agora.xtec.cat\/ceip-paucasals-sjdespi\/wp-content\/uploads\/usu477\/2021\/10\/IMG_4254.jpg 878w\" sizes=\"auto, (max-width: 300px) 100vw, 300px\" \/><\/a><\/td>\n<td style=\"height: 38px; width: 24.1201%;\"><a href=\"https:\/\/agora.xtec.cat\/ceip-paucasals-sjdespi\/wp-content\/uploads\/usu477\/2021\/10\/IMG_4245.jpg\"><img loading=\"lazy\" decoding=\"async\" class=\"alignright size-medium wp-image-11072\" src=\"https:\/\/agora.xtec.cat\/ceip-paucasals-sjdespi\/wp-content\/uploads\/usu477\/2021\/10\/IMG_4245-300x200.jpg\" alt=\"\" width=\"300\" height=\"200\" srcset=\"https:\/\/agora.xtec.cat\/ceip-paucasals-sjdespi\/wp-content\/uploads\/usu477\/2021\/10\/IMG_4245-300x200.jpg 300w, https:\/\/agora.xtec.cat\/ceip-paucasals-sjdespi\/wp-content\/uploads\/usu477\/2021\/10\/IMG_4245-768x512.jpg 768w, https:\/\/agora.xtec.cat\/ceip-paucasals-sjdespi\/wp-content\/uploads\/usu477\/2021\/10\/IMG_4245.jpg 933w\" sizes=\"auto, (max-width: 300px) 100vw, 300px\" \/><\/a><\/td>\n<td style=\"height: 38px; width: 24.5583%;\"><a href=\"https:\/\/agora.xtec.cat\/ceip-paucasals-sjdespi\/wp-content\/uploads\/usu477\/2021\/10\/IMG_4255.jpg\"><img loading=\"lazy\" decoding=\"async\" class=\"alignright size-medium wp-image-11073\" src=\"https:\/\/agora.xtec.cat\/ceip-paucasals-sjdespi\/wp-content\/uploads\/usu477\/2021\/10\/IMG_4255-300x200.jpg\" alt=\"\" width=\"300\" height=\"200\" srcset=\"https:\/\/agora.xtec.cat\/ceip-paucasals-sjdespi\/wp-content\/uploads\/usu477\/2021\/10\/IMG_4255-300x200.jpg 300w, https:\/\/agora.xtec.cat\/ceip-paucasals-sjdespi\/wp-content\/uploads\/usu477\/2021\/10\/IMG_4255-768x512.jpg 768w, https:\/\/agora.xtec.cat\/ceip-paucasals-sjdespi\/wp-content\/uploads\/usu477\/2021\/10\/IMG_4255.jpg 780w\" sizes=\"auto, (max-width: 300px) 100vw, 300px\" \/><\/a><\/td>\n<td style=\"width: 46.4626%; height: 38px;\"><a href=\"https:\/\/agora.xtec.cat\/ceip-paucasals-sjdespi\/wp-content\/uploads\/usu477\/2019\/02\/IMG_7829.jpg\"><img loading=\"lazy\" decoding=\"async\" class=\"size-medium wp-image-8213 aligncenter\" src=\"https:\/\/agora.xtec.cat\/ceip-paucasals-sjdespi\/wp-content\/uploads\/usu477\/2019\/02\/IMG_7829-300x225.jpg\" alt=\"\" width=\"300\" height=\"225\" srcset=\"https:\/\/agora.xtec.cat\/ceip-paucasals-sjdespi\/wp-content\/uploads\/usu477\/2019\/02\/IMG_7829-300x225.jpg 300w, https:\/\/agora.xtec.cat\/ceip-paucasals-sjdespi\/wp-content\/uploads\/usu477\/2019\/02\/IMG_7829-200x150.jpg 200w, https:\/\/agora.xtec.cat\/ceip-paucasals-sjdespi\/wp-content\/uploads\/usu477\/2019\/02\/IMG_7829.jpg 640w\" sizes=\"auto, (max-width: 300px) 100vw, 300px\" \/><\/a><\/td>\n<\/tr>\n<tr style=\"height: 10px;\">\n<td style=\"width: 27.3341%; height: 10px; text-align: center;\"><strong>BATA 13\u20ac<\/strong><\/td>\n<td style=\"width: 24.1201%; height: 10px; text-align: center;\"><strong>SAMARRETA MANIGA LLARGA 7,50\u20ac<\/strong><\/td>\n<td style=\"width: 24.5583%; height: 10px; text-align: center;\"><strong>XANDALL 30\u20ac<\/strong><\/td>\n<td style=\"width: 46.4626%; text-align: center; height: 10px;\"><strong>PANTAL\u00d3 CURT 11\u20ac<\/strong><\/td>\n<\/tr>\n<tr style=\"height: 10px;\">\n<td style=\"height: 10px; width: 27.3341%;\"><a href=\"https:\/\/agora.xtec.cat\/ceip-paucasals-sjdespi\/wp-content\/uploads\/usu477\/2019\/02\/IMG_7830.jpg\"><br \/>\n<img loading=\"lazy\" decoding=\"async\" class=\"wp-image-8211 aligncenter\" src=\"https:\/\/agora.xtec.cat\/ceip-paucasals-sjdespi\/wp-content\/uploads\/usu477\/2019\/02\/IMG_7830-225x300.jpg\" alt=\"\" width=\"136\" height=\"181\" srcset=\"https:\/\/agora.xtec.cat\/ceip-paucasals-sjdespi\/wp-content\/uploads\/usu477\/2019\/02\/IMG_7830-225x300.jpg 225w, https:\/\/agora.xtec.cat\/ceip-paucasals-sjdespi\/wp-content\/uploads\/usu477\/2019\/02\/IMG_7830.jpg 480w\" sizes=\"auto, (max-width: 136px) 100vw, 136px\" \/><\/a><\/td>\n<td style=\"height: 10px; width: 24.1201%;\"><a href=\"https:\/\/agora.xtec.cat\/ceip-paucasals-sjdespi\/wp-content\/uploads\/usu477\/2021\/10\/IMG_4236.jpg\"><img loading=\"lazy\" decoding=\"async\" class=\"alignright size-medium wp-image-11068\" src=\"https:\/\/agora.xtec.cat\/ceip-paucasals-sjdespi\/wp-content\/uploads\/usu477\/2021\/10\/IMG_4236-300x200.jpg\" alt=\"\" width=\"300\" height=\"200\" srcset=\"https:\/\/agora.xtec.cat\/ceip-paucasals-sjdespi\/wp-content\/uploads\/usu477\/2021\/10\/IMG_4236-300x200.jpg 300w, https:\/\/agora.xtec.cat\/ceip-paucasals-sjdespi\/wp-content\/uploads\/usu477\/2021\/10\/IMG_4236-768x512.jpg 768w, https:\/\/agora.xtec.cat\/ceip-paucasals-sjdespi\/wp-content\/uploads\/usu477\/2021\/10\/IMG_4236.jpg 933w\" sizes=\"auto, (max-width: 300px) 100vw, 300px\" \/><\/a><\/td>\n<td style=\"height: 10px; width: 24.5583%;\"><a href=\"https:\/\/agora.xtec.cat\/ceip-paucasals-sjdespi\/wp-content\/uploads\/usu477\/2021\/10\/IMG_4240.jpg\"><img loading=\"lazy\" decoding=\"async\" class=\"alignright size-medium wp-image-11069\" src=\"https:\/\/agora.xtec.cat\/ceip-paucasals-sjdespi\/wp-content\/uploads\/usu477\/2021\/10\/IMG_4240-300x200.jpg\" alt=\"\" width=\"300\" height=\"200\" srcset=\"https:\/\/agora.xtec.cat\/ceip-paucasals-sjdespi\/wp-content\/uploads\/usu477\/2021\/10\/IMG_4240-300x200.jpg 300w, https:\/\/agora.xtec.cat\/ceip-paucasals-sjdespi\/wp-content\/uploads\/usu477\/2021\/10\/IMG_4240-768x512.jpg 768w, https:\/\/agora.xtec.cat\/ceip-paucasals-sjdespi\/wp-content\/uploads\/usu477\/2021\/10\/IMG_4240.jpg 933w\" sizes=\"auto, (max-width: 300px) 100vw, 300px\" \/><\/a><\/td>\n<td style=\"width: 46.4626%; height: 10px;\"><a href=\"https:\/\/agora.xtec.cat\/ceip-paucasals-sjdespi\/wp-content\/uploads\/usu477\/2021\/10\/IMG_4237.jpg\"><img loading=\"lazy\" decoding=\"async\" class=\"alignright  wp-image-11070\" src=\"https:\/\/agora.xtec.cat\/ceip-paucasals-sjdespi\/wp-content\/uploads\/usu477\/2021\/10\/IMG_4237-300x200.jpg\" alt=\"\" width=\"198\" height=\"132\" srcset=\"https:\/\/agora.xtec.cat\/ceip-paucasals-sjdespi\/wp-content\/uploads\/usu477\/2021\/10\/IMG_4237-300x200.jpg 300w, https:\/\/agora.xtec.cat\/ceip-paucasals-sjdespi\/wp-content\/uploads\/usu477\/2021\/10\/IMG_4237.jpg 682w\" sizes=\"auto, (max-width: 198px) 100vw, 198px\" \/><\/a><\/td>\n<\/tr>\n<tr style=\"height: 10px;\">\n<td style=\"width: 27.3341%; height: 10px; text-align: center;\"><strong>MOTXILLA 2\u20ac<\/strong><\/td>\n<td style=\"width: 24.1201%; height: 10px; text-align: center;\"><strong>BUFF 2\u20ac<\/strong><\/td>\n<td style=\"width: 24.5583%; height: 10px; text-align: center;\"><strong>NECESSER 2\u20ac<\/strong><\/td>\n<td style=\"width: 46.4626%; text-align: center; height: 10px;\"><strong>PORTA-ENTREPANS 3\u20ac\u00a0<\/strong><\/td>\n<\/tr>\n<tr style=\"height: 160px;\">\n<td style=\"height: 160px; width: 27.3341%;\"><a href=\"https:\/\/agora.xtec.cat\/ceip-paucasals-sjdespi\/wp-content\/uploads\/usu477\/2021\/10\/IMG_4239.jpg\"><img loading=\"lazy\" decoding=\"async\" class=\"alignright size-medium wp-image-11074\" src=\"https:\/\/agora.xtec.cat\/ceip-paucasals-sjdespi\/wp-content\/uploads\/usu477\/2021\/10\/IMG_4239-300x200.jpg\" alt=\"\" width=\"300\" height=\"200\" srcset=\"https:\/\/agora.xtec.cat\/ceip-paucasals-sjdespi\/wp-content\/uploads\/usu477\/2021\/10\/IMG_4239-300x200.jpg 300w, https:\/\/agora.xtec.cat\/ceip-paucasals-sjdespi\/wp-content\/uploads\/usu477\/2021\/10\/IMG_4239-768x512.jpg 768w, https:\/\/agora.xtec.cat\/ceip-paucasals-sjdespi\/wp-content\/uploads\/usu477\/2021\/10\/IMG_4239.jpg 933w\" sizes=\"auto, (max-width: 300px) 100vw, 300px\" \/><\/a><\/td>\n<td style=\"height: 160px; width: 24.1201%;\"><a href=\"https:\/\/agora.xtec.cat\/ceip-paucasals-sjdespi\/wp-content\/uploads\/usu477\/2019\/02\/IMG_7828.jpg\"><img loading=\"lazy\" decoding=\"async\" class=\"wp-image-8212 aligncenter\" src=\"https:\/\/agora.xtec.cat\/ceip-paucasals-sjdespi\/wp-content\/uploads\/usu477\/2019\/02\/IMG_7828-225x300.jpg\" alt=\"\" width=\"144\" height=\"192\" srcset=\"https:\/\/agora.xtec.cat\/ceip-paucasals-sjdespi\/wp-content\/uploads\/usu477\/2019\/02\/IMG_7828-225x300.jpg 225w, https:\/\/agora.xtec.cat\/ceip-paucasals-sjdespi\/wp-content\/uploads\/usu477\/2019\/02\/IMG_7828.jpg 480w\" sizes=\"auto, (max-width: 144px) 100vw, 144px\" \/><\/a><\/td>\n<td style=\"height: 160px; width: 24.5583%;\"><\/td>\n<td style=\"width: 46.4626%; height: 160px;\"><\/td>\n<\/tr>\n<tr style=\"height: 10px;\">\n<td style=\"width: 27.3341%; text-align: center; height: 10px;\"><strong>GORRA 2\u20ac<\/strong><\/td>\n<td style=\"width: 24.1201%; text-align: center; height: 10px;\"><strong>CANTIMPLORA 3\u20ac<\/strong><\/td>\n<td style=\"width: 24.5583%; text-align: center; height: 10px;\"><\/td>\n<td style=\"width: 46.4626%; text-align: center; height: 10px;\"><strong>\u00a0<\/strong><\/td>\n<\/tr>\n<\/tbody>\n<\/table>\n<div class=\"tiled-gallery type-square\" data-original-width=\"584\" data-carousel-extra=\"{&quot;blog_id&quot;:38,&quot;permalink&quot;:&quot;http:\\\/\\\/www.ampapaucasals.despientitats.cat\\\/servicios\\\/equipament-escolar\\\/&quot;,&quot;likes_blog_id&quot;:66768864}\">\n<div class=\"gallery-row\" data-original-width=\"584\" data-original-height=\"194\">\n<div class=\"gallery-group\" data-original-width=\"194\" data-original-height=\"194\">\n<div class=\"tiled-gallery-item\">\n<p>&nbsp;<\/p>\n<\/div>\n<\/div>\n<\/div>\n<\/div>\n<\/div>\n","protected":false},"excerpt":{"rendered":"<p>Al despatx de l\u2019AFA trobareu bates i xandalls per als infants, caldr\u00e0 que demaneu cita pr\u00e8via de 9:00 a 13:00h per fer la compra, al tel\u00e8fon 660261607. Tamb\u00e9 tenim a la venda samarretes de m\u00e0niga llarga i curta i complements per a excursions.<\/p>\n<p>Tot el vestuari&hellip;  <a href=\"https:\/\/agora.xtec.cat\/ceip-paucasals-sjdespi\/serveis\/roba-escola\/\" title=\"Read Roba de l&#8217;escola\">Llegeix m\u00e9s\u00bb<\/a><\/p>\n","protected":false},"author":2,"featured_media":0,"parent":66,"menu_order":10,"comment_status":"closed","ping_status":"closed","template":"page-templates\/side-menu.php","meta":{"_bbp_topic_count":0,"_bbp_reply_count":0,"_bbp_total_topic_count":0,"_bbp_total_reply_count":0,"_bbp_voice_count":0,"_bbp_anonymous_reply_count":0,"_bbp_topic_count_hidden":0,"_bbp_reply_count_hidden":0,"_bbp_forum_subforum_count":0,"footnotes":""},"class_list":["post-71","page","type-page","status-publish","hentry"],"post_mailing_queue_ids":[],"_links":{"self":[{"href":"https:\/\/agora.xtec.cat\/ceip-paucasals-sjdespi\/wp-json\/wp\/v2\/pages\/71","targetHints":{"allow":["GET"]}}],"collection":[{"href":"https:\/\/agora.xtec.cat\/ceip-paucasals-sjdespi\/wp-json\/wp\/v2\/pages"}],"about":[{"href":"https:\/\/agora.xtec.cat\/ceip-paucasals-sjdespi\/wp-json\/wp\/v2\/types\/page"}],"author":[{"embeddable":true,"href":"https:\/\/agora.xtec.cat\/ceip-paucasals-sjdespi\/wp-json\/wp\/v2\/users\/2"}],"replies":[{"embeddable":true,"href":"https:\/\/agora.xtec.cat\/ceip-paucasals-sjdespi\/wp-json\/wp\/v2\/comments?post=71"}],"version-history":[{"count":3,"href":"https:\/\/agora.xtec.cat\/ceip-paucasals-sjdespi\/wp-json\/wp\/v2\/pages\/71\/revisions"}],"predecessor-version":[{"id":11075,"href":"https:\/\/agora.xtec.cat\/ceip-paucasals-sjdespi\/wp-json\/wp\/v2\/pages\/71\/revisions\/11075"}],"up":[{"embeddable":true,"href":"https:\/\/agora.xtec.cat\/ceip-paucasals-sjdespi\/wp-json\/wp\/v2\/pages\/66"}],"wp:attachment":[{"href":"https:\/\/agora.xtec.cat\/ceip-paucasals-sjdespi\/wp-json\/wp\/v2\/media?parent=71"}],"curies":[{"name":"wp","href":"https:\/\/api.w.org\/{rel}","templated":true}]}}