{"id":64,"date":"2014-09-18T12:39:08","date_gmt":"2014-09-18T12:39:08","guid":{"rendered":"http:\/\/agora.xtec.cat\/ceip-paucasals-sjdespi\/?page_id=64"},"modified":"2026-03-17T09:52:23","modified_gmt":"2026-03-17T08:52:23","slug":"documents-centre","status":"publish","type":"page","link":"https:\/\/agora.xtec.cat\/ceip-paucasals-sjdespi\/lescola\/documents-centre\/","title":{"rendered":"Documents del centre"},"content":{"rendered":"<p><a href=\"https:\/\/drive.google.com\/file\/d\/10wkztFzcNLwAbJ2zuLYPeB875lEAnzYx\/view?usp=sharing\"><img loading=\"lazy\" decoding=\"async\" class=\" wp-image-216 alignleft\" src=\"http:\/\/agora.xtec.cat\/ceip-paucasals-sjdespi\/wp-content\/uploads\/usu477\/2014\/09\/icono_actas-150x111.jpg\" alt=\"icono_actas\" width=\"77\" height=\"57\" \/><\/a><img loading=\"lazy\" decoding=\"async\" class=\"alignright wp-image-425\" src=\"http:\/\/agora.xtec.cat\/ceip-paucasals-sjdespi\/wp-content\/uploads\/usu477\/2014\/09\/Documents-Bondd-150x150.png\" alt=\"Documents-Bondd\" width=\"190\" height=\"190\" srcset=\"https:\/\/agora.xtec.cat\/ceip-paucasals-sjdespi\/wp-content\/uploads\/usu477\/2014\/09\/Documents-Bondd-150x150.png 150w, https:\/\/agora.xtec.cat\/ceip-paucasals-sjdespi\/wp-content\/uploads\/usu477\/2014\/09\/Documents-Bondd.png 256w\" sizes=\"auto, (max-width: 190px) 100vw, 190px\" \/><br \/>\n<strong>PEC (Projecte Educatiu de Centre) EN PROC\u00c9S D&#8217;ACTUALITZACI\u00d3<\/strong><\/p>\n<p><a href=\"https:\/\/drive.google.com\/open?id=0B7x-7cXDWUyrUVNwWE8tU1dzc1E\" target=\"_blank\" rel=\"noopener noreferrer\"><img loading=\"lazy\" decoding=\"async\" class=\" wp-image-216 alignleft\" src=\"http:\/\/agora.xtec.cat\/ceip-paucasals-sjdespi\/wp-content\/uploads\/usu477\/2014\/09\/icono_actas-150x111.jpg\" alt=\"icono_actas\" width=\"77\" height=\"57\" \/><\/a><br \/>\n<strong>CCE (Carta de Comprom\u00eds Educatiu)<\/strong><\/p>\n<p><a href=\"https:\/\/drive.google.com\/file\/d\/1x43VaTCL2M-CPqavgTFl0w8SAaharG5E\/view?usp=sharing\" target=\"_blank\" rel=\"noopener noreferrer\"><img loading=\"lazy\" decoding=\"async\" class=\" wp-image-216 alignleft\" src=\"http:\/\/agora.xtec.cat\/ceip-paucasals-sjdespi\/wp-content\/uploads\/usu477\/2014\/09\/icono_actas-150x111.jpg\" alt=\"icono_actas\" width=\"77\" height=\"57\" \/><\/a><br \/>\n<strong>NOFC (Normes d&#8217;Organitzaci\u00f3 i Funcionament del Centre)<\/strong><\/p>\n<p><a href=\"https:\/\/drive.google.com\/file\/d\/1QPlWTVE5WzdiCmRl89mkBUjqu_tTWLvu\/view?usp=sharing\"><img loading=\"lazy\" decoding=\"async\" class=\" wp-image-216 alignleft\" src=\"http:\/\/agora.xtec.cat\/ceip-paucasals-sjdespi\/wp-content\/uploads\/usu477\/2014\/09\/icono_actas-150x111.jpg\" alt=\"icono_actas\" width=\"77\" height=\"57\" \/><\/a><br \/>\n<strong>PLC (Projecte Ling\u00fc\u00edstic de Centre) EN PROC\u00c9S D&#8217;ACTUALITZACI\u00d3<\/strong><\/p>\n<p><a href=\"https:\/\/drive.google.com\/file\/d\/1Vxds5l8PODakO51A8D2AWYgYEgcZdE5B\/view?usp=sharing\" target=\"_blank\" rel=\"noopener\"><img loading=\"lazy\" decoding=\"async\" class=\"alignleft wp-image-216\" src=\"http:\/\/agora.xtec.cat\/ceip-paucasals-sjdespi\/wp-content\/uploads\/usu477\/2014\/09\/icono_actas-150x111.jpg\" alt=\"icono_actas\" width=\"77\" height=\"57\" \/><\/a><br \/>\n<strong>QUOTES CURS 2022-2023<\/strong><\/p>\n<p><a href=\"https:\/\/drive.google.com\/file\/d\/1kGFgtSYqUgYHeRYuhwNWqP12NuB-JQIW\/view?usp=sharing\" target=\"_blank\" rel=\"noopener\"><img loading=\"lazy\" decoding=\"async\" class=\"alignleft wp-image-216\" src=\"http:\/\/agora.xtec.cat\/ceip-paucasals-sjdespi\/wp-content\/uploads\/usu477\/2014\/09\/icono_actas-150x111.jpg\" alt=\"icono_actas\" width=\"77\" height=\"57\" \/><\/a><br \/>\n<strong>LIQUIDACI\u00d3 PRESSUPOST 2022<\/strong><\/p>\n<p><a href=\"https:\/\/drive.google.com\/file\/d\/16iJdj-5_KFhhA_bjKbe-PIakDyHyI6cQ\/view?usp=sharing\" target=\"_blank\" rel=\"noopener\"><img loading=\"lazy\" decoding=\"async\" class=\"alignleft wp-image-216\" src=\"http:\/\/agora.xtec.cat\/ceip-paucasals-sjdespi\/wp-content\/uploads\/usu477\/2014\/09\/icono_actas-150x111.jpg\" alt=\"icono_actas\" width=\"77\" height=\"57\" \/><\/a><br \/>\n<strong>PRESSUPOST 2023<\/strong><\/p>\n<p><img loading=\"lazy\" decoding=\"async\" class=\"\" src=\"https:\/\/cdn-icons-png.flaticon.com\/512\/6928\/6928929.png\" alt=\"Enlace - Iconos gratis de seo y web\" width=\"58\" height=\"58\" \/>\u00a0 \u00a0 \u00a0 \u00a0 \u00a0 \u00a0<a href=\"https:\/\/agora.xtec.cat\/ceip-paucasals-sjdespi\/wp-content\/uploads\/usu477\/2026\/03\/EDC_PAUCASALS25_29.html\"><strong>ESTRAT\u00c8GIA DIGITAL<\/strong><\/a><\/p>\n","protected":false},"excerpt":{"rendered":"<p><a href=\"https:\/\/drive.google.com\/file\/d\/10wkztFzcNLwAbJ2zuLYPeB875lEAnzYx\/view?usp=sharing\"><\/a><br \/>\nPEC (Projecte Educatiu de Centre) EN PROC\u00c9S D&#8217;ACTUALITZACI\u00d3<br \/>\n<a href=\"https:\/\/drive.google.com\/open?id=0B7x-7cXDWUyrUVNwWE8tU1dzc1E\" target=\"_blank\" rel=\"noopener noreferrer\"><\/a><br \/>\nCCE (Carta de Comprom\u00eds Educatiu)<br \/>\n<a href=\"https:\/\/drive.google.com\/file\/d\/1x43VaTCL2M-CPqavgTFl0w8SAaharG5E\/view?usp=sharing\" target=\"_blank\" rel=\"noopener noreferrer\"><\/a><br \/>\nNOFC (Normes d&#8217;Organitzaci\u00f3 i Funcionament del Centre)<br \/>\n<a href=\"https:\/\/drive.google.com\/file\/d\/1QPlWTVE5WzdiCmRl89mkBUjqu_tTWLvu\/view?usp=sharing\"><\/a><br \/>\nPLC (Projecte Ling\u00fc\u00edstic de Centre) EN PROC\u00c9S D&#8217;ACTUALITZACI\u00d3<br \/>\n<a href=\"https:\/\/drive.google.com\/file\/d\/1Vxds5l8PODakO51A8D2AWYgYEgcZdE5B\/view?usp=sharing\" target=\"_blank\" rel=\"noopener\"><\/a><br \/>\nQUOTES CURS 2022-2023<br \/>\n<a href=\"https:\/\/drive.google.com\/file\/d\/1kGFgtSYqUgYHeRYuhwNWqP12NuB-JQIW\/view?usp=sharing\" target=\"_blank\" rel=\"noopener\"><\/a><br \/>\nLIQUIDACI\u00d3 PRESSUPOST 2022<br \/>\n<a&hellip;  <a href=\"https:\/\/agora.xtec.cat\/ceip-paucasals-sjdespi\/lescola\/documents-centre\/\" title=\"Read Documents del centre\">Llegeix m\u00e9s\u00bb<\/a><\/p>\n","protected":false},"author":2,"featured_media":0,"parent":22,"menu_order":7,"comment_status":"closed","ping_status":"closed","template":"","meta":{"_bbp_topic_count":0,"_bbp_reply_count":0,"_bbp_total_topic_count":0,"_bbp_total_reply_count":0,"_bbp_voice_count":0,"_bbp_anonymous_reply_count":0,"_bbp_topic_count_hidden":0,"_bbp_reply_count_hidden":0,"_bbp_forum_subforum_count":0,"footnotes":""},"class_list":["post-64","page","type-page","status-publish","hentry"],"post_mailing_queue_ids":[],"_links":{"self":[{"href":"https:\/\/agora.xtec.cat\/ceip-paucasals-sjdespi\/wp-json\/wp\/v2\/pages\/64","targetHints":{"allow":["GET"]}}],"collection":[{"href":"https:\/\/agora.xtec.cat\/ceip-paucasals-sjdespi\/wp-json\/wp\/v2\/pages"}],"about":[{"href":"https:\/\/agora.xtec.cat\/ceip-paucasals-sjdespi\/wp-json\/wp\/v2\/types\/page"}],"author":[{"embeddable":true,"href":"https:\/\/agora.xtec.cat\/ceip-paucasals-sjdespi\/wp-json\/wp\/v2\/users\/2"}],"replies":[{"embeddable":true,"href":"https:\/\/agora.xtec.cat\/ceip-paucasals-sjdespi\/wp-json\/wp\/v2\/comments?post=64"}],"version-history":[{"count":7,"href":"https:\/\/agora.xtec.cat\/ceip-paucasals-sjdespi\/wp-json\/wp\/v2\/pages\/64\/revisions"}],"predecessor-version":[{"id":14191,"href":"https:\/\/agora.xtec.cat\/ceip-paucasals-sjdespi\/wp-json\/wp\/v2\/pages\/64\/revisions\/14191"}],"up":[{"embeddable":true,"href":"https:\/\/agora.xtec.cat\/ceip-paucasals-sjdespi\/wp-json\/wp\/v2\/pages\/22"}],"wp:attachment":[{"href":"https:\/\/agora.xtec.cat\/ceip-paucasals-sjdespi\/wp-json\/wp\/v2\/media?parent=64"}],"curies":[{"name":"wp","href":"https:\/\/api.w.org\/{rel}","templated":true}]}}