{"id":5971,"date":"2018-01-29T15:25:13","date_gmt":"2018-01-29T14:25:13","guid":{"rendered":"http:\/\/agora.xtec.cat\/ceip-paucasals-sjdespi\/?page_id=5971"},"modified":"2025-01-26T19:53:00","modified_gmt":"2025-01-26T18:53:00","slug":"apadrinament-lector","status":"publish","type":"page","link":"https:\/\/agora.xtec.cat\/ceip-paucasals-sjdespi\/projectes\/apadrinament-lector\/","title":{"rendered":"Apadrinament lector"},"content":{"rendered":"<p><strong>QU\u00c8 \u00c9S?<a href=\"https:\/\/agora.xtec.cat\/ceip-paucasals-sjdespi\/wp-content\/uploads\/usu477\/2025\/01\/IMATGE-PER-AL-SEGELL.png\"><img loading=\"lazy\" decoding=\"async\" class=\"wp-image-13450 alignright\" src=\"https:\/\/agora.xtec.cat\/ceip-paucasals-sjdespi\/wp-content\/uploads\/usu477\/2025\/01\/IMATGE-PER-AL-SEGELL-273x300.png\" alt=\"\" width=\"116\" height=\"127\" srcset=\"https:\/\/agora.xtec.cat\/ceip-paucasals-sjdespi\/wp-content\/uploads\/usu477\/2025\/01\/IMATGE-PER-AL-SEGELL-273x300.png 273w, https:\/\/agora.xtec.cat\/ceip-paucasals-sjdespi\/wp-content\/uploads\/usu477\/2025\/01\/IMATGE-PER-AL-SEGELL.png 684w\" sizes=\"auto, (max-width: 116px) 100vw, 116px\" \/><\/a><\/strong><\/p>\n<p><span style=\"font-weight: 400;\">L&#8217;apadrinament lector \u00e9s una activitat cooperativa que es realitza en parelles formades per uns alumnes m\u00e9s grans que fan de padrins\/es de lectura d\u2019uns altres alumnes que fan de fillols\/es. Les parelles lectores s\u00f3n les seg\u00fcents: <\/span><b>6\u00e8-2n, <\/b><b>5\u00e8-1r, <\/b><b>4t-I5 i <\/b><b>3r- I4.<\/b><\/p>\n<p><strong>PER QU\u00c8 FEM AQUEST PROJECTE?<\/strong><\/p>\n<p>Aquest projecte el fem perqu\u00e8 d&#8217;aquesta manera aconseguim beneficis educatius tant en padrins\/padrines com en els fillols\/filloles. El fet de ser padrina i padr\u00ed de lectura representa que l&#8217;alumnat gran adquireix el comprom\u00eds principal de vetllar per afavorir l&#8217;aprenentatge lector del seu fillol o fillola. L\u2019ajuda a aprendre a llegir i comprendre el text alhora que mira d&#8217;encomanar-li el gust per la lectura tot engrescant-lo a llegir. Els fillols o filloles milloren en les seves compet\u00e8ncies ling\u00fc\u00edstiques a trav\u00e9s d&#8217;una<strong> experi\u00e8ncia positiva i plaent de lectura.<\/strong><a href=\"http:\/\/agora.xtec.cat\/ceip-paucasals-sjdespi\/wp-content\/uploads\/usu477\/2018\/01\/20161020_1608518.jpg\"><img loading=\"lazy\" decoding=\"async\" class=\" wp-image-6064 alignright\" src=\"http:\/\/agora.xtec.cat\/ceip-paucasals-sjdespi\/wp-content\/uploads\/usu477\/2018\/01\/20161020_1608518-300x196.jpg\" alt=\"\" width=\"206\" height=\"134\" srcset=\"https:\/\/agora.xtec.cat\/ceip-paucasals-sjdespi\/wp-content\/uploads\/usu477\/2018\/01\/20161020_1608518-300x196.jpg 300w, https:\/\/agora.xtec.cat\/ceip-paucasals-sjdespi\/wp-content\/uploads\/usu477\/2018\/01\/20161020_1608518-768x502.jpg 768w, https:\/\/agora.xtec.cat\/ceip-paucasals-sjdespi\/wp-content\/uploads\/usu477\/2018\/01\/20161020_1608518-1024x670.jpg 1024w\" sizes=\"auto, (max-width: 206px) 100vw, 206px\" \/><\/a><\/p>\n<p><strong>QUINS OBJECTIUS PERSEGUIM?<\/strong><\/p>\n<p>El projecte de l\u2019apadrinament\u00a0lector persegueix els seg\u00fcents\u00a0<strong>objectius:<\/strong><\/p>\n<ul>\n<li>Establir <strong>relacions i lligams afectius<\/strong> entre padrins i fillols al voltant de la lectura.<\/li>\n<li>Millorar la <strong>compet\u00e8ncia ling\u00fc\u00edstica<\/strong> (comprensi\u00f3 lectora) de l&#8217;alumnat.<\/li>\n<li>Facilitar <strong>la llengua catalana<\/strong> com a llengua vehicular entre l\u2019alumnat.<\/li>\n<li>Motivar el <strong>gust per la lectura<\/strong>.<a href=\"http:\/\/agora.xtec.cat\/ceip-paucasals-sjdespi\/wp-content\/uploads\/usu477\/2018\/01\/20170216_153101-1.jpg\"><img loading=\"lazy\" decoding=\"async\" class=\" wp-image-6066 alignright\" src=\"http:\/\/agora.xtec.cat\/ceip-paucasals-sjdespi\/wp-content\/uploads\/usu477\/2018\/01\/20170216_153101-1-300x225.jpg\" alt=\"\" width=\"205\" height=\"154\" srcset=\"https:\/\/agora.xtec.cat\/ceip-paucasals-sjdespi\/wp-content\/uploads\/usu477\/2018\/01\/20170216_153101-1-300x225.jpg 300w, https:\/\/agora.xtec.cat\/ceip-paucasals-sjdespi\/wp-content\/uploads\/usu477\/2018\/01\/20170216_153101-1-768x576.jpg 768w, https:\/\/agora.xtec.cat\/ceip-paucasals-sjdespi\/wp-content\/uploads\/usu477\/2018\/01\/20170216_153101-1-1024x768.jpg 1024w, https:\/\/agora.xtec.cat\/ceip-paucasals-sjdespi\/wp-content\/uploads\/usu477\/2018\/01\/20170216_153101-1-200x150.jpg 200w, https:\/\/agora.xtec.cat\/ceip-paucasals-sjdespi\/wp-content\/uploads\/usu477\/2018\/01\/20170216_153101-1.jpg 2048w\" sizes=\"auto, (max-width: 205px) 100vw, 205px\" \/><\/a><\/li>\n<li>Refor\u00e7ar el <strong>vocabulari<\/strong> i la pr\u00f2pia <strong>parla<\/strong> i poder ampliar-lo.<\/li>\n<li>Desenvolupar la <strong>imaginaci\u00f3, la creativitat<\/strong> i la fantasia.<\/li>\n<li>Establir i respectar el <strong>comprom\u00eds d\u2019ajuda i cooperaci\u00f3<\/strong> entre alumnes de diferents cicles.<\/li>\n<li><span style=\"font-weight: 400;\">Educar en la <strong>responsabilitat<\/strong>.<\/span><\/li>\n<\/ul>\n<p><strong>COM HO APLIQUEM?<\/strong><\/p>\n<p style=\"text-align: left;\">En el nostre centre, el primer que fem \u00e9s <strong>decidir les parelles ling\u00fc\u00edstiques,<\/strong> una decisi\u00f3 que es basa en el nivell de compet\u00e8ncia lectora d&#8217;on parteixen els i les alumnes. Aquestes parelles treballaran juntes durant tot el curs ja que han signat un <strong>contracte did\u00e0ctic<\/strong>, fet que afavoreix que s&#8217;estableixi una relaci\u00f3 personal i afectiva i, nom\u00e9s en casos molt extrems, es faran canvis.<\/p>\n<p style=\"text-align: left;\">A continuaci\u00f3, a principis d&#8217;octubre, es realitza una <strong>inauguraci\u00f3 de l&#8217;apadrinament lector<\/strong> d&#8217;aquell curs, on hi participa tot l&#8217;alumnat del centre, exceptuant I3. En aquesta trobada es comuniquen les parelles lectores, les quals gaudeixen d&#8217;un esmorzar conjunt, i se&#8217;ls dona a cadasc\u00fa una enganxina on surt el Flopi (personatge de la biblioteca) que representa que ja formen part de l&#8217;apadrinament lector del nou curs escolar.<\/p>\n<p style=\"text-align: left;\">A partir d&#8217;aqu\u00ed, aquestes parelles lectores es <strong>reuniran dos cops per trimestre.<\/strong> En aquestes trobades es duran a terme diverses activitats que han estat programades amb anterioritat. Aix\u00ed mateix, el\/la padr\u00ed\/na sempre portar\u00e0 el <strong>quadern d&#8217;apadrinament lector<\/strong>, el qual aniran omplint conjuntament amb el\/la fillol\/a durant les diverses trobades. Normalment, les sessions comencen amb alguna activitat m\u00e9s engrescadora dirigida a treballar algun dels g\u00e8neres discursius i, finalment, s&#8217;acaba amb una lectura compartida entre fillol\/a i padr\u00ed\/na. L&#8217;activitat es desenvolupa a la <strong>biblioteca<\/strong> de l&#8217;escola.<\/p>\n<p><a href=\"https:\/\/agora.xtec.cat\/ceip-paucasals-sjdespi\/wp-content\/uploads\/usu477\/2025\/01\/IMG_1142.heic\"><img decoding=\"async\" class=\"alignnone size-full wp-image-13437\" src=\"https:\/\/agora.xtec.cat\/ceip-paucasals-sjdespi\/wp-content\/uploads\/usu477\/2025\/01\/IMG_1142.heic\" alt=\"\" \/><\/a><a href=\"https:\/\/agora.xtec.cat\/ceip-paucasals-sjdespi\/wp-content\/uploads\/usu477\/2025\/01\/1733833186023.jpg\"><img loading=\"lazy\" decoding=\"async\" class=\"alignnone wp-image-13442\" src=\"https:\/\/agora.xtec.cat\/ceip-paucasals-sjdespi\/wp-content\/uploads\/usu477\/2025\/01\/1733833186023-300x135.jpg\" alt=\"\" width=\"347\" height=\"156\" srcset=\"https:\/\/agora.xtec.cat\/ceip-paucasals-sjdespi\/wp-content\/uploads\/usu477\/2025\/01\/1733833186023-300x135.jpg 300w, https:\/\/agora.xtec.cat\/ceip-paucasals-sjdespi\/wp-content\/uploads\/usu477\/2025\/01\/1733833186023-1024x461.jpg 1024w, https:\/\/agora.xtec.cat\/ceip-paucasals-sjdespi\/wp-content\/uploads\/usu477\/2025\/01\/1733833186023-768x346.jpg 768w, https:\/\/agora.xtec.cat\/ceip-paucasals-sjdespi\/wp-content\/uploads\/usu477\/2025\/01\/1733833186023-1536x691.jpg 1536w, https:\/\/agora.xtec.cat\/ceip-paucasals-sjdespi\/wp-content\/uploads\/usu477\/2025\/01\/1733833186023.jpg 1600w\" sizes=\"auto, (max-width: 347px) 100vw, 347px\" \/> <\/a><a href=\"https:\/\/agora.xtec.cat\/ceip-paucasals-sjdespi\/wp-content\/uploads\/usu477\/2025\/01\/1737815595794_Nero_AI_Image_Compressor_High-scaled.jpg\"><img loading=\"lazy\" decoding=\"async\" class=\"alignnone wp-image-13447\" src=\"https:\/\/agora.xtec.cat\/ceip-paucasals-sjdespi\/wp-content\/uploads\/usu477\/2025\/01\/1737815595794_Nero_AI_Image_Compressor_High-300x225.jpg\" alt=\"\" width=\"208\" height=\"156\" srcset=\"https:\/\/agora.xtec.cat\/ceip-paucasals-sjdespi\/wp-content\/uploads\/usu477\/2025\/01\/1737815595794_Nero_AI_Image_Compressor_High-300x225.jpg 300w, https:\/\/agora.xtec.cat\/ceip-paucasals-sjdespi\/wp-content\/uploads\/usu477\/2025\/01\/1737815595794_Nero_AI_Image_Compressor_High-1024x769.jpg 1024w, https:\/\/agora.xtec.cat\/ceip-paucasals-sjdespi\/wp-content\/uploads\/usu477\/2025\/01\/1737815595794_Nero_AI_Image_Compressor_High-768x577.jpg 768w, https:\/\/agora.xtec.cat\/ceip-paucasals-sjdespi\/wp-content\/uploads\/usu477\/2025\/01\/1737815595794_Nero_AI_Image_Compressor_High-1536x1153.jpg 1536w, https:\/\/agora.xtec.cat\/ceip-paucasals-sjdespi\/wp-content\/uploads\/usu477\/2025\/01\/1737815595794_Nero_AI_Image_Compressor_High-2048x1538.jpg 2048w, https:\/\/agora.xtec.cat\/ceip-paucasals-sjdespi\/wp-content\/uploads\/usu477\/2025\/01\/1737815595794_Nero_AI_Image_Compressor_High-200x150.jpg 200w\" sizes=\"auto, (max-width: 208px) 100vw, 208px\" \/><\/a><a href=\"http:\/\/agora.xtec.cat\/ceip-paucasals-sjdespi\/wp-content\/uploads\/usu477\/2018\/01\/20161020_153446.jpg\"><img loading=\"lazy\" decoding=\"async\" class=\"wp-image-6065 alignleft\" src=\"http:\/\/agora.xtec.cat\/ceip-paucasals-sjdespi\/wp-content\/uploads\/usu477\/2018\/01\/20161020_153446-300x169.jpg\" alt=\"\" width=\"227\" height=\"128\" srcset=\"https:\/\/agora.xtec.cat\/ceip-paucasals-sjdespi\/wp-content\/uploads\/usu477\/2018\/01\/20161020_153446-300x169.jpg 300w, https:\/\/agora.xtec.cat\/ceip-paucasals-sjdespi\/wp-content\/uploads\/usu477\/2018\/01\/20161020_153446-768x432.jpg 768w, https:\/\/agora.xtec.cat\/ceip-paucasals-sjdespi\/wp-content\/uploads\/usu477\/2018\/01\/20161020_153446-1024x576.jpg 1024w\" sizes=\"auto, (max-width: 227px) 100vw, 227px\" \/><\/a><\/p>\n","protected":false},"excerpt":{"rendered":"<p>QU\u00c8 \u00c9S?<a href=\"https:\/\/agora.xtec.cat\/ceip-paucasals-sjdespi\/wp-content\/uploads\/usu477\/2025\/01\/IMATGE-PER-AL-SEGELL.png\"><\/a><br \/>\nL&#8217;apadrinament lector \u00e9s una activitat cooperativa que es realitza en parelles formades per uns alumnes m\u00e9s grans que fan de padrins\/es de lectura d\u2019uns altres alumnes que fan de fillols\/es. Les parelles lectores s\u00f3n les seg\u00fcents: 6\u00e8-2n, 5\u00e8-1r, 4t-I5 i 3r- I4.<br \/>\nPER QU\u00c8&hellip;  <a href=\"https:\/\/agora.xtec.cat\/ceip-paucasals-sjdespi\/projectes\/apadrinament-lector\/\" title=\"Read Apadrinament lector\">Llegeix m\u00e9s\u00bb<\/a><\/p>\n","protected":false},"author":1,"featured_media":0,"parent":38,"menu_order":15,"comment_status":"closed","ping_status":"closed","template":"page-templates\/side-menu.php","meta":{"_bbp_topic_count":0,"_bbp_reply_count":0,"_bbp_total_topic_count":0,"_bbp_total_reply_count":0,"_bbp_voice_count":0,"_bbp_anonymous_reply_count":0,"_bbp_topic_count_hidden":0,"_bbp_reply_count_hidden":0,"_bbp_forum_subforum_count":0,"footnotes":""},"class_list":["post-5971","page","type-page","status-publish","hentry"],"post_mailing_queue_ids":[],"_links":{"self":[{"href":"https:\/\/agora.xtec.cat\/ceip-paucasals-sjdespi\/wp-json\/wp\/v2\/pages\/5971","targetHints":{"allow":["GET"]}}],"collection":[{"href":"https:\/\/agora.xtec.cat\/ceip-paucasals-sjdespi\/wp-json\/wp\/v2\/pages"}],"about":[{"href":"https:\/\/agora.xtec.cat\/ceip-paucasals-sjdespi\/wp-json\/wp\/v2\/types\/page"}],"author":[{"embeddable":true,"href":"https:\/\/agora.xtec.cat\/ceip-paucasals-sjdespi\/wp-json\/wp\/v2\/users\/1"}],"replies":[{"embeddable":true,"href":"https:\/\/agora.xtec.cat\/ceip-paucasals-sjdespi\/wp-json\/wp\/v2\/comments?post=5971"}],"version-history":[{"count":7,"href":"https:\/\/agora.xtec.cat\/ceip-paucasals-sjdespi\/wp-json\/wp\/v2\/pages\/5971\/revisions"}],"predecessor-version":[{"id":13454,"href":"https:\/\/agora.xtec.cat\/ceip-paucasals-sjdespi\/wp-json\/wp\/v2\/pages\/5971\/revisions\/13454"}],"up":[{"embeddable":true,"href":"https:\/\/agora.xtec.cat\/ceip-paucasals-sjdespi\/wp-json\/wp\/v2\/pages\/38"}],"wp:attachment":[{"href":"https:\/\/agora.xtec.cat\/ceip-paucasals-sjdespi\/wp-json\/wp\/v2\/media?parent=5971"}],"curies":[{"name":"wp","href":"https:\/\/api.w.org\/{rel}","templated":true}]}}