{"id":5967,"date":"2018-01-29T09:54:39","date_gmt":"2018-01-29T08:54:39","guid":{"rendered":"http:\/\/agora.xtec.cat\/ceip-paucasals-sjdespi\/?page_id=5967"},"modified":"2018-01-29T09:54:46","modified_gmt":"2018-01-29T08:54:46","slug":"escenaris-daprenentatge","status":"publish","type":"page","link":"https:\/\/agora.xtec.cat\/ceip-paucasals-sjdespi\/projectes\/escenaris-daprenentatge\/","title":{"rendered":"Escenaris d&#8217;aprenentatge"},"content":{"rendered":"<figure class=\"figure wp-caption alignright\"><a href=\"http:\/\/agora.xtec.cat\/ceip-paucasals-sjdespi\/wp-content\/uploads\/usu477\/2018\/01\/IMG_8125.jpg\"><img loading=\"lazy\" decoding=\"async\" class=\"wp-image-5990\" src=\"http:\/\/agora.xtec.cat\/ceip-paucasals-sjdespi\/wp-content\/uploads\/usu477\/2018\/01\/IMG_8125-300x225.jpg\" alt=\"\" width=\"218\" height=\"164\" srcset=\"https:\/\/agora.xtec.cat\/ceip-paucasals-sjdespi\/wp-content\/uploads\/usu477\/2018\/01\/IMG_8125-300x225.jpg 300w, https:\/\/agora.xtec.cat\/ceip-paucasals-sjdespi\/wp-content\/uploads\/usu477\/2018\/01\/IMG_8125-768x576.jpg 768w, https:\/\/agora.xtec.cat\/ceip-paucasals-sjdespi\/wp-content\/uploads\/usu477\/2018\/01\/IMG_8125.jpg 1024w, https:\/\/agora.xtec.cat\/ceip-paucasals-sjdespi\/wp-content\/uploads\/usu477\/2018\/01\/IMG_8125-200x150.jpg 200w\" sizes=\"auto, (max-width: 218px) 100vw, 218px\" \/><\/a><figcaption class=\"wp-caption-text\">El restaurant<\/figcaption><\/figure>\n<p><strong>QU\u00c8 S\u00d3N?<\/strong><\/p>\n<p>Els escenaris d\u2019aprenentatge s\u00f3n espais ambientats en una tem\u00e0tica concreta (el restaurant, la botiga de roba,\u00a0l&#8217;espai del misteri, els mini-mons) on, a partir de fets motivadors i propers pels infants, es plantegen activitats de lectoescriptura.<\/p>\n<p><strong>PER QU\u00c8 ELS ESCENARIS?<\/strong><\/p>\n<p>El pas de P5 a 1r \u00e9s un canvi gran i per aix\u00f2 vam veure la necessitat<br \/>\nde crear un espai on l\u2019alumnat de P5 s\u2019an\u00e9s apropant a la manera de\u00a0treballar de 1r. En aquest sentit i tenint en compte la import\u00e0ncia de la lectoescriptura en aquesta etapa, hem creat els escenaris d\u2019aprenentatge. A m\u00e9s de fer m\u00e9s suau el pas d\u2019Infantil a Prim\u00e0ria, els nens i les nenes es relacionen, s\u2019ajuden, col\u00b7laboren&#8230;<\/p>\n<figure class=\"figure wp-caption alignright\"><a href=\"http:\/\/agora.xtec.cat\/ceip-paucasals-sjdespi\/wp-content\/uploads\/usu477\/2018\/01\/20170206_103714.jpg\"><img loading=\"lazy\" decoding=\"async\" class=\"wp-image-5991\" src=\"http:\/\/agora.xtec.cat\/ceip-paucasals-sjdespi\/wp-content\/uploads\/usu477\/2018\/01\/20170206_103714-300x169.jpg\" alt=\"\" width=\"238\" height=\"134\" srcset=\"https:\/\/agora.xtec.cat\/ceip-paucasals-sjdespi\/wp-content\/uploads\/usu477\/2018\/01\/20170206_103714-300x169.jpg 300w, https:\/\/agora.xtec.cat\/ceip-paucasals-sjdespi\/wp-content\/uploads\/usu477\/2018\/01\/20170206_103714-768x432.jpg 768w, https:\/\/agora.xtec.cat\/ceip-paucasals-sjdespi\/wp-content\/uploads\/usu477\/2018\/01\/20170206_103714.jpg 1024w\" sizes=\"auto, (max-width: 238px) 100vw, 238px\" \/><\/a><figcaption class=\"wp-caption-text\">La botiga de roba<\/figcaption><\/figure>\n<p><strong>COM ENS ORGANITZEM?<br \/>\n<\/strong><\/p>\n<p>Al primer trimestre aquests espais s\u2019organitzen activitats m\u00e9s properes a P5 i conforme va avan\u00e7ant el curs es van proposant activitats m\u00e9s adients a la manera de treballar de 1r. En aquestes sessions es treballa en grups on hi ha barrejats nens i nenes de P5 i de 1r.<\/p>\n<p><strong>QUINS ESCENARIS FEM?<\/strong><\/p>\n<ul>\n<li><span style=\"text-decoration: underline;\"><span style=\"text-decoration: underline;\">El restaurant:<\/span><\/span> A partir d\u2019uns men\u00fas donats, els\/les clients\/es que han de llegir i pensar el qu\u00e8 volen menjar i els\/les cambrers\/es e\n<figure class=\"figure wp-caption alignright\"><a href=\"http:\/\/agora.xtec.cat\/ceip-paucasals-sjdespi\/wp-content\/uploads\/usu477\/2018\/01\/IMG_8133.jpg\"><img loading=\"lazy\" decoding=\"async\" class=\"wp-image-6046\" src=\"http:\/\/agora.xtec.cat\/ceip-paucasals-sjdespi\/wp-content\/uploads\/usu477\/2018\/01\/IMG_8133-300x225.jpg\" alt=\"\" width=\"236\" height=\"177\" srcset=\"https:\/\/agora.xtec.cat\/ceip-paucasals-sjdespi\/wp-content\/uploads\/usu477\/2018\/01\/IMG_8133-300x225.jpg 300w, https:\/\/agora.xtec.cat\/ceip-paucasals-sjdespi\/wp-content\/uploads\/usu477\/2018\/01\/IMG_8133-768x576.jpg 768w, https:\/\/agora.xtec.cat\/ceip-paucasals-sjdespi\/wp-content\/uploads\/usu477\/2018\/01\/IMG_8133.jpg 1024w, https:\/\/agora.xtec.cat\/ceip-paucasals-sjdespi\/wp-content\/uploads\/usu477\/2018\/01\/IMG_8133-200x150.jpg 200w\" sizes=\"auto, (max-width: 236px) 100vw, 236px\" \/><\/a><figcaption class=\"wp-caption-text\">L&#8217;espai de misteri<\/figcaption><\/figure>\n<p>scriure la comanda i \u201cservir-la\u201d.<\/li>\n<li><span style=\"text-decoration: underline;\">La botiga de roba:<\/span> Els\/les nens\/es tindran a l\u2019abast tot tipus de roba i accessoris, es donaran unes targes amb la descripci\u00f3 o tem\u00e0tica del que han de comprar (per exemple: Has d\u2019anar a un casament, compra la roba que necessites). Als m\u00e9s petits se\u2019ls hi pot donar una llista de coses que han de comprar i als m\u00e9s grans la descripci\u00f3.<\/li>\n<li><span style=\"text-decoration: underline;\">L&#8217;espai\u00a0del misteri:<\/span> Es d\u00f3na un full amb una llista d\u2019objectes que han de buscar per aconseguir una clau que obrir\u00e0 una caixa on trobaran una paraula a partir de la qual hauran treballar (buscar paraules de la mateixa fam\u00edlia, paraules que s\u2019assemblin, fer frases amb la paraula&#8230;).<\/li>\n<li><span style=\"text-decoration: underline;\"><span style=\"text-decoration: underline;\">Els mini-mons:<\/span><\/span> Per grups els\/les nen\/es han construir un mini-m\u00f3n. Per fer-ho posarem a l\u2019abast materials reciclats i d\u2019altres amb els que construir a sobre d\u2019un \u201cescenari\u201d (palet, safata, taula, fusta amb potes&#8230;hem d\u2019estudiar-ho) el seu mini-m\u00f3n. Despr\u00e9s han de posar un t\u00edtol, el nom dels personatges i explicar qu\u00e8 \u00e9s i qu\u00e8 passa.\n<p><figure class=\"figure wp-caption alignright\"><a href=\"http:\/\/agora.xtec.cat\/ceip-paucasals-sjdespi\/wp-content\/uploads\/usu477\/2018\/01\/IMG_9585-1024x768.jpg\"><img loading=\"lazy\" decoding=\"async\" class=\"wp-image-6045\" src=\"http:\/\/agora.xtec.cat\/ceip-paucasals-sjdespi\/wp-content\/uploads\/usu477\/2018\/01\/IMG_9585-1024x768-300x225.jpg\" alt=\"\" width=\"232\" height=\"174\" srcset=\"https:\/\/agora.xtec.cat\/ceip-paucasals-sjdespi\/wp-content\/uploads\/usu477\/2018\/01\/IMG_9585-1024x768-300x225.jpg 300w, https:\/\/agora.xtec.cat\/ceip-paucasals-sjdespi\/wp-content\/uploads\/usu477\/2018\/01\/IMG_9585-1024x768-768x576.jpg 768w, https:\/\/agora.xtec.cat\/ceip-paucasals-sjdespi\/wp-content\/uploads\/usu477\/2018\/01\/IMG_9585-1024x768.jpg 1024w, https:\/\/agora.xtec.cat\/ceip-paucasals-sjdespi\/wp-content\/uploads\/usu477\/2018\/01\/IMG_9585-1024x768-200x150.jpg 200w\" sizes=\"auto, (max-width: 232px) 100vw, 232px\" \/><\/a><figcaption class=\"wp-caption-text\">Mini-mons<\/figcaption><\/figure><\/li>\n<\/ul>\n<p>&nbsp;<\/p>\n","protected":false},"excerpt":{"rendered":"<p><a href=\"http:\/\/agora.xtec.cat\/ceip-paucasals-sjdespi\/wp-content\/uploads\/usu477\/2018\/01\/IMG_8125.jpg\"><\/a>El restaurant<br \/>\nQU\u00c8 S\u00d3N?<br \/>\nEls escenaris d\u2019aprenentatge s\u00f3n espais ambientats en una tem\u00e0tica concreta (el restaurant, la botiga de roba,\u00a0l&#8217;espai del misteri, els mini-mons) on, a partir de fets motivadors i propers pels infants, es plantegen activitats de lectoescriptura.<br \/>\nPER QU\u00c8 ELS ESCENARIS?<br \/>\nEl pas de P5 a&hellip;  <a href=\"https:\/\/agora.xtec.cat\/ceip-paucasals-sjdespi\/projectes\/escenaris-daprenentatge\/\" title=\"Read Escenaris d&#8217;aprenentatge\">Llegeix m\u00e9s\u00bb<\/a><\/p>\n","protected":false},"author":1,"featured_media":0,"parent":38,"menu_order":13,"comment_status":"closed","ping_status":"closed","template":"page-templates\/side-menu.php","meta":{"_bbp_topic_count":0,"_bbp_reply_count":0,"_bbp_total_topic_count":0,"_bbp_total_reply_count":0,"_bbp_voice_count":0,"_bbp_anonymous_reply_count":0,"_bbp_topic_count_hidden":0,"_bbp_reply_count_hidden":0,"_bbp_forum_subforum_count":0,"footnotes":""},"class_list":["post-5967","page","type-page","status-publish","hentry"],"post_mailing_queue_ids":[],"_links":{"self":[{"href":"https:\/\/agora.xtec.cat\/ceip-paucasals-sjdespi\/wp-json\/wp\/v2\/pages\/5967","targetHints":{"allow":["GET"]}}],"collection":[{"href":"https:\/\/agora.xtec.cat\/ceip-paucasals-sjdespi\/wp-json\/wp\/v2\/pages"}],"about":[{"href":"https:\/\/agora.xtec.cat\/ceip-paucasals-sjdespi\/wp-json\/wp\/v2\/types\/page"}],"author":[{"embeddable":true,"href":"https:\/\/agora.xtec.cat\/ceip-paucasals-sjdespi\/wp-json\/wp\/v2\/users\/1"}],"replies":[{"embeddable":true,"href":"https:\/\/agora.xtec.cat\/ceip-paucasals-sjdespi\/wp-json\/wp\/v2\/comments?post=5967"}],"version-history":[{"count":3,"href":"https:\/\/agora.xtec.cat\/ceip-paucasals-sjdespi\/wp-json\/wp\/v2\/pages\/5967\/revisions"}],"predecessor-version":[{"id":6048,"href":"https:\/\/agora.xtec.cat\/ceip-paucasals-sjdespi\/wp-json\/wp\/v2\/pages\/5967\/revisions\/6048"}],"up":[{"embeddable":true,"href":"https:\/\/agora.xtec.cat\/ceip-paucasals-sjdespi\/wp-json\/wp\/v2\/pages\/38"}],"wp:attachment":[{"href":"https:\/\/agora.xtec.cat\/ceip-paucasals-sjdespi\/wp-json\/wp\/v2\/media?parent=5967"}],"curies":[{"name":"wp","href":"https:\/\/api.w.org\/{rel}","templated":true}]}}