{"id":5958,"date":"2018-01-24T09:41:49","date_gmt":"2018-01-24T08:41:49","guid":{"rendered":"http:\/\/agora.xtec.cat\/ceip-paucasals-sjdespi\/?page_id=5958"},"modified":"2018-01-24T13:54:18","modified_gmt":"2018-01-24T12:54:18","slug":"edudansa","status":"publish","type":"page","link":"https:\/\/agora.xtec.cat\/ceip-paucasals-sjdespi\/projectes\/edudansa\/","title":{"rendered":"Edudansa"},"content":{"rendered":"<p><strong>QU\u00c8 \u00c9S?<a href=\"http:\/\/agora.xtec.cat\/ceip-paucasals-sjdespi\/wp-content\/uploads\/usu477\/2018\/01\/IMG_3563-1024x768.jpg\"><img loading=\"lazy\" decoding=\"async\" class=\"wp-image-5960 alignright\" src=\"http:\/\/agora.xtec.cat\/ceip-paucasals-sjdespi\/wp-content\/uploads\/usu477\/2018\/01\/IMG_3563-1024x768-300x225.jpg\" alt=\"\" width=\"220\" height=\"165\" srcset=\"https:\/\/agora.xtec.cat\/ceip-paucasals-sjdespi\/wp-content\/uploads\/usu477\/2018\/01\/IMG_3563-1024x768-300x225.jpg 300w, https:\/\/agora.xtec.cat\/ceip-paucasals-sjdespi\/wp-content\/uploads\/usu477\/2018\/01\/IMG_3563-1024x768-768x576.jpg 768w, https:\/\/agora.xtec.cat\/ceip-paucasals-sjdespi\/wp-content\/uploads\/usu477\/2018\/01\/IMG_3563-1024x768.jpg 1024w, https:\/\/agora.xtec.cat\/ceip-paucasals-sjdespi\/wp-content\/uploads\/usu477\/2018\/01\/IMG_3563-1024x768-200x150.jpg 200w\" sizes=\"auto, (max-width: 220px) 100vw, 220px\" \/><\/a><\/strong><\/p>\n<p>l&#8217;Edudansa \u00e9s un acte que realitzen diferents escoles de Sant Joan Desp\u00ed i que consisteix en ballar diferents danses tant de la ciutat, del Baix Llobregat, de Catalunya com d\u2019arreu del m\u00f3n. Cada centre balla una dansa individualment i posteriorment es passa a, en grups i de forma barrejada entre tots els centres, ballar una dansa en com\u00fa.<\/p>\n<p><strong>QU\u00c8 PRET\u00c9N?<\/strong><\/p>\n<p>La intenci\u00f3 de l\u2019activitat \u00e9s doble, d\u2019una banda ensenyar diferents danses a l\u2019alumnat i d\u2019altra compartir i gaudir, tots junts, d\u2019una jornada on familiars poden veure els seus fills i filles ballar conjuntament amb d\u2019altres de la mateixa ciutat.<\/p>\n<p><strong>COM HI PARTICIPEM?<\/strong><\/p>\n<p>A l&#8217;Edudansa hi participa l&#8217;alumnat de 2n de molts centres educatius de la ciutat.\u00a0Des de\u00a0l&#8217;\u00e0rea d&#8217;Educaci\u00f3 Art\u00edstica: m\u00fasica i dansa es treballen les danses que posteriorment, cap al mes d&#8217;abril o maig, es ballaran en l&#8217;acte conjunt i compartit.<\/p>\n<p><a href=\"http:\/\/agora.xtec.cat\/ceip-paucasals-sjdespi\/wp-content\/uploads\/usu477\/2018\/01\/2_opt.jpg\"><img loading=\"lazy\" decoding=\"async\" class=\"aligncenter wp-image-5961\" src=\"http:\/\/agora.xtec.cat\/ceip-paucasals-sjdespi\/wp-content\/uploads\/usu477\/2018\/01\/2_opt.jpg\" alt=\"\" width=\"238\" height=\"194\" \/><\/a><\/p>\n","protected":false},"excerpt":{"rendered":"<p>QU\u00c8 \u00c9S?<a href=\"http:\/\/agora.xtec.cat\/ceip-paucasals-sjdespi\/wp-content\/uploads\/usu477\/2018\/01\/IMG_3563-1024x768.jpg\"><\/a><br \/>\nl&#8217;Edudansa \u00e9s un acte que realitzen diferents escoles de Sant Joan Desp\u00ed i que consisteix en ballar diferents danses tant de la ciutat, del Baix Llobregat, de Catalunya com d\u2019arreu del m\u00f3n. Cada centre balla una dansa individualment i posteriorment es passa a,&hellip;  <a href=\"https:\/\/agora.xtec.cat\/ceip-paucasals-sjdespi\/projectes\/edudansa\/\" title=\"Read Edudansa\">Llegeix m\u00e9s\u00bb<\/a><\/p>\n","protected":false},"author":1,"featured_media":0,"parent":38,"menu_order":12,"comment_status":"closed","ping_status":"closed","template":"page-templates\/side-menu.php","meta":{"_bbp_topic_count":0,"_bbp_reply_count":0,"_bbp_total_topic_count":0,"_bbp_total_reply_count":0,"_bbp_voice_count":0,"_bbp_anonymous_reply_count":0,"_bbp_topic_count_hidden":0,"_bbp_reply_count_hidden":0,"_bbp_forum_subforum_count":0,"footnotes":""},"class_list":["post-5958","page","type-page","status-publish","hentry"],"post_mailing_queue_ids":[],"_links":{"self":[{"href":"https:\/\/agora.xtec.cat\/ceip-paucasals-sjdespi\/wp-json\/wp\/v2\/pages\/5958","targetHints":{"allow":["GET"]}}],"collection":[{"href":"https:\/\/agora.xtec.cat\/ceip-paucasals-sjdespi\/wp-json\/wp\/v2\/pages"}],"about":[{"href":"https:\/\/agora.xtec.cat\/ceip-paucasals-sjdespi\/wp-json\/wp\/v2\/types\/page"}],"author":[{"embeddable":true,"href":"https:\/\/agora.xtec.cat\/ceip-paucasals-sjdespi\/wp-json\/wp\/v2\/users\/1"}],"replies":[{"embeddable":true,"href":"https:\/\/agora.xtec.cat\/ceip-paucasals-sjdespi\/wp-json\/wp\/v2\/comments?post=5958"}],"version-history":[{"count":3,"href":"https:\/\/agora.xtec.cat\/ceip-paucasals-sjdespi\/wp-json\/wp\/v2\/pages\/5958\/revisions"}],"predecessor-version":[{"id":5987,"href":"https:\/\/agora.xtec.cat\/ceip-paucasals-sjdespi\/wp-json\/wp\/v2\/pages\/5958\/revisions\/5987"}],"up":[{"embeddable":true,"href":"https:\/\/agora.xtec.cat\/ceip-paucasals-sjdespi\/wp-json\/wp\/v2\/pages\/38"}],"wp:attachment":[{"href":"https:\/\/agora.xtec.cat\/ceip-paucasals-sjdespi\/wp-json\/wp\/v2\/media?parent=5958"}],"curies":[{"name":"wp","href":"https:\/\/api.w.org\/{rel}","templated":true}]}}