{"id":5952,"date":"2018-01-23T16:33:07","date_gmt":"2018-01-23T15:33:07","guid":{"rendered":"http:\/\/agora.xtec.cat\/ceip-paucasals-sjdespi\/?page_id=5952"},"modified":"2021-02-04T12:42:45","modified_gmt":"2021-02-04T11:42:45","slug":"cantania","status":"publish","type":"page","link":"https:\/\/agora.xtec.cat\/ceip-paucasals-sjdespi\/projectes\/cantania\/","title":{"rendered":"Cant\u00e0nia"},"content":{"rendered":"<p><strong>QU\u00c8 \u00c9S CANT\u00c0NIA?<\/strong><a href=\"http:\/\/agora.xtec.cat\/ceip-paucasals-sjdespi\/wp-content\/uploads\/usu477\/2018\/01\/IMG_2039.jpg\"><img loading=\"lazy\" decoding=\"async\" class=\"size-medium wp-image-5953 alignright\" src=\"http:\/\/agora.xtec.cat\/ceip-paucasals-sjdespi\/wp-content\/uploads\/usu477\/2018\/01\/IMG_2039-300x225.jpg\" alt=\"\" width=\"300\" height=\"225\" srcset=\"https:\/\/agora.xtec.cat\/ceip-paucasals-sjdespi\/wp-content\/uploads\/usu477\/2018\/01\/IMG_2039-300x225.jpg 300w, https:\/\/agora.xtec.cat\/ceip-paucasals-sjdespi\/wp-content\/uploads\/usu477\/2018\/01\/IMG_2039-768x576.jpg 768w, https:\/\/agora.xtec.cat\/ceip-paucasals-sjdespi\/wp-content\/uploads\/usu477\/2018\/01\/IMG_2039-1024x768.jpg 1024w, https:\/\/agora.xtec.cat\/ceip-paucasals-sjdespi\/wp-content\/uploads\/usu477\/2018\/01\/IMG_2039-200x150.jpg 200w, https:\/\/agora.xtec.cat\/ceip-paucasals-sjdespi\/wp-content\/uploads\/usu477\/2018\/01\/IMG_2039.jpg 1600w\" sizes=\"auto, (max-width: 300px) 100vw, 300px\" \/><\/a><\/p>\n<p>Cant\u00e0nia \u00e9s una activitat participativa dirigida a escolars de cicle mitj\u00e0 i superior de prim\u00e0ria. Cada temporada s\u2019encarrega una obra nova per a un gran cor de nens i nenes, a compositors i escriptors catalans de reconegut prestigi. Durant tot el curs escolar es treballa tant des de L\u2019Auditori com des de l\u2019escola. L\u2019objectiu \u00e9s organitzar un acte per l&#8217;alumnat que, per les caracter\u00edstiques globals pensades exclusivament per a ells i elles, per la qualitat i per la implicaci\u00f3 personal i col\u00b7lectiva en l\u2019acte, es converteixi en una viv\u00e8ncia musical inoblidable per a totes i tots.<\/p>\n<p><strong>QUI L&#8217;ORGANITZA?<\/strong><\/p>\n<p>\u00c9s un projecte per al desenvolupament creatiu i social de l\u2019alumnat disenyat i produit pel servei educatiu del L\u00b4AUDITORI de Barcelona que s\u2019est\u00e9n a altres comunitats i pa\u00efsos com Madrid, Valladolid, Salamanca, Zaragoza, Alcany\u00eds,Sevilla Caracas, M\u00e9xico D.C, Mainz, Bremen i \u00a0Bruselas.<\/p>\n<p><strong>PER QU\u00c8 HI PARTICIPEM?<\/strong><\/p>\n<p>Des del punt de vista educatiu i pedag\u00f2gic, el projecte dona valor a la m\u00fasica com a vincle i com a eina que permet que l\u2019alumnat desenvolupi la seva capacitat vocal, treballant elements t\u00e8cnics com: la imitaci\u00f3, el silenci, la expressi\u00f3, la emoci\u00f3, la din\u00e0mica, el moviment, la percussi\u00f3 corporal, la escolta activa, la emissi\u00f3 \u00a0i el to de la veu\u2026<\/p>\n<p><strong>COM PARTICIPEM?<\/strong><\/p>\n<p>L&#8217;escola des de fa ja uns quants anys hi participa amb l&#8217;alumnat de 6\u00e8 curs. El projecte Cant\u00e0nia es treballa des de l&#8217;\u00e0rea d&#8217;Educaci\u00f3 Art\u00edstica: M\u00fasica i dansa realitzant tota la preparaci\u00f3 pr\u00e8via a l&#8217;acte final que es realitza a l&#8217;Auditori de Barcelona i\u00a0al qual\u00a0les fam\u00edlies estan convidades a assistir-hi.<\/p>\n<p><a href=\"http:\/\/agora.xtec.cat\/ceip-paucasals-sjdespi\/wp-content\/uploads\/usu477\/2018\/01\/IMG_2046.jpg\"><img loading=\"lazy\" decoding=\"async\" class=\"aligncenter size-medium wp-image-5954\" src=\"http:\/\/agora.xtec.cat\/ceip-paucasals-sjdespi\/wp-content\/uploads\/usu477\/2018\/01\/IMG_2046-300x225.jpg\" alt=\"\" width=\"300\" height=\"225\" srcset=\"https:\/\/agora.xtec.cat\/ceip-paucasals-sjdespi\/wp-content\/uploads\/usu477\/2018\/01\/IMG_2046-300x225.jpg 300w, https:\/\/agora.xtec.cat\/ceip-paucasals-sjdespi\/wp-content\/uploads\/usu477\/2018\/01\/IMG_2046-768x576.jpg 768w, https:\/\/agora.xtec.cat\/ceip-paucasals-sjdespi\/wp-content\/uploads\/usu477\/2018\/01\/IMG_2046-1024x768.jpg 1024w, https:\/\/agora.xtec.cat\/ceip-paucasals-sjdespi\/wp-content\/uploads\/usu477\/2018\/01\/IMG_2046-200x150.jpg 200w, https:\/\/agora.xtec.cat\/ceip-paucasals-sjdespi\/wp-content\/uploads\/usu477\/2018\/01\/IMG_2046.jpg 1600w\" sizes=\"auto, (max-width: 300px) 100vw, 300px\" \/><\/a><\/p>\n","protected":false},"excerpt":{"rendered":"<p>QU\u00c8 \u00c9S CANT\u00c0NIA?<a href=\"http:\/\/agora.xtec.cat\/ceip-paucasals-sjdespi\/wp-content\/uploads\/usu477\/2018\/01\/IMG_2039.jpg\"><\/a><br \/>\nCant\u00e0nia \u00e9s una activitat participativa dirigida a escolars de cicle mitj\u00e0 i superior de prim\u00e0ria. Cada temporada s\u2019encarrega una obra nova per a un gran cor de nens i nenes, a compositors i escriptors catalans de reconegut prestigi. Durant tot el curs&hellip;  <a href=\"https:\/\/agora.xtec.cat\/ceip-paucasals-sjdespi\/projectes\/cantania\/\" title=\"Read Cant\u00e0nia\">Llegeix m\u00e9s\u00bb<\/a><\/p>\n","protected":false},"author":1,"featured_media":0,"parent":38,"menu_order":11,"comment_status":"closed","ping_status":"closed","template":"page-templates\/side-menu.php","meta":{"_bbp_topic_count":0,"_bbp_reply_count":0,"_bbp_total_topic_count":0,"_bbp_total_reply_count":0,"_bbp_voice_count":0,"_bbp_anonymous_reply_count":0,"_bbp_topic_count_hidden":0,"_bbp_reply_count_hidden":0,"_bbp_forum_subforum_count":0,"footnotes":""},"class_list":["post-5952","page","type-page","status-publish","hentry"],"post_mailing_queue_ids":[],"_links":{"self":[{"href":"https:\/\/agora.xtec.cat\/ceip-paucasals-sjdespi\/wp-json\/wp\/v2\/pages\/5952","targetHints":{"allow":["GET"]}}],"collection":[{"href":"https:\/\/agora.xtec.cat\/ceip-paucasals-sjdespi\/wp-json\/wp\/v2\/pages"}],"about":[{"href":"https:\/\/agora.xtec.cat\/ceip-paucasals-sjdespi\/wp-json\/wp\/v2\/types\/page"}],"author":[{"embeddable":true,"href":"https:\/\/agora.xtec.cat\/ceip-paucasals-sjdespi\/wp-json\/wp\/v2\/users\/1"}],"replies":[{"embeddable":true,"href":"https:\/\/agora.xtec.cat\/ceip-paucasals-sjdespi\/wp-json\/wp\/v2\/comments?post=5952"}],"version-history":[{"count":3,"href":"https:\/\/agora.xtec.cat\/ceip-paucasals-sjdespi\/wp-json\/wp\/v2\/pages\/5952\/revisions"}],"predecessor-version":[{"id":10133,"href":"https:\/\/agora.xtec.cat\/ceip-paucasals-sjdespi\/wp-json\/wp\/v2\/pages\/5952\/revisions\/10133"}],"up":[{"embeddable":true,"href":"https:\/\/agora.xtec.cat\/ceip-paucasals-sjdespi\/wp-json\/wp\/v2\/pages\/38"}],"wp:attachment":[{"href":"https:\/\/agora.xtec.cat\/ceip-paucasals-sjdespi\/wp-json\/wp\/v2\/media?parent=5952"}],"curies":[{"name":"wp","href":"https:\/\/api.w.org\/{rel}","templated":true}]}}