{"id":5742,"date":"2018-01-11T10:29:11","date_gmt":"2018-01-11T09:29:11","guid":{"rendered":"http:\/\/agora.xtec.cat\/ceip-paucasals-sjdespi\/?page_id=5742"},"modified":"2021-10-27T16:08:52","modified_gmt":"2021-10-27T14:08:52","slug":"lhort-de-lescola","status":"publish","type":"page","link":"https:\/\/agora.xtec.cat\/ceip-paucasals-sjdespi\/projectes\/lhort-de-lescola\/","title":{"rendered":"L&#8217;hort de l&#8217;escola"},"content":{"rendered":"<p><strong><a href=\"http:\/\/agora.xtec.cat\/ceip-paucasals-sjdespi\/wp-content\/uploads\/usu477\/2014\/09\/20141013084921_000011.jpg\"><img loading=\"lazy\" decoding=\"async\" class=\"wp-image-5677 alignright\" src=\"http:\/\/agora.xtec.cat\/ceip-paucasals-sjdespi\/wp-content\/uploads\/usu477\/2014\/09\/20141013084921_000011-300x245.jpg\" alt=\"\" width=\"217\" height=\"177\" srcset=\"https:\/\/agora.xtec.cat\/ceip-paucasals-sjdespi\/wp-content\/uploads\/usu477\/2014\/09\/20141013084921_000011-300x245.jpg 300w, https:\/\/agora.xtec.cat\/ceip-paucasals-sjdespi\/wp-content\/uploads\/usu477\/2014\/09\/20141013084921_000011.jpg 750w\" sizes=\"auto, (max-width: 217px) 100vw, 217px\" \/><\/a>PER QU\u00c8 UN HORT A L&#8217;ESCOLA?<\/strong><\/p>\n<p>El treball de l&#8217;hort ecol\u00f2gic a l&#8217;escola, \u00e9s la manera m\u00e9s adient d&#8217;oferir al nostre alumnat una educaci\u00f3 mediambiental, basada en la cura, respecte i defensa de la natura.<\/p>\n<p><strong>QUINS OBJECTIUS VOLEM ACONSEGUIR?<\/strong><\/p>\n<ul>\n<li>Ajudar l&#8217;alumnat a prendre consci\u00e8ncia i sensibilitat davant les q\u00fcestions mediambientals.<\/li>\n<li>Promoure el coneixement del medi, les seves interrelacions i els seus problemes.<\/li>\n<li>Con\u00e8ixer i aprendre els productes, les eines les t\u00e8cniques de treball agr\u00edcola.<a href=\"http:\/\/agora.xtec.cat\/ceip-paucasals-sjdespi\/wp-content\/uploads\/usu477\/2018\/01\/Dsc013572.jpg\"><img loading=\"lazy\" decoding=\"async\" class=\"wp-image-5905 alignright\" src=\"http:\/\/agora.xtec.cat\/ceip-paucasals-sjdespi\/wp-content\/uploads\/usu477\/2018\/01\/Dsc013572-225x300.jpg\" alt=\"\" width=\"127\" height=\"169\" srcset=\"https:\/\/agora.xtec.cat\/ceip-paucasals-sjdespi\/wp-content\/uploads\/usu477\/2018\/01\/Dsc013572-225x300.jpg 225w, https:\/\/agora.xtec.cat\/ceip-paucasals-sjdespi\/wp-content\/uploads\/usu477\/2018\/01\/Dsc013572-768x1024.jpg 768w, https:\/\/agora.xtec.cat\/ceip-paucasals-sjdespi\/wp-content\/uploads\/usu477\/2018\/01\/Dsc013572.jpg 972w\" sizes=\"auto, (max-width: 127px) 100vw, 127px\" \/><\/a><\/li>\n<li>Recon\u00e8ixer la depend\u00e8ncia de l&#8217;agricultura que t\u00e9 la humanitat.<\/li>\n<li>Treballar el projecte de l&#8217;hort d&#8217;una manera interdisciplinar amb la resta de assignatures.<\/li>\n<\/ul>\n<p><strong>QUINES ACTIVITATS FEM?<\/strong><\/p>\n<p>Les activitats previstes per fer a l\u2019hort estan compreses dins de tot el curs escolar, aqu\u00ed les exposem a grans trets:<\/p>\n<p><strong><u>Cicle Estels:<\/u><\/strong><\/p>\n<ul>\n<li>Sembra de llavors i plantes (enciams, coliflors, faves, p\u00e8sols, maduixes, patates, pebrots&#8230;) depenent de l\u2019estaci\u00f3.<a href=\"http:\/\/agora.xtec.cat\/ceip-paucasals-sjdespi\/wp-content\/uploads\/usu477\/2018\/01\/Dsc01373r.jpg\"><img loading=\"lazy\" decoding=\"async\" class=\"wp-image-5906 alignright\" src=\"http:\/\/agora.xtec.cat\/ceip-paucasals-sjdespi\/wp-content\/uploads\/usu477\/2018\/01\/Dsc01373r-300x225.jpg\" alt=\"\" width=\"200\" height=\"150\" srcset=\"https:\/\/agora.xtec.cat\/ceip-paucasals-sjdespi\/wp-content\/uploads\/usu477\/2018\/01\/Dsc01373r-300x225.jpg 300w, https:\/\/agora.xtec.cat\/ceip-paucasals-sjdespi\/wp-content\/uploads\/usu477\/2018\/01\/Dsc01373r-768x576.jpg 768w, https:\/\/agora.xtec.cat\/ceip-paucasals-sjdespi\/wp-content\/uploads\/usu477\/2018\/01\/Dsc01373r-1024x768.jpg 1024w, https:\/\/agora.xtec.cat\/ceip-paucasals-sjdespi\/wp-content\/uploads\/usu477\/2018\/01\/Dsc01373r-200x150.jpg 200w, https:\/\/agora.xtec.cat\/ceip-paucasals-sjdespi\/wp-content\/uploads\/usu477\/2018\/01\/Dsc01373r.jpg 1296w\" sizes=\"auto, (max-width: 200px) 100vw, 200px\" \/><\/a><\/li>\n<li>Tasques de\u00a0manteniment de les plantes (regar, moure la terra, treure males herbes&#8230;)<\/li>\n<li>Recol\u00b7lecci\u00f3 de la collita.<\/li>\n<li>Tenir cura de tots els espais de l\u2019hort i netejar-lo (traient males herbes i posar-les al compostador).<\/li>\n<li>Utilitzaci\u00f3 i coneixement de\u00a0diferents estris que es fan servir a\u00a0l\u2019hort (pics, coves, pales, rasclets, aixades, escombres met\u00e0l\u00b7liques, regadores, cabassos, compostadors..)<\/li>\n<li>Sembra i manteniment de plantes arom\u00e0tiques de l\u2019Illa de les olors (pati d&#8217;Educaci\u00f3 Infantil).<\/li>\n<\/ul>\n<p><strong><u>Cicle Constel\u00b7lacions:<\/u><\/strong><\/p>\n<ul>\n<li>Preparaci\u00f3 de jardineres de cultiu.<\/li>\n<li>Sembra de plantes de maduixeres.<a href=\"http:\/\/agora.xtec.cat\/ceip-paucasals-sjdespi\/wp-content\/uploads\/usu477\/2017\/11\/P2110013-1024x768bis.jpg\"><img loading=\"lazy\" decoding=\"async\" class=\" wp-image-5811 alignright\" src=\"http:\/\/agora.xtec.cat\/ceip-paucasals-sjdespi\/wp-content\/uploads\/usu477\/2017\/11\/P2110013-1024x768bis-300x225.jpg\" alt=\"\" width=\"204\" height=\"153\" srcset=\"https:\/\/agora.xtec.cat\/ceip-paucasals-sjdespi\/wp-content\/uploads\/usu477\/2017\/11\/P2110013-1024x768bis-300x225.jpg 300w, https:\/\/agora.xtec.cat\/ceip-paucasals-sjdespi\/wp-content\/uploads\/usu477\/2017\/11\/P2110013-1024x768bis-768x576.jpg 768w, https:\/\/agora.xtec.cat\/ceip-paucasals-sjdespi\/wp-content\/uploads\/usu477\/2017\/11\/P2110013-1024x768bis-200x150.jpg 200w, https:\/\/agora.xtec.cat\/ceip-paucasals-sjdespi\/wp-content\/uploads\/usu477\/2017\/11\/P2110013-1024x768bis.jpg 840w\" sizes=\"auto, (max-width: 204px) 100vw, 204px\" \/><\/a><\/li>\n<li>Visites a l\u2019hort per tal de fer observacions directes, feines, tasques de manteniment, reg&#8230;<\/li>\n<li>Recol\u00b7lecci\u00f3 de la collita durant el proc\u00e9s i avaluaci\u00f3 de resultats.<\/li>\n<li>Sembra de llavors i plantes.<\/li>\n<\/ul>\n<p><strong><u>Cicle Gal\u00e0xies:<\/u><\/strong><\/p>\n<ul>\n<li>Preparaci\u00f3 de les feixes de cultiu per tal de muntar l\u2019hort.<\/li>\n<li>Muntatge de l\u2019hort.<\/li>\n<li>Sembra de llavors i plantes (enciams, coliflors, faves, p\u00e8sols, maduixes, patates, pebrots&#8230;) depenent de l\u2019estaci\u00f3.<img loading=\"lazy\" decoding=\"async\" class=\" wp-image-5809 alignright\" src=\"http:\/\/agora.xtec.cat\/ceip-paucasals-sjdespi\/wp-content\/uploads\/usu477\/2017\/11\/Img_3901bis-225x300.jpg\" alt=\"\" width=\"146\" height=\"195\" srcset=\"https:\/\/agora.xtec.cat\/ceip-paucasals-sjdespi\/wp-content\/uploads\/usu477\/2017\/11\/Img_3901bis-225x300.jpg 225w, https:\/\/agora.xtec.cat\/ceip-paucasals-sjdespi\/wp-content\/uploads\/usu477\/2017\/11\/Img_3901bis-768x1024.jpg 768w, https:\/\/agora.xtec.cat\/ceip-paucasals-sjdespi\/wp-content\/uploads\/usu477\/2017\/11\/Img_3901bis.jpg 998w\" sizes=\"auto, (max-width: 146px) 100vw, 146px\" \/><\/li>\n<li>Tasques de\u00a0manteniment de les plantes (regar, moure la terra, treure males herbes&#8230;)<\/li>\n<li>Manteniment i \u00fas de les compostadores i vermicompostadora.<\/li>\n<li>Utilitzaci\u00f3 i coneixement dels diferents estris i eines que es fan servir a l\u2019hort (pics, coves, pales, rasclets, aixades, escombres\u00a0met\u00e0l\u00b7liques, regadores, cabassos, compostadors..)<\/li>\n<li>Retolaci\u00f3 del nom de les plantes.<\/li>\n<li>Creaci\u00f3 i utilitzaci\u00f3 de pesticides naturals i ecol\u00f2gics per al control de plagues.<\/li>\n<li>Taulell amb la informaci\u00f3 de l\u2019hort: torns de reg, temporitzaci\u00f3 de les tasques (sembra, tallers, recollida).<\/li>\n<li>Visites a l\u2019hort per tal de fer observacions directes, feines, tasques de manteniment, reg&#8230;<\/li>\n<li>Recol\u00b7lecci\u00f3 de la collita com a final del proc\u00e9s i avaluaci\u00f3 de resultats.<\/li>\n<li>Observaci\u00f3 de les diferents funcions i aplicacions de les plantes arom\u00e0tiques i de flor (fabricaci\u00f3 de col\u00f2nies, tintures, ung\u00fcents&#8230;)<img loading=\"lazy\" decoding=\"async\" class=\" wp-image-5810 alignright\" src=\"http:\/\/agora.xtec.cat\/ceip-paucasals-sjdespi\/wp-content\/uploads\/usu477\/2017\/11\/Img_3906bis-300x225.jpg\" alt=\"\" width=\"207\" height=\"155\" srcset=\"https:\/\/agora.xtec.cat\/ceip-paucasals-sjdespi\/wp-content\/uploads\/usu477\/2017\/11\/Img_3906bis-300x225.jpg 300w, https:\/\/agora.xtec.cat\/ceip-paucasals-sjdespi\/wp-content\/uploads\/usu477\/2017\/11\/Img_3906bis-768x576.jpg 768w, https:\/\/agora.xtec.cat\/ceip-paucasals-sjdespi\/wp-content\/uploads\/usu477\/2017\/11\/Img_3906bis-1024x768.jpg 1024w, https:\/\/agora.xtec.cat\/ceip-paucasals-sjdespi\/wp-content\/uploads\/usu477\/2017\/11\/Img_3906bis-200x150.jpg 200w, https:\/\/agora.xtec.cat\/ceip-paucasals-sjdespi\/wp-content\/uploads\/usu477\/2017\/11\/Img_3906bis.jpg 1331w\" sizes=\"auto, (max-width: 207px) 100vw, 207px\" \/><\/li>\n<li>Manteniment dels arbres fruiters de l\u2019hort i collita dels fruits.<\/li>\n<\/ul>\n<p><strong>Visiteu el bloc de <a href=\"http:\/\/agora.xtec.cat\/ceip-paucasals-sjdespi\/categoria\/hort\/\">L&#8217;hort de l&#8217;escola<\/a><\/strong><\/p>\n","protected":false},"excerpt":{"rendered":"<p><a href=\"http:\/\/agora.xtec.cat\/ceip-paucasals-sjdespi\/wp-content\/uploads\/usu477\/2014\/09\/20141013084921_000011.jpg\"><\/a>PER QU\u00c8 UN HORT A L&#8217;ESCOLA?<br \/>\nEl treball de l&#8217;hort ecol\u00f2gic a l&#8217;escola, \u00e9s la manera m\u00e9s adient d&#8217;oferir al nostre alumnat una educaci\u00f3 mediambiental, basada en la cura, respecte i defensa de la natura.<br \/>\nQUINS OBJECTIUS VOLEM ACONSEGUIR?<\/p>\n<ul>\n<li>Ajudar l&#8217;alumnat a prendre consci\u00e8ncia i sensibilitat davant&hellip;  <a href=\"https:\/\/agora.xtec.cat\/ceip-paucasals-sjdespi\/projectes\/lhort-de-lescola\/\" title=\"Read L&#8217;hort de l&#8217;escola\">Llegeix m\u00e9s\u00bb<\/a><br \/>\n","protected":false},"author":1,"featured_media":0,"parent":38,"menu_order":7,"comment_status":"closed","ping_status":"closed","template":"page-templates\/side-menu.php","meta":{"_bbp_topic_count":0,"_bbp_reply_count":0,"_bbp_total_topic_count":0,"_bbp_total_reply_count":0,"_bbp_voice_count":0,"_bbp_anonymous_reply_count":0,"_bbp_topic_count_hidden":0,"_bbp_reply_count_hidden":0,"_bbp_forum_subforum_count":0,"footnotes":""},"class_list":["post-5742","page","type-page","status-publish","hentry"],"post_mailing_queue_ids":[],"_links":{"self":[{"href":"https:\/\/agora.xtec.cat\/ceip-paucasals-sjdespi\/wp-json\/wp\/v2\/pages\/5742","targetHints":{"allow":["GET"]}}],"collection":[{"href":"https:\/\/agora.xtec.cat\/ceip-paucasals-sjdespi\/wp-json\/wp\/v2\/pages"}],"about":[{"href":"https:\/\/agora.xtec.cat\/ceip-paucasals-sjdespi\/wp-json\/wp\/v2\/types\/page"}],"author":[{"embeddable":true,"href":"https:\/\/agora.xtec.cat\/ceip-paucasals-sjdespi\/wp-json\/wp\/v2\/users\/1"}],"replies":[{"embeddable":true,"href":"https:\/\/agora.xtec.cat\/ceip-paucasals-sjdespi\/wp-json\/wp\/v2\/comments?post=5742"}],"version-history":[{"count":3,"href":"https:\/\/agora.xtec.cat\/ceip-paucasals-sjdespi\/wp-json\/wp\/v2\/pages\/5742\/revisions"}],"predecessor-version":[{"id":11067,"href":"https:\/\/agora.xtec.cat\/ceip-paucasals-sjdespi\/wp-json\/wp\/v2\/pages\/5742\/revisions\/11067"}],"up":[{"embeddable":true,"href":"https:\/\/agora.xtec.cat\/ceip-paucasals-sjdespi\/wp-json\/wp\/v2\/pages\/38"}],"wp:attachment":[{"href":"https:\/\/agora.xtec.cat\/ceip-paucasals-sjdespi\/wp-json\/wp\/v2\/media?parent=5742"}],"curies":[{"name":"wp","href":"https:\/\/api.w.org\/{rel}","templated":true}]}}