{"id":5732,"date":"2017-11-23T14:02:34","date_gmt":"2017-11-23T13:02:34","guid":{"rendered":"http:\/\/agora.xtec.cat\/ceip-paucasals-sjdespi\/?page_id=5732"},"modified":"2021-02-04T12:34:14","modified_gmt":"2021-02-04T11:34:14","slug":"xarxa-competencies-basiques-projectes","status":"publish","type":"page","link":"https:\/\/agora.xtec.cat\/ceip-paucasals-sjdespi\/projectes\/xarxa-competencies-basiques-projectes\/","title":{"rendered":"Xarxa Compet\u00e8ncies B\u00e0siques (Projectes)"},"content":{"rendered":"<p>El nostre centre forma part de la\u00a0XCB (Xarxa de Compet\u00e8ncies B\u00e0siques) Territorials del Departament d\u2019Ensenyament. Els centres participants de la XCB (en aquests moments participen d\u2019aquesta xarxa uns 120 centres d\u2019arreu de Catalunya) fem sessions de coordinaci\u00f3 acompanyats per experts del Departament d\u2019Ensenyament i del Servei Educatiu, i tenim constitu\u00eft un grup de mestres que impulsa la realitzaci\u00f3 dels projectes i la reflexi\u00f3 interna.<br \/>\n<a href=\"http:\/\/agora.xtec.cat\/ceip-paucasals-sjdespi\/wp-content\/uploads\/usu477\/2014\/09\/logo.png\"><img loading=\"lazy\" decoding=\"async\" class=\"size-full wp-image-5678 alignright\" src=\"http:\/\/agora.xtec.cat\/ceip-paucasals-sjdespi\/wp-content\/uploads\/usu477\/2014\/09\/logo.png\" alt=\"\" width=\"200\" height=\"133\" \/><\/a><\/p>\n<p>Volem un ensenyament fonamentat en la innovaci\u00f3, la recerca, el treball per compet\u00e8ncies, la potenciaci\u00f3 dels valors, l\u2019atenci\u00f3 a la diversitat i el sentit de pertinen\u00e7a a la comunitat de la que formem part; que el nostre alumnat sigui m\u00e9s aut\u00f2nom i\u00a0m\u00e9s responsable del seu propi aprenentatge. El treball per projectes millora la compet\u00e8ncia d&#8217;aprendre a aprendre ja que fomenta l\u2019avaluaci\u00f3 formadora (avaluar per aprendre) que es basa en\u00a0compartir els objectius i els criteris d\u2019avaluaci\u00f3 amb l\u2019alumnat, implantar noves eines i estrat\u00e8gies (bases d\u2019orientaci\u00f3, r\u00fabrica, carpeta d\u2019aprenentatge, autoavaluaci\u00f3 i coavaluaci\u00f3, etc).<\/p>\n<p>La nostra adhesi\u00f3 a la Xarxa de Compet\u00e8ncies B\u00e0siques, t\u00e9 com a objectiu ampliar aquesta manera de treballar, a tots els cursos i, continuar millorant i creixent com a escola.<\/p>\n<p>Des del claustre de mestres impulsem el treball per projectes tant a Infantil, com a Prim\u00e0ria.<\/p>\n<p>&nbsp;<\/p>\n<p>&nbsp;<\/p>\n","protected":false},"excerpt":{"rendered":"<p>El nostre centre forma part de la\u00a0XCB (Xarxa de Compet\u00e8ncies B\u00e0siques) Territorials del Departament d\u2019Ensenyament. Els centres participants de la XCB (en aquests moments participen d\u2019aquesta xarxa uns 120 centres d\u2019arreu de Catalunya) fem sessions de coordinaci\u00f3 acompanyats per experts del Departament d\u2019Ensenyament i del&hellip;  <a href=\"https:\/\/agora.xtec.cat\/ceip-paucasals-sjdespi\/projectes\/xarxa-competencies-basiques-projectes\/\" title=\"Read Xarxa Compet\u00e8ncies B\u00e0siques (Projectes)\">Llegeix m\u00e9s\u00bb<\/a><\/p>\n","protected":false},"author":1,"featured_media":0,"parent":38,"menu_order":5,"comment_status":"closed","ping_status":"closed","template":"page-templates\/side-menu.php","meta":{"_bbp_topic_count":0,"_bbp_reply_count":0,"_bbp_total_topic_count":0,"_bbp_total_reply_count":0,"_bbp_voice_count":0,"_bbp_anonymous_reply_count":0,"_bbp_topic_count_hidden":0,"_bbp_reply_count_hidden":0,"_bbp_forum_subforum_count":0,"footnotes":""},"class_list":["post-5732","page","type-page","status-publish","hentry"],"post_mailing_queue_ids":[],"_links":{"self":[{"href":"https:\/\/agora.xtec.cat\/ceip-paucasals-sjdespi\/wp-json\/wp\/v2\/pages\/5732","targetHints":{"allow":["GET"]}}],"collection":[{"href":"https:\/\/agora.xtec.cat\/ceip-paucasals-sjdespi\/wp-json\/wp\/v2\/pages"}],"about":[{"href":"https:\/\/agora.xtec.cat\/ceip-paucasals-sjdespi\/wp-json\/wp\/v2\/types\/page"}],"author":[{"embeddable":true,"href":"https:\/\/agora.xtec.cat\/ceip-paucasals-sjdespi\/wp-json\/wp\/v2\/users\/1"}],"replies":[{"embeddable":true,"href":"https:\/\/agora.xtec.cat\/ceip-paucasals-sjdespi\/wp-json\/wp\/v2\/comments?post=5732"}],"version-history":[{"count":4,"href":"https:\/\/agora.xtec.cat\/ceip-paucasals-sjdespi\/wp-json\/wp\/v2\/pages\/5732\/revisions"}],"predecessor-version":[{"id":10129,"href":"https:\/\/agora.xtec.cat\/ceip-paucasals-sjdespi\/wp-json\/wp\/v2\/pages\/5732\/revisions\/10129"}],"up":[{"embeddable":true,"href":"https:\/\/agora.xtec.cat\/ceip-paucasals-sjdespi\/wp-json\/wp\/v2\/pages\/38"}],"wp:attachment":[{"href":"https:\/\/agora.xtec.cat\/ceip-paucasals-sjdespi\/wp-json\/wp\/v2\/media?parent=5732"}],"curies":[{"name":"wp","href":"https:\/\/api.w.org\/{rel}","templated":true}]}}