{"id":470,"date":"2015-10-29T12:07:12","date_gmt":"2015-10-29T11:07:12","guid":{"rendered":"http:\/\/agora.xtec.cat\/ceip-paucasals-sjdespi\/?page_id=470"},"modified":"2019-02-12T09:16:48","modified_gmt":"2019-02-12T08:16:48","slug":"programa-puntedu-biblioteques-escolar","status":"publish","type":"page","link":"https:\/\/agora.xtec.cat\/ceip-paucasals-sjdespi\/projectes\/programa-puntedu-biblioteques-escolar\/","title":{"rendered":"Biblioteca escolar"},"content":{"rendered":"<p>Visita el <a href=\"http:\/\/agora.xtec.cat\/ceip-paucasals-sjdespi\/categoria\/biblioteca\/\">blog de la Biblioteca &#8220;Molinet de sal&#8221;<\/a><\/p>\n<p>Entre d\u2019altres coses, a trav\u00e9s d\u2019aquest programa impulsem i consolidem el funcionament de la biblioteca com a eina b\u00e0sica d\u2019aprenentatge en el desenvolupament de totes les \u00e0rees i fomentem l\u2019h\u00e0bit de la lectura i la recerca.<br \/>\nAnem a la Biblioteca un cop a la setmana de P3 a 6\u00e8.<\/p>\n<table>\n<tbody>\n<tr>\n<td>\u00a0<a href=\"http:\/\/agora.xtec.cat\/ceip-paucasals-sjdespi\/wp-content\/uploads\/usu477\/2015\/10\/IMGP6163.jpg\"><img loading=\"lazy\" decoding=\"async\" class=\"alignright wp-image-473\" src=\"http:\/\/agora.xtec.cat\/ceip-paucasals-sjdespi\/wp-content\/uploads\/usu477\/2015\/10\/IMGP6163.jpg\" alt=\"IMGP6163\" width=\"224\" height=\"149\" srcset=\"https:\/\/agora.xtec.cat\/ceip-paucasals-sjdespi\/wp-content\/uploads\/usu477\/2015\/10\/IMGP6163.jpg 400w, https:\/\/agora.xtec.cat\/ceip-paucasals-sjdespi\/wp-content\/uploads\/usu477\/2015\/10\/IMGP6163-300x200.jpg 300w\" sizes=\"auto, (max-width: 224px) 100vw, 224px\" \/><\/a><\/td>\n<td>\u00a0<a href=\"http:\/\/agora.xtec.cat\/ceip-paucasals-sjdespi\/wp-content\/uploads\/usu477\/2015\/10\/IMG_2806.jpg\"><img loading=\"lazy\" decoding=\"async\" class=\"alignright wp-image-471\" src=\"http:\/\/agora.xtec.cat\/ceip-paucasals-sjdespi\/wp-content\/uploads\/usu477\/2015\/10\/IMG_2806.jpg\" alt=\"IMG_2806\" width=\"192\" height=\"144\" srcset=\"https:\/\/agora.xtec.cat\/ceip-paucasals-sjdespi\/wp-content\/uploads\/usu477\/2015\/10\/IMG_2806.jpg 400w, https:\/\/agora.xtec.cat\/ceip-paucasals-sjdespi\/wp-content\/uploads\/usu477\/2015\/10\/IMG_2806-300x225.jpg 300w, https:\/\/agora.xtec.cat\/ceip-paucasals-sjdespi\/wp-content\/uploads\/usu477\/2015\/10\/IMG_2806-200x150.jpg 200w\" sizes=\"auto, (max-width: 192px) 100vw, 192px\" \/><\/a><\/td>\n<\/tr>\n<\/tbody>\n<\/table>\n<p style=\"text-align: left;\">L&#8217;objectiu principal \u00e9s adquirir progressivament la compet\u00e8ncia lectora, la compet\u00e8ncia informacional i, sobretot, el gust per llegir.<\/p>\n<p style=\"text-align: left;\" align=\"center\">Fem servir elements motivadors de la lectura:<\/p>\n<p style=\"text-align: left;\" align=\"center\">&#8211; &#8220;El molinet de sal&#8221;, que d\u00f3na nom a la nostra Biblioteca.<br \/>\n&#8211; &#8220;L&#8217;Empassallibres&#8221;, la mascota, que va acompanyada de tots els seus objectes personals dins d\u2019un llibre gegant, presenta\u00a0diferents activitats a la zona dels m\u00e9s petits..<\/p>\n<table>\n<tbody>\n<tr>\n<td><a href=\"http:\/\/agora.xtec.cat\/ceip-paucasals-sjdespi\/wp-content\/uploads\/usu477\/2015\/10\/IMGP6181.jpg\"><img loading=\"lazy\" decoding=\"async\" class=\"alignright wp-image-474\" src=\"http:\/\/agora.xtec.cat\/ceip-paucasals-sjdespi\/wp-content\/uploads\/usu477\/2015\/10\/IMGP6181.jpg\" alt=\"IMGP6181\" width=\"247\" height=\"164\" srcset=\"https:\/\/agora.xtec.cat\/ceip-paucasals-sjdespi\/wp-content\/uploads\/usu477\/2015\/10\/IMGP6181.jpg 400w, https:\/\/agora.xtec.cat\/ceip-paucasals-sjdespi\/wp-content\/uploads\/usu477\/2015\/10\/IMGP6181-300x200.jpg 300w\" sizes=\"auto, (max-width: 247px) 100vw, 247px\" \/><\/a><\/td>\n<td><a href=\"http:\/\/agora.xtec.cat\/ceip-paucasals-sjdespi\/wp-content\/uploads\/usu477\/2015\/10\/mascota.jpg\"><img loading=\"lazy\" decoding=\"async\" class=\"alignright wp-image-476\" src=\"http:\/\/agora.xtec.cat\/ceip-paucasals-sjdespi\/wp-content\/uploads\/usu477\/2015\/10\/mascota.jpg\" alt=\"mascota\" width=\"220\" height=\"164\" srcset=\"https:\/\/agora.xtec.cat\/ceip-paucasals-sjdespi\/wp-content\/uploads\/usu477\/2015\/10\/mascota.jpg 400w, https:\/\/agora.xtec.cat\/ceip-paucasals-sjdespi\/wp-content\/uploads\/usu477\/2015\/10\/mascota-300x224.jpg 300w, https:\/\/agora.xtec.cat\/ceip-paucasals-sjdespi\/wp-content\/uploads\/usu477\/2015\/10\/mascota-200x150.jpg 200w\" sizes=\"auto, (max-width: 220px) 100vw, 220px\" \/><\/a><\/td>\n<\/tr>\n<\/tbody>\n<\/table>\n<p style=\"text-align: left;\" align=\"center\">-Tamb\u00e9 tenim el &#8220;Rac\u00f3 de novetats&#8221;, on es troben els llibres m\u00e9s nous de la biblioteca.<\/p>\n<table>\n<tbody>\n<tr>\n<td>\u00a0<a href=\"http:\/\/agora.xtec.cat\/ceip-paucasals-sjdespi\/wp-content\/uploads\/usu477\/2015\/10\/Novetats.jpg\"><img loading=\"lazy\" decoding=\"async\" class=\"alignright wp-image-477\" src=\"http:\/\/agora.xtec.cat\/ceip-paucasals-sjdespi\/wp-content\/uploads\/usu477\/2015\/10\/Novetats.jpg\" alt=\"Novetats\" width=\"181\" height=\"204\" srcset=\"https:\/\/agora.xtec.cat\/ceip-paucasals-sjdespi\/wp-content\/uploads\/usu477\/2015\/10\/Novetats.jpg 400w, https:\/\/agora.xtec.cat\/ceip-paucasals-sjdespi\/wp-content\/uploads\/usu477\/2015\/10\/Novetats-265x300.jpg 265w\" sizes=\"auto, (max-width: 181px) 100vw, 181px\" \/><\/a><\/td>\n<\/tr>\n<\/tbody>\n<\/table>\n<p style=\"text-align: left;\" align=\"center\">&#8211; Una altra activitat de biblioteca \u00e9s l&#8217;apadrinament lector entre l\u2019alumnat de cicle inicial i de cicle superior, els m\u00e9s gran ajuden als m\u00e9s petits en l&#8217;aprenentatge de la lectura..<\/p>\n<table>\n<tbody>\n<tr>\n<td>\u00a0<a href=\"http:\/\/agora.xtec.cat\/ceip-paucasals-sjdespi\/wp-content\/uploads\/usu477\/2015\/10\/Apadrinament-lector.jpg\"><img loading=\"lazy\" decoding=\"async\" class=\"alignright wp-image-472\" src=\"http:\/\/agora.xtec.cat\/ceip-paucasals-sjdespi\/wp-content\/uploads\/usu477\/2015\/10\/Apadrinament-lector.jpg\" alt=\"Apadrinament%20lector\" width=\"194\" height=\"129\" srcset=\"https:\/\/agora.xtec.cat\/ceip-paucasals-sjdespi\/wp-content\/uploads\/usu477\/2015\/10\/Apadrinament-lector.jpg 400w, https:\/\/agora.xtec.cat\/ceip-paucasals-sjdespi\/wp-content\/uploads\/usu477\/2015\/10\/Apadrinament-lector-300x200.jpg 300w\" sizes=\"auto, (max-width: 194px) 100vw, 194px\" \/><\/a><\/td>\n<\/tr>\n<\/tbody>\n<\/table>\n<p style=\"text-align: left;\" align=\"center\">&#8211; Implicaci\u00f3 de les fam\u00edlies a trav\u00e9s de la \u201cMaleta viatgera\u201d amb material de lectura per a tota la fam\u00edlia des de P3 fins a 4t.<\/p>\n<table>\n<tbody>\n<tr>\n<td>\u00a0<a href=\"http:\/\/agora.xtec.cat\/ceip-paucasals-sjdespi\/wp-content\/uploads\/usu477\/2015\/10\/Mares.jpg\"><img loading=\"lazy\" decoding=\"async\" class=\"alignright wp-image-475\" src=\"http:\/\/agora.xtec.cat\/ceip-paucasals-sjdespi\/wp-content\/uploads\/usu477\/2015\/10\/Mares.jpg\" alt=\"Mares\" width=\"202\" height=\"134\" srcset=\"https:\/\/agora.xtec.cat\/ceip-paucasals-sjdespi\/wp-content\/uploads\/usu477\/2015\/10\/Mares.jpg 640w, https:\/\/agora.xtec.cat\/ceip-paucasals-sjdespi\/wp-content\/uploads\/usu477\/2015\/10\/Mares-300x199.jpg 300w\" sizes=\"auto, (max-width: 202px) 100vw, 202px\" \/><\/a><\/td>\n<\/tr>\n<\/tbody>\n<\/table>\n<p>&nbsp;<\/p>\n","protected":false},"excerpt":{"rendered":"<p>Visita el <a href=\"http:\/\/agora.xtec.cat\/ceip-paucasals-sjdespi\/categoria\/biblioteca\/\">blog de la Biblioteca &#8220;Molinet de sal&#8221;<\/a><br \/>\nEntre d\u2019altres coses, a trav\u00e9s d\u2019aquest programa impulsem i consolidem el funcionament de la biblioteca com a eina b\u00e0sica d\u2019aprenentatge en el desenvolupament de totes les \u00e0rees i fomentem l\u2019h\u00e0bit de la lectura i la recerca.<br \/>\nAnem&hellip;  <a href=\"https:\/\/agora.xtec.cat\/ceip-paucasals-sjdespi\/projectes\/programa-puntedu-biblioteques-escolar\/\" title=\"Read Biblioteca escolar\">Llegeix m\u00e9s\u00bb<\/a><\/p>\n","protected":false},"author":1,"featured_media":0,"parent":38,"menu_order":10,"comment_status":"closed","ping_status":"closed","template":"page-templates\/side-menu.php","meta":{"_bbp_topic_count":0,"_bbp_reply_count":0,"_bbp_total_topic_count":0,"_bbp_total_reply_count":0,"_bbp_voice_count":0,"_bbp_anonymous_reply_count":0,"_bbp_topic_count_hidden":0,"_bbp_reply_count_hidden":0,"_bbp_forum_subforum_count":0,"footnotes":""},"class_list":["post-470","page","type-page","status-publish","hentry"],"post_mailing_queue_ids":[],"_links":{"self":[{"href":"https:\/\/agora.xtec.cat\/ceip-paucasals-sjdespi\/wp-json\/wp\/v2\/pages\/470","targetHints":{"allow":["GET"]}}],"collection":[{"href":"https:\/\/agora.xtec.cat\/ceip-paucasals-sjdespi\/wp-json\/wp\/v2\/pages"}],"about":[{"href":"https:\/\/agora.xtec.cat\/ceip-paucasals-sjdespi\/wp-json\/wp\/v2\/types\/page"}],"author":[{"embeddable":true,"href":"https:\/\/agora.xtec.cat\/ceip-paucasals-sjdespi\/wp-json\/wp\/v2\/users\/1"}],"replies":[{"embeddable":true,"href":"https:\/\/agora.xtec.cat\/ceip-paucasals-sjdespi\/wp-json\/wp\/v2\/comments?post=470"}],"version-history":[{"count":4,"href":"https:\/\/agora.xtec.cat\/ceip-paucasals-sjdespi\/wp-json\/wp\/v2\/pages\/470\/revisions"}],"predecessor-version":[{"id":8179,"href":"https:\/\/agora.xtec.cat\/ceip-paucasals-sjdespi\/wp-json\/wp\/v2\/pages\/470\/revisions\/8179"}],"up":[{"embeddable":true,"href":"https:\/\/agora.xtec.cat\/ceip-paucasals-sjdespi\/wp-json\/wp\/v2\/pages\/38"}],"wp:attachment":[{"href":"https:\/\/agora.xtec.cat\/ceip-paucasals-sjdespi\/wp-json\/wp\/v2\/media?parent=470"}],"curies":[{"name":"wp","href":"https:\/\/api.w.org\/{rel}","templated":true}]}}