{"id":463,"date":"2015-10-29T11:41:47","date_gmt":"2015-10-29T10:41:47","guid":{"rendered":"http:\/\/agora.xtec.cat\/ceip-paucasals-sjdespi\/?page_id=463"},"modified":"2022-11-03T10:41:49","modified_gmt":"2022-11-03T09:41:49","slug":"fem-escola","status":"publish","type":"page","link":"https:\/\/agora.xtec.cat\/ceip-paucasals-sjdespi\/projectes\/fem-escola\/","title":{"rendered":"Fem Escola"},"content":{"rendered":"<p>Aquest \u00e9s un projecte de co-creaci\u00f3 (crear amb alg\u00fa altre) en el nostre cas apropant a tota la comunitat educativa treballant en un projecte com\u00fa, habitualment per millorar diferents espais del centre.<\/p>\n<p><img loading=\"lazy\" decoding=\"async\" class=\"aligncenter wp-image-5744\" src=\"http:\/\/agora.xtec.cat\/ceip-paucasals-sjdespi\/wp-content\/uploads\/usu477\/2015\/10\/Logo-300x297.jpg\" alt=\"\" width=\"215\" height=\"213\" srcset=\"https:\/\/agora.xtec.cat\/ceip-paucasals-sjdespi\/wp-content\/uploads\/usu477\/2015\/10\/Logo-300x297.jpg 300w, https:\/\/agora.xtec.cat\/ceip-paucasals-sjdespi\/wp-content\/uploads\/usu477\/2015\/10\/Logo-150x150.jpg 150w, https:\/\/agora.xtec.cat\/ceip-paucasals-sjdespi\/wp-content\/uploads\/usu477\/2015\/10\/Logo-768x760.jpg 768w, https:\/\/agora.xtec.cat\/ceip-paucasals-sjdespi\/wp-content\/uploads\/usu477\/2015\/10\/Logo.jpg 839w\" sizes=\"auto, (max-width: 215px) 100vw, 215px\" \/><\/p>\n<p><img loading=\"lazy\" decoding=\"async\" class=\"size-full wp-image-3997 alignright\" src=\"http:\/\/agora.xtec.cat\/ceip-paucasals-sjdespi\/wp-content\/uploads\/usu477\/2016\/09\/Imagen1.jpg\" alt=\"Imagen1\" width=\"198\" height=\"148\" \/>El promou una comissi\u00f3 mixta, qui dissenya tot el proc\u00e9s i posteriorment amb les comissions de treball,\u00a0 s\u2019organitzen les jornades de co-creaci\u00f3. Amb aquest projecte millorem la con<span style=\"font-family: inherit; font-size: 1em;\">viv\u00e8ncia i la cohesi\u00f3 de tota la comunitat educativa de la nostra escola.<\/span><\/p>\n<table style=\"height: 351px; width: 966px; border-style: none;\" border=\"0\">\n<tbody>\n<tr style=\"height: 171px;\">\n<td style=\"width: 237px; height: 171px;\"><a href=\"http:\/\/agora.xtec.cat\/ceip-paucasals-sjdespi\/wp-content\/uploads\/usu477\/2016\/09\/Imagen2.jpg\"><img loading=\"lazy\" decoding=\"async\" class=\"size-full wp-image-3998 alignleft\" src=\"http:\/\/agora.xtec.cat\/ceip-paucasals-sjdespi\/wp-content\/uploads\/usu477\/2016\/09\/Imagen2.jpg\" alt=\"Imagen2\" width=\"233\" height=\"157\" \/><\/a><\/td>\n<td style=\"width: 244px; height: 171px;\"><a href=\"http:\/\/agora.xtec.cat\/ceip-paucasals-sjdespi\/wp-content\/uploads\/usu477\/2016\/09\/Imagen3.jpg\"><img loading=\"lazy\" decoding=\"async\" class=\"size-full wp-image-3999 alignleft\" src=\"http:\/\/agora.xtec.cat\/ceip-paucasals-sjdespi\/wp-content\/uploads\/usu477\/2016\/09\/Imagen3.jpg\" alt=\"Imagen3\" width=\"233\" height=\"157\" \/><\/a><\/td>\n<td style=\"width: 234px; height: 171px;\"><img loading=\"lazy\" decoding=\"async\" class=\" wp-image-4000 alignleft\" src=\"http:\/\/agora.xtec.cat\/ceip-paucasals-sjdespi\/wp-content\/uploads\/usu477\/2016\/09\/Imagen4.jpg\" alt=\"Imagen4\" width=\"220\" height=\"151\" \/><\/td>\n<td style=\"width: 239px; height: 171px;\"><a href=\"http:\/\/agora.xtec.cat\/ceip-paucasals-sjdespi\/wp-content\/uploads\/usu477\/2016\/09\/Imagen5.jpg\"><img loading=\"lazy\" decoding=\"async\" class=\"size-full wp-image-4001 alignleft\" src=\"http:\/\/agora.xtec.cat\/ceip-paucasals-sjdespi\/wp-content\/uploads\/usu477\/2016\/09\/Imagen5.jpg\" alt=\"Imagen5\" width=\"233\" height=\"157\" \/><\/a><\/td>\n<\/tr>\n<tr style=\"height: 180px;\">\n<td style=\"width: 237px; height: 180px;\"><a href=\"https:\/\/agora.xtec.cat\/ceip-paucasals-sjdespi\/wp-content\/uploads\/usu477\/2019\/12\/Fa\u00e7ana-2.jpg\"><img loading=\"lazy\" decoding=\"async\" class=\"alignleft wp-image-9187\" src=\"https:\/\/agora.xtec.cat\/ceip-paucasals-sjdespi\/wp-content\/uploads\/usu477\/2019\/12\/Fa\u00e7ana-2-300x225.jpg\" alt=\"\" width=\"200\" height=\"150\" srcset=\"https:\/\/agora.xtec.cat\/ceip-paucasals-sjdespi\/wp-content\/uploads\/usu477\/2019\/12\/Fa\u00e7ana-2-300x225.jpg 300w, https:\/\/agora.xtec.cat\/ceip-paucasals-sjdespi\/wp-content\/uploads\/usu477\/2019\/12\/Fa\u00e7ana-2-768x576.jpg 768w, https:\/\/agora.xtec.cat\/ceip-paucasals-sjdespi\/wp-content\/uploads\/usu477\/2019\/12\/Fa\u00e7ana-2.jpg 1024w, https:\/\/agora.xtec.cat\/ceip-paucasals-sjdespi\/wp-content\/uploads\/usu477\/2019\/12\/Fa\u00e7ana-2-200x150.jpg 200w\" sizes=\"auto, (max-width: 200px) 100vw, 200px\" \/><\/a><\/td>\n<td style=\"width: 244px; height: 180px;\"><a href=\"https:\/\/agora.xtec.cat\/ceip-paucasals-sjdespi\/wp-content\/uploads\/usu477\/2019\/06\/IMG_9350-1024x768.jpg\"><img loading=\"lazy\" decoding=\"async\" class=\"alignright size-medium wp-image-8759\" src=\"https:\/\/agora.xtec.cat\/ceip-paucasals-sjdespi\/wp-content\/uploads\/usu477\/2019\/06\/IMG_9350-1024x768-300x200.jpg\" alt=\"\" width=\"300\" height=\"200\" srcset=\"https:\/\/agora.xtec.cat\/ceip-paucasals-sjdespi\/wp-content\/uploads\/usu477\/2019\/06\/IMG_9350-1024x768-300x200.jpg 300w, https:\/\/agora.xtec.cat\/ceip-paucasals-sjdespi\/wp-content\/uploads\/usu477\/2019\/06\/IMG_9350-1024x768-768x512.jpg 768w, https:\/\/agora.xtec.cat\/ceip-paucasals-sjdespi\/wp-content\/uploads\/usu477\/2019\/06\/IMG_9350-1024x768.jpg 1024w\" sizes=\"auto, (max-width: 300px) 100vw, 300px\" \/><\/a><\/td>\n<td style=\"width: 234px; height: 180px;\"><a href=\"https:\/\/agora.xtec.cat\/ceip-paucasals-sjdespi\/wp-content\/uploads\/usu477\/2019\/10\/IMG-20190610-WA0007.jpg\"><img loading=\"lazy\" decoding=\"async\" class=\"alignright wp-image-8863\" src=\"https:\/\/agora.xtec.cat\/ceip-paucasals-sjdespi\/wp-content\/uploads\/usu477\/2019\/10\/IMG-20190610-WA0007-300x225.jpg\" alt=\"\" width=\"198\" height=\"149\" srcset=\"https:\/\/agora.xtec.cat\/ceip-paucasals-sjdespi\/wp-content\/uploads\/usu477\/2019\/10\/IMG-20190610-WA0007-300x225.jpg 300w, https:\/\/agora.xtec.cat\/ceip-paucasals-sjdespi\/wp-content\/uploads\/usu477\/2019\/10\/IMG-20190610-WA0007-768x576.jpg 768w, https:\/\/agora.xtec.cat\/ceip-paucasals-sjdespi\/wp-content\/uploads\/usu477\/2019\/10\/IMG-20190610-WA0007.jpg 1024w, https:\/\/agora.xtec.cat\/ceip-paucasals-sjdespi\/wp-content\/uploads\/usu477\/2019\/10\/IMG-20190610-WA0007-200x150.jpg 200w\" sizes=\"auto, (max-width: 198px) 100vw, 198px\" \/><\/a><\/td>\n<td style=\"width: 239px; height: 180px;\"><a href=\"https:\/\/agora.xtec.cat\/ceip-paucasals-sjdespi\/wp-content\/uploads\/usu477\/2020\/02\/IMG_2034.jpg\"><img loading=\"lazy\" decoding=\"async\" class=\"alignright size-medium wp-image-9470\" src=\"https:\/\/agora.xtec.cat\/ceip-paucasals-sjdespi\/wp-content\/uploads\/usu477\/2020\/02\/IMG_2034-300x200.jpg\" alt=\"\" width=\"300\" height=\"200\" srcset=\"https:\/\/agora.xtec.cat\/ceip-paucasals-sjdespi\/wp-content\/uploads\/usu477\/2020\/02\/IMG_2034-300x200.jpg 300w, https:\/\/agora.xtec.cat\/ceip-paucasals-sjdespi\/wp-content\/uploads\/usu477\/2020\/02\/IMG_2034-768x512.jpg 768w, https:\/\/agora.xtec.cat\/ceip-paucasals-sjdespi\/wp-content\/uploads\/usu477\/2020\/02\/IMG_2034.jpg 1000w\" sizes=\"auto, (max-width: 300px) 100vw, 300px\" \/><\/a><\/td>\n<\/tr>\n<\/tbody>\n<\/table>\n<p>Tothom que hi participa es sent incl\u00f2s\/a en el projecte aportant els seus coneixements i\/o habilitats.<\/p>\n<p>Els nens i les nenes participen en la mesura de les seves possibilitats i aprenen que amb esfor\u00e7 i dedicaci\u00f3 i amb la uni\u00f3 de tots i totes, es poden fer i aprendre moltes m\u00e9s coses.<\/p>\n<p><strong>Des d\u2019aqu\u00ed volem donar les gr\u00e0cies a nens, nenes, pares, mares, avis, \u00e0vies, monitors, monitores i mestres per l\u2019entusiasme i motivaci\u00f3, i per fer possible que aquest projecte sigui una realitat.<\/strong><\/p>\n<p><strong>FEM CAM\u00cd, FEM ESCOLA.<\/strong><\/p>\n<p>&nbsp;<\/p>\n<div class=\"addtoany_share_save_container addtoany_content_bottom\">\u00a0<strong>Visteu el bloc del <a href=\"http:\/\/agora.xtec.cat\/ceip-paucasals-sjdespi\/categoria\/fem-escola\/\">Projecte Fem Escola<\/a><\/strong><\/div>\n<p>&nbsp;<\/p>\n<p><a href=\"http:\/\/agora.xtec.cat\/ceip-paucasals-sjdespi\/wp-content\/uploads\/usu477\/2017\/01\/sant-joan-despi.jpg\"><img loading=\"lazy\" decoding=\"async\" class=\"aligncenter size-medium wp-image-5582\" src=\"http:\/\/agora.xtec.cat\/ceip-paucasals-sjdespi\/wp-content\/uploads\/usu477\/2017\/01\/sant-joan-despi-300x137.jpg\" alt=\"\" width=\"300\" height=\"137\" srcset=\"https:\/\/agora.xtec.cat\/ceip-paucasals-sjdespi\/wp-content\/uploads\/usu477\/2017\/01\/sant-joan-despi-300x137.jpg 300w, https:\/\/agora.xtec.cat\/ceip-paucasals-sjdespi\/wp-content\/uploads\/usu477\/2017\/01\/sant-joan-despi.jpg 657w\" sizes=\"auto, (max-width: 300px) 100vw, 300px\" \/><\/a><\/p>\n","protected":false},"excerpt":{"rendered":"<p>Aquest \u00e9s un projecte de co-creaci\u00f3 (crear amb alg\u00fa altre) en el nostre cas apropant a tota la comunitat educativa treballant en un projecte com\u00fa, habitualment per millorar diferents espais del centre.<\/p>\n<p>El promou una comissi\u00f3 mixta, qui dissenya tot el proc\u00e9s i posteriorment amb les&hellip;  <a href=\"https:\/\/agora.xtec.cat\/ceip-paucasals-sjdespi\/projectes\/fem-escola\/\" title=\"Read Fem Escola\">Llegeix m\u00e9s\u00bb<\/a><\/p>\n","protected":false},"author":1,"featured_media":0,"parent":38,"menu_order":8,"comment_status":"closed","ping_status":"closed","template":"page-templates\/side-menu.php","meta":{"_bbp_topic_count":0,"_bbp_reply_count":0,"_bbp_total_topic_count":0,"_bbp_total_reply_count":0,"_bbp_voice_count":0,"_bbp_anonymous_reply_count":0,"_bbp_topic_count_hidden":0,"_bbp_reply_count_hidden":0,"_bbp_forum_subforum_count":0,"footnotes":""},"class_list":["post-463","page","type-page","status-publish","hentry"],"post_mailing_queue_ids":[],"_links":{"self":[{"href":"https:\/\/agora.xtec.cat\/ceip-paucasals-sjdespi\/wp-json\/wp\/v2\/pages\/463","targetHints":{"allow":["GET"]}}],"collection":[{"href":"https:\/\/agora.xtec.cat\/ceip-paucasals-sjdespi\/wp-json\/wp\/v2\/pages"}],"about":[{"href":"https:\/\/agora.xtec.cat\/ceip-paucasals-sjdespi\/wp-json\/wp\/v2\/types\/page"}],"author":[{"embeddable":true,"href":"https:\/\/agora.xtec.cat\/ceip-paucasals-sjdespi\/wp-json\/wp\/v2\/users\/1"}],"replies":[{"embeddable":true,"href":"https:\/\/agora.xtec.cat\/ceip-paucasals-sjdespi\/wp-json\/wp\/v2\/comments?post=463"}],"version-history":[{"count":3,"href":"https:\/\/agora.xtec.cat\/ceip-paucasals-sjdespi\/wp-json\/wp\/v2\/pages\/463\/revisions"}],"predecessor-version":[{"id":11921,"href":"https:\/\/agora.xtec.cat\/ceip-paucasals-sjdespi\/wp-json\/wp\/v2\/pages\/463\/revisions\/11921"}],"up":[{"embeddable":true,"href":"https:\/\/agora.xtec.cat\/ceip-paucasals-sjdespi\/wp-json\/wp\/v2\/pages\/38"}],"wp:attachment":[{"href":"https:\/\/agora.xtec.cat\/ceip-paucasals-sjdespi\/wp-json\/wp\/v2\/media?parent=463"}],"curies":[{"name":"wp","href":"https:\/\/api.w.org\/{rel}","templated":true}]}}